{"id":6227,"date":"2026-03-18T06:40:37","date_gmt":"2026-03-18T06:40:37","guid":{"rendered":"https:\/\/soydeaqui.ddns.net\/pachuca\/index.php\/producto\/alarma-multifuncion-serie-exit-stopper-para-proteger-una-puerta-incluye-contacto-magnetico\/"},"modified":"2026-03-18T06:40:42","modified_gmt":"2026-03-18T06:40:42","slug":"alarma-multifuncion-serie-exit-stopper-para-proteger-una-puerta-incluye-contacto-magnetico","status":"publish","type":"product","link":"https:\/\/soydeaqui.ddns.net\/pachuca\/index.php\/producto\/alarma-multifuncion-serie-exit-stopper-para-proteger-una-puerta-incluye-contacto-magnetico\/","title":{"rendered":"Alarma Multifunci\u00f3n Serie Exit Stopper\u00ae Para Proteger Una Puerta (incluye contacto magn\u00e9tico)"},"content":{"rendered":"<div style='width: 100%; max-width: 1200px; margin: 0 auto; font-family: sans-serif; line-height: 1.6; color: inherit; background-color: transparent;'> <!-- T\u00edtulo principal --> <\/p>\n<div style='text-align: center; margin-bottom: 20px;'>\n<h1 style='font-size: 24px; color: inherit; margin: 0; padding: 0;'> <span style='font-size: 18pt; color: inherit;'>Alarma de puerta multifunci\u00f3n Exit Stopper\u00ae altamente eficaz que <\/span> <span style='font-size: 18pt; color: inherit;'>disuade y alerta del uso no autorizado <\/span> <span style='font-size: 18pt; color: inherit;'>de puertas protegidas<\/span> <\/h1>\n<\/p><\/div>\n<p> <!-- Descripci\u00f3n principal --> <\/p>\n<div style='margin-bottom: 30px;'>\n<p style='color: inherit; text-align: justify; margin: 0 0 15px 0; padding: 0;'> El Exit Stopper\u00ae altamente efectivo puede servir como una alarma de puerta econ\u00f3mica y practica que ayuda a detener el robo al alertar sobre salidas o entradas no autorizadas a trav\u00e9s de puertas de salida de emergencia o puertas restringidas. Si se abre la puerta protegida&comma; el Exit Stopper\u00ae electr\u00f3nico emite una potente sirena de aviso de 95\/105 dB. <\/p>\n<\/p><\/div>\n<p> <!-- Secci\u00f3n de caracter\u00edsticas --> <\/p>\n<div style='display: flex; flex-wrap: wrap; gap: 30px; margin-bottom: 30px;'>\n<div style='flex: 1 1 300px; min-width: 280px;'>\n<h3 style='font-size: 22px; border-bottom: 2px solid currentColor; padding-bottom: 5px; margin-top: 0; color: inherit; opacity: 0.8;'>Caracter\u00edsticas de Alarma STI-6400<\/h3>\n<ul style='padding-left: 20px; font-size: 15px; color: inherit; margin: 0;'>\n<li style='margin-bottom: 5px;'>Alarma de puerta multifuncion para una puerta.<\/li>\n<\/ul><\/div>\n<div style='flex: 1 1 300px; min-width: 280px;'>\n<h3 style='font-size: 22px; border-bottom: 2px solid currentColor; padding-bottom: 5px; margin-top: 0; color: inherit; opacity: 0.8;'>Caracter\u00edsticas Generales De Alarmas Exit Stopper\u00ae<\/h3>\n<ul style='padding-left: 20px; font-size: 15px; color: inherit; margin: 0;'>\n<li style='margin-bottom: 5px;'>Alarma multifunci\u00f3n&comma; ayuda a prevenir salidas\/entradas no autorizadas.<\/li>\n<li style='margin-bottom: 5px;'>La &#8216;se\u00f1al de alto&#8217; altamente visible act\u00faa como elemento disuasorio.<\/li>\n<li style='margin-bottom: 5px;'>Mucho m\u00e1s f\u00e1cil de instalar y menos costoso que las unidades pesadas de tipo barra horizontal&comma; y muy pr\u00e1ctico para todas las puertas de emergencia.<\/li>\n<li style='margin-bottom: 5px;'>Unidad aut\u00f3noma a 9V(incluida) o alimentaci\u00f3n de 12-24 Vcd.<\/li>\n<li style='margin-bottom: 5px;'>Bocina de advertencia de 95\/105 dB.<\/li>\n<li style='margin-bottom: 5px;'>Solo uso en interiores.<\/li>\n<li style='margin-bottom: 5px;'>Advertencia visual y audible.<\/li>\n<li style='margin-bottom: 5px;'>Garant\u00eda de 3 a\u00f1os contra rotura del policarbonato en uso normal (1 a\u00f1o en componentes electromec\u00e1nicos y electr\u00f3nicos).<\/li>\n<li style='margin-bottom: 5px;'>La etiqueta incluida permite advertir en dos idiomas.<\/li>\n<li style='margin-bottom: 5px;'>Carcasa de policarbonato super resistente.<\/li>\n<li style='margin-bottom: 5px;'>Se puede montar en cualquier marco de puerta o en la puerta.<\/li>\n<li style='margin-bottom: 5px;'>Se puede programar para sonar en 30 seg&comma; 3 min o indefinidamente (hasta desactivar con la llave o agotar la bater\u00eda)<\/li>\n<li style='margin-bottom: 5px;'>Se puede programar con un retraso de 30 s o de inmediato.<\/li>\n<li style='margin-bottom: 5px;'>En modo anunciador anuncia la entrada\/salida de la puerta con 2 pitidos repetidos 5 veces.<\/li>\n<li style='margin-bottom: 5px;'>Pita y parpadea cuando se activa.<\/li>\n<li style='margin-bottom: 5px;'>Agrega advertencia en un segundo idioma con las etiquetas proporcionadas (21 idiomas).<\/li>\n<li style='margin-bottom: 5px;'>Establezca la duraci\u00f3n de la alarma para sonar durante 30 segundos&comma; 3 minutos o indefinidamente.<\/li>\n<li style='margin-bottom: 5px;'>Instalaci\u00f3n sumamente sencilla.<\/li>\n<li style='margin-bottom: 5px;'>Advertencia de bater\u00eda baja. (bater\u00eda alcalina de 9V incluida).<\/li>\n<li style='margin-bottom: 5px;'>Puede montarse en la parte superior&comma; derecha&comma; izquierda o junto a casi cualquier puerta.<\/li>\n<li style='margin-bottom: 5px;'>No debe exponerse al agua&comma; no para uso en exteriores.<\/li>\n<li style='margin-bottom: 5px;'>Aprobado por CE&comma; cumple con FCC e IC.<\/li>\n<li style='margin-bottom: 5px;'>Dimensiones: 137 mm (5.375 in) x 137 mm (5.375 in) x 51 mm (2 in).<\/li>\n<\/ul><\/div>\n<\/p><\/div>\n<p> <!-- Separador --> <\/p>\n<hr style='border: 0; border-top: 1px solid rgba(150&comma; 150&comma; 150&comma; 0.3); margin: 30px 0;'> <!-- Secci\u00f3n de videos --> <\/p>\n<div style='display: flex; flex-wrap: wrap; gap: 30px; justify-content: center;'>\n<div style='flex: 1 1 560px; max-width: 560px;'>\n<div style='position: relative; padding-bottom: 56.25%; height: 0; overflow: hidden; margin-bottom: 30px;'>   <\/div>\n<\/p><\/div>\n<div style='flex: 1 1 560px; max-width: 560px;'>\n<div style='position: relative; padding-bottom: 56.25%; height: 0; overflow: hidden; margin-bottom: 30px;'>   <\/div>\n<\/p><\/div>\n<div style='flex: 1 1 560px; max-width: 560px;'>\n<div style='position: relative; padding-bottom: 56.25%; height: 0; overflow: hidden; margin-bottom: 30px;'>   <\/div>\n<\/p><\/div>\n<div style='flex: 1 1 560px; max-width: 560px;'>\n<div style='position: relative; padding-bottom: 56.25%; height: 0; overflow: hidden; margin-bottom: 30px;'>   <\/div>\n<\/p><\/div>\n<div style='flex: 1 1 560px; max-width: 560px;'>\n<div style='position: relative; padding-bottom: 56.25%; height: 0; overflow: hidden; margin-bottom: 30px;'>   <\/div>\n<\/p><\/div>\n<div style='flex: 1 1 560px; max-width: 560px;'>\n<div style='position: relative; padding-bottom: 56.25%; height: 0; overflow: hidden; margin-bottom: 30px;'>   <\/div>\n<\/p><\/div>\n<div style='flex: 1 1 560px; max-width: 560px;'>\n<div style='position: relative; padding-bottom: 56.25%; height: 0; overflow: hidden; margin-bottom: 30px;'>   <\/div>\n<\/p><\/div>\n<div style='flex: 1 1 560px; max-width: 560px;'>\n<div style='position: relative; padding-bottom: 56.25%; height: 0; overflow: hidden; margin-bottom: 30px;'>   <\/div>\n<\/p><\/div>\n<div style='flex: 1 1 560px; max-width: 560px;'>\n<div style='position: relative; padding-bottom: 56.25%; height: 0; overflow: hidden; margin-bottom: 30px;'>   <\/div>\n<\/p><\/div>\n<\/p><\/div>\n<\/p><\/div>\n","protected":false},"excerpt":{"rendered":"<p>Alarma Multifunci\u00f3n Serie Exit Stopper\u00ae Para Proteger Una Puerta (incluye contacto magn\u00e9tico)<\/p>\n","protected":false},"featured_media":6226,"comment_status":"open","ping_status":"closed","template":"","meta":[],"product_brand":[],"product_cat":[146],"product_tag":[93,147,169],"class_list":{"0":"post-6227","1":"product","2":"type-product","3":"status-publish","4":"has-post-thumbnail","6":"product_cat-sirenas-y-estrobos","7":"product_tag-accesorios","8":"product_tag-sirenas-y-estrobos","9":"product_tag-sti","11":"first","12":"instock","13":"sale","14":"shipping-taxable","15":"purchasable","16":"product-type-simple"},"_links":{"self":[{"href":"https:\/\/soydeaqui.ddns.net\/pachuca\/index.php\/wp-json\/wp\/v2\/product\/6227","targetHints":{"allow":["GET"]}}],"collection":[{"href":"https:\/\/soydeaqui.ddns.net\/pachuca\/index.php\/wp-json\/wp\/v2\/product"}],"about":[{"href":"https:\/\/soydeaqui.ddns.net\/pachuca\/index.php\/wp-json\/wp\/v2\/types\/product"}],"replies":[{"embeddable":true,"href":"https:\/\/soydeaqui.ddns.net\/pachuca\/index.php\/wp-json\/wp\/v2\/comments?post=6227"}],"wp:featuredmedia":[{"embeddable":true,"href":"https:\/\/soydeaqui.ddns.net\/pachuca\/index.php\/wp-json\/wp\/v2\/media\/6226"}],"wp:attachment":[{"href":"https:\/\/soydeaqui.ddns.net\/pachuca\/index.php\/wp-json\/wp\/v2\/media?parent=6227"}],"wp:term":[{"taxonomy":"product_brand","embeddable":true,"href":"https:\/\/soydeaqui.ddns.net\/pachuca\/index.php\/wp-json\/wp\/v2\/product_brand?post=6227"},{"taxonomy":"product_cat","embeddable":true,"href":"https:\/\/soydeaqui.ddns.net\/pachuca\/index.php\/wp-json\/wp\/v2\/product_cat?post=6227"},{"taxonomy":"product_tag","embeddable":true,"href":"https:\/\/soydeaqui.ddns.net\/pachuca\/index.php\/wp-json\/wp\/v2\/product_tag?post=6227"}],"curies":[{"name":"wp","href":"https:\/\/api.w.org\/{rel}","templated":true}]}}