{"id":62239,"date":"2026-03-19T06:33:46","date_gmt":"2026-03-19T06:33:46","guid":{"rendered":"https:\/\/soydeaqui.ddns.net\/pachuca\/index.php\/producto\/interruptor-encienda-apague-via-radio\/"},"modified":"2026-03-19T06:33:47","modified_gmt":"2026-03-19T06:33:47","slug":"interruptor-encienda-apague-via-radio","status":"publish","type":"product","link":"https:\/\/soydeaqui.ddns.net\/pachuca\/index.php\/producto\/interruptor-encienda-apague-via-radio\/","title":{"rendered":"Interruptor (encienda\/apague) v\u00eda radio"},"content":{"rendered":"<div style='width: 100%; max-width: 1200px; margin: 0 auto; font-family: sans-serif; line-height: 1.6; color: inherit; background-color: transparent;'>\n<div style='display: flex; flex-wrap: wrap; gap: 30px; margin-bottom: 30px;'>\n<div style='flex: 1 1 300px; min-width: 280px;'>\n<h3 style='font-size: 22px; border-bottom: 2px solid currentColor; padding-bottom: 5px; margin-top: 0; color: inherit; opacity: 0.8;'>Caracter\u00edsticas<\/h3>\n<ul style='padding-left: 20px; font-size: 15px; color: inherit;'>\n<li style='margin-bottom: 5px;'>RADIO SWITCH (telecontrol universal b\u00e1sico)<\/li>\n<li style='margin-bottom: 5px;'>Ideal para puertas&comma; calefactores&comma; alumbrado&comma; bombeo&comma; etc.<\/li>\n<li style='margin-bottom: 5px;'>Con un radio convencional con teclado (DTMF) env\u00ede c\u00f3digos que encienden o apagan a control remoto cualquier equipo electr\u00f3nico<\/li>\n<\/ul><\/div>\n<\/p><\/div>\n<div style='display: flex; flex-wrap: wrap; gap: 20px; margin-bottom: 30px;'>\n<div style='flex: 1 1 250px; border: 1px solid rgba(150&comma; 150&comma; 150&comma; 0.4); border-radius: 8px; overflow: hidden; display: flex; flex-direction: column;'>\n<div style='padding: 15px; border-bottom: 1px solid rgba(150&comma; 150&comma; 150&comma; 0.2); font-weight: bold; font-size: 18px; color: inherit;'>Especificaciones<\/div>\n<div style='padding: 15px; color: inherit;'>\n<ul style='padding-left: 20px; margin: 0; font-size: 14px; list-style-type: disc;'>\n<li style='margin-bottom: 5px;'>Decodificador de DTMF programable<\/li>\n<li style='margin-bottom: 5px;'>Salida con conector DB-15<\/li>\n<li style='margin-bottom: 5px;'>Incluye tarjeta RSW y gabinete met\u00e1lico<\/li>\n<li style='margin-bottom: 5px;'>Salida para relevador y\/o sistemas de 12 V&comma; 500 mA<\/li>\n<li style='margin-bottom: 5px;'>Acepta hasta 10&comma;000 c\u00f3digos de DTMF<\/li>\n<\/ul><\/div>\n<\/p><\/div>\n<\/p><\/div>\n<hr style='border: 0; border-top: 1px solid rgba(150&comma; 150&comma; 150&comma; 0.3); margin: 30px 0;'> <\/div>\n","protected":false},"excerpt":{"rendered":"<p>Interruptor (encienda\/apague) v\u00eda radio<\/p>\n","protected":false},"featured_media":62238,"comment_status":"open","ping_status":"closed","template":"","meta":[],"product_brand":[],"product_cat":[1545],"product_tag":[1546,63,1547],"class_list":{"0":"post-62239","1":"product","2":"type-product","3":"status-publish","4":"has-post-thumbnail","6":"product_cat-voceo-monitoreo-remoto","7":"product_tag-aplicaciones-y-soluciones","8":"product_tag-syscom","9":"product_tag-voceo-monitoreo-remoto","11":"first","12":"outofstock","13":"sale","14":"shipping-taxable","15":"purchasable","16":"product-type-simple"},"_links":{"self":[{"href":"https:\/\/soydeaqui.ddns.net\/pachuca\/index.php\/wp-json\/wp\/v2\/product\/62239","targetHints":{"allow":["GET"]}}],"collection":[{"href":"https:\/\/soydeaqui.ddns.net\/pachuca\/index.php\/wp-json\/wp\/v2\/product"}],"about":[{"href":"https:\/\/soydeaqui.ddns.net\/pachuca\/index.php\/wp-json\/wp\/v2\/types\/product"}],"replies":[{"embeddable":true,"href":"https:\/\/soydeaqui.ddns.net\/pachuca\/index.php\/wp-json\/wp\/v2\/comments?post=62239"}],"wp:featuredmedia":[{"embeddable":true,"href":"https:\/\/soydeaqui.ddns.net\/pachuca\/index.php\/wp-json\/wp\/v2\/media\/62238"}],"wp:attachment":[{"href":"https:\/\/soydeaqui.ddns.net\/pachuca\/index.php\/wp-json\/wp\/v2\/media?parent=62239"}],"wp:term":[{"taxonomy":"product_brand","embeddable":true,"href":"https:\/\/soydeaqui.ddns.net\/pachuca\/index.php\/wp-json\/wp\/v2\/product_brand?post=62239"},{"taxonomy":"product_cat","embeddable":true,"href":"https:\/\/soydeaqui.ddns.net\/pachuca\/index.php\/wp-json\/wp\/v2\/product_cat?post=62239"},{"taxonomy":"product_tag","embeddable":true,"href":"https:\/\/soydeaqui.ddns.net\/pachuca\/index.php\/wp-json\/wp\/v2\/product_tag?post=62239"}],"curies":[{"name":"wp","href":"https:\/\/api.w.org\/{rel}","templated":true}]}}