{"id":62095,"date":"2026-03-19T06:28:54","date_gmt":"2026-03-19T06:28:54","guid":{"rendered":"https:\/\/soydeaqui.ddns.net\/pachuca\/index.php\/producto\/base-para-torre-seccion-stz-30-galvanizada-por-electrolisis\/"},"modified":"2026-03-19T06:28:56","modified_gmt":"2026-03-19T06:28:56","slug":"base-para-torre-seccion-stz-30-galvanizada-por-electrolisis","status":"publish","type":"product","link":"https:\/\/soydeaqui.ddns.net\/pachuca\/index.php\/producto\/base-para-torre-seccion-stz-30-galvanizada-por-electrolisis\/","title":{"rendered":"Base para torre secci\u00f3n STZ-30 galvanizada por electrolisis."},"content":{"rendered":"<div style='width: 100%; max-width: 1200px; margin: 0 auto; font-family: sans-serif; line-height: 1.6; color: inherit; background-color: transparent;'>\n<div style='display: flex; flex-wrap: wrap; gap: 30px; margin-bottom: 30px;'>\n<div style='flex: 1 1 300px; min-width: 280px;'>\n<h3 style='font-size: 22px; border-bottom: 2px solid currentColor; padding-bottom: 5px; margin-top: 0; color: inherit; opacity: 0.8;'>Caracter\u00edsticas principales<\/h3>\n<ul style='padding-left: 20px; font-size: 15px; color: inherit;'>\n<li style='margin-bottom: 5px;'>Producci\u00f3n conforme a normas ISO 9000 reconocidas<\/li>\n<li style='margin-bottom: 5px;'>Placa base de acero de 1\/4&#8242; robustez<\/li>\n<li style='margin-bottom: 5px;'>Niple de acero 3\/4&#8242; galvanizado electrol\u00edtico<\/li>\n<li style='margin-bottom: 5px;'>Dise\u00f1ada para instalaci\u00f3n en concreto especializado<\/li>\n<li style='margin-bottom: 5px;'>Requiere asesor\u00eda de ingeniero en instalaci\u00f3n en techos<\/li>\n<\/ul><\/div>\n<div style='flex: 1 1 300px; min-width: 280px;'>\n<h3 style='font-size: 22px; border-bottom: 2px solid currentColor; padding-bottom: 5px; margin-top: 0; color: inherit; opacity: 0.8;'>Especificaciones t\u00e9cnicas<\/h3>\n<ul style='padding-left: 20px; font-size: 15px; color: inherit;'>\n<li style='margin-bottom: 5px;'><strong>Material:<\/strong> Placa base acero 1\/4&#8242;<\/li>\n<li style='margin-bottom: 5px;'><strong>Material:<\/strong> Niple de acero 3\/4&#8242;<\/li>\n<li style='margin-bottom: 5px;'><strong>Galvanizado:<\/strong> Electrol\u00edtico<\/li>\n<\/ul><\/div>\n<\/p><\/div>\n<div style='display: flex; flex-wrap: wrap; gap: 30px; margin-bottom: 30px;'>\n<div style='flex: 1 1 300px; min-width: 280px;'>\n<h3 style='font-size: 22px; border-bottom: 2px solid currentColor; padding-bottom: 5px; margin-top: 0; color: inherit; opacity: 0.8;'>Notas t\u00e9cnicas<\/h3>\n<ul style='padding-left: 20px; font-size: 14px; color: inherit;'>\n<li style='margin-bottom: 5px;'>La base de torre est\u00e1 dise\u00f1ada para ser instalada sobre una preparaci\u00f3n de concreto especialmente dise\u00f1ada para la carga de la torre a edificar<\/li>\n<li style='margin-bottom: 5px;'>Para instalaci\u00f3n a nivel de suelo se puede tomar como diagrama ejemplo la referencia proporcionada<\/li>\n<li style='margin-bottom: 5px;'>En instalaciones en techo&comma; se recomienda asesorarse de alg\u00fan ingeniero civil que pueda asegurar la estabilidad de la edificaci\u00f3n donde se instalar\u00e1<\/li>\n<\/ul><\/div>\n<div style='flex: 1 1 300px; min-width: 280px;'>\n<h3 style='font-size: 22px; border-bottom: 2px solid currentColor; padding-bottom: 5px; margin-top: 0; color: inherit; opacity: 0.8;'>Notas de instalaci\u00f3n<\/h3>\n<ul style='padding-left: 20px; font-size: 14px; color: inherit;'>\n<li style='margin-bottom: 5px;'>Las torres con estabilizador son recomendadas para instalaciones con grandes cargas de peso&comma; gran carga superficial de antenas y fuertes corrientes de vientos<\/li>\n<li style='margin-bottom: 5px;'>Para el c\u00e1lculo de retenida extra en torres con estabilizador se supone que este sustituye a la brida ubicada a 3\/4 de altura de la torre o la m\u00e1s cercana a esta altura<\/li>\n<li style='margin-bottom: 5px;'>En todo momento es recomendable instalar luces de obstrucci\u00f3n<\/li>\n<li style='margin-bottom: 5px;'>Las longitudes de las retenidas est\u00e1n calculadas para colocar las anclas a un 70% de la altura total de la torre<\/li>\n<li style='margin-bottom: 5px;'>La instalaci\u00f3n debe ser realizada solo por expertos<\/li>\n<\/ul><\/div>\n<\/p><\/div>\n<div style='display: flex; flex-wrap: wrap; gap: 20px; margin-bottom: 30px;'>\n<div style='flex: 1 1 250px; border: 1px solid rgba(150&comma; 150&comma; 150&comma; 0.4); border-radius: 8px; overflow: hidden; display: flex; flex-direction: column;'>\n<div style='padding: 15px; border-bottom: 1px solid rgba(150&comma; 150&comma; 150&comma; 0.2); font-weight: bold; font-size: 18px; color: inherit;'>Aplicaciones<\/div>\n<div style='padding: 15px; color: inherit;'>\n<ul style='padding-left: 20px; margin: 0; font-size: 14px; list-style-type: disc; color: inherit;'>\n<li style='margin-bottom: 5px;'>Instalaciones en concreto especializado<\/li>\n<li style='margin-bottom: 5px;'>Soporta grandes cargas de peso<\/li>\n<li style='margin-bottom: 5px;'>Alta resistencia a corrientes de viento<\/li>\n<li style='margin-bottom: 5px;'>Instalaci\u00f3n en techos con asesor\u00eda de ingeniero civil<\/li>\n<\/ul><\/div>\n<\/p><\/div>\n<div style='flex: 1 1 250px; border: 1px solid rgba(150&comma; 150&comma; 150&comma; 0.4); border-radius: 8px; overflow: hidden; display: flex; flex-direction: column;'>\n<div style='padding: 15px; border-bottom: 1px solid rgba(150&comma; 150&comma; 150&comma; 0.2); font-weight: bold; font-size: 18px; color: inherit;'>Recomendaciones<\/div>\n<div style='padding: 15px; color: inherit;'>\n<ul style='padding-left: 20px; margin: 0; font-size: 14px; list-style-type: disc; color: inherit;'>\n<li style='margin-bottom: 5px;'>Realizar estudio de resistencia del suelo<\/li>\n<li style='margin-bottom: 5px;'>Instalar anclas a un 70% de la altura total<\/li>\n<li style='margin-bottom: 5px;'>Sustituir anclas de piso por anclas de muro seg\u00fan aplicaci\u00f3n<\/li>\n<\/ul><\/div>\n<\/p><\/div>\n<div style='flex: 1 1 250px; border: 1px solid rgba(150&comma; 150&comma; 150&comma; 0.4); border-radius: 8px; overflow: hidden; display: flex; flex-direction: column;'>\n<div style='padding: 15px; border-bottom: 1px solid rgba(150&comma; 150&comma; 150&comma; 0.2); font-weight: bold; font-size: 18px; color: inherit;'>Dimensiones<\/div>\n<div style='padding: 15px; color: inherit;'>\n<ul style='padding-left: 20px; margin: 0; font-size: 14px; list-style-type: disc; color: inherit;'>\n<li style='margin-bottom: 5px;'>Altura: 3m a 60m (varios modelos)<\/li>\n<li style='margin-bottom: 5px;'>Distancias de anclaje: Ver tablas por modelo<\/li>\n<\/ul><\/div>\n<\/p><\/div>\n<\/p><\/div>\n<hr style='border: 0; border-top: 1px solid rgba(150&comma; 150&comma; 150&comma; 0.3); margin: 30px 0;'>\n<div style='display: flex; flex-wrap: wrap; gap: 20px; margin-bottom: 30px;'>\n<div style='flex: 1 1 300px; border: 1px solid rgba(150&comma; 150&comma; 150&comma; 0.4); border-radius: 8px; overflow: hidden; display: flex; flex-direction: column;'>\n<div style='padding: 15px; border-bottom: 1px solid rgba(150&comma; 150&comma; 150&comma; 0.2); font-weight: bold; font-size: 18px; color: inherit;'>Tablas de selecci\u00f3n<\/div>\n<div style='padding: 15px; color: inherit;'>\n<p style='margin: 0 0 10px 0; font-size: 14px; color: inherit;'>La selecci\u00f3n de componentes var\u00eda seg\u00fan altura de la torre y requerimientos espec\u00edficos. Tablas disponibles para:<\/p>\n<ul style='padding-left: 20px; margin: 0; font-size: 14px; list-style-type: disc; color: inherit;'>\n<li style='margin-bottom: 5px;'>Torres b\u00e1sicas y con estabilizador<\/li>\n<li style='margin-bottom: 5px;'>Diferentes modelos (03ZT&comma; 53ZT&comma; 54ZT)<\/li>\n<li style='margin-bottom: 5px;'>Alturas desde 3m hasta 60m<\/li>\n<li style='margin-bottom: 5px;'>Componentes por nivel de altura<\/li>\n<\/ul><\/div>\n<\/p><\/div>\n<div style='flex: 1 1 300px; border: 1px solid rgba(150&comma; 150&comma; 150&comma; 0.4); border-radius: 8px; overflow: hidden; display: flex; flex-direction: column;'>\n<div style='padding: 15px; border-bottom: 1px solid rgba(150&comma; 150&comma; 150&comma; 0.2); font-weight: bold; font-size: 18px; color: inherit;'>Componentes por altura<\/div>\n<div style='padding: 15px; color: inherit;'>\n<p style='margin: 0 0 10px 0; font-size: 14px; color: inherit;'>Las tablas proporcionan informaci\u00f3n detallada sobre componentes necesarios seg\u00fan altura:<\/p>\n<ul style='padding-left: 20px; margin: 0; font-size: 14px; list-style-type: disc; color: inherit;'>\n<li style='margin-bottom: 5px;'>Cantidades de materiales<\/li>\n<li style='margin-bottom: 5px;'>Distancias de anclaje<\/li>\n<li style='margin-bottom: 5px;'>Alturas de instalaci\u00f3n de bridas<\/li>\n<li style='margin-bottom: 5px;'>Configuraci\u00f3n de retenidas<\/li>\n<\/ul><\/div>\n<\/p><\/div>\n<\/p><\/div>\n<\/p><\/div>\n","protected":false},"excerpt":{"rendered":"<p>Base para torre secci\u00f3n STZ-30 galvanizada por electrolisis.<\/p>\n","protected":false},"featured_media":62094,"comment_status":"open","ping_status":"closed","template":"","meta":[],"product_brand":[],"product_cat":[589],"product_tag":[590,733,246],"class_list":{"0":"post-62095","1":"product","2":"type-product","3":"status-publish","4":"has-post-thumbnail","6":"product_cat-accesorios-para-torres-arriostradas","7":"product_tag-accesorios-para-torres-arriostradas","8":"product_tag-syscom-towers","9":"product_tag-torres-y-mastiles","11":"first","12":"instock","13":"sale","14":"shipping-taxable","15":"purchasable","16":"product-type-simple"},"_links":{"self":[{"href":"https:\/\/soydeaqui.ddns.net\/pachuca\/index.php\/wp-json\/wp\/v2\/product\/62095","targetHints":{"allow":["GET"]}}],"collection":[{"href":"https:\/\/soydeaqui.ddns.net\/pachuca\/index.php\/wp-json\/wp\/v2\/product"}],"about":[{"href":"https:\/\/soydeaqui.ddns.net\/pachuca\/index.php\/wp-json\/wp\/v2\/types\/product"}],"replies":[{"embeddable":true,"href":"https:\/\/soydeaqui.ddns.net\/pachuca\/index.php\/wp-json\/wp\/v2\/comments?post=62095"}],"wp:featuredmedia":[{"embeddable":true,"href":"https:\/\/soydeaqui.ddns.net\/pachuca\/index.php\/wp-json\/wp\/v2\/media\/62094"}],"wp:attachment":[{"href":"https:\/\/soydeaqui.ddns.net\/pachuca\/index.php\/wp-json\/wp\/v2\/media?parent=62095"}],"wp:term":[{"taxonomy":"product_brand","embeddable":true,"href":"https:\/\/soydeaqui.ddns.net\/pachuca\/index.php\/wp-json\/wp\/v2\/product_brand?post=62095"},{"taxonomy":"product_cat","embeddable":true,"href":"https:\/\/soydeaqui.ddns.net\/pachuca\/index.php\/wp-json\/wp\/v2\/product_cat?post=62095"},{"taxonomy":"product_tag","embeddable":true,"href":"https:\/\/soydeaqui.ddns.net\/pachuca\/index.php\/wp-json\/wp\/v2\/product_tag?post=62095"}],"curies":[{"name":"wp","href":"https:\/\/api.w.org\/{rel}","templated":true}]}}