{"id":62051,"date":"2026-03-19T06:26:29","date_gmt":"2026-03-19T06:26:29","guid":{"rendered":"https:\/\/soydeaqui.ddns.net\/pachuca\/index.php\/producto\/estacion-base-con-radio-kenwood-tk-7302-vhf-136-174-mhz-50-watts-16-canales\/"},"modified":"2026-03-19T06:26:30","modified_gmt":"2026-03-19T06:26:30","slug":"estacion-base-con-radio-kenwood-tk-7302-vhf-136-174-mhz-50-watts-16-canales","status":"publish","type":"product","link":"https:\/\/soydeaqui.ddns.net\/pachuca\/index.php\/producto\/estacion-base-con-radio-kenwood-tk-7302-vhf-136-174-mhz-50-watts-16-canales\/","title":{"rendered":"Estaci\u00f3n Base con Radio KENWOOD TK-7302, VHF 136-174 MHz, 50 Watts, 16 Canales."},"content":{"rendered":"<div style='width: 100%; max-width: 1200px; margin: 0 auto; font-family: sans-serif; line-height: 1.6; color: inherit; background-color: transparent;'>\n<div style='display: flex; flex-wrap: wrap; gap: 30px; margin-bottom: 30px;'>\n<div style='flex: 1 1 300px; min-width: 280px;'>\n<h3 style='font-size: 22px; border-bottom: 2px solid currentColor; padding-bottom: 5px; margin-top: 0; color: inherit; opacity: 0.8;'>Caracter\u00edsticas Generales<\/h3>\n<ul style='padding-left: 20px; font-size: 15px; color: inherit;'>\n<li style='margin-bottom: 5px;'>Fabricado con radio KENWOOD<\/li>\n<li style='margin-bottom: 5px;'>Compacta y elegante<\/li>\n<li style='margin-bottom: 5px;'>Fabricaci\u00f3n SYSCOM<\/li>\n<li style='margin-bottom: 5px;'>Terminado en atractivo y resistente gabinete<\/li>\n<li style='margin-bottom: 5px;'>Fuente de poder de 12 A conmutada interconstruida<\/li>\n<li style='margin-bottom: 5px;'>Incluye micr\u00f3fono de escritorio<\/li>\n<\/ul><\/div>\n<div style='flex: 1 1 300px; min-width: 280px;'>\n<h3 style='font-size: 22px; border-bottom: 2px solid currentColor; padding-bottom: 5px; margin-top: 0; color: inherit; opacity: 0.8;'>Caracter\u00edsticas de Seguridad<\/h3>\n<ul style='padding-left: 20px; font-size: 15px; color: inherit;'>\n<li style='margin-bottom: 5px;'>Password de encendido&comma; lectura y escritura<\/li>\n<li style='margin-bottom: 5px;'>Encripci\u00f3n por inversi\u00f3n de voz (scrambler) de Alto Nivel con 16 c\u00f3digos seleccionables del 2000 al 4096 por canal<\/li>\n<li style='margin-bottom: 5px;'>Pausa de PTT-ID: Inhibe el env\u00edo de PTT durante un tiempo preestablecido<\/li>\n<li style='margin-bottom: 5px;'>Identificaci\u00f3n auditiva de canal<\/li>\n<li style='margin-bottom: 5px;'>Control de Brillo de pantalla<\/li>\n<\/ul><\/div>\n<div style='flex: 1 1 300px; min-width: 280px;'>\n<h3 style='font-size: 22px; border-bottom: 2px solid currentColor; padding-bottom: 5px; margin-top: 0; color: inherit; opacity: 0.8;'>Funciones Adicionales<\/h3>\n<ul style='padding-left: 20px; font-size: 15px; color: inherit;'>\n<li style='margin-bottom: 5px;'>Exploraci\u00f3n (SCAN) con prioridad multi-zona<\/li>\n<li style='margin-bottom: 5px;'>Identifica de forma audible si el canal de operaci\u00f3n tiene activado el encriptor<\/li>\n<li style='margin-bottom: 5px;'>Tonos de alerta especiales para decodificaci\u00f3n de llamada selectiva por 2 tonos&comma; DTMF y FleetSync<\/li>\n<li style='margin-bottom: 5px;'>Conector de accesorios con puerto D-SUB 15 de alta densidad<\/li>\n<li style='margin-bottom: 5px;'>9 Teclas programables iluminadas<\/li>\n<\/ul><\/div>\n<\/p><\/div>\n<div style='display: flex; flex-wrap: wrap; gap: 20px; margin-bottom: 30px;'>\n<div style='flex: 1 1 250px; border: 1px solid rgba(150&comma; 150&comma; 150&comma; 0.4); border-radius: 8px; overflow: hidden; display: flex; flex-direction: column;'>\n<div style='padding: 15px; border-bottom: 1px solid rgba(150&comma; 150&comma; 150&comma; 0.2); font-weight: bold; font-size: 18px; color: inherit;'>Se\u00f1alizaci\u00f3n DTMF<\/div>\n<div style='padding: 15px; color: inherit;'>\n<ul style='padding-left: 20px; margin: 0; font-size: 14px; list-style-type: disc;'>\n<li style='margin-bottom: 5px;'>PTT ID (ANI)<\/li>\n<li style='margin-bottom: 5px;'>Llamada selectiva de grupo y general<\/li>\n<li style='margin-bottom: 5px;'>Llamada de emergencia inteligente<\/li>\n<li style='margin-bottom: 5px;'>Radio Kill (inhibici\u00f3n v\u00eda aire)<\/li>\n<li style='margin-bottom: 5px;'>Acuse de recepci\u00f3n de llamadas<\/li>\n<\/ul><\/div>\n<\/p><\/div>\n<div style='flex: 1 1 250px; border: 1px solid rgba(150&comma; 150&comma; 150&comma; 0.4); border-radius: 8px; overflow: hidden; display: flex; flex-direction: column;'>\n<div style='padding: 15px; border-bottom: 1px solid rgba(150&comma; 150&comma; 150&comma; 0.2); font-weight: bold; font-size: 18px; color: inherit;'>FleetSync (1200 \/ 2400 bps)<\/div>\n<div style='padding: 15px; color: inherit;'>\n<ul style='padding-left: 20px; margin: 0; font-size: 14px; list-style-type: disc;'>\n<li style='margin-bottom: 5px;'>PTT ID (ANI)<\/li>\n<li style='margin-bottom: 5px;'>Llamada selectiva de grupo y general<\/li>\n<li style='margin-bottom: 5px;'>Radio Kill (inhibici\u00f3n v\u00eda aire)<\/li>\n<li style='margin-bottom: 5px;'>Llamada de emergencia inteligente<\/li>\n<li style='margin-bottom: 5px;'>2 Mensajes de estatus pregrabados<\/li>\n<li style='margin-bottom: 5px;'>Capacidad de operaci\u00f3n GPS (s\u00f3lo como remoto)&comma; requiere antena receptora GM158DB15<\/li>\n<li style='margin-bottom: 5px;'>1 entrada \/ salida para revelador (no incluido)<\/li>\n<\/ul><\/div>\n<\/p><\/div>\n<div style='flex: 1 1 250px; border: 1px solid rgba(150&comma; 150&comma; 150&comma; 0.4); border-radius: 8px; overflow: hidden; display: flex; flex-direction: column;'>\n<div style='padding: 15px; border-bottom: 1px solid rgba(150&comma; 150&comma; 150&comma; 0.2); font-weight: bold; font-size: 18px; color: inherit;'>Se\u00f1alizaci\u00f3n MDC-1200<\/div>\n<div style='padding: 15px; color: inherit;'>\n<ul style='padding-left: 20px; margin: 0; font-size: 14px; list-style-type: disc;'>\n<li style='margin-bottom: 5px;'>PTT ID (ANI)<\/li>\n<li style='margin-bottom: 5px;'>Llamada de emergencia inteligente<\/li>\n<li style='margin-bottom: 5px;'>Radio Kill (inhibici\u00f3n v\u00eda aire)<\/li>\n<li style='margin-bottom: 5px;'>Radio Check (Verifica que el radio este encendido)<\/li>\n<\/ul><\/div>\n<\/p><\/div>\n<\/p><\/div>\n<div style='text-align: center; margin: 30px 0; font-size: 16px; color: inherit;'> *Pregunte por tiempo de entrega y disponibilidad. <\/div>\n<hr style='border: 0; border-top: 1px solid rgba(150&comma; 150&comma; 150&comma; 0.3); margin: 30px 0;'> <\/div>\n","protected":false},"excerpt":{"rendered":"<p>Estaci\u00f3n Base con Radio KENWOOD TK-7302, VHF 136-174 MHz, 50 Watts, 16 Canales.<\/p>\n","protected":false},"featured_media":62050,"comment_status":"open","ping_status":"closed","template":"","meta":[],"product_brand":[],"product_cat":[1797],"product_tag":[1798,1626,63],"class_list":{"0":"post-62051","1":"product","2":"type-product","3":"status-publish","4":"has-post-thumbnail","6":"product_cat-estaciones-base","7":"product_tag-estaciones-base","8":"product_tag-radios-comerciales-icom-kenwood-txpro","9":"product_tag-syscom","11":"first","12":"outofstock","13":"sale","14":"shipping-taxable","15":"purchasable","16":"product-type-simple"},"_links":{"self":[{"href":"https:\/\/soydeaqui.ddns.net\/pachuca\/index.php\/wp-json\/wp\/v2\/product\/62051","targetHints":{"allow":["GET"]}}],"collection":[{"href":"https:\/\/soydeaqui.ddns.net\/pachuca\/index.php\/wp-json\/wp\/v2\/product"}],"about":[{"href":"https:\/\/soydeaqui.ddns.net\/pachuca\/index.php\/wp-json\/wp\/v2\/types\/product"}],"replies":[{"embeddable":true,"href":"https:\/\/soydeaqui.ddns.net\/pachuca\/index.php\/wp-json\/wp\/v2\/comments?post=62051"}],"wp:featuredmedia":[{"embeddable":true,"href":"https:\/\/soydeaqui.ddns.net\/pachuca\/index.php\/wp-json\/wp\/v2\/media\/62050"}],"wp:attachment":[{"href":"https:\/\/soydeaqui.ddns.net\/pachuca\/index.php\/wp-json\/wp\/v2\/media?parent=62051"}],"wp:term":[{"taxonomy":"product_brand","embeddable":true,"href":"https:\/\/soydeaqui.ddns.net\/pachuca\/index.php\/wp-json\/wp\/v2\/product_brand?post=62051"},{"taxonomy":"product_cat","embeddable":true,"href":"https:\/\/soydeaqui.ddns.net\/pachuca\/index.php\/wp-json\/wp\/v2\/product_cat?post=62051"},{"taxonomy":"product_tag","embeddable":true,"href":"https:\/\/soydeaqui.ddns.net\/pachuca\/index.php\/wp-json\/wp\/v2\/product_tag?post=62051"}],"curies":[{"name":"wp","href":"https:\/\/api.w.org\/{rel}","templated":true}]}}