{"id":62024,"date":"2026-03-19T06:25:42","date_gmt":"2026-03-19T06:25:42","guid":{"rendered":"https:\/\/soydeaqui.ddns.net\/pachuca\/index.php\/producto\/guia-para-linea-de-vida-en-torre-stz\/"},"modified":"2026-03-19T06:25:43","modified_gmt":"2026-03-19T06:25:43","slug":"guia-para-linea-de-vida-en-torre-stz","status":"publish","type":"product","link":"https:\/\/soydeaqui.ddns.net\/pachuca\/index.php\/producto\/guia-para-linea-de-vida-en-torre-stz\/","title":{"rendered":"Gu\u00eda para l\u00ednea de vida en torre STZ"},"content":{"rendered":"<div style='width: 100%; max-width: 1200px; margin: 0 auto; font-family: sans-serif; line-height: 1.6; color: inherit; background-color: transparent;'> <!-- Secci\u00f3n introductoria --> <\/p>\n<div style='margin-bottom: 30px;'>\n<p style='font-size: 15px; margin-bottom: 15px; color: inherit;'>Elimine riesgos al efectuar instalaciones en torres.<\/p>\n<p style='font-size: 15px; margin-bottom: 15px; color: inherit;'>El sistema de l\u00ednea de vida protege la integridad f\u00edsica del instalador al mismo tiempo que le otorga confianza y agilidad durante el proceso de instalaci\u00f3n del equipo.<\/p>\n<\/p><\/div>\n<p> <!-- Secci\u00f3n de caracter\u00edsticas con grid --> <\/p>\n<div style='display: grid; grid-template-columns: repeat(auto-fill&comma; minmax(280px&comma; 1fr)); gap: 30px; margin-bottom: 30px;'>\n<div>\n<h3 style='font-size: 20px; border-bottom: 2px solid currentColor; padding-bottom: 5px; margin-top: 0; margin-bottom: 15px; color: inherit; opacity: 0.8;'>Caracter\u00edsticas Funcionales<\/h3>\n<ul style='padding-left: 20px; font-size: 14px; color: inherit;'>\n<li style='margin-bottom: 8px;'>La gu\u00eda se recomienda para instalaci\u00f3n en torres de altura superior a 15 metros.<\/li>\n<li style='margin-bottom: 8px;'>Como ejemplo en una torre de 18 metros se instalar\u00eda un herraje para l\u00ednea de vida (SHELV) en la parte inferior y otro en la parte superior. La gu\u00eda se instalar\u00eda justo a la mitad&comma; a 9 metros de altura.<\/li>\n<li style='margin-bottom: 8px;'>Incorpora un recubrimiento de caucho para amortiguar los movimientos del cable de retenida.<\/li>\n<\/ul><\/div>\n<div>\n<h3 style='font-size: 20px; border-bottom: 2px solid currentColor; padding-bottom: 5px; margin-top: 0; margin-bottom: 15px; color: inherit; opacity: 0.8;'>Caracter\u00edsticas F\u00edsicas<\/h3>\n<ul style='padding-left: 20px; font-size: 14px; color: inherit;'>\n<li style='margin-bottom: 8px;'><strong>Aplicaci\u00f3n:<\/strong> Intemperie.<\/li>\n<li style='margin-bottom: 8px;'><strong>Material:<\/strong> Acero Galvanizado por inmersi\u00f3n en caliente.<\/li>\n<li style='margin-bottom: 8px;'><strong>Peso:<\/strong> 0.40 Kg. Aprox.<\/li>\n<\/ul><\/div>\n<div>\n<h3 style='font-size: 20px; border-bottom: 2px solid currentColor; padding-bottom: 5px; margin-top: 0; margin-bottom: 15px; color: inherit; opacity: 0.8;'>Recomendaciones<\/h3>\n<ul style='padding-left: 20px; font-size: 14px; color: inherit;'>\n<li style='margin-bottom: 8px;'>Aseg\u00farese de que la instalaci\u00f3n sea realizada por un profesional capacitado.<\/li>\n<li style='margin-bottom: 8px;'>Peri\u00f3dicamente revise que la torniller\u00eda est\u00e9 correctamente ajustada.<\/li>\n<li style='margin-bottom: 8px;'>Programe un plan de mantenimiento para eliminar exceso de polvo y suciedad en el equipo.<\/li>\n<\/ul><\/div>\n<\/p><\/div>\n<p> <!-- Separador --> <\/p>\n<hr style='border: 0; border-top: 1px solid rgba(150&comma; 150&comma; 150&comma; 0.3); margin: 30px 0;'> <\/div>\n","protected":false},"excerpt":{"rendered":"<p>Gu\u00eda para l\u00ednea de vida en torre STZ<\/p>\n","protected":false},"featured_media":62023,"comment_status":"open","ping_status":"closed","template":"","meta":[],"product_brand":[],"product_cat":[589],"product_tag":[590,733,246],"class_list":{"0":"post-62024","1":"product","2":"type-product","3":"status-publish","4":"has-post-thumbnail","6":"product_cat-accesorios-para-torres-arriostradas","7":"product_tag-accesorios-para-torres-arriostradas","8":"product_tag-syscom-towers","9":"product_tag-torres-y-mastiles","11":"first","12":"instock","13":"sale","14":"shipping-taxable","15":"purchasable","16":"product-type-simple"},"_links":{"self":[{"href":"https:\/\/soydeaqui.ddns.net\/pachuca\/index.php\/wp-json\/wp\/v2\/product\/62024","targetHints":{"allow":["GET"]}}],"collection":[{"href":"https:\/\/soydeaqui.ddns.net\/pachuca\/index.php\/wp-json\/wp\/v2\/product"}],"about":[{"href":"https:\/\/soydeaqui.ddns.net\/pachuca\/index.php\/wp-json\/wp\/v2\/types\/product"}],"replies":[{"embeddable":true,"href":"https:\/\/soydeaqui.ddns.net\/pachuca\/index.php\/wp-json\/wp\/v2\/comments?post=62024"}],"wp:featuredmedia":[{"embeddable":true,"href":"https:\/\/soydeaqui.ddns.net\/pachuca\/index.php\/wp-json\/wp\/v2\/media\/62023"}],"wp:attachment":[{"href":"https:\/\/soydeaqui.ddns.net\/pachuca\/index.php\/wp-json\/wp\/v2\/media?parent=62024"}],"wp:term":[{"taxonomy":"product_brand","embeddable":true,"href":"https:\/\/soydeaqui.ddns.net\/pachuca\/index.php\/wp-json\/wp\/v2\/product_brand?post=62024"},{"taxonomy":"product_cat","embeddable":true,"href":"https:\/\/soydeaqui.ddns.net\/pachuca\/index.php\/wp-json\/wp\/v2\/product_cat?post=62024"},{"taxonomy":"product_tag","embeddable":true,"href":"https:\/\/soydeaqui.ddns.net\/pachuca\/index.php\/wp-json\/wp\/v2\/product_tag?post=62024"}],"curies":[{"name":"wp","href":"https:\/\/api.w.org\/{rel}","templated":true}]}}