{"id":61995,"date":"2026-03-19T06:24:50","date_gmt":"2026-03-19T06:24:50","guid":{"rendered":"https:\/\/soydeaqui.ddns.net\/pachuca\/index.php\/producto\/mastil-telescopico-de-15-m-49-2-ft-compuesto-por-5-secciones-concentricas-requiere-accesorios-de-instalacion\/"},"modified":"2026-03-19T06:24:50","modified_gmt":"2026-03-19T06:24:50","slug":"mastil-telescopico-de-15-m-49-2-ft-compuesto-por-5-secciones-concentricas-requiere-accesorios-de-instalacion","status":"publish","type":"product","link":"https:\/\/soydeaqui.ddns.net\/pachuca\/index.php\/producto\/mastil-telescopico-de-15-m-49-2-ft-compuesto-por-5-secciones-concentricas-requiere-accesorios-de-instalacion\/","title":{"rendered":"M\u00e1stil telesc\u00f3pico de 15 m (49.2 ft) Compuesto por 5 Secciones Conc\u00e9ntricas (requiere accesorios de instalaci\u00f3n)"},"content":{"rendered":"<div style='width: 100%; max-width: 1200px; margin: 0 auto; font-family: sans-serif; line-height: 1.6; color: inherit; background-color: transparent;'>\n<div style='display: flex; flex-wrap: wrap; gap: 30px; margin-bottom: 30px;'>\n<div style='flex: 1 1 300px; min-width: 280px;'>\n<h3 style='font-size: 22px; border-bottom: 2px solid currentColor; padding-bottom: 5px; margin-top: 0; color: inherit; opacity: 0.8;'>Caracter\u00edsticas destacadas<\/h3>\n<ul style='padding-left: 20px; font-size: 15px; color: inherit;'>\n<li style='margin-bottom: 5px; color: #ed0808;'><strong>Producto Elaborado Bajo Normas ISO 9000.<\/strong><\/li>\n<li style='margin-bottom: 5px;'>Fabricado con tubo industrial galvanizado en caliente calibre 20.<\/li>\n<li style='margin-bottom: 5px;'>Incluye tornillos.<\/li>\n<li style='margin-bottom: 5px;'>Peso: 12.80 kg<\/li>\n<li style='margin-bottom: 5px;'>Cada secci\u00f3n de M\u00e1stil mide 3 metros.<\/li>\n<li style='margin-bottom: 5px;'>Incluye: Secci\u00f3n 1&comma;2&comma;3&comma;4 y 5.<\/li>\n<\/ul><\/div>\n<div style='flex: 1 1 300px; min-width: 280px;'>\n<h3 style='font-size: 22px; border-bottom: 2px solid currentColor; padding-bottom: 5px; margin-top: 0; color: inherit; opacity: 0.8;'>Recomendaci\u00f3n de instalaci\u00f3n<\/h3>\n<ul style='padding-left: 20px; font-size: 15px; color: inherit;'>\n<li style='margin-bottom: 5px;'>L\u00edmite de carga: equipos menores a 6 Kg.<\/li>\n<li style='margin-bottom: 5px;'>Elaborado para antenas tipo yagi&comma; omnidireccionales de menos de 2 metros&comma; antenas de rejilla o antenas de plato menores a 25 cm. de di\u00e1metro.<\/li>\n<li style='margin-bottom: 5px;'>Se recomienda colocar puntos de sujeci\u00f3n con cable de retenida de 7 hilos (1\/8&#8242;) o alambre galvanizado de calibre 10 seg\u00fan diagrama.<\/li>\n<li style='margin-bottom: 5px;'>Recomendado para zonas de menos de 70 km\/hr de r\u00e1fagas de viento.<\/li>\n<\/ul><\/div>\n<\/p><\/div>\n<div style='display: flex; flex-wrap: wrap; gap: 30px; margin-bottom: 30px;'>\n<div style='flex: 1 1 300px; min-width: 280px;'>\n<h3 style='font-size: 22px; border-bottom: 2px solid currentColor; padding-bottom: 5px; margin-top: 0; color: inherit; opacity: 0.8;'>Nota t\u00e9cnica<\/h3>\n<ul style='padding-left: 20px; font-size: 15px; color: inherit;'>\n<li style='margin-bottom: 5px;'><em>El uso de m\u00e1stiles est\u00e1 limitado a las capacidades de carga y \u00e1rea se\u00f1alada en cada m\u00e1stil.<\/em><\/li>\n<li style='margin-bottom: 5px;'><em>Todo m\u00e1stil debe ser sujeto con retenida o al menos alambre galvanizado de un buen calibre.<\/em><\/li>\n<li style='margin-bottom: 5px;'><em>No se debe de escalar directamente ni apoyar escaleras sobre este m\u00e1stil telesc\u00f3pico.<\/em><\/li>\n<li style='margin-bottom: 5px;'><em>Para el ajuste de equipo instalado en dicho m\u00e1stil se recomienda usar escalera tipo escalera o andamios&comma; \u00e9sto en su posici\u00f3n retraida a la altura m\u00ednima de 3 metros correspondiente a la primer secci\u00f3n.<\/em><\/li>\n<\/ul><\/div>\n<div style='flex: 1 1 300px; min-width: 280px;'>\n<h3 style='font-size: 22px; border-bottom: 2px solid currentColor; padding-bottom: 5px; margin-top: 0; color: inherit; opacity: 0.8;'>Aplicaci\u00f3n<\/h3>\n<p style='font-size: 18px; color: #1674cc; margin: 0 0 20px 0;'><strong>Ideal para Equipo Wireless UBIQUITI o similares.<\/strong><\/p>\n<div style='display: flex; flex-direction: column; gap: 20px;'> <img style='width: 100%; height: auto; border: 1px solid rgba(150&comma;150&comma;150&comma;0.3); border-radius: 8px;' src='http:\/\/ftp3.syscom.mx\/usuarios\/dcarreon\/TORRES\/ARRIOSTRADAS\/PRODUCTOS\/SLM15\/RECOMENDACION%20SLM15.png' alt=''> <img style='width: 100%; height: auto; border: 1px solid rgba(150&comma;150&comma;150&comma;0.3); border-radius: 8px;' src='http:\/\/ftp3.syscom.mx\/usuarios\/dcarreon\/TORRES\/ARRIOSTRADAS\/MASTILES\/MEDIDAS%202.jpg' alt=''> <img style='width: 100%; height: auto; border: 1px solid rgba(150&comma;150&comma;150&comma;0.3); border-radius: 8px;' src='http:\/\/ftp3.syscom.mx\/usuarios\/dcarreon\/TORRES\/ARRIOSTRADAS\/PRODUCTOS\/SLMBA2\/INSTALACION%20MASTIL.png' alt=''> <img style='width: 100%; height: auto; border: 1px solid rgba(150&comma;150&comma;150&comma;0.3); border-radius: 8px;' src='http:\/\/ftp3.syscom.mx\/usuarios\/dcarreon\/TORRES\/ARRIOSTRADAS\/PRODUCTOS\/SLM3\/INSTALACION%20MASTIL%20UBIQUITI.png' alt=''> <\/div>\n<\/p><\/div>\n<\/p><\/div>\n<hr style='border: 0; border-top: 1px solid rgba(150&comma; 150&comma; 150&comma; 0.3); margin: 30px 0;'> <\/div>\n","protected":false},"excerpt":{"rendered":"<p>M\u00e1stil telesc\u00f3pico de 15 m (49.2 ft) Compuesto por 5 Secciones Conc\u00e9ntricas (requiere accesorios de instalaci\u00f3n)<\/p>\n","protected":false},"featured_media":61994,"comment_status":"open","ping_status":"closed","template":"","meta":[],"product_brand":[],"product_cat":[1654],"product_tag":[1328,733,246],"class_list":{"0":"post-61995","1":"product","2":"type-product","3":"status-publish","4":"has-post-thumbnail","6":"product_cat-mastiles-y-accesorios-torres-y-mastiles-redes-e-it","7":"product_tag-mastiles-y-accesorios","8":"product_tag-syscom-towers","9":"product_tag-torres-y-mastiles","11":"first","12":"instock","13":"sale","14":"shipping-taxable","15":"purchasable","16":"product-type-simple"},"_links":{"self":[{"href":"https:\/\/soydeaqui.ddns.net\/pachuca\/index.php\/wp-json\/wp\/v2\/product\/61995","targetHints":{"allow":["GET"]}}],"collection":[{"href":"https:\/\/soydeaqui.ddns.net\/pachuca\/index.php\/wp-json\/wp\/v2\/product"}],"about":[{"href":"https:\/\/soydeaqui.ddns.net\/pachuca\/index.php\/wp-json\/wp\/v2\/types\/product"}],"replies":[{"embeddable":true,"href":"https:\/\/soydeaqui.ddns.net\/pachuca\/index.php\/wp-json\/wp\/v2\/comments?post=61995"}],"wp:featuredmedia":[{"embeddable":true,"href":"https:\/\/soydeaqui.ddns.net\/pachuca\/index.php\/wp-json\/wp\/v2\/media\/61994"}],"wp:attachment":[{"href":"https:\/\/soydeaqui.ddns.net\/pachuca\/index.php\/wp-json\/wp\/v2\/media?parent=61995"}],"wp:term":[{"taxonomy":"product_brand","embeddable":true,"href":"https:\/\/soydeaqui.ddns.net\/pachuca\/index.php\/wp-json\/wp\/v2\/product_brand?post=61995"},{"taxonomy":"product_cat","embeddable":true,"href":"https:\/\/soydeaqui.ddns.net\/pachuca\/index.php\/wp-json\/wp\/v2\/product_cat?post=61995"},{"taxonomy":"product_tag","embeddable":true,"href":"https:\/\/soydeaqui.ddns.net\/pachuca\/index.php\/wp-json\/wp\/v2\/product_tag?post=61995"}],"curies":[{"name":"wp","href":"https:\/\/api.w.org\/{rel}","templated":true}]}}