{"id":619,"date":"2026-03-18T05:41:43","date_gmt":"2026-03-18T05:41:43","guid":{"rendered":"https:\/\/soydeaqui.ddns.net\/pachuca\/index.php\/producto\/accurance-ov-102-sistema-anti-seguimiento-con-tecnologia-avanzada-de-reconocimiento-de-humanos-y-capacidad-para-determinar-la-direccion-para-uso-en-multiples-aplicaciones-donde-se-necesita-proteg\/"},"modified":"2026-03-18T05:41:43","modified_gmt":"2026-03-18T05:41:43","slug":"accurance-ov-102-sistema-anti-seguimiento-con-tecnologia-avanzada-de-reconocimiento-de-humanos-y-capacidad-para-determinar-la-direccion-para-uso-en-multiples-aplicaciones-donde-se-necesita-proteg","status":"publish","type":"product","link":"https:\/\/soydeaqui.ddns.net\/pachuca\/index.php\/producto\/accurance-ov-102-sistema-anti-seguimiento-con-tecnologia-avanzada-de-reconocimiento-de-humanos-y-capacidad-para-determinar-la-direccion-para-uso-en-multiples-aplicaciones-donde-se-necesita-proteg\/","title":{"rendered":"Accurance OV-102   \/ sistema anti-seguimiento con tecnolog\u00eda avanzada de reconocimiento de humanos y capacidad para determinar la direcci\u00f3n, para uso en m\u00faltiples aplicaciones donde se necesita proteger el acceso a un \u00e1rea de s"},"content":{"rendered":"<div style='width: 100%; max-width: 1200px; margin: 0 auto; font-family: sans-serif; line-height: 1.6; color: inherit; background-color: transparent;'>\n<div style='display: flex; flex-wrap: wrap; gap: 30px; margin-bottom: 30px;'>\n<div style='flex: 1 1 300px; min-width: 280px;'>\n<h3 style='font-size: 22px; border-bottom: 2px solid currentColor; padding-bottom: 5px; margin-top: 0; color: inherit; opacity: 0.8;'>Descripci\u00f3n general<\/h3>\n<p style='font-size: 15px; color: inherit; margin-bottom: 15px;'>Accurance OV-102 es un sistema anti-seguimiento con tecnolog\u00eda avanzada de reconocimiento de humanos y capacidad para determinar la direcci\u00f3n&comma; para uso en m\u00faltiples aplicaciones donde se necesita proteger el acceso a un \u00e1rea de seguridad.<\/p>\n<p style='font-size: 15px; color: inherit; margin-bottom: 15px;'>El sensor proporciona varios niveles de acci\u00f3n en caso de seguimiento&comma; incluyendo &#8216;alerta \/ impedimento de acceso&#8217;&comma; &#8216;impedimento de acceso \/ prevenci\u00f3n&#8217; y &#8216;prevenci\u00f3n&#8217;&comma; seg\u00fan los niveles de seguridad que los clientes exigen y la situaci\u00f3n. El sistema ofrece varias funciones avanzadas&comma; incluida la funci\u00f3n de acompa\u00f1amiento que permite la entrada de un visitante que no tiene las credenciales autorizadas necesarias para ingresar al \u00e1rea de seguridad.<\/p>\n<p style='font-size: 15px; color: inherit; margin-bottom: 15px;'>El sistema incluye una unidad de detecci\u00f3n OV-102S (E) y una caja de control OV-102CB (E).<\/p>\n<p style='font-size: 15px; color: inherit; margin-bottom: 15px;'>Nota:<\/p>\n<p style='font-size: 15px; color: inherit; margin-bottom: 15px; background-color: #e74c3c; padding: 10px; border-radius: 4px;'><strong>Todo proyecto debe ser evaluado y autorizado previamente por fabrica&comma; favor de compartir informaci\u00f3n del proyecto con ingeneir\u00eda de producto y OPTEX<\/strong><\/p>\n<\/p><\/div>\n<\/p><\/div>\n<div style='display: flex; flex-wrap: wrap; gap: 30px; margin-bottom: 30px;'>\n<div style='flex: 1 1 300px; min-width: 280px;'>\n<h3 style='font-size: 22px; border-bottom: 2px solid currentColor; padding-bottom: 5px; margin-top: 0; color: inherit; opacity: 0.8;'>Aplicaciones<\/h3>\n<p style='font-size: 15px; color: inherit; margin-bottom: 15px;'>Entrada de persona no autorizada detr\u00e1s de la persona autorizada: Genera salida de alarma cuando una persona no autorizada sigue a una persona autorizada y pasa la l\u00ednea de detecci\u00f3n A (l\u00ednea rosa) -> l\u00ednea de detecci\u00f3n B (l\u00ednea azul).<\/p>\n<div style='margin: 20px 0; width: 100%;'> <img style='width: 100%; height: auto; border: 1px solid rgba(150&comma;150&comma;150&comma;0.3); border-radius: 8px;' src='https:\/\/s3-eu-west-1.amazonaws.com\/optex-europe\/uploads\/_1200xAUTO_fit_center-center_none\/optex-ov-102-tailgating-scenario.png' alt='Optex ov 102 tailgating scenario'> <\/div>\n<h4 style='font-size: 18px; color: inherit; margin-top: 20px; margin-bottom: 15px;'>Entrada cruzada<\/h4>\n<p style='font-size: 15px; color: inherit; margin-bottom: 15px;'>Genera salida de alarma al detectar a una persona no autorizada accediendo cuando cuando sale una persona autorizada.<\/p>\n<div style='margin: 20px 0; width: 100%;'> <img style='width: 100%; height: auto; border: 1px solid rgba(150&comma;150&comma;150&comma;0.3); border-radius: 8px;' src='https:\/\/s3-eu-west-1.amazonaws.com\/optex-europe\/uploads\/_1200xAUTO_fit_center-center_none\/optex-ov-102-cross-entry-scenario.png' alt='Optex ov 102 cross entry scenario'> <\/div>\n<h4 style='font-size: 18px; color: inherit; margin-top: 20px; margin-bottom: 15px;'>Detecci\u00f3n m\u00faltiple<\/h4>\n<p style='font-size: 15px; color: inherit; margin-bottom: 15px;'>Genere salida de alarma cuando detecta que hay varias personas en el \u00e1rea de detecci\u00f3n.<\/p>\n<div style='margin: 20px 0; width: 100%;'> <img style='width: 100%; height: auto; border: 1px solid rgba(150&comma;150&comma;150&comma;0.3); border-radius: 8px;' src='https:\/\/s3-eu-west-1.amazonaws.com\/optex-europe\/uploads\/_1200xAUTO_fit_center-center_none\/optex-ov-102-multiple-detection-scenario.png' alt='Optex ov 102 multiple detection scenario'> <\/div>\n<\/p><\/div>\n<\/p><\/div>\n<div style='display: flex; flex-wrap: wrap; gap: 30px; margin-bottom: 30px;'>\n<div style='flex: 1 1 300px; min-width: 280px;'>\n<h3 style='font-size: 22px; border-bottom: 2px solid currentColor; padding-bottom: 5px; margin-top: 0; color: inherit; opacity: 0.8;'>Caracter\u00edsticas t\u00e9cnicas<\/h3>\n<p style='font-size: 15px; color: inherit; margin-bottom: 15px;'>La serie OV-102 dispone de configuraciones de \u00e1rea altamente flexibles para adaptarse a todo tipo de espacios&comma; distintos tipos de puertas e iluminaci\u00f3n. Tiene adem\u00e1s una funci\u00f3n de &#8216;cancelaci\u00f3n de puerta&#8217;&comma; que permite dise\u00f1ar un sistema de seguridad sin restricciones.<\/p>\n<ul style='padding-left: 20px; font-size: 15px; color: inherit; margin-bottom: 15px;'>\n<li style='margin-bottom: 10px;'><strong>Funci\u00f3n de cancelaci\u00f3n de puerta: <\/strong>Ignora el movimiento de la puerta en el lado de instalaci\u00f3n de la unidad de detecci\u00f3n.<\/li>\n<li style='margin-bottom: 10px;'><strong>Posibilidad de instalar en puerta ya instalada<\/strong><\/li>\n<li style='margin-bottom: 10px;'><strong>Capacidad de ajuste del \u00e1rea de detecci\u00f3n: <\/strong>El \u00e1rea de detecci\u00f3n se puede ajustar despu\u00e9s de la instalaci\u00f3n de la unidad de detecci\u00f3n.<\/li>\n<li style='margin-bottom: 10px;'><strong>Capacidad de ajuste de la sensibilidad: <\/strong>La sensibilidad se puede ajustar despu\u00e9s de la instalaci\u00f3n<\/li>\n<\/ul>\n<div style='margin: 20px 0; width: 100%;'> <img style='width: 100%; height: auto; border: 1px solid rgba(150&comma;150&comma;150&comma;0.3); border-radius: 8px;' src='https:\/\/s3-eu-west-1.amazonaws.com\/optex-europe\/sensor-downloads\/optex-ov-102-specifications-en.JPG' alt=''> <\/div>\n<\/p><\/div>\n<\/p><\/div>\n<\/p><\/div>\n","protected":false},"excerpt":{"rendered":"<p>Accurance OV-102   \/ sistema anti-seguimiento con tecnolog\u00eda avanzada de reconocimiento de humanos y capacidad para determinar la direcci\u00f3n, para uso en m\u00faltiples aplicaciones donde se necesita proteger el acceso a un \u00e1rea de s<\/p>\n","protected":false},"featured_media":618,"comment_status":"open","ping_status":"closed","template":"","meta":[],"product_brand":[],"product_cat":[202],"product_tag":[19,203,106],"class_list":{"0":"post-619","1":"product","2":"type-product","3":"status-publish","4":"has-post-thumbnail","6":"product_cat-movimiento-para-exterior","7":"product_tag-detectores-sensores","8":"product_tag-movimiento-para-exterior","9":"product_tag-optex","11":"first","12":"outofstock","13":"sale","14":"shipping-taxable","15":"purchasable","16":"product-type-simple"},"_links":{"self":[{"href":"https:\/\/soydeaqui.ddns.net\/pachuca\/index.php\/wp-json\/wp\/v2\/product\/619","targetHints":{"allow":["GET"]}}],"collection":[{"href":"https:\/\/soydeaqui.ddns.net\/pachuca\/index.php\/wp-json\/wp\/v2\/product"}],"about":[{"href":"https:\/\/soydeaqui.ddns.net\/pachuca\/index.php\/wp-json\/wp\/v2\/types\/product"}],"replies":[{"embeddable":true,"href":"https:\/\/soydeaqui.ddns.net\/pachuca\/index.php\/wp-json\/wp\/v2\/comments?post=619"}],"wp:featuredmedia":[{"embeddable":true,"href":"https:\/\/soydeaqui.ddns.net\/pachuca\/index.php\/wp-json\/wp\/v2\/media\/618"}],"wp:attachment":[{"href":"https:\/\/soydeaqui.ddns.net\/pachuca\/index.php\/wp-json\/wp\/v2\/media?parent=619"}],"wp:term":[{"taxonomy":"product_brand","embeddable":true,"href":"https:\/\/soydeaqui.ddns.net\/pachuca\/index.php\/wp-json\/wp\/v2\/product_brand?post=619"},{"taxonomy":"product_cat","embeddable":true,"href":"https:\/\/soydeaqui.ddns.net\/pachuca\/index.php\/wp-json\/wp\/v2\/product_cat?post=619"},{"taxonomy":"product_tag","embeddable":true,"href":"https:\/\/soydeaqui.ddns.net\/pachuca\/index.php\/wp-json\/wp\/v2\/product_tag?post=619"}],"curies":[{"name":"wp","href":"https:\/\/api.w.org\/{rel}","templated":true}]}}