{"id":61893,"date":"2026-03-19T06:21:36","date_gmt":"2026-03-19T06:21:36","guid":{"rendered":"https:\/\/soydeaqui.ddns.net\/pachuca\/index.php\/producto\/montaje-para-punto-de-acceso-en-torre\/"},"modified":"2026-03-19T06:21:37","modified_gmt":"2026-03-19T06:21:37","slug":"montaje-para-punto-de-acceso-en-torre","status":"publish","type":"product","link":"https:\/\/soydeaqui.ddns.net\/pachuca\/index.php\/producto\/montaje-para-punto-de-acceso-en-torre\/","title":{"rendered":"Montaje para punto de acceso en torre"},"content":{"rendered":"<div style='width: 100%; max-width: 1200px; margin: 0 auto; font-family: sans-serif; line-height: 1.6; color: inherit;'>\n<div style='display: flex; flex-wrap: wrap; gap: 30px; margin-bottom: 30px;'>\n<div style='flex: 1 1 300px; min-width: 280px;'>\n<div style='font-size: 22px; border-bottom: 2px solid currentColor; padding-bottom: 5px; margin-top: 0; color: inherit; opacity: 0.8;'>Descripci\u00f3n<\/div>\n<p style='margin-top: 15px; font-size: 15px; color: inherit;'> <a href='http:\/\/ftp3.syscom.mx\/usuarios\/dcarreon\/IMPRESOS\/EPCOMindustrialFAMILIA.pdf' target='_new' style='display: inline-block; margin-bottom: 15px; color: inherit;'> <img style='width: 100%; max-width: 400px; height: auto; border: 1px solid rgba(150&comma;150&comma;150&comma;0.3); border-radius: 8px;' src='http:\/\/ftp3.syscom.mx\/usuarios\/dcarreon\/IMPRESOS\/LOGO_epcom%20industrial.jpg' alt='Logo EPCOM Industrial'> <\/a> Montaje de <strong>Poste o Torre<\/strong> para Access Point en exteriores e interiores. Brinda la flexibilidad necesaria para facilitar la orientaci\u00f3n hacia arriba&comma; abajo&comma; derecha e izquierda de su Access Point cuidando la est\u00e9tica y facilitando la instalaci\u00f3n en el sitio. <\/p>\n<\/p><\/div>\n<\/p><\/div>\n<div style='display: flex; flex-wrap: wrap; gap: 20px; margin-bottom: 30px;'>\n<div style='flex: 1 1 250px; border: 1px solid rgba(150&comma; 150&comma; 150&comma; 0.4); border-radius: 8px; overflow: hidden; display: flex; flex-direction: column;'>\n<div style='padding: 15px; border-bottom: 1px solid rgba(150&comma; 150&comma; 150&comma; 0.2); font-weight: bold; font-size: 18px; color: inherit;'>Caracter\u00edsticas<\/div>\n<div style='padding: 15px; color: inherit;'>\n<ul style='padding-left: 20px; margin: 0; font-size: 14px; list-style-type: disc;'>\n<li style='margin-bottom: 5px;'>Fabricado en Acero<\/li>\n<li style='margin-bottom: 5px;'>Pintura Electrost\u00e1tica color Beige<\/li>\n<li style='margin-bottom: 5px;'>Se puede instalar en tubos de 1\/2&#8242; a 2&#8242;<\/li>\n<\/ul><\/div>\n<\/p><\/div>\n<div style='flex: 1 1 250px; border: 1px solid rgba(150&comma; 150&comma; 150&comma; 0.4); border-radius: 8px; overflow: hidden; display: flex; flex-direction: column;'>\n<div style='padding: 15px; border-bottom: 1px solid rgba(150&comma; 150&comma; 150&comma; 0.2); font-weight: bold; font-size: 18px; color: inherit;'>Equipos compatibles<\/div>\n<div style='padding: 15px; color: inherit;'>\n<ul style='padding-left: 20px; margin: 0; font-size: 14px; list-style-type: disc;'>\n<li style='margin-bottom: 5px;'>C1an<\/li>\n<li style='margin-bottom: 5px;'>C1n<\/li>\n<li style='margin-bottom: 5px;'>EOC5610<\/li>\n<li style='margin-bottom: 5px;'>NS5<\/li>\n<li style='margin-bottom: 5px;'>NSL5<\/li>\n<li style='margin-bottom: 5px;'>NSM5<\/li>\n<li style='margin-bottom: 5px;'>NS2<\/li>\n<li style='margin-bottom: 5px;'>NSL2<\/li>\n<li style='margin-bottom: 5px;'>Bullet2H<\/li>\n<li style='margin-bottom: 5px;'>Bullet2<\/li>\n<li style='margin-bottom: 5px;'>Bullet2MHP<\/li>\n<li style='margin-bottom: 5px;'>Bullet5<\/li>\n<li style='margin-bottom: 5px;'>LOCOM2<\/li>\n<li style='margin-bottom: 5px;'>LOCOM5<\/li>\n<li style='margin-bottom: 5px;'>EPMP5I<\/li>\n<\/ul><\/div>\n<\/p><\/div>\n<\/p><\/div>\n<div style='display: flex; flex-wrap: wrap; gap: 30px;'>\n<div style='flex: 1 1 300px; min-width: 280px;'>\n<div style='font-size: 22px; border-bottom: 2px solid currentColor; padding-bottom: 5px; margin-top: 0; color: inherit; opacity: 0.8;'>Notas<\/div>\n<ul style='padding-left: 20px; margin-top: 15px; font-size: 14px; color: inherit; list-style-type: disc;'>\n<li style='margin-bottom: 5px;'><strong>Nota:<\/strong> El color del equipo puede cambiar para mejoras t\u00e9cnicas<\/li>\n<li style='margin-bottom: 5px;'><strong>Nota:<\/strong> No incluye abrazaderas<\/li>\n<\/ul><\/div>\n<\/p><\/div>\n<div style='display: flex; flex-wrap: wrap; gap: 30px; margin-top: 30px;'>\n<div style='flex: 1 1 300px; min-width: 280px;'>\n<div style='font-size: 22px; border-bottom: 2px solid currentColor; padding-bottom: 5px; margin-top: 0; color: inherit; opacity: 0.8;'>Documentaci\u00f3n<\/div>\n<p style='margin-top: 15px; font-size: 14px; color: inherit;'> <a href='http:\/\/ftp3.syscom.mx\/usuarios\/dcarreon\/IMPRESOS\/EPCOMindustrialFAMILIA.pdf' target='_new' style='color: inherit; text-decoration: underline;'>Ficha t\u00e9cnica de la familia de productos<\/a> <\/p>\n<\/p><\/div>\n<\/p><\/div>\n<div style='display: flex; flex-wrap: wrap; margin-top: 30px;'>\n<div style='flex: 1 1 100%;'>\n<div style='font-size: 22px; border-bottom: 2px solid currentColor; padding-bottom: 5px; margin-top: 0; color: inherit; opacity: 0.8;'>Im\u00e1genes del producto<\/div>\n<div style='margin-top: 15px;'> <img style='width: 100%; max-width: 800px; height: auto; border: 1px solid rgba(150&comma;150&comma;150&comma;0.3); border-radius: 8px;' src='http:\/\/ftp3.syscom.mx\/usuarios\/fotos\/SMTNS\/SMTNS-A.png' alt='Montaje para punto de acceso en torre'> <\/div>\n<\/p><\/div>\n<\/p><\/div>\n<\/p><\/div>\n","protected":false},"excerpt":{"rendered":"<p>Montaje para punto de acceso en torre<\/p>\n","protected":false},"featured_media":61892,"comment_status":"open","ping_status":"closed","template":"","meta":[],"product_brand":[],"product_cat":[1790],"product_tag":[181,1791,605],"class_list":{"0":"post-61893","1":"product","2":"type-product","3":"status-publish","4":"has-post-thumbnail","6":"product_cat-montajes-varios","7":"product_tag-epcom-industrial","8":"product_tag-montajes-varios","9":"product_tag-racks-y-gabinetes","11":"first","12":"outofstock","13":"sale","14":"shipping-taxable","15":"purchasable","16":"product-type-simple"},"_links":{"self":[{"href":"https:\/\/soydeaqui.ddns.net\/pachuca\/index.php\/wp-json\/wp\/v2\/product\/61893","targetHints":{"allow":["GET"]}}],"collection":[{"href":"https:\/\/soydeaqui.ddns.net\/pachuca\/index.php\/wp-json\/wp\/v2\/product"}],"about":[{"href":"https:\/\/soydeaqui.ddns.net\/pachuca\/index.php\/wp-json\/wp\/v2\/types\/product"}],"replies":[{"embeddable":true,"href":"https:\/\/soydeaqui.ddns.net\/pachuca\/index.php\/wp-json\/wp\/v2\/comments?post=61893"}],"wp:featuredmedia":[{"embeddable":true,"href":"https:\/\/soydeaqui.ddns.net\/pachuca\/index.php\/wp-json\/wp\/v2\/media\/61892"}],"wp:attachment":[{"href":"https:\/\/soydeaqui.ddns.net\/pachuca\/index.php\/wp-json\/wp\/v2\/media?parent=61893"}],"wp:term":[{"taxonomy":"product_brand","embeddable":true,"href":"https:\/\/soydeaqui.ddns.net\/pachuca\/index.php\/wp-json\/wp\/v2\/product_brand?post=61893"},{"taxonomy":"product_cat","embeddable":true,"href":"https:\/\/soydeaqui.ddns.net\/pachuca\/index.php\/wp-json\/wp\/v2\/product_cat?post=61893"},{"taxonomy":"product_tag","embeddable":true,"href":"https:\/\/soydeaqui.ddns.net\/pachuca\/index.php\/wp-json\/wp\/v2\/product_tag?post=61893"}],"curies":[{"name":"wp","href":"https:\/\/api.w.org\/{rel}","templated":true}]}}