{"id":61875,"date":"2026-03-19T06:21:04","date_gmt":"2026-03-19T06:21:04","guid":{"rendered":"https:\/\/soydeaqui.ddns.net\/pachuca\/index.php\/producto\/abrazadera-tipo-nudo-para-cable-de-3-8\/"},"modified":"2026-03-19T06:21:06","modified_gmt":"2026-03-19T06:21:06","slug":"abrazadera-tipo-nudo-para-cable-de-3-8","status":"publish","type":"product","link":"https:\/\/soydeaqui.ddns.net\/pachuca\/index.php\/producto\/abrazadera-tipo-nudo-para-cable-de-3-8\/","title":{"rendered":"Abrazadera tipo Nudo para Cable de 3\/8&#8243;"},"content":{"rendered":"<div style='width: 100%; max-width: 1200px; margin: 0 auto; font-family: sans-serif; line-height: 1.6; color: inherit; background-color: transparent;'>\n<div style='display: flex; flex-wrap: wrap; gap: 30px; margin-bottom: 30px;'>\n<div style='flex: 1 1 300px; min-width: 280px;'>\n<h3 style='font-size: 22px; border-bottom: 2px solid currentColor; padding-bottom: 5px; margin-top: 0; color: inherit; opacity: 0.8;'>Descripci\u00f3n<\/h3>\n<ul style='padding-left: 20px; font-size: 15px; color: inherit;'>\n<li style='margin-bottom: 5px;'>Acero galvanizado&comma; dadas dimensiones: di\u00e1metro m\u00e1ximo del cable o la cuerda x di\u00e1metro del tornillo x longitud total de la abrazadera<\/li>\n<li style='margin-bottom: 5px;'>Este tipo de abrazadera se utiliza principalmente con el cable de alambre para hacer lazos o cintas o conexiones separables.<\/li>\n<li style='margin-bottom: 5px;'>En el texto de la descripci\u00f3n anterior&comma; se hace menci\u00f3n del &#8216;anteriormente vigente (antiguo)&#8217; DIN 741.<\/li>\n<li style='margin-bottom: 5px;'>Esta norma aborda la pregunta si estas abrazaderas est\u00e1n calificadas para el uso donde hay un peligro para las personas o la posibilidad de da\u00f1os a las mercanc\u00edas valiosas: que ha dejado de ser el caso&comma; ya que mientras tanto ha avanzado la tecnolog\u00eda!<\/li>\n<li style='margin-bottom: 5px;'>Sin embargo&comma; sigue siendo muy \u00fatil en menos situaciones cr\u00edticas donde no tienen que cumplir alguna norma oficial y&comma; cuando est\u00e1 utilizado correctamente&comma; son muy capaces de hacer el trabajo.<\/li>\n<li style='margin-bottom: 5px;'>Las abrazaderas deben fijarse de tal manera que el arco debe ser en el mismo lado que el extremo corto del cable&comma; es decir&comma; en el lado del cojinete de la no-carga.<\/li>\n<li style='margin-bottom: 5px;'>Al hacer un bucle en un cable de alambre&comma; el radio de curva debe mantenerse al m\u00ednimo para evitar que prensan la cuerda y da\u00f1arlo permanentemente.<\/li>\n<li style='margin-bottom: 5px;'>El radio del bucle en un cable de alambre debe ser por lo menos 18 veces su di\u00e1metro.<\/li>\n<li style='margin-bottom: 5px;'>Un refuerzo de ojo de CABLE puede utilizarse tambi\u00e9n para estabilizar tales lazos o cintas.<\/li>\n<\/ul><\/div>\n<\/p><\/div>\n<hr style='border: 0; border-top: 1px solid rgba(150&comma; 150&comma; 150&comma; 0.3); margin: 30px 0;'> <\/div>\n","protected":false},"excerpt":{"rendered":"<p>Abrazadera tipo Nudo para Cable de 3\/8&#8243;<\/p>\n","protected":false},"featured_media":61874,"comment_status":"open","ping_status":"closed","template":"","meta":[],"product_brand":[],"product_cat":[589],"product_tag":[590,733,246],"class_list":{"0":"post-61875","1":"product","2":"type-product","3":"status-publish","4":"has-post-thumbnail","6":"product_cat-accesorios-para-torres-arriostradas","7":"product_tag-accesorios-para-torres-arriostradas","8":"product_tag-syscom-towers","9":"product_tag-torres-y-mastiles","11":"first","12":"outofstock","13":"sale","14":"shipping-taxable","15":"purchasable","16":"product-type-simple"},"_links":{"self":[{"href":"https:\/\/soydeaqui.ddns.net\/pachuca\/index.php\/wp-json\/wp\/v2\/product\/61875","targetHints":{"allow":["GET"]}}],"collection":[{"href":"https:\/\/soydeaqui.ddns.net\/pachuca\/index.php\/wp-json\/wp\/v2\/product"}],"about":[{"href":"https:\/\/soydeaqui.ddns.net\/pachuca\/index.php\/wp-json\/wp\/v2\/types\/product"}],"replies":[{"embeddable":true,"href":"https:\/\/soydeaqui.ddns.net\/pachuca\/index.php\/wp-json\/wp\/v2\/comments?post=61875"}],"wp:featuredmedia":[{"embeddable":true,"href":"https:\/\/soydeaqui.ddns.net\/pachuca\/index.php\/wp-json\/wp\/v2\/media\/61874"}],"wp:attachment":[{"href":"https:\/\/soydeaqui.ddns.net\/pachuca\/index.php\/wp-json\/wp\/v2\/media?parent=61875"}],"wp:term":[{"taxonomy":"product_brand","embeddable":true,"href":"https:\/\/soydeaqui.ddns.net\/pachuca\/index.php\/wp-json\/wp\/v2\/product_brand?post=61875"},{"taxonomy":"product_cat","embeddable":true,"href":"https:\/\/soydeaqui.ddns.net\/pachuca\/index.php\/wp-json\/wp\/v2\/product_cat?post=61875"},{"taxonomy":"product_tag","embeddable":true,"href":"https:\/\/soydeaqui.ddns.net\/pachuca\/index.php\/wp-json\/wp\/v2\/product_tag?post=61875"}],"curies":[{"name":"wp","href":"https:\/\/api.w.org\/{rel}","templated":true}]}}