{"id":6186,"date":"2026-03-18T06:40:10","date_gmt":"2026-03-18T06:40:10","guid":{"rendered":"https:\/\/soydeaqui.ddns.net\/pachuca\/index.php\/producto\/respuesta-rapida-de-alarmas-software-de-despacho-y-monitoreo-avanzado-licencia-para-estaciones\/"},"modified":"2026-03-18T06:40:10","modified_gmt":"2026-03-18T06:40:10","slug":"respuesta-rapida-de-alarmas-software-de-despacho-y-monitoreo-avanzado-licencia-para-estaciones","status":"publish","type":"product","link":"https:\/\/soydeaqui.ddns.net\/pachuca\/index.php\/producto\/respuesta-rapida-de-alarmas-software-de-despacho-y-monitoreo-avanzado-licencia-para-estaciones\/","title":{"rendered":"(RESPUESTA R\u00e1pida de Alarmas) Software de Despacho y Monitoreo Avanzado. Licencia para Estaciones."},"content":{"rendered":"<div style='width: 100%; max-width: 1200px; margin: 0 auto; font-family: sans-serif; line-height: 1.6; color: inherit; background-color: transparent;'>\n<div style='display: flex; flex-direction: column; gap: 20px;'>\n<div style='flex: 1 1 auto;'> <a style='display: inline-block; padding: 10px 20px; background-color: #007bff; color: #ffffff !important; text-decoration: none; border-radius: 4px;' href='https:\/\/www.syscom.mx\/singlepage\/security_software'>Ver Single Page<\/a> <\/div>\n<div style='flex: 1 1 auto;'>\n<p style='text-align: justify; margin: 0; padding: 0; color: inherit;'> <strong> <span style='color: inherit; font-family: Arial&comma; sans-serif;'>STW es el modelo de estaci\u00f3n de trabajo que usa la versi\u00f3n STSV2.<br \/> STW es la cantidad de usuarios conectados de forma simult\u00e1nea en el software SeCurithor.<\/span> <\/strong> <\/p>\n<\/p><\/div>\n<div style='flex: 1 1 auto;'>\n<p style='text-align: justify; margin: 0; padding: 0; color: inherit;'> La versi\u00f3n STSV2 requiere m\u00ednimo de arranque un STW. <\/p>\n<\/p><\/div>\n<div style='flex: 1 1 auto;'>\n<p style='text-align: justify; margin: 0; padding: 0; color: inherit;'> SECURITHOR es el software de MCDI para la administraci\u00f3n de centrales de monitoreo&comma; basado en la experiencia del desarrollo de SAMM y WinSAMM durante m\u00e1s de 16 a\u00f1os&comma; preparado para el futuro funciona sobre sistemas operativos como Windows 7&comma; 8&comma; 8.1&comma; 10&comma; Professional&comma; original. <\/p>\n<\/p><\/div>\n<div style='flex: 1 1 auto;'>\n<p style='text-align: justify; margin: 0; padding: 0; color: inherit;'> Para asegurar la estabilidad&comma; desempe\u00f1o y tiempo de respuesta&comma; SECURITHOR debe ser ejecutado en una PC dedicada como \u00fanica aplicaci\u00f3n en uso. MCDI no puede garantizar el desempe\u00f1o cuando los recursos son compartidos con otro software no aprobado espec\u00edficamente por MCDI. Medio ambientes virtuales o compartidos no son recomendados. <\/p>\n<\/p><\/div>\n<div style='flex: 1 1 auto;'>\n<ul style='padding-left: 20px; margin: 0; color: inherit;'>\n<li style='text-align: justify; margin-bottom: 8px; color: inherit;'> <strong><span style='color: inherit; font-family: Arial&comma; sans-serif; font-size: 14px;'>1 a\u00f1o de soporte directo por parte de los expertos en Securithor de Syscom&comma; respaldados por f\u00e1brica<\/span> MCDI.<\/strong> <\/li>\n<li style='text-align: justify; margin-bottom: 8px; color: inherit;'> La licencia STW&comma; requiere una versi\u00f3n STSV2. <\/li>\n<li style='text-align: justify; margin-bottom: 8px; color: inherit;'> Usar el modelo PC <a style='color: #007bff; text-decoration: none;' href='https:\/\/www.syscom.mx\/producto\/NUCI3-8G-512G-INTEL-202235.html'><strong>NUCI3-8G-512G<\/strong><\/a> no incluye sistema operativo&comma; recomendable instalar Windows 8&comma; 10 Pro o superior. <\/li>\n<\/ul><\/div>\n<div style='flex: 1 1 auto;'> <img style='width: 100%; height: auto; border: 1px solid rgba(150&comma;150&comma;150&comma;0.3); border-radius: 8px;' src='http:\/\/ftp3.syscom.mx\/usuarios\/yhermosillo\/MCDI\/imagenes de conexion\/stw1.jpg' alt='' \/> <\/div>\n<div style='flex: 1 1 auto;'>\n<div style='position: relative; padding-bottom: 56.25%; height: 0; overflow: hidden; margin-bottom: 30px;'>   <\/div>\n<\/p><\/div>\n<\/p><\/div>\n<\/p><\/div>\n","protected":false},"excerpt":{"rendered":"<p>(RESPUESTA R\u00e1pida de Alarmas) Software de Despacho y Monitoreo Avanzado. Licencia para Estaciones.<\/p>\n","protected":false},"featured_media":6185,"comment_status":"open","ping_status":"closed","template":"","meta":[],"product_brand":[],"product_cat":[39],"product_tag":[40,41,165,164],"class_list":{"0":"post-6186","1":"product","2":"type-product","3":"status-publish","4":"has-post-thumbnail","6":"product_cat-centrales-de-monitoreo-de-alarmas","7":"product_tag-centrales-de-monitoreo","8":"product_tag-centrales-de-monitoreo-de-alarmas","9":"product_tag-inc","10":"product_tag-mcdi-security-products","12":"first","13":"outofstock","14":"sale","15":"shipping-taxable","16":"purchasable","17":"product-type-simple"},"_links":{"self":[{"href":"https:\/\/soydeaqui.ddns.net\/pachuca\/index.php\/wp-json\/wp\/v2\/product\/6186","targetHints":{"allow":["GET"]}}],"collection":[{"href":"https:\/\/soydeaqui.ddns.net\/pachuca\/index.php\/wp-json\/wp\/v2\/product"}],"about":[{"href":"https:\/\/soydeaqui.ddns.net\/pachuca\/index.php\/wp-json\/wp\/v2\/types\/product"}],"replies":[{"embeddable":true,"href":"https:\/\/soydeaqui.ddns.net\/pachuca\/index.php\/wp-json\/wp\/v2\/comments?post=6186"}],"wp:featuredmedia":[{"embeddable":true,"href":"https:\/\/soydeaqui.ddns.net\/pachuca\/index.php\/wp-json\/wp\/v2\/media\/6185"}],"wp:attachment":[{"href":"https:\/\/soydeaqui.ddns.net\/pachuca\/index.php\/wp-json\/wp\/v2\/media?parent=6186"}],"wp:term":[{"taxonomy":"product_brand","embeddable":true,"href":"https:\/\/soydeaqui.ddns.net\/pachuca\/index.php\/wp-json\/wp\/v2\/product_brand?post=6186"},{"taxonomy":"product_cat","embeddable":true,"href":"https:\/\/soydeaqui.ddns.net\/pachuca\/index.php\/wp-json\/wp\/v2\/product_cat?post=6186"},{"taxonomy":"product_tag","embeddable":true,"href":"https:\/\/soydeaqui.ddns.net\/pachuca\/index.php\/wp-json\/wp\/v2\/product_tag?post=6186"}],"curies":[{"name":"wp","href":"https:\/\/api.w.org\/{rel}","templated":true}]}}