{"id":61844,"date":"2026-03-19T06:20:08","date_gmt":"2026-03-19T06:20:08","guid":{"rendered":"https:\/\/soydeaqui.ddns.net\/pachuca\/index.php\/producto\/microfono-bocina-de-solapa-para-radios-motorola-gp300-ep450-y-ep350-sp-50-mag-one-hyt-tc-500-518-600-610-700-620-1600-700ex\/"},"modified":"2026-03-19T06:20:15","modified_gmt":"2026-03-19T06:20:15","slug":"microfono-bocina-de-solapa-para-radios-motorola-gp300-ep450-y-ep350-sp-50-mag-one-hyt-tc-500-518-600-610-700-620-1600-700ex","status":"publish","type":"product","link":"https:\/\/soydeaqui.ddns.net\/pachuca\/index.php\/producto\/microfono-bocina-de-solapa-para-radios-motorola-gp300-ep450-y-ep350-sp-50-mag-one-hyt-tc-500-518-600-610-700-620-1600-700ex\/","title":{"rendered":"MICR\u00d3FONO \/ BOCINA DE SOLAPA PARA RADIOS MOTOROLA GP300, EP450 y EP350\/ SP-50\/ MAG ONE. HYT TC-500\/ 518\/ 600\/ 610\/ 700\/ 620\/ 1600\/ 700EX."},"content":{"rendered":"<div style='width: 100%; max-width: 1200px; margin: 0 auto; font-family: sans-serif; line-height: 1.6; color: inherit; background-color: transparent;'> <!-- Secci\u00f3n de caracter\u00edsticas principales --> <\/p>\n<div style='display: flex; flex-wrap: wrap; gap: 30px; margin-bottom: 30px;'>\n<div style='flex: 1 1 300px; min-width: 280px;'>\n<h3 style='font-size: 22px; border-bottom: 2px solid currentColor; padding-bottom: 5px; margin-top: 0; color: inherit; opacity: 0.8;'>Caracter\u00edsticas Principales<\/h3>\n<ul style='padding-left: 20px; font-size: 15px; color: inherit;'>\n<li style='margin-bottom: 5px;'>Calidad de audio superior en dise\u00f1o compacto<\/li>\n<li style='margin-bottom: 5px;'>Entrada jack 3&comma;5 mm para aud\u00edfonos est\u00e1ndar<\/li>\n<li style='margin-bottom: 5px;'>Clip rotatorio de 360 grados para mayor versatilidad<\/li>\n<li style='margin-bottom: 5px;'>Carcasa de policarbonato&comma; alta resistencia y durabilidad<\/li>\n<li style='margin-bottom: 5px;'>Compatible con radios Motorola y Kenwood VOX<\/li>\n<\/ul><\/div>\n<\/p><\/div>\n<p> <!-- Secci\u00f3n de especificaciones t\u00e9cnicas --> <\/p>\n<div style='display: flex; flex-wrap: wrap; gap: 20px; margin-bottom: 30px;'>\n<div style='flex: 1 1 250px; border: 1px solid rgba(150&comma; 150&comma; 150&comma; 0.4); border-radius: 8px; overflow: hidden; display: flex; flex-direction: column;'>\n<div style='padding: 15px; border-bottom: 1px solid rgba(150&comma; 150&comma; 150&comma; 0.2); font-weight: bold; font-size: 18px; color: inherit;'>Especificaciones T\u00e9cnicas<\/div>\n<div style='padding: 15px; color: inherit;'>\n<ul style='padding-left: 20px; margin: 0; font-size: 14px; list-style-type: disc;'>\n<li style='margin-bottom: 5px;'><strong>Tipo:<\/strong> Micr\u00f3fono bocina remoto<\/li>\n<li style='margin-bottom: 5px;'><strong>Elemento:<\/strong> Micr\u00f3fono de condensador electret de alta calidad<\/li>\n<li style='margin-bottom: 5px;'><strong>Conector:<\/strong> Simple Pin (1 &#038; 2 pin)&comma; Simple Pin con tornillo(s)&comma; Multi Pin&comma; Acoplado por apertura<\/li>\n<li style='margin-bottom: 5px;'><strong>Reducci\u00f3n de ruido:<\/strong> Micr\u00f3fono con reducci\u00f3n de ruido ambiental<\/li>\n<li style='margin-bottom: 5px;'><strong>Dise\u00f1o PTT:<\/strong> Dise\u00f1o conveniente de Push-to-Talk<\/li>\n<li style='margin-bottom: 5px;'><strong>Salida de audio:<\/strong> Altavoz de alta potencia<\/li>\n<li style='margin-bottom: 5px;'><strong>Cable:<\/strong> Cable de 10 pulgadas&comma; recubierto de poliuretano con protecci\u00f3n contra esfuerzo<\/li>\n<li style='margin-bottom: 5px;'><strong>Material:<\/strong> Carcasa de policarbonato duradero<\/li>\n<\/ul><\/div>\n<\/p><\/div>\n<p> <!-- Secci\u00f3n de compatibilidad --> <\/p>\n<div style='flex: 1 1 250px; border: 1px solid rgba(150&comma; 150&comma; 150&comma; 0.4); border-radius: 8px; overflow: hidden; display: flex; flex-direction: column;'>\n<div style='padding: 15px; border-bottom: 1px solid rgba(150&comma; 150&comma; 150&comma; 0.2); font-weight: bold; font-size: 18px; color: inherit;'>Compatibilidad<\/div>\n<div style='padding: 15px; color: inherit;'>\n<ul style='padding-left: 20px; margin: 0; font-size: 14px; list-style-type: disc;'>\n<li style='margin-bottom: 5px;'>Motorola GP300<\/li>\n<li style='margin-bottom: 5px;'>Motorola EP450<\/li>\n<li style='margin-bottom: 5px;'>Motorola EP350 \/ SP-50 \/ MAG ONE<\/li>\n<li style='margin-bottom: 5px;'>HYT TC-500 \/ TC-518 \/ TC-600 \/ TC-610 \/ TC-700 \/ TC-620 \/ TC-1600 \/ TC-700EX<\/li>\n<li style='margin-bottom: 5px;'>Compatible con VOX en radios Kenwood \u00fanicamente en modo convencional (no trunking)<\/li>\n<\/ul><\/div>\n<\/p><\/div>\n<p> <!-- Secci\u00f3n de dise\u00f1o y construcci\u00f3n --> <\/p>\n<div style='flex: 1 1 250px; border: 1px solid rgba(150&comma; 150&comma; 150&comma; 0.4); border-radius: 8px; overflow: hidden; display: flex; flex-direction: column;'>\n<div style='padding: 15px; border-bottom: 1px solid rgba(150&comma; 150&comma; 150&comma; 0.2); font-weight: bold; font-size: 18px; color: inherit;'>Dise\u00f1o y Construcci\u00f3n<\/div>\n<div style='padding: 15px; color: inherit;'>\n<ul style='padding-left: 20px; margin: 0; font-size: 14px; list-style-type: disc;'>\n<li style='margin-bottom: 5px;'>Dise\u00f1o compacto y liviano<\/li>\n<li style='margin-bottom: 5px;'>Clip de metal reforzado con rotaci\u00f3n de 360\u00b0<\/li>\n<li style='margin-bottom: 5px;'>Cable enrollado de uso rudo<\/li>\n<li style='margin-bottom: 5px;'>Carcasa de policarbonato para larga durabilidad<\/li>\n<li style='margin-bottom: 5px;'>Cable flexible con funda de poliuretano<\/li>\n<\/ul><\/div>\n<\/p><\/div>\n<\/p><\/div>\n<p> <!-- Separador --> <\/p>\n<hr style='border: 0; border-top: 1px solid rgba(150&comma; 150&comma; 150&comma; 0.3); margin: 30px 0;'> <\/div>\n","protected":false},"excerpt":{"rendered":"<p>MICR\u00d3FONO \/ BOCINA DE SOLAPA PARA RADIOS MOTOROLA GP300, EP450 y EP350\/ SP-50\/ MAG ONE. HYT TC-500\/ 518\/ 600\/ 610\/ 700\/ 620\/ 1600\/ 700EX.<\/p>\n","protected":false},"featured_media":61843,"comment_status":"open","ping_status":"closed","template":"","meta":[],"product_brand":[],"product_cat":[1786],"product_tag":[1583,1568,1730],"class_list":{"0":"post-61844","1":"product","2":"type-product","3":"status-publish","4":"has-post-thumbnail","6":"product_cat-microfono-bocina-accesorios-para-hytera-hyt","7":"product_tag-accesorios-para-hytera-hyt","8":"product_tag-microfono-bocina","9":"product_tag-pryme","11":"first","12":"instock","13":"sale","14":"shipping-taxable","15":"purchasable","16":"product-type-simple"},"_links":{"self":[{"href":"https:\/\/soydeaqui.ddns.net\/pachuca\/index.php\/wp-json\/wp\/v2\/product\/61844","targetHints":{"allow":["GET"]}}],"collection":[{"href":"https:\/\/soydeaqui.ddns.net\/pachuca\/index.php\/wp-json\/wp\/v2\/product"}],"about":[{"href":"https:\/\/soydeaqui.ddns.net\/pachuca\/index.php\/wp-json\/wp\/v2\/types\/product"}],"replies":[{"embeddable":true,"href":"https:\/\/soydeaqui.ddns.net\/pachuca\/index.php\/wp-json\/wp\/v2\/comments?post=61844"}],"wp:featuredmedia":[{"embeddable":true,"href":"https:\/\/soydeaqui.ddns.net\/pachuca\/index.php\/wp-json\/wp\/v2\/media\/61843"}],"wp:attachment":[{"href":"https:\/\/soydeaqui.ddns.net\/pachuca\/index.php\/wp-json\/wp\/v2\/media?parent=61844"}],"wp:term":[{"taxonomy":"product_brand","embeddable":true,"href":"https:\/\/soydeaqui.ddns.net\/pachuca\/index.php\/wp-json\/wp\/v2\/product_brand?post=61844"},{"taxonomy":"product_cat","embeddable":true,"href":"https:\/\/soydeaqui.ddns.net\/pachuca\/index.php\/wp-json\/wp\/v2\/product_cat?post=61844"},{"taxonomy":"product_tag","embeddable":true,"href":"https:\/\/soydeaqui.ddns.net\/pachuca\/index.php\/wp-json\/wp\/v2\/product_tag?post=61844"}],"curies":[{"name":"wp","href":"https:\/\/api.w.org\/{rel}","templated":true}]}}