{"id":6184,"date":"2026-03-18T06:40:08","date_gmt":"2026-03-18T06:40:08","guid":{"rendered":"https:\/\/soydeaqui.ddns.net\/pachuca\/index.php\/producto\/licencia-modulo-herramienta-de-supervision-movil-para-su-central-de-alarmas-y-software-securithor-v2-ideal-para-supervisores-gerentes-etc-de-la-central-de-monitoreo-de-alarmas\/"},"modified":"2026-03-18T06:40:09","modified_gmt":"2026-03-18T06:40:09","slug":"licencia-modulo-herramienta-de-supervision-movil-para-su-central-de-alarmas-y-software-securithor-v2-ideal-para-supervisores-gerentes-etc-de-la-central-de-monitoreo-de-alarmas","status":"publish","type":"product","link":"https:\/\/soydeaqui.ddns.net\/pachuca\/index.php\/producto\/licencia-modulo-herramienta-de-supervision-movil-para-su-central-de-alarmas-y-software-securithor-v2-ideal-para-supervisores-gerentes-etc-de-la-central-de-monitoreo-de-alarmas\/","title":{"rendered":"Licencia, Modulo, Herramienta de supervisi\u00f3n m\u00f3vil para su central de alarmas y software Securithor V2. Ideal para supervisores, gerentes, etc de la central de monitoreo de alarmas."},"content":{"rendered":"<div style='width: 100%; max-width: 1200px; margin: 0 auto; font-family: sans-serif; line-height: 1.6; color: inherit; background-color: transparent;'>\n<div style='display: flex; flex-wrap: wrap; gap: 30px; margin-bottom: 30px;'>\n<div style='flex: 1 1 300px; min-width: 280px;'>\n<p style='margin-bottom: 15px; font-size: 15px; color: inherit;'> <a style='display: inline-block; padding: 10px 20px; background-color: #007bff; color: white; text-decoration: none; border-radius: 4px;' href='https:\/\/www.syscom.mx\/singlepage\/security_software'>Ver Single Page<\/a> <\/p>\n<p style='margin-bottom: 15px; font-size: 15px; color: inherit;'> El STM es el m\u00f3dulo de SECURITHOR que le permite tener acceso a informaci\u00f3n importante de su central en todo momento a trav\u00e9s de cualquier navegador o dispositivo m\u00f3vil con conexi\u00f3n a internet. <\/p>\n<p style='margin-bottom: 15px; font-size: 15px; color: inherit;'> STM le permite verificar si hay un operador conectado as\u00ed como los \u00faltimos 100 eventos recibidos en su central y un top de los eventos m\u00e1s recibidos. Esta conveniente herramienta tambi\u00e9n le permite verificar el estado del env\u00edo de correos de SECURITHOR. <\/p>\n<ul style='padding-left: 20px; margin-bottom: 30px; font-size: 15px; color: inherit;'>\n<li style='margin-bottom: 5px;'><strong>Al momento de solicitar el modulo es necesario proporcionar el numero de serie de su Securithor.<\/strong><\/li>\n<\/ul><\/div>\n<\/p><\/div>\n<div style='display: flex; flex-wrap: wrap; gap: 30px; margin-bottom: 30px;'>\n<div style='flex: 1 1 300px; min-width: 280px;'>\n<h3 style='font-size: 22px; border-bottom: 2px solid currentColor; padding-bottom: 5px; margin-top: 0; color: inherit; opacity: 0.8;'>Video Software Securithor<\/h3>\n<div style='position: relative; padding-bottom: 56.25%; height: 0; overflow: hidden; margin-bottom: 30px;'>   <\/div>\n<\/p><\/div>\n<div style='flex: 1 1 300px; min-width: 280px;'>\n<h3 style='font-size: 22px; border-bottom: 2px solid currentColor; padding-bottom: 5px; margin-top: 0; color: inherit; opacity: 0.8;'>Interfaz web modulo STM (ej.)<\/h3>\n<p> <img style='width: 100%; height: auto; border: 1px solid rgba(150&comma;150&comma;150&comma;0.3); border-radius: 8px;' src='http:\/\/ftp3.syscom.mx\/usuarios\/yhermosillo\/MCDI\/imagenes%20de%20conexion\/stm1.jpg' alt=''> <\/div>\n<\/p><\/div>\n<\/p><\/div>\n","protected":false},"excerpt":{"rendered":"<p>Licencia, Modulo, Herramienta de supervisi\u00f3n m\u00f3vil para su central de alarmas y software Securithor V2. Ideal para supervisores, gerentes, etc de la central de monitoreo de alarmas.<\/p>\n","protected":false},"featured_media":6183,"comment_status":"open","ping_status":"closed","template":"","meta":[],"product_brand":[],"product_cat":[476],"product_tag":[40,165,164,477],"class_list":{"0":"post-6184","1":"product","2":"type-product","3":"status-publish","4":"has-post-thumbnail","6":"product_cat-softwares-de-administracion-mcdi","7":"product_tag-centrales-de-monitoreo","8":"product_tag-inc","9":"product_tag-mcdi-security-products","10":"product_tag-softwares-de-administracion-mcdi","12":"first","13":"outofstock","14":"sale","15":"shipping-taxable","16":"purchasable","17":"product-type-simple"},"_links":{"self":[{"href":"https:\/\/soydeaqui.ddns.net\/pachuca\/index.php\/wp-json\/wp\/v2\/product\/6184","targetHints":{"allow":["GET"]}}],"collection":[{"href":"https:\/\/soydeaqui.ddns.net\/pachuca\/index.php\/wp-json\/wp\/v2\/product"}],"about":[{"href":"https:\/\/soydeaqui.ddns.net\/pachuca\/index.php\/wp-json\/wp\/v2\/types\/product"}],"replies":[{"embeddable":true,"href":"https:\/\/soydeaqui.ddns.net\/pachuca\/index.php\/wp-json\/wp\/v2\/comments?post=6184"}],"wp:featuredmedia":[{"embeddable":true,"href":"https:\/\/soydeaqui.ddns.net\/pachuca\/index.php\/wp-json\/wp\/v2\/media\/6183"}],"wp:attachment":[{"href":"https:\/\/soydeaqui.ddns.net\/pachuca\/index.php\/wp-json\/wp\/v2\/media?parent=6184"}],"wp:term":[{"taxonomy":"product_brand","embeddable":true,"href":"https:\/\/soydeaqui.ddns.net\/pachuca\/index.php\/wp-json\/wp\/v2\/product_brand?post=6184"},{"taxonomy":"product_cat","embeddable":true,"href":"https:\/\/soydeaqui.ddns.net\/pachuca\/index.php\/wp-json\/wp\/v2\/product_cat?post=6184"},{"taxonomy":"product_tag","embeddable":true,"href":"https:\/\/soydeaqui.ddns.net\/pachuca\/index.php\/wp-json\/wp\/v2\/product_tag?post=6184"}],"curies":[{"name":"wp","href":"https:\/\/api.w.org\/{rel}","templated":true}]}}