{"id":61810,"date":"2026-03-19T06:19:05","date_gmt":"2026-03-19T06:19:05","guid":{"rendered":"https:\/\/soydeaqui.ddns.net\/pachuca\/index.php\/producto\/amplificador-de-senal-celular-enterprise-4300-para-montaje-en-rack-mejora-la-senal-celular-de-multiples-operadores-puede-cubrir-areas-de-hasta-4800-metros-cuadrados\/"},"modified":"2026-03-19T06:19:10","modified_gmt":"2026-03-19T06:19:10","slug":"amplificador-de-senal-celular-enterprise-4300-para-montaje-en-rack-mejora-la-senal-celular-de-multiples-operadores-puede-cubrir-areas-de-hasta-4800-metros-cuadrados","status":"publish","type":"product","link":"https:\/\/soydeaqui.ddns.net\/pachuca\/index.php\/producto\/amplificador-de-senal-celular-enterprise-4300-para-montaje-en-rack-mejora-la-senal-celular-de-multiples-operadores-puede-cubrir-areas-de-hasta-4800-metros-cuadrados\/","title":{"rendered":"Amplificador de Se\u00f1al Celular, ENTERPRISE 4300\/ Para Montaje en RACK\/ Mejora la Se\u00f1al Celular de M\u00faltiples Operadores\/ Puede cubrir \u00e1reas de hasta 4800 metros cuadrados."},"content":{"rendered":"<div style='width: 100%; max-width: 1200px; margin: 0 auto; font-family: sans-serif; line-height: 1.6; color: inherit; background-color: transparent;'>\n<div style='display: flex; flex-direction: column; align-items: center; margin-bottom: 30px;'> <img style='width: 100%; height: auto; border: 1px solid rgba(150&comma;150&comma;150&comma;0.3); border-radius: 8px;' src='http:\/\/ftp3.syscom.mx\/usuarios\/sapodaca\/Amplificadores\/BANNER-WILSONPRO.jpg' alt='Banner WilsonPro'> <\/div>\n<div style='display: flex; flex-wrap: wrap; gap: 30px; margin-bottom: 30px;'>\n<div style='flex: 1 1 300px; min-width: 280px;'>\n<h3 style='font-size: 22px; border-bottom: 2px solid currentColor; padding-bottom: 5px; margin-top: 0; color: inherit; opacity: 0.8;'>Caracter\u00edsticas Principales<\/h3>\n<ul style='padding-left: 20px; font-size: 15px; color: inherit;'>\n<li style='margin-bottom: 5px;'>El WilsonPro Enterprise 4300 utiliza tecnolog\u00eda de orientaci\u00f3n de m\u00faltiples torres<\/li>\n<li style='margin-bottom: 5px;'>Permite hasta tres antenas exteriores dedicadas a bandas espec\u00edficas<\/li>\n<li style='margin-bottom: 5px;'>Modo com\u00fan disponible con una sola antena exterior<\/li>\n<li style='margin-bottom: 5px;'>Conexi\u00f3n a la nube WilsonPro para gesti\u00f3n remota (solo EEUU y Canad\u00e1)<\/li>\n<li style='margin-bottom: 5px;'>Hasta 26 dBm en enlace ascendente y 17 dBm en enlace descendente<\/li>\n<li style='margin-bottom: 5px;'>Cuatro puertos de antena interior con hasta 17 dBm de potencia<\/li>\n<li style='margin-bottom: 5px;'>Dise\u00f1o para montaje en pared o bastidor (Enterprise 4300R)<\/li>\n<li style='margin-bottom: 5px;'>Cobertura de hasta 1200 metros cuadrados por puerto<\/li>\n<\/ul><\/div>\n<div style='flex: 1 1 300px; min-width: 280px;'>\n<h3 style='font-size: 22px; border-bottom: 2px solid currentColor; padding-bottom: 5px; margin-top: 0; color: inherit; opacity: 0.8;'>Incluye<\/h3>\n<ul style='padding-left: 20px; font-size: 15px; color: inherit;'>\n<li style='margin-bottom: 5px;'>Amplificador<\/li>\n<li style='margin-bottom: 5px;'>Cable de alimentaci\u00f3n<\/li>\n<\/ul>\n<h3 style='font-size: 22px; border-bottom: 2px solid currentColor; padding-bottom: 5px; margin-top: 25px; color: inherit; opacity: 0.8;'>Notas Importantes<\/h3>\n<ul style='padding-left: 20px; font-size: 15px; color: inherit;'>\n<li style='margin-bottom: 5px;'>Instale el kit seg\u00fan el manual de usuario<\/li>\n<li style='margin-bottom: 5px;'>Use el kit para su prop\u00f3sito designado<\/li>\n<li style='margin-bottom: 5px;'>Consulte a ingenier\u00eda de Radiocomunicaci\u00f3n si tiene dudas<\/li>\n<li style='margin-bottom: 5px;'>Una mala instalaci\u00f3n puede causar interferencia<\/li>\n<\/ul><\/div>\n<\/p><\/div>\n<div style='display: flex; flex-wrap: wrap; gap: 20px; margin-bottom: 30px;'>\n<div style='flex: 1 1 250px; border: 1px solid rgba(150&comma; 150&comma; 150&comma; 0.4); border-radius: 8px; overflow: hidden; display: flex; flex-direction: column;'>\n<div style='padding: 15px; border-bottom: 1px solid rgba(150&comma; 150&comma; 150&comma; 0.2); font-weight: bold; font-size: 18px; color: inherit;'>Especificaciones<\/div>\n<div style='padding: 15px; color: inherit;'>\n<ul style='padding-left: 20px; margin: 0; font-size: 14px; list-style-type: disc;'>\n<li style='margin-bottom: 5px;'><strong>Modelo:<\/strong> 461053<\/li>\n<li style='margin-bottom: 5px;'><strong>Conectores:<\/strong> N-Female<\/li>\n<li style='margin-bottom: 5px;'><strong>Dimensiones:<\/strong> 19 x 12 x 2.5 in<\/li>\n<li style='margin-bottom: 5px;'><strong>Impedancia:<\/strong> 50 Ohm<\/li>\n<li style='margin-bottom: 5px;'><strong>Max Ganancia:<\/strong> 70 dB<\/li>\n<li style='margin-bottom: 5px;'><strong>Alimentaci\u00f3n:<\/strong> 110 &#8211; 240 V ca&comma; 50 &#8211; 60 Hz&comma; 30 W<\/li>\n<li style='margin-bottom: 5px;'><strong>Peso:<\/strong> 6.50 kg<\/li>\n<\/ul><\/div>\n<\/p><\/div>\n<div style='flex: 1 1 250px; border: 1px solid rgba(150&comma; 150&comma; 150&comma; 0.4); border-radius: 8px; overflow: hidden; display: flex; flex-direction: column;'>\n<div style='padding: 15px; border-bottom: 1px solid rgba(150&comma; 150&comma; 150&comma; 0.2); font-weight: bold; font-size: 18px; color: inherit;'>Frecuencias<\/div>\n<div style='padding: 15px; color: inherit;'>\n<ul style='padding-left: 20px; margin: 0; font-size: 14px; list-style-type: disc;'>\n<li style='margin-bottom: 5px;'>Band 25 1900 MHz<\/li>\n<li style='margin-bottom: 5px;'>Band 4 1700\/2100 MHz<\/li>\n<li style='margin-bottom: 5px;'>Band 13 700 MHz<\/li>\n<li style='margin-bottom: 5px;'>Band 5 850 MHz<\/li>\n<li style='margin-bottom: 5px;'>Band 12\/17 700 MHz<\/li>\n<\/ul><\/div>\n<\/p><\/div>\n<div style='flex: 1 1 250px; border: 1px solid rgba(150&comma; 150&comma; 150&comma; 0.4); border-radius: 8px; overflow: hidden; display: flex; flex-direction: column;'>\n<div style='padding: 15px; border-bottom: 1px solid rgba(150&comma; 150&comma; 150&comma; 0.2); font-weight: bold; font-size: 18px; color: inherit;'>Informaci\u00f3n Adicional<\/div>\n<div style='padding: 15px; color: inherit;'>\n<p style='margin-bottom: 15px;'>Nota: Algunas funciones de WilsonPro Cloud no est\u00e1n disponibles para LATAM.<\/p>\n<p style='margin-bottom: 0;'><strong>La potencia del amplificador es gracias a la se\u00f1al que le entra.<\/strong><\/p>\n<\/p><\/div>\n<\/p><\/div>\n<\/p><\/div>\n<div style='margin-bottom: 30px;'> <img style='width: 100%; height: auto; border: 1px solid rgba(150&comma;150&comma;150&comma;0.3); border-radius: 8px;' src='https:\/\/ftp3.syscom.mx\/usuarios\/amarquez\/AdSC\/Fotos%20y%20diagramas%20para%20AdSC\/Tabla%20para%20determinar%20cobertura%20estimada..png' alt='Tabla de cobertura'> <\/div>\n<hr style='border: 0; border-top: 1px solid rgba(150&comma; 150&comma; 150&comma; 0.3); margin: 30px 0;'> <\/div>\n","protected":false},"excerpt":{"rendered":"<p>Amplificador de Se\u00f1al Celular, ENTERPRISE 4300\/ Para Montaje en RACK\/ Mejora la Se\u00f1al Celular de M\u00faltiples Operadores\/ Puede cubrir \u00e1reas de hasta 4800 metros cuadrados.<\/p>\n","protected":false},"featured_media":61809,"comment_status":"open","ping_status":"closed","template":"","meta":[],"product_brand":[],"product_cat":[1570,1552],"product_tag":[1535,1571,1553,1525],"class_list":{"0":"post-61810","1":"product","2":"type-product","3":"status-publish","4":"has-post-thumbnail","6":"product_cat-amplificadores-de-senal-celular-adsc","7":"product_cat-cobertura-para-celular-4g-lte","8":"product_tag-3g-y-voz","9":"product_tag-amplificadores-de-senal-celular-adsc","10":"product_tag-cobertura-para-celular-4g-lte","11":"product_tag-wilsonpro-weboost","13":"first","14":"outofstock","15":"sale","16":"shipping-taxable","17":"purchasable","18":"product-type-simple"},"_links":{"self":[{"href":"https:\/\/soydeaqui.ddns.net\/pachuca\/index.php\/wp-json\/wp\/v2\/product\/61810","targetHints":{"allow":["GET"]}}],"collection":[{"href":"https:\/\/soydeaqui.ddns.net\/pachuca\/index.php\/wp-json\/wp\/v2\/product"}],"about":[{"href":"https:\/\/soydeaqui.ddns.net\/pachuca\/index.php\/wp-json\/wp\/v2\/types\/product"}],"replies":[{"embeddable":true,"href":"https:\/\/soydeaqui.ddns.net\/pachuca\/index.php\/wp-json\/wp\/v2\/comments?post=61810"}],"wp:featuredmedia":[{"embeddable":true,"href":"https:\/\/soydeaqui.ddns.net\/pachuca\/index.php\/wp-json\/wp\/v2\/media\/61809"}],"wp:attachment":[{"href":"https:\/\/soydeaqui.ddns.net\/pachuca\/index.php\/wp-json\/wp\/v2\/media?parent=61810"}],"wp:term":[{"taxonomy":"product_brand","embeddable":true,"href":"https:\/\/soydeaqui.ddns.net\/pachuca\/index.php\/wp-json\/wp\/v2\/product_brand?post=61810"},{"taxonomy":"product_cat","embeddable":true,"href":"https:\/\/soydeaqui.ddns.net\/pachuca\/index.php\/wp-json\/wp\/v2\/product_cat?post=61810"},{"taxonomy":"product_tag","embeddable":true,"href":"https:\/\/soydeaqui.ddns.net\/pachuca\/index.php\/wp-json\/wp\/v2\/product_tag?post=61810"}],"curies":[{"name":"wp","href":"https:\/\/api.w.org\/{rel}","templated":true}]}}