{"id":61799,"date":"2026-03-19T06:18:40","date_gmt":"2026-03-19T06:18:40","guid":{"rendered":"https:\/\/soydeaqui.ddns.net\/pachuca\/index.php\/producto\/grabador-nexlog-exp-series-incluye-4-canales-analogicos-graba-audio-de-radios-telefonos-microfonos\/"},"modified":"2026-03-19T06:18:41","modified_gmt":"2026-03-19T06:18:41","slug":"grabador-nexlog-exp-series-incluye-4-canales-analogicos-graba-audio-de-radios-telefonos-microfonos","status":"publish","type":"product","link":"https:\/\/soydeaqui.ddns.net\/pachuca\/index.php\/producto\/grabador-nexlog-exp-series-incluye-4-canales-analogicos-graba-audio-de-radios-telefonos-microfonos\/","title":{"rendered":"Grabador NexLog EXP-Series, Incluye 4 canales Anal\u00f3gicos, Graba audio de Radios, Tel\u00e9fonos, Micr\u00f3fonos"},"content":{"rendered":"<div style='width: 100%; max-width: 1200px; margin: 0 auto; font-family: sans-serif; line-height: 1.6; color: inherit; background-color: transparent;'> <!-- T\u00edtulos principales --> <\/p>\n<div style='text-align: center; margin-bottom: 30px;'>\n<h1 style='margin: 0; font-weight: 600; font-size: 24px; color: inherit; border-bottom: 2px solid currentColor; padding-bottom: 10px; display: inline-block; width: 100%; max-width: 800px;'> Grabador NexLog EXP-Series <\/h1>\n<h3 style='margin: 15px 0 0 0; font-size: 18px; color: inherit; opacity: 0.8;'> Soluci\u00f3n de grabaci\u00f3n y reproducci\u00f3n para m\u00e1ximo 8 entradas de audio <\/h3>\n<\/p><\/div>\n<p> <!-- Descripci\u00f3n general --> <\/p>\n<div style='margin-bottom: 30px;'>\n<p style='font-size: 16px; color: inherit; opacity: 0.85; text-align: center; max-width: 800px; margin: 0 auto;'> La grabadora NexLog EXP-Series es la soluci\u00f3n ideal para capturar y almacenar audio de tel\u00e9fono&comma; radio o intercomunicador (y metadatos disponibles) en organizaciones que necesitan grabar 8 entradas de audio o menos. Esta grabadora es ideal para polic\u00edas&comma; bomberos&comma; escuelas&comma; colegios&comma; universidades&comma; hospitales y fabricantes locales que tienen requisitos de grabaci\u00f3n cr\u00edticos. <\/p>\n<\/p><\/div>\n<p> <!-- Im\u00e1genes --> <\/p>\n<div style='display: flex; flex-wrap: wrap; gap: 20px; justify-content: center; margin-bottom: 30px;'> <img style='width: 100%; max-width: 768px; height: auto; border: 1px solid rgba(150&comma;150&comma;150&comma;0.3); border-radius: 8px;' src='https:\/\/ftp3.syscom.mx\/usuarios\/jrubio\/Eventide\/EXPRESS-LOGO-FINAL-25May2020-1-768x160.png' alt='Logo NexLog EXP-Series'> <img style='width: 100%; max-width: 1024px; height: auto; border: 1px solid rgba(150&comma;150&comma;150&comma;0.3); border-radius: 8px;' src='https:\/\/ftp3.syscom.mx\/usuarios\/jrubio\/Eventide\/NexLog-EXP-Front-Angled-50percent-1024x220.png' alt='Vista frontal del grabador'> <\/div>\n<p> <!-- Secci\u00f3n de acceso basado en navegador --> <\/p>\n<div style='margin-bottom: 30px;'>\n<h3 style='font-size: 20px; border-bottom: 2px solid currentColor; padding-bottom: 5px; margin-top: 0; color: inherit; opacity: 0.8;'> Acceso de usuario simple basado en navegador <\/h3>\n<p style='font-size: 15px; color: inherit; margin-top: 15px;'> La grabadora NexLog EXP-Series admite el acceso de usuarios desde cualquier navegador compatible con HTML5 con conectividad de red a la direcci\u00f3n IP o URL de la grabadora. La grabadora NexLog EXP-Series incluye el software MediaWorks-EXP de Eventide (que se muestra a continuaci\u00f3n) para una b\u00fasqueda&comma; reproducci\u00f3n y exportaci\u00f3n de grabaciones altamente intuitivas. <\/p>\n<\/p><\/div>\n<p> <!-- Imagen de interfaz --> <\/p>\n<div style='margin-bottom: 30px; text-align: center;'> <img style='width: 100%; max-width: 1024px; height: auto; border: 1px solid rgba(150&comma;150&comma;150&comma;0.3); border-radius: 8px;' src='https:\/\/ftp3.syscom.mx\/usuarios\/jrubio\/Eventide\/EXP-Basic-Interface-GUI-20April2021-Final-1024x501.png' alt='Interfaz MediaWorks-EXP'> <\/div>\n<p> <!-- Secci\u00f3n de herramientas de reproducci\u00f3n --> <\/p>\n<div style='margin-bottom: 30px;'>\n<h3 style='font-size: 20px; border-bottom: 2px solid currentColor; padding-bottom: 5px; margin-top: 0; color: inherit; opacity: 0.8;'> Conjunto mejorado de herramientas de reproducci\u00f3n disponible <\/h3>\n<p style='font-size: 15px; color: inherit; margin-top: 15px;'> Actualice a la versi\u00f3n mejorada de MediaWorks opcional y obtenga un conjunto completo de herramientas de reproducci\u00f3n&comma; que incluyen anotaciones de texto\/voz&comma; redacci\u00f3n de audio&comma; gesti\u00f3n de incidentes&comma; siete formas de compartir grabaciones&comma; b\u00fasqueda de metadatos y m\u00e1s. Agregue la opci\u00f3n de software MediaWorks Mobile opcional para acceder a las grabaciones mediante tel\u00e9fonos inteligentes. <\/p>\n<\/p><\/div>\n<p> <!-- Secci\u00f3n de compatibilidad --> <\/p>\n<div style='margin-bottom: 30px;'>\n<h3 style='font-size: 20px; border-bottom: 2px solid currentColor; padding-bottom: 5px; margin-top: 0; color: inherit; opacity: 0.8;'> Compatibilidad <\/h3>\n<p style='font-size: 15px; color: inherit; margin-top: 15px;'> La grabadora NexLog EXP-Series est\u00e1 dise\u00f1ada para grabar entradas telef\u00f3nicas anal\u00f3gicas&comma; digitales PBX y\/o VoIP de sistemas telef\u00f3nicos. La grabadora NexLog EXP-Series tambi\u00e9n admite la grabaci\u00f3n de consolas de radio seleccionadas&comma; sistemas de radio DMR y NXDN basados en IP y sistemas de intercomunicaci\u00f3n basados en SIP. <\/p>\n<p> <!-- Tabla de compatibilidad --> <\/p>\n<div style='margin-top: 20px; overflow-x: auto;'>\n<table style='width: 100%; border-collapse: collapse; margin-top: 15px;'>\n<tr style='background-color: rgba(150&comma;150&comma;150&comma;0.05);'>\n<td style='padding: 12px; border: 1px solid rgba(150&comma;150&comma;150&comma;0.3); font-weight: bold; min-width: 200px;'> Protocolos VoIP compatibles: <\/td>\n<td style='padding: 12px; border: 1px solid rgba(150&comma;150&comma;150&comma;0.3);'> SPAN pasivo de SIP&comma; H.323 o Cisco SCCP. Grabaci\u00f3n activa de punto final SIP&comma; Cisco Built-in-Bridge o Mitel SRC <\/td>\n<\/tr>\n<tr style='background-color: rgba(150&comma;150&comma;150&comma;0.05);'>\n<td style='padding: 12px; border: 1px solid rgba(150&comma;150&comma;150&comma;0.3); font-weight: bold; min-width: 200px;'> Sistemas de radio basados en IP compatibles: <\/td>\n<td style='padding: 12px; border: 1px solid rgba(150&comma;150&comma;150&comma;0.3);'> Sistemas sin controlador MotoTRBO de Motorola Solutions&comma; Tait DMR Tier 2&comma; Tait DMR Tier 3&comma; Kenwood NexEdge (NXDN) troncalizado <\/td>\n<\/tr>\n<tr style='background-color: rgba(150&comma;150&comma;150&comma;0.05);'>\n<td style='padding: 12px; border: 1px solid rgba(150&comma;150&comma;150&comma;0.3); font-weight: bold; min-width: 200px;'> Consolas de radio IP compatibles: <\/td>\n<td style='padding: 12px; border: 1px solid rgba(150&comma;150&comma;150&comma;0.3);'> Max Dsiptach Zetron&comma; Telex&comma; SmartPTT&comma; RadioPRO&comma; m\u00e1s (p\u00f3ngase en contacto con Eventide) <\/td>\n<\/tr>\n<\/table><\/div>\n<\/p><\/div>\n<p> <!-- Secci\u00f3n de seguridad y confiabilidad --> <\/p>\n<div style='margin-bottom: 30px;'>\n<h3 style='font-size: 20px; border-bottom: 2px solid currentColor; padding-bottom: 5px; margin-top: 0; color: inherit; opacity: 0.8;'> Seguridad y confiabilidad <\/h3>\n<p style='font-size: 15px; color: inherit; margin-top: 15px;'> La grabadora NexLog EXP-Series viene con seguridad basada en roles y la confiabilidad de Linux por la que Eventide es bien conocido&comma; lo que garantiza que las grabaciones estar\u00e1n disponibles cuando las necesite. <\/p>\n<\/p><\/div>\n<p> <!-- Secci\u00f3n de perfil de hardware\/software --> <\/p>\n<div style='margin-bottom: 30px;'>\n<h3 style='font-size: 20px; border-bottom: 2px solid currentColor; padding-bottom: 5px; margin-top: 0; color: inherit; opacity: 0.8;'> Perfil de hardware \/ software <\/h3>\n<p style='font-size: 15px; color: inherit; margin-top: 15px;'> Dispositivo aut\u00f3nomo de montaje en bastidor de 1U basado en Linux con SSD dobles (duplicidad RAID1) para la integridad del almacenamiento. Basado en el software de grabaci\u00f3n empresarial altamente confiable NexLog de Eventide. <\/p>\n<\/p><\/div>\n<p> <!-- Secci\u00f3n de suscripci\u00f3n de actualizaci\u00f3n --> <\/p>\n<div style='margin-bottom: 30px;'>\n<h3 style='font-size: 20px; border-bottom: 2px solid currentColor; padding-bottom: 5px; margin-top: 0; color: inherit; opacity: 0.8;'> Suscripci\u00f3n de actualizaci\u00f3n de software (EXPSUS) <\/h3>\n<p style='font-size: 15px; color: inherit; margin-top: 15px;'> El primer per\u00edodo de 12 meses de cobertura EXPSUS se incluye con la compra de una grabadora NexLog EXP-Series. Adquiera per\u00edodos adicionales de 12 meses de cobertura DXSUS para obtener seguridad&comma; confiabilidad y compatibilidad continuas y garantizadas. <\/p>\n<\/p><\/div>\n<p> <!-- Secci\u00f3n de gesti\u00f3n y seguimiento --> <\/p>\n<div style='margin-bottom: 30px;'>\n<h3 style='font-size: 20px; border-bottom: 2px solid currentColor; padding-bottom: 5px; margin-top: 0; color: inherit; opacity: 0.8;'> Gesti\u00f3n y seguimiento <\/h3>\n<p style='font-size: 15px; color: inherit; margin-top: 15px;'> Cada registrador NexLog EXP-Series viene de serie con una interfaz de usuario basada en web para configuraci\u00f3n&comma; administraci\u00f3n y monitoreo del sistema. <\/p>\n<\/p><\/div>\n<p> <!-- Secci\u00f3n de archivado autom\u00e1tico --> <\/p>\n<div style='margin-bottom: 30px;'>\n<h3 style='font-size: 20px; border-bottom: 2px solid currentColor; padding-bottom: 5px; margin-top: 0; color: inherit; opacity: 0.8;'> Archivado autom\u00e1tico <\/h3>\n<p style='font-size: 15px; color: inherit; margin-top: 15px;'> Cada grabadora NexLog EXP-Series incluye una licencia de archivo para transferir continuamente grabaciones a una unidad de disco duro USB externa o una unidad de memoria USB&comma; oa un dispositivo de almacenamiento conectado a la red (NAS). <\/p>\n<\/p><\/div>\n<p> <!-- Secci\u00f3n de configuraciones de canales --> <\/p>\n<div style='margin-bottom: 30px;'>\n<h3 style='font-size: 20px; border-bottom: 2px solid currentColor; padding-bottom: 5px; margin-top: 0; color: inherit; opacity: 0.8;'> Configuraciones de canales de grabaci\u00f3n <\/h3>\n<p style='font-size: 15px; color: inherit; margin-top: 15px;'> Hasta 8 canales de grabaci\u00f3n en total. <\/p>\n<ul style='font-size: 15px; color: inherit; margin-top: 10px; padding-left: 20px;'>\n<li style='margin-bottom: 5px;'><strong>Opciones:<\/strong> Todos los canales anal\u00f3gicos<\/li>\n<li style='margin-bottom: 5px;'><strong>Opciones:<\/strong> Todos los canales PBX digitales<\/li>\n<li style='margin-bottom: 5px;'><strong>Opciones:<\/strong> Todos los canales VoIP<\/li>\n<li style='margin-bottom: 5px;'><strong>Opciones:<\/strong> Combinaci\u00f3n de canales anal\u00f3gicos + VoIP<\/li>\n<li style='margin-bottom: 5px;'><strong>Opciones:<\/strong> Combinaci\u00f3n de canales PBX digitales + VoIP<\/li>\n<\/ul><\/div>\n<p> <!-- Secci\u00f3n de especificaciones --> <\/p>\n<div style='margin-bottom: 30px;'>\n<h3 style='font-size: 20px; border-bottom: 2px solid currentColor; padding-bottom: 5px; margin-top: 0; color: inherit; opacity: 0.8;'> Especificaciones <\/h3>\n<div style='display: flex; flex-wrap: wrap; gap: 20px; margin-top: 20px;'>\n<div style='flex: 1 1 300px; min-width: 280px;'>\n<ul style='font-size: 15px; color: inherit; padding-left: 20px;'>\n<li style='margin-bottom: 8px;'><strong>Tama\u00f1o:<\/strong> Gabinete de 1U de poca profundidad; montable en rack o estante<\/li>\n<li style='margin-bottom: 8px;'><strong>Dimensiones:<\/strong> 14&comma;5&#8242; (profundidad) x 19&#8242; (ancho) x 1&comma;75&#8242; (altura)<\/li>\n<li style='margin-bottom: 8px;'><strong>Expansi\u00f3n:<\/strong> 1 ranura de expansi\u00f3n PCIe para placa de interfaz de grabaci\u00f3n PBX anal\u00f3gica o digital opcional<\/li>\n<\/ul><\/div>\n<div style='flex: 1 1 300px; min-width: 280px;'>\n<ul style='font-size: 15px; color: inherit; padding-left: 20px;'>\n<li style='margin-bottom: 8px;'><strong>Procesador:<\/strong> CPU Intel de 4 n\u00facleos<\/li>\n<li style='margin-bottom: 8px;'><strong>Almacenamiento:<\/strong> Unidades de estado s\u00f3lido duales (RAID-1 duplicado); m\u00e1s de 80.000 horas de almacenamiento de grabaciones de voz<\/li>\n<li style='margin-bottom: 8px;'><strong>Conectividad:<\/strong> Puertos LAN Ethernet duales 10\/100\/1000<\/li>\n<li style='margin-bottom: 8px;'><strong>Fuente de alimentaci\u00f3n:<\/strong> 100\/240 VCA&comma; 50\/60 Hz&comma; 3 \/ 1&comma;5 A m\u00e1x.<\/li>\n<\/ul><\/div>\n<\/p><\/div>\n<\/p><\/div>\n<p> <!-- Secci\u00f3n de modelo espec\u00edfico --> <\/p>\n<div style='margin-bottom: 30px;'>\n<h3 style='font-size: 20px; border-bottom: 2px solid currentColor; padding-bottom: 5px; margin-top: 0; color: inherit; opacity: 0.8;'> Modelo incluido en esta cotizaci\u00f3n <\/h3>\n<ul style='font-size: 15px; color: inherit; margin-top: 15px; padding-left: 20px;'>\n<li style='margin-bottom: 5px;'><strong>Tarjeta an\u00e1loga:<\/strong> Licenciamiento para 4 canales<\/li>\n<li style='margin-bottom: 5px;'><strong>Almacenamiento:<\/strong> 1TB de almacenamiento SSD RAID1<\/li>\n<li style='margin-bottom: 5px;'><strong>Incluye:<\/strong> Kit de cable y block de ponchado<\/li>\n<li style='margin-bottom: 5px;'><strong>Expansi\u00f3n:<\/strong> Equipo expandible en campo por licenciamiento hasta 8 canales<\/li>\n<\/ul><\/div>\n<p> <!-- Video --> <\/p>\n<div style='position: relative; padding-bottom: 56.25%; height: 0; overflow: hidden; margin: 30px 0;'>   <\/div>\n<p> <!-- Nota final --> <\/p>\n<div style='margin-top: 30px; padding: 20px; border-left: 3px solid rgba(150&comma;150&comma;150&comma;0.4);'>\n<p style='font-size: 15px; color: inherit; margin: 0;'> Para el dise\u00f1o de una soluci\u00f3n a la medida de sus necesidades&comma; consulte al Departamento de Ingenier\u00eda SYSCOM. <\/p>\n<\/p><\/div>\n<\/p><\/div>\n","protected":false},"excerpt":{"rendered":"<p>Grabador NexLog EXP-Series, Incluye 4 canales Anal\u00f3gicos, Graba audio de Radios, Tel\u00e9fonos, Micr\u00f3fonos<\/p>\n","protected":false},"featured_media":32,"comment_status":"open","ping_status":"closed","template":"","meta":[],"product_brand":[],"product_cat":[1783],"product_tag":[1546,1785,1784],"class_list":{"0":"post-61799","1":"product","2":"type-product","3":"status-publish","4":"has-post-thumbnail","6":"product_cat-grabacion-de-audio","7":"product_tag-aplicaciones-y-soluciones","8":"product_tag-eventide","9":"product_tag-grabacion-de-audio","11":"first","12":"outofstock","13":"sale","14":"shipping-taxable","15":"purchasable","16":"product-type-simple"},"_links":{"self":[{"href":"https:\/\/soydeaqui.ddns.net\/pachuca\/index.php\/wp-json\/wp\/v2\/product\/61799","targetHints":{"allow":["GET"]}}],"collection":[{"href":"https:\/\/soydeaqui.ddns.net\/pachuca\/index.php\/wp-json\/wp\/v2\/product"}],"about":[{"href":"https:\/\/soydeaqui.ddns.net\/pachuca\/index.php\/wp-json\/wp\/v2\/types\/product"}],"replies":[{"embeddable":true,"href":"https:\/\/soydeaqui.ddns.net\/pachuca\/index.php\/wp-json\/wp\/v2\/comments?post=61799"}],"wp:featuredmedia":[{"embeddable":true,"href":"https:\/\/soydeaqui.ddns.net\/pachuca\/index.php\/wp-json\/wp\/v2\/media\/32"}],"wp:attachment":[{"href":"https:\/\/soydeaqui.ddns.net\/pachuca\/index.php\/wp-json\/wp\/v2\/media?parent=61799"}],"wp:term":[{"taxonomy":"product_brand","embeddable":true,"href":"https:\/\/soydeaqui.ddns.net\/pachuca\/index.php\/wp-json\/wp\/v2\/product_brand?post=61799"},{"taxonomy":"product_cat","embeddable":true,"href":"https:\/\/soydeaqui.ddns.net\/pachuca\/index.php\/wp-json\/wp\/v2\/product_cat?post=61799"},{"taxonomy":"product_tag","embeddable":true,"href":"https:\/\/soydeaqui.ddns.net\/pachuca\/index.php\/wp-json\/wp\/v2\/product_tag?post=61799"}],"curies":[{"name":"wp","href":"https:\/\/api.w.org\/{rel}","templated":true}]}}