{"id":61771,"date":"2026-03-19T06:17:39","date_gmt":"2026-03-19T06:17:39","guid":{"rendered":"https:\/\/soydeaqui.ddns.net\/pachuca\/index.php\/producto\/lampara-led-para-gabinete-de-telecomunicaciones-de-900-lm-instalacion-sin-herramienta-100-240-vca\/"},"modified":"2026-03-19T06:17:43","modified_gmt":"2026-03-19T06:17:43","slug":"lampara-led-para-gabinete-de-telecomunicaciones-de-900-lm-instalacion-sin-herramienta-100-240-vca","status":"publish","type":"product","link":"https:\/\/soydeaqui.ddns.net\/pachuca\/index.php\/producto\/lampara-led-para-gabinete-de-telecomunicaciones-de-900-lm-instalacion-sin-herramienta-100-240-vca\/","title":{"rendered":"Lampara LED para Gabinete de Telecomunicaciones, de 900 lm, Instalaci\u00f3n sin Herramienta, 100-240 Vca"},"content":{"rendered":"<div style='width: 100%; max-width: 1200px; margin: 0 auto; font-family: sans-serif; line-height: 1.6; color: inherit; background-color: transparent;'>\n<div style='display: flex; flex-wrap: wrap; gap: 30px; margin-bottom: 30px;'>\n<div style='flex: 1 1 300px; min-width: 280px;'> <img style='width: 100%; height: auto; border: 1px solid rgba(150&comma;150&comma;150&comma;0.3); border-radius: 8px;' src='https:\/\/ftp3.syscom.mx\/usuarios\/fotos\/A12108CH\/224288-hoffman_logo.png' alt=''> <\/div>\n<div style='flex: 1 1 300px; min-width: 280px;'>\n<h3 style='font-size: 22px; border-bottom: 2px solid currentColor; padding-bottom: 5px; margin-top: 0; color: inherit; opacity: 0.8;'>Descripci\u00f3n<\/h3>\n<p style='font-size: 15px; color: inherit; margin-top: 15px;'>L\u00e1mpara LED especialmente dise\u00f1ada para los gabinetes nVent HOFFMAN. El montaje sin herramientas reduce el tiempo de montaje. Cableado simple mediante un sistema plug and play.<\/p>\n<\/p><\/div>\n<\/p><\/div>\n<div style='display: flex; flex-wrap: wrap; gap: 20px; margin-bottom: 30px;'>\n<div style='flex: 1 1 250px; border: 1px solid rgba(150&comma; 150&comma; 150&comma; 0.4); border-radius: 8px; overflow: hidden; display: flex; flex-direction: column;'>\n<div style='padding: 15px; border-bottom: 1px solid rgba(150&comma; 150&comma; 150&comma; 0.2); font-weight: bold; font-size: 18px; color: inherit;'>Caracter\u00edsticas principales<\/div>\n<div style='padding: 15px; color: inherit;'>\n<ul style='padding-left: 20px; margin: 0; font-size: 14px; list-style-type: disc;'>\n<li style='margin-bottom: 5px;'>Con conexi\u00f3n de interruptor operada por puerta<\/li>\n<li style='margin-bottom: 5px;'>Montaje r\u00e1pido y sin herramientas dise\u00f1ado con un sistema de gancho de cierre para adaptarse al patr\u00f3n de orificios de 25 mm en los gabinetes nVent HOFFMAN<\/li>\n<li style='margin-bottom: 5px;'>La luz se puede instalar horizontal o verticalmente<\/li>\n<li style='margin-bottom: 5px;'>Se requieren accesorios de montaje y deben comprarse por separado cuando la luz no se instala en el patr\u00f3n de orificios de 25 mm (0&comma;98)<\/li>\n<li style='margin-bottom: 5px;'>Compre el cable de alimentaci\u00f3n o los conectores por separado para suministrar energ\u00eda el\u00e9ctrica<\/li>\n<li style='margin-bottom: 5px;'>Con posibilidad de usar hasta 4 l\u00e1mparas en serie utilizando un solo cable de alimentaci\u00f3n<\/li>\n<\/ul><\/div>\n<\/p><\/div>\n<div style='flex: 1 1 250px; border: 1px solid rgba(150&comma; 150&comma; 150&comma; 0.4); border-radius: 8px; overflow: hidden; display: flex; flex-direction: column;'>\n<div style='padding: 15px; border-bottom: 1px solid rgba(150&comma; 150&comma; 150&comma; 0.2); font-weight: bold; font-size: 18px; color: inherit;'>Especificaciones t\u00e9cnicas<\/div>\n<div style='padding: 15px; color: inherit;'>\n<ul style='padding-left: 20px; margin: 0; font-size: 14px; list-style-type: disc;'>\n<li style='margin-bottom: 5px;'><strong>Material:<\/strong> Pl\u00e1stico<\/li>\n<li style='margin-bottom: 5px;'><strong>Acabado:<\/strong> Liso<\/li>\n<li style='margin-bottom: 5px;'><strong>Color:<\/strong> Negro<\/li>\n<li style='margin-bottom: 5px;'><strong>Tipo de l\u00e1mpara:<\/strong> LED<\/li>\n<li style='margin-bottom: 5px;'><strong>Luminosidad:<\/strong> 900 lm<\/li>\n<li style='margin-bottom: 5px;'><strong>Altura:<\/strong> 76 mm<\/li>\n<li style='margin-bottom: 5px;'><strong>Ancho:<\/strong> 314 mm<\/li>\n<li style='margin-bottom: 5px;'><strong>Profundidad:<\/strong> 48 mm<\/li>\n<li style='margin-bottom: 5px;'><strong>Temperatura de color:<\/strong> 4000 K<\/li>\n<li style='margin-bottom: 5px;'><strong>Color de la luz:<\/strong> Blanco neutro<\/li>\n<li style='margin-bottom: 5px;'><strong>Potencia:<\/strong> 9 W<\/li>\n<li style='margin-bottom: 5px;'><strong>Voltaje nominal:<\/strong> 115 Vca<\/li>\n<li style='margin-bottom: 5px;'><strong>Voltaje de entrada:<\/strong> 100 \u2013 240 Vca<\/li>\n<li style='margin-bottom: 5px;'><strong>Frecuencia:<\/strong> 50\/60 Hz<\/li>\n<li style='margin-bottom: 5px;'><strong>Conexi\u00f3n:<\/strong> Cableado pasante y de entrada de 3 polos<\/li>\n<li style='margin-bottom: 5px;'><strong>Peso:<\/strong> 0.7 kg<\/li>\n<\/ul><\/div>\n<\/p><\/div>\n<\/p><\/div>\n<\/p><\/div>\n","protected":false},"excerpt":{"rendered":"<p>Lampara LED para Gabinete de Telecomunicaciones, de 900 lm, Instalaci\u00f3n sin Herramienta, 100-240 Vca<\/p>\n","protected":false},"featured_media":61770,"comment_status":"open","ping_status":"closed","template":"","meta":[],"product_brand":[],"product_cat":[604],"product_tag":[606,698,605],"class_list":{"0":"post-61771","1":"product","2":"type-product","3":"status-publish","4":"has-post-thumbnail","6":"product_cat-accesorios-para-racks-y-gabinetes","7":"product_tag-accesorios-para-racks-y-gabinetes","8":"product_tag-hoffman","9":"product_tag-racks-y-gabinetes","11":"first","12":"outofstock","13":"sale","14":"shipping-taxable","15":"purchasable","16":"product-type-simple"},"_links":{"self":[{"href":"https:\/\/soydeaqui.ddns.net\/pachuca\/index.php\/wp-json\/wp\/v2\/product\/61771","targetHints":{"allow":["GET"]}}],"collection":[{"href":"https:\/\/soydeaqui.ddns.net\/pachuca\/index.php\/wp-json\/wp\/v2\/product"}],"about":[{"href":"https:\/\/soydeaqui.ddns.net\/pachuca\/index.php\/wp-json\/wp\/v2\/types\/product"}],"replies":[{"embeddable":true,"href":"https:\/\/soydeaqui.ddns.net\/pachuca\/index.php\/wp-json\/wp\/v2\/comments?post=61771"}],"wp:featuredmedia":[{"embeddable":true,"href":"https:\/\/soydeaqui.ddns.net\/pachuca\/index.php\/wp-json\/wp\/v2\/media\/61770"}],"wp:attachment":[{"href":"https:\/\/soydeaqui.ddns.net\/pachuca\/index.php\/wp-json\/wp\/v2\/media?parent=61771"}],"wp:term":[{"taxonomy":"product_brand","embeddable":true,"href":"https:\/\/soydeaqui.ddns.net\/pachuca\/index.php\/wp-json\/wp\/v2\/product_brand?post=61771"},{"taxonomy":"product_cat","embeddable":true,"href":"https:\/\/soydeaqui.ddns.net\/pachuca\/index.php\/wp-json\/wp\/v2\/product_cat?post=61771"},{"taxonomy":"product_tag","embeddable":true,"href":"https:\/\/soydeaqui.ddns.net\/pachuca\/index.php\/wp-json\/wp\/v2\/product_tag?post=61771"}],"curies":[{"name":"wp","href":"https:\/\/api.w.org\/{rel}","templated":true}]}}