{"id":61751,"date":"2026-03-19T06:17:00","date_gmt":"2026-03-19T06:17:00","guid":{"rendered":"https:\/\/soydeaqui.ddns.net\/pachuca\/index.php\/producto\/amplificador-nautico-de-audio-con-6-canales-de-1500-w-de-pico\/"},"modified":"2026-03-19T06:17:10","modified_gmt":"2026-03-19T06:17:10","slug":"amplificador-nautico-de-audio-con-6-canales-de-1500-w-de-pico","status":"publish","type":"product","link":"https:\/\/soydeaqui.ddns.net\/pachuca\/index.php\/producto\/amplificador-nautico-de-audio-con-6-canales-de-1500-w-de-pico\/","title":{"rendered":"Amplificador n\u00e1utico de audio con 6 canales de 1500 W de pico"},"content":{"rendered":"<div style='width: 100%; max-width: 1200px; margin: 0 auto; font-family: sans-serif; line-height: 1.6; color: inherit; background-color: transparent;'>\n<div style='display: flex; flex-wrap: wrap; gap: 30px; margin-bottom: 30px;'>\n<div style='flex: 1 1 300px; min-width: 280px;'>\n<h3 style='font-size: 22px; border-bottom: 2px solid currentColor; padding-bottom: 5px; margin-top: 0; color: inherit; opacity: 0.8;'>Caracter\u00edsticas<\/h3>\n<ul style='padding-left: 20px; font-size: 15px; color: inherit;'>\n<li style='margin-bottom: 5px;'>Indicadores led para estatus de calentamiento o corto circuito<\/li>\n<li style='margin-bottom: 5px;'>Ajustes autom\u00e1ticos por medio de la funci\u00f3n de sintonizaci\u00f3n<\/li>\n<li style='margin-bottom: 5px;'>Amplificador de 6 canales con 1500 W de pico<\/li>\n<li style='margin-bottom: 5px;'>Conexi\u00f3n de 6 altavoces&comma; o 4 altavoces y 1 subwoofer<\/li>\n<li style='margin-bottom: 5px;'>Alta calidad de audio sin distorsi\u00f3n<\/li>\n<\/ul><\/div>\n<\/p><\/div>\n<div style='display: flex; flex-wrap: wrap; gap: 20px; margin-bottom: 30px;'>\n<div style='flex: 1 1 250px; border: 1px solid rgba(150&comma; 150&comma; 150&comma; 0.4); border-radius: 8px; overflow: hidden; display: flex; flex-direction: column;'>\n<div style='padding: 15px; border-bottom: 1px solid rgba(150&comma; 150&comma; 150&comma; 0.2); font-weight: bold; font-size: 18px; color: inherit;'>Caracter\u00edsticas generales<\/div>\n<div style='padding: 15px; color: inherit;'>\n<ul style='padding-left: 20px; margin: 0; font-size: 14px; list-style-type: disc; color: inherit;'>\n<li style='margin-bottom: 5px;'><strong>Dimensiones f\u00edsicas (longitud x anchura x altura):<\/strong> 420 x 210 x 57 mm (16.54\u2033 x 8.27\u2033 x 2.24\u2033)<\/li>\n<li style='margin-bottom: 5px;'><strong>Peso:<\/strong> 4.5 kg (9.9 lb)<\/li>\n<li style='margin-bottom: 5px;'><strong>Clasificaci\u00f3n de resistencia al agua:<\/strong> Debe instalarse en una ubicaci\u00f3n seca<\/li>\n<li style='margin-bottom: 5px;'><strong>Clase del amplificador:<\/strong> Clase D<\/li>\n<li style='margin-bottom: 5px;'><strong>Potencia de CEA-2006:<\/strong> 6 x 100 vatios RMS a 14&comma;4 V&comma; 4 ohmios < 1 % de THD<\/li>\n<li style='margin-bottom: 5px;'><strong>Salida de potencia nominal total: 2 ohmios:<\/strong> 6 x 140 vatios RMS a 14&comma;4 V&comma; 2 ohmios < 1 % de THD<\/li>\n<li style='margin-bottom: 5px;'><strong>Potencia pico:<\/strong> 1500 W<\/li>\n<li style='margin-bottom: 5px;'><strong>Salida de potencia nominal total: 4 ohmios con puente:<\/strong> 600 vatios<\/li>\n<li style='margin-bottom: 5px;'><strong>Sensibilidad de entrada:<\/strong> 0.3- 8 V RMS<\/li>\n<li style='margin-bottom: 5px;'><strong>Impedancia de entrada:<\/strong> 7000 ohmios<\/li>\n<li style='margin-bottom: 5px;'><strong>Voltaje de funcionamiento:<\/strong> De 10&comma;8 a 16 V de CC<\/li>\n<li style='margin-bottom: 5px;'><strong>Consumo el\u00e9ctrico (standby):<\/strong> Menos de 1 mA<\/li>\n<li style='margin-bottom: 5px;'><strong>Consumo el\u00e9ctrico (reposo):<\/strong> Menos de 2.5 A<\/li>\n<li style='margin-bottom: 5px;'><strong>Consumo el\u00e9ctrico (m\u00e1x.):<\/strong> 75 A<\/li>\n<li style='margin-bottom: 5px;'><strong>Protecci\u00f3n de seguridad contra la ignici\u00f3n (SAE J1171):<\/strong> S\u00ed<\/li>\n<li style='margin-bottom: 5px;'><strong>Circuitos de protecci\u00f3n:<\/strong> Tensi\u00f3n inversa&comma; Subtensi\u00f3n\/sobretensi\u00f3n de entrada&comma; Temperatura excesiva&comma; Cortocircuito de salida<\/li>\n<li style='margin-bottom: 5px;'><strong>Rango de operaci\u00f3n:<\/strong> De 0 a 50 \u00b0C<\/li>\n<\/ul><\/div>\n<\/p><\/div>\n<\/p><\/div>\n<\/p><\/div>\n","protected":false},"excerpt":{"rendered":"<p>Amplificador n\u00e1utico de audio con 6 canales de 1500 W de pico<\/p>\n","protected":false},"featured_media":61750,"comment_status":"open","ping_status":"closed","template":"","meta":[],"product_brand":[],"product_cat":[1541],"product_tag":[1542,1449,1172],"class_list":{"0":"post-61751","1":"product","2":"type-product","3":"status-publish","4":"has-post-thumbnail","6":"product_cat-equipos-para-pesca-comercial-y-recreativa","7":"product_tag-equipos-para-pesca-comercial-y-recreativa","8":"product_tag-garmin","9":"product_tag-soluciones-marinas","11":"first","12":"outofstock","13":"sale","14":"shipping-taxable","15":"purchasable","16":"product-type-simple"},"_links":{"self":[{"href":"https:\/\/soydeaqui.ddns.net\/pachuca\/index.php\/wp-json\/wp\/v2\/product\/61751","targetHints":{"allow":["GET"]}}],"collection":[{"href":"https:\/\/soydeaqui.ddns.net\/pachuca\/index.php\/wp-json\/wp\/v2\/product"}],"about":[{"href":"https:\/\/soydeaqui.ddns.net\/pachuca\/index.php\/wp-json\/wp\/v2\/types\/product"}],"replies":[{"embeddable":true,"href":"https:\/\/soydeaqui.ddns.net\/pachuca\/index.php\/wp-json\/wp\/v2\/comments?post=61751"}],"wp:featuredmedia":[{"embeddable":true,"href":"https:\/\/soydeaqui.ddns.net\/pachuca\/index.php\/wp-json\/wp\/v2\/media\/61750"}],"wp:attachment":[{"href":"https:\/\/soydeaqui.ddns.net\/pachuca\/index.php\/wp-json\/wp\/v2\/media?parent=61751"}],"wp:term":[{"taxonomy":"product_brand","embeddable":true,"href":"https:\/\/soydeaqui.ddns.net\/pachuca\/index.php\/wp-json\/wp\/v2\/product_brand?post=61751"},{"taxonomy":"product_cat","embeddable":true,"href":"https:\/\/soydeaqui.ddns.net\/pachuca\/index.php\/wp-json\/wp\/v2\/product_cat?post=61751"},{"taxonomy":"product_tag","embeddable":true,"href":"https:\/\/soydeaqui.ddns.net\/pachuca\/index.php\/wp-json\/wp\/v2\/product_tag?post=61751"}],"curies":[{"name":"wp","href":"https:\/\/api.w.org\/{rel}","templated":true}]}}