{"id":61743,"date":"2026-03-19T06:16:47","date_gmt":"2026-03-19T06:16:47","guid":{"rendered":"https:\/\/soydeaqui.ddns.net\/pachuca\/index.php\/producto\/sistema-de-desague-para-duchas-con-bomba-de-achique-de-800-galones-por-hora-a-24-volts-de-corriente-directa-e-interruptor-de-flotacion\/"},"modified":"2026-03-19T06:16:47","modified_gmt":"2026-03-19T06:16:47","slug":"sistema-de-desague-para-duchas-con-bomba-de-achique-de-800-galones-por-hora-a-24-volts-de-corriente-directa-e-interruptor-de-flotacion","status":"publish","type":"product","link":"https:\/\/soydeaqui.ddns.net\/pachuca\/index.php\/producto\/sistema-de-desague-para-duchas-con-bomba-de-achique-de-800-galones-por-hora-a-24-volts-de-corriente-directa-e-interruptor-de-flotacion\/","title":{"rendered":"Sistema de desag\u00fce para duchas con bomba de achique de 800 galones por hora a 24 Volts de corriente directa e interruptor de flotaci\u00f3n"},"content":{"rendered":"<div style='width: 100%; max-width: 1200px; margin: 0 auto; font-family: sans-serif; line-height: 1.6; color: inherit; background-color: transparent;'> <!-- Logo de la marca --> <\/p>\n<div style='width: 100%; text-align: center; margin: 20px 0;'> <img style='width: 100%; max-width: 200px; height: auto; border: 1px solid rgba(150&comma;150&comma;150&comma;0.3); border-radius: 8px;' src='https:\/\/www.jabscoshop.com\/images\/Rule_Logo.jpg' alt='Logo Rule'> <\/div>\n<p> <!-- Descripci\u00f3n principal --> <\/p>\n<div style='margin: 30px 0;'>\n<p style='font-size: 15px; margin: 15px 0; color: inherit;'>Los sistemas de desag\u00fce de ducha Rule han sido dise\u00f1ados para satisfacer las necesidades de instaladores y usuarios finales. Adem\u00e1s de un funcionamiento fiable y totalmente autom\u00e1tico&comma; la nueva cabina de ducha Rule es f\u00e1cil de instalar&comma; tiene una tapa sellada con clip para evitar salpicaduras de agua no deseadas y es totalmente utilizable sin necesidad de herramientas.<\/p>\n<\/p><\/div>\n<p> <!-- Caracter\u00edsticas --> <\/p>\n<div style='display: flex; flex-wrap: wrap; gap: 30px; margin: 30px 0;'>\n<div style='flex: 1 1 300px; min-width: 280px;'>\n<h3 style='font-size: 22px; border-bottom: 2px solid currentColor; padding-bottom: 5px; margin-top: 0; color: inherit; opacity: 0.8;'>Caracter\u00edsticas<\/h3>\n<ul style='padding-left: 20px; font-size: 15px; color: inherit;'>\n<li style='margin-bottom: 5px;'>Tasa de desague de 800 GPH.<\/li>\n<li style='margin-bottom: 5px;'>Bomba controlada por un interruptor de flotador Rule-a-Matic.<\/li>\n<li style='margin-bottom: 5px;'>La bomba&comma; el colador y la cubierta extra\u00edbles con clip permiten una f\u00e1cil limpieza y mantenimiento.<\/li>\n<li style='margin-bottom: 5px;'>Cubierta atornillada transparente sellada.<\/li>\n<li style='margin-bottom: 5px;'>V\u00e1lvula antirretorno integral.<\/li>\n<li style='margin-bottom: 5px;'>Encendido protegido.<\/li>\n<li style='margin-bottom: 5px;'>Entrada multipuerto.<\/li>\n<li style='margin-bottom: 5px;'>Alimentaci\u00f3n de 24 Vcd.<\/li>\n<\/ul><\/div>\n<div style='flex: 1 1 300px; min-width: 280px;'>\n<h3 style='font-size: 22px; border-bottom: 2px solid currentColor; padding-bottom: 5px; margin-top: 0; color: inherit; opacity: 0.8;'>Conexiones y Seguridad<\/h3>\n<ul style='padding-left: 20px; font-size: 15px; color: inherit;'>\n<li style='margin-bottom: 5px;'><strong>Conexiones:<\/strong> para manguera de 19 mm (3\/4&#8242;)&comma; 25 mm (1&#8242;) o 29 mm (1 1\/8&#8242;) de di\u00e1metro en entrada y salida. recta o codo de 90\u00ba<\/li>\n<li style='margin-bottom: 5px;'><strong>Tama\u00f1o del fusible:<\/strong> 5 amperios<\/li>\n<\/ul><\/div>\n<\/p><\/div>\n<p> <!-- Especificaciones t\u00e9cnicas --> <\/p>\n<div style='display: flex; flex-wrap: wrap; gap: 30px; margin: 30px 0;'>\n<div style='flex: 1 1 300px; min-width: 280px;'>\n<h3 style='font-size: 22px; border-bottom: 2px solid currentColor; padding-bottom: 5px; margin-top: 0; color: inherit; opacity: 0.8;'>Especificaciones f\u00edsicas<\/h3>\n<ul style='padding-left: 20px; font-size: 15px; color: inherit;'>\n<li style='margin-bottom: 5px;'><strong>Dimensiones empaquetadas:<\/strong> Largo: 26&comma;00 x Alto: 14&comma;00 x Ancho: 35&comma;00 cm<\/li>\n<li style='margin-bottom: 5px;'><strong>Peso real:<\/strong> 1&comma;60 kg (aprox. 2&comma;10 kg embalado)<\/li>\n<\/ul><\/div>\n<\/p><\/div>\n<p> <!-- Separador final --> <\/p>\n<hr style='border: 0; border-top: 1px solid rgba(150&comma; 150&comma; 150&comma; 0.3); margin: 30px 0;'> <\/div>\n","protected":false},"excerpt":{"rendered":"<p>Sistema de desag\u00fce para duchas con bomba de achique de 800 galones por hora a 24 Volts de corriente directa e interruptor de flotaci\u00f3n<\/p>\n","protected":false},"featured_media":61742,"comment_status":"open","ping_status":"closed","template":"","meta":[],"product_brand":[],"product_cat":[1541],"product_tag":[1542,1499,1172],"class_list":{"0":"post-61743","1":"product","2":"type-product","3":"status-publish","4":"has-post-thumbnail","6":"product_cat-equipos-para-pesca-comercial-y-recreativa","7":"product_tag-equipos-para-pesca-comercial-y-recreativa","8":"product_tag-rule","9":"product_tag-soluciones-marinas","11":"first","12":"instock","13":"sale","14":"shipping-taxable","15":"purchasable","16":"product-type-simple"},"_links":{"self":[{"href":"https:\/\/soydeaqui.ddns.net\/pachuca\/index.php\/wp-json\/wp\/v2\/product\/61743","targetHints":{"allow":["GET"]}}],"collection":[{"href":"https:\/\/soydeaqui.ddns.net\/pachuca\/index.php\/wp-json\/wp\/v2\/product"}],"about":[{"href":"https:\/\/soydeaqui.ddns.net\/pachuca\/index.php\/wp-json\/wp\/v2\/types\/product"}],"replies":[{"embeddable":true,"href":"https:\/\/soydeaqui.ddns.net\/pachuca\/index.php\/wp-json\/wp\/v2\/comments?post=61743"}],"wp:featuredmedia":[{"embeddable":true,"href":"https:\/\/soydeaqui.ddns.net\/pachuca\/index.php\/wp-json\/wp\/v2\/media\/61742"}],"wp:attachment":[{"href":"https:\/\/soydeaqui.ddns.net\/pachuca\/index.php\/wp-json\/wp\/v2\/media?parent=61743"}],"wp:term":[{"taxonomy":"product_brand","embeddable":true,"href":"https:\/\/soydeaqui.ddns.net\/pachuca\/index.php\/wp-json\/wp\/v2\/product_brand?post=61743"},{"taxonomy":"product_cat","embeddable":true,"href":"https:\/\/soydeaqui.ddns.net\/pachuca\/index.php\/wp-json\/wp\/v2\/product_cat?post=61743"},{"taxonomy":"product_tag","embeddable":true,"href":"https:\/\/soydeaqui.ddns.net\/pachuca\/index.php\/wp-json\/wp\/v2\/product_tag?post=61743"}],"curies":[{"name":"wp","href":"https:\/\/api.w.org\/{rel}","templated":true}]}}