{"id":61730,"date":"2026-03-19T06:16:23","date_gmt":"2026-03-19T06:16:23","guid":{"rendered":"https:\/\/soydeaqui.ddns.net\/pachuca\/index.php\/producto\/funda-reforzada-de-vinilo-de-alta-resistencia-para-trabajo-duro-en-tx-500-y-tx-600-3\/"},"modified":"2026-03-19T06:16:28","modified_gmt":"2026-03-19T06:16:28","slug":"funda-reforzada-de-vinilo-de-alta-resistencia-para-trabajo-duro-en-tx-500-y-tx-600-3","status":"publish","type":"product","link":"https:\/\/soydeaqui.ddns.net\/pachuca\/index.php\/producto\/funda-reforzada-de-vinilo-de-alta-resistencia-para-trabajo-duro-en-tx-500-y-tx-600-3\/","title":{"rendered":"Funda Reforzada de Vinilo de alta Resistencia para Trabajo Duro en TX-500 y TX-600."},"content":{"rendered":"<div style='width: 100%; max-width: 1200px; margin: 0 auto; font-family: sans-serif; line-height: 1.6; color: inherit; background-color: transparent;'> <!-- Secci\u00f3n de t\u00edtulo y descripci\u00f3n --> <\/p>\n<div style='margin-bottom: 30px;'>\n<h2 style='font-size: 24px; margin-top: 0; margin-bottom: 15px; color: inherit; font-weight: bold;'>Funda Reforzada de Vinilo de alta Resistencia para Trabajo Duro en TX-500 y TX-600<\/h2>\n<p style='font-size: 16px; margin-bottom: 20px; color: inherit;'>Funda Reforzada de Vinilo de alta Resistencia para Trabajo Duro.<\/p>\n<\/p><\/div>\n<p> <!-- Secci\u00f3n de caracter\u00edsticas con flex --> <\/p>\n<div style='display: flex; flex-wrap: wrap; gap: 30px; margin-bottom: 30px;'>\n<div style='flex: 1 1 300px; min-width: 280px;'>\n<h3 style='font-size: 22px; border-bottom: 2px solid currentColor; padding-bottom: 5px; margin-top: 0; color: inherit; opacity: 0.8;'>Caracter\u00edsticas<\/h3>\n<ul style='padding-left: 20px; font-size: 15px; color: inherit;'>\n<li style='margin-bottom: 5px;'>Para su fabricaci\u00f3n se utilizan materiales de la m\u00e1s alta calidad.<\/li>\n<li style='margin-bottom: 5px;'>Funda Reforzada de Vinilo.<\/li>\n<li style='margin-bottom: 5px;'>Compatible con Radios TX-680<\/li>\n<\/ul><\/div>\n<div style='flex: 1 1 300px; min-width: 280px;'>\n<h3 style='font-size: 22px; border-bottom: 2px solid currentColor; padding-bottom: 5px; margin-top: 0; color: inherit; opacity: 0.8;'>Caracter\u00edsticas Principales<\/h3>\n<ul style='padding-left: 20px; font-size: 15px; color: inherit;'>\n<li style='margin-bottom: 5px;'>Vinilo de alta resistencia para trabajo duro<\/li>\n<li style='margin-bottom: 5px;'>Materiales de la m\u00e1s alta calidad<\/li>\n<li style='margin-bottom: 5px;'>Funda reforzada para mayor durabilidad<\/li>\n<li style='margin-bottom: 5px;'>Compatible con radios modelo TX-680<\/li>\n<li style='margin-bottom: 5px;'>Dise\u00f1o especializado para uso intensivo<\/li>\n<\/ul><\/div>\n<\/p><\/div>\n<p> <!-- Separador --> <\/p>\n<hr style='border: 0; border-top: 1px solid rgba(150&comma; 150&comma; 150&comma; 0.3); margin: 30px 0;'> <\/div>\n","protected":false},"excerpt":{"rendered":"<p>Funda Reforzada de Vinilo de alta Resistencia para Trabajo Duro en TX-500 y TX-600.<\/p>\n","protected":false},"featured_media":61729,"comment_status":"open","ping_status":"closed","template":"","meta":[],"product_brand":[],"product_cat":[1723],"product_tag":[1337,1724,63],"class_list":{"0":"post-61730","1":"product","2":"type-product","3":"status-publish","4":"has-post-thumbnail","6":"product_cat-fundas","7":"product_tag-accesorios-para-otras-marcas","8":"product_tag-fundas","9":"product_tag-syscom","11":"first","12":"instock","13":"sale","14":"shipping-taxable","15":"purchasable","16":"product-type-simple"},"_links":{"self":[{"href":"https:\/\/soydeaqui.ddns.net\/pachuca\/index.php\/wp-json\/wp\/v2\/product\/61730","targetHints":{"allow":["GET"]}}],"collection":[{"href":"https:\/\/soydeaqui.ddns.net\/pachuca\/index.php\/wp-json\/wp\/v2\/product"}],"about":[{"href":"https:\/\/soydeaqui.ddns.net\/pachuca\/index.php\/wp-json\/wp\/v2\/types\/product"}],"replies":[{"embeddable":true,"href":"https:\/\/soydeaqui.ddns.net\/pachuca\/index.php\/wp-json\/wp\/v2\/comments?post=61730"}],"wp:featuredmedia":[{"embeddable":true,"href":"https:\/\/soydeaqui.ddns.net\/pachuca\/index.php\/wp-json\/wp\/v2\/media\/61729"}],"wp:attachment":[{"href":"https:\/\/soydeaqui.ddns.net\/pachuca\/index.php\/wp-json\/wp\/v2\/media?parent=61730"}],"wp:term":[{"taxonomy":"product_brand","embeddable":true,"href":"https:\/\/soydeaqui.ddns.net\/pachuca\/index.php\/wp-json\/wp\/v2\/product_brand?post=61730"},{"taxonomy":"product_cat","embeddable":true,"href":"https:\/\/soydeaqui.ddns.net\/pachuca\/index.php\/wp-json\/wp\/v2\/product_cat?post=61730"},{"taxonomy":"product_tag","embeddable":true,"href":"https:\/\/soydeaqui.ddns.net\/pachuca\/index.php\/wp-json\/wp\/v2\/product_tag?post=61730"}],"curies":[{"name":"wp","href":"https:\/\/api.w.org\/{rel}","templated":true}]}}