{"id":61667,"date":"2026-03-19T06:14:11","date_gmt":"2026-03-19T06:14:11","guid":{"rendered":"https:\/\/soydeaqui.ddns.net\/pachuca\/index.php\/producto\/cerbo-s-gx-centro-de-comunicaciones-monitoreo-remoto-para-sistemas-victron\/"},"modified":"2026-03-19T06:14:11","modified_gmt":"2026-03-19T06:14:11","slug":"cerbo-s-gx-centro-de-comunicaciones-monitoreo-remoto-para-sistemas-victron","status":"publish","type":"product","link":"https:\/\/soydeaqui.ddns.net\/pachuca\/index.php\/producto\/cerbo-s-gx-centro-de-comunicaciones-monitoreo-remoto-para-sistemas-victron\/","title":{"rendered":"Cerbo-S GX \/ Centro de comunicaciones \/ Monitoreo Remoto para Sistemas Victron"},"content":{"rendered":"<div style='width: 100%; max-width: 1200px; margin: 0 auto; font-family: sans-serif; line-height: 1.6; color: inherit; background-color: transparent;'> <!-- Secci\u00f3n de contenido con flex\/grid --> <\/p>\n<div style='display: flex; flex-wrap: wrap; gap: 30px; margin-bottom: 30px;'>\n<div style='flex: 1 1 300px; min-width: 280px;'>\n<h3 style='font-size: 22px; border-bottom: 2px solid currentColor; padding-bottom: 5px; margin-top: 0; color: inherit; opacity: 0.8;'>Cerbo GX: centro de comunicaciones<\/h3>\n<ul style='padding-left: 20px; font-size: 15px; color: inherit;'>\n<li style='margin-bottom: 5px;'>Este centro de comunicaciones le permite tener un perfecto control de su sistema en todo momento y desde cualquier lugar para maximizar su rendimiento. Solo tiene que acceder a su sistema con nuestro portal Victron Remote Management (VRM) o directamente con la pantalla GX Touch opcional&comma; una pantalla multifuncional o la aplicaci\u00f3n VictronConnect&comma; gracias a su opci\u00f3n de Bluetooth.<\/li>\n<\/ul><\/div>\n<\/p><\/div>\n<p> <!-- Secci\u00f3n de cards con especificaciones --> <\/p>\n<div style='display: flex; flex-wrap: wrap; gap: 20px; margin-bottom: 30px;'>\n<div style='flex: 1 1 250px; border: 1px solid rgba(150&comma; 150&comma; 150&comma; 0.4); border-radius: 8px; overflow: hidden; display: flex; flex-direction: column;'>\n<div style='padding: 15px; border-bottom: 1px solid rgba(150&comma; 150&comma; 150&comma; 0.2); font-weight: bold; font-size: 18px; color: inherit;'>GX Touch: pantalla accesoria<\/div>\n<div style='padding: 15px; color: inherit;'>\n<ul style='padding-left: 20px; margin: 0; font-size: 14px; list-style-type: disc;'>\n<li style='margin-bottom: 5px;'>El GX Touch 50 y el GX Touch 70 son pantallas accesorias para el Cerbo GX. Las pantallas t\u00e1ctiles&comma; de cinco y siete pulgadas respectivamente&comma; proporcionan una visi\u00f3n instant\u00e1nea de su sistema y permite hacer ajustes en la configuraci\u00f3n. Solo tiene que conectar el Cerbo GX con un \u00fanico cable.<\/li>\n<\/ul><\/div>\n<\/p><\/div>\n<div style='flex: 1 1 250px; border: 1px solid rgba(150&comma; 150&comma; 150&comma; 0.4); border-radius: 8px; overflow: hidden; display: flex; flex-direction: column;'>\n<div style='padding: 15px; border-bottom: 1px solid rgba(150&comma; 150&comma; 150&comma; 0.2); font-weight: bold; font-size: 18px; color: inherit;'>Consola remota en VRM<\/div>\n<div style='padding: 15px; color: inherit;'>\n<ul style='padding-left: 20px; margin: 0; font-size: 14px; list-style-type: disc;'>\n<li style='margin-bottom: 5px;'>Monitorice&comma; controle y configure el Cerbo GX a distancia a trav\u00e9s de Internet. Con la consola remota es como si estuviera delante del dispositivo. Tambi\u00e9n puede disponer de la misma funcionalidad en la red local LAN o con el punto de acceso WiFi del Cerbo GX.<\/li>\n<\/ul><\/div>\n<\/p><\/div>\n<div style='flex: 1 1 250px; border: 1px solid rgba(150&comma; 150&comma; 150&comma; 0.4); border-radius: 8px; overflow: hidden; display: flex; flex-direction: column;'>\n<div style='padding: 15px; border-bottom: 1px solid rgba(150&comma; 150&comma; 150&comma; 0.2); font-weight: bold; font-size: 18px; color: inherit;'>Seguimiento y control perfectos<\/div>\n<div style='padding: 15px; color: inherit;'>\n<ul style='padding-left: 20px; margin: 0; font-size: 14px; list-style-type: disc;'>\n<li style='margin-bottom: 5px;'>Monitorice inmediatamente el estado de carga de la bater\u00eda&comma; el consumo de energ\u00eda&comma; la captaci\u00f3n de energ\u00eda de las placas FV&comma; el generador y la red el\u00e9ctrica&comma; o compruebe las mediciones de los niveles del tanque o de la temperatura. Controle f\u00e1cilmente el l\u00edmite de corriente de entrada de la toma del puerto&comma; un generador con arranque\/parada autom\u00e1tico o haga ajustes para optimizar el sistema. Puede controlar las alertas&comma; hacer comprobaciones de diagn\u00f3stico y resolver problemas a distancia.<\/li>\n<\/ul><\/div>\n<\/p><\/div>\n<div style='flex: 1 1 250px; border: 1px solid rgba(150&comma; 150&comma; 150&comma; 0.4); border-radius: 8px; overflow: hidden; display: flex; flex-direction: column;'>\n<div style='padding: 15px; border-bottom: 1px solid rgba(150&comma; 150&comma; 150&comma; 0.2); font-weight: bold; font-size: 18px; color: inherit;'>Montaje y configuraci\u00f3n sencillos<\/div>\n<div style='padding: 15px; color: inherit;'>\n<ul style='padding-left: 20px; margin: 0; font-size: 14px; list-style-type: disc;'>\n<li style='margin-bottom: 5px;'>El Cerbo GX es f\u00e1cil de montar y tambi\u00e9n puede colocarse en un carril DIN con un adaptador DIN35 peque\u00f1o (no incluido). Su pantalla t\u00e1ctil independiente puede atornillarse a un panel de control&comma; sin que sea necesario cortar un hueco perfecto (como con el Color Control GX). La conexi\u00f3n es f\u00e1cil con un solo cable&comma; sin que haya que llevar un mont\u00f3n de cables al panel de control. La funci\u00f3n Bluetooth permite una r\u00e1pida conexi\u00f3n y configuraci\u00f3n con nuestra aplicaci\u00f3n VictronConnect.<\/li>\n<\/ul><\/div>\n<\/p><\/div>\n<\/p><\/div>\n<p> <!-- Separador --> <\/p>\n<hr style='border: 0; border-top: 1px solid rgba(150&comma; 150&comma; 150&comma; 0.3); margin: 30px 0;'> <\/div>\n","protected":false},"excerpt":{"rendered":"<p>Cerbo-S GX \/ Centro de comunicaciones \/ Monitoreo Remoto para Sistemas Victron<\/p>\n","protected":false},"featured_media":61666,"comment_status":"open","ping_status":"closed","template":"","meta":[],"product_brand":[],"product_cat":[1171],"product_tag":[1173,1172,1174],"class_list":{"0":"post-61667","1":"product","2":"type-product","3":"status-publish","4":"has-post-thumbnail","6":"product_cat-fuentes-cargadores","7":"product_tag-fuentes-cargadores","8":"product_tag-soluciones-marinas","9":"product_tag-victron-energy","11":"first","12":"outofstock","13":"sale","14":"shipping-taxable","15":"purchasable","16":"product-type-simple"},"_links":{"self":[{"href":"https:\/\/soydeaqui.ddns.net\/pachuca\/index.php\/wp-json\/wp\/v2\/product\/61667","targetHints":{"allow":["GET"]}}],"collection":[{"href":"https:\/\/soydeaqui.ddns.net\/pachuca\/index.php\/wp-json\/wp\/v2\/product"}],"about":[{"href":"https:\/\/soydeaqui.ddns.net\/pachuca\/index.php\/wp-json\/wp\/v2\/types\/product"}],"replies":[{"embeddable":true,"href":"https:\/\/soydeaqui.ddns.net\/pachuca\/index.php\/wp-json\/wp\/v2\/comments?post=61667"}],"wp:featuredmedia":[{"embeddable":true,"href":"https:\/\/soydeaqui.ddns.net\/pachuca\/index.php\/wp-json\/wp\/v2\/media\/61666"}],"wp:attachment":[{"href":"https:\/\/soydeaqui.ddns.net\/pachuca\/index.php\/wp-json\/wp\/v2\/media?parent=61667"}],"wp:term":[{"taxonomy":"product_brand","embeddable":true,"href":"https:\/\/soydeaqui.ddns.net\/pachuca\/index.php\/wp-json\/wp\/v2\/product_brand?post=61667"},{"taxonomy":"product_cat","embeddable":true,"href":"https:\/\/soydeaqui.ddns.net\/pachuca\/index.php\/wp-json\/wp\/v2\/product_cat?post=61667"},{"taxonomy":"product_tag","embeddable":true,"href":"https:\/\/soydeaqui.ddns.net\/pachuca\/index.php\/wp-json\/wp\/v2\/product_tag?post=61667"}],"curies":[{"name":"wp","href":"https:\/\/api.w.org\/{rel}","templated":true}]}}