{"id":61665,"date":"2026-03-19T06:14:08","date_gmt":"2026-03-19T06:14:08","guid":{"rendered":"https:\/\/soydeaqui.ddns.net\/pachuca\/index.php\/producto\/mochila-ve-direct-bluetooth-smart-comunicador-bluetooth-para-sistemas-victron-con-puerto-ve-direct\/"},"modified":"2026-03-19T06:14:08","modified_gmt":"2026-03-19T06:14:08","slug":"mochila-ve-direct-bluetooth-smart-comunicador-bluetooth-para-sistemas-victron-con-puerto-ve-direct","status":"publish","type":"product","link":"https:\/\/soydeaqui.ddns.net\/pachuca\/index.php\/producto\/mochila-ve-direct-bluetooth-smart-comunicador-bluetooth-para-sistemas-victron-con-puerto-ve-direct\/","title":{"rendered":"Mochila VE.Direct Bluetooth Smart \/ Comunicador Bluetooth para Sistemas Victron con puerto VE.Direct"},"content":{"rendered":"<div style='width: 100%; max-width: 1200px; margin: 0 auto; font-family: sans-serif; line-height: 1.6; color: inherit; background-color: transparent;'>\n<div style='width: 100%; max-width: 1200px; margin: 0 auto;'>\n<div style='margin-bottom: 30px;'>\n<p style='font-size: 15px; margin-bottom: 15px; color: inherit;'>Usando la mochila VE.Direct a Bluetooth Smart puede ver la informaci\u00f3n de su BMV o MPPT en dispositivos iOS y Android con la aplicaci\u00f3n VictronConnect. Consulte informaci\u00f3n de forma inal\u00e1mbrica&comma; como el estado de las bater\u00edas o la energ\u00eda del panel solar&comma; adem\u00e1s de otros datos \u00fatiles.<\/p>\n<p style='font-size: 15px; margin-bottom: 15px; color: inherit;'>La mochila es capaz de leer datos de todos los productos que tengan un puerto VE.Direct&comma; como los monitores de bater\u00edas de la serie BMV-70x&comma; los inversores Phoenix con puerto VE.Direct y los controladores de carga solar MPPT.<\/p>\n<p style='font-size: 15px; margin-bottom: 0; color: inherit;'>Esto tambi\u00e9n incluye Instant Readout (lectura instant\u00e1nea): cuando se conecte la mochila VE.Direct Smart a un BlueSolar MPPT&comma; BMV-70x o inversor Phoenix VE.Direct&comma; VictronConnect mostrar\u00e1 los datos m\u00e1s importantes de estos productos en la p\u00e1gina de la Lista de dispositivos sin necesidad de tener una conexi\u00f3n emparejada. Esto incluye notificaciones visuales de avisos&comma; alarmas y errores para poder hacer diagn\u00f3sticos de un solo vistazo.<\/p>\n<\/p><\/div>\n<\/p><\/div>\n<\/p><\/div>\n","protected":false},"excerpt":{"rendered":"<p>Mochila VE.Direct Bluetooth Smart \/ Comunicador Bluetooth para Sistemas Victron con puerto VE.Direct<\/p>\n","protected":false},"featured_media":61664,"comment_status":"open","ping_status":"closed","template":"","meta":[],"product_brand":[],"product_cat":[1171],"product_tag":[1173,1172,1174],"class_list":{"0":"post-61665","1":"product","2":"type-product","3":"status-publish","4":"has-post-thumbnail","6":"product_cat-fuentes-cargadores","7":"product_tag-fuentes-cargadores","8":"product_tag-soluciones-marinas","9":"product_tag-victron-energy","11":"first","12":"instock","13":"sale","14":"shipping-taxable","15":"purchasable","16":"product-type-simple"},"_links":{"self":[{"href":"https:\/\/soydeaqui.ddns.net\/pachuca\/index.php\/wp-json\/wp\/v2\/product\/61665","targetHints":{"allow":["GET"]}}],"collection":[{"href":"https:\/\/soydeaqui.ddns.net\/pachuca\/index.php\/wp-json\/wp\/v2\/product"}],"about":[{"href":"https:\/\/soydeaqui.ddns.net\/pachuca\/index.php\/wp-json\/wp\/v2\/types\/product"}],"replies":[{"embeddable":true,"href":"https:\/\/soydeaqui.ddns.net\/pachuca\/index.php\/wp-json\/wp\/v2\/comments?post=61665"}],"wp:featuredmedia":[{"embeddable":true,"href":"https:\/\/soydeaqui.ddns.net\/pachuca\/index.php\/wp-json\/wp\/v2\/media\/61664"}],"wp:attachment":[{"href":"https:\/\/soydeaqui.ddns.net\/pachuca\/index.php\/wp-json\/wp\/v2\/media?parent=61665"}],"wp:term":[{"taxonomy":"product_brand","embeddable":true,"href":"https:\/\/soydeaqui.ddns.net\/pachuca\/index.php\/wp-json\/wp\/v2\/product_brand?post=61665"},{"taxonomy":"product_cat","embeddable":true,"href":"https:\/\/soydeaqui.ddns.net\/pachuca\/index.php\/wp-json\/wp\/v2\/product_cat?post=61665"},{"taxonomy":"product_tag","embeddable":true,"href":"https:\/\/soydeaqui.ddns.net\/pachuca\/index.php\/wp-json\/wp\/v2\/product_tag?post=61665"}],"curies":[{"name":"wp","href":"https:\/\/api.w.org\/{rel}","templated":true}]}}