{"id":61653,"date":"2026-03-19T06:13:43","date_gmt":"2026-03-19T06:13:43","guid":{"rendered":"https:\/\/soydeaqui.ddns.net\/pachuca\/index.php\/producto\/kit-de-radio-rg360-12-meses-de-servicio-de-radio-tassta-basico-y-sim-1gb-yobi\/"},"modified":"2026-03-19T06:13:44","modified_gmt":"2026-03-19T06:13:44","slug":"kit-de-radio-rg360-12-meses-de-servicio-de-radio-tassta-basico-y-sim-1gb-yobi","status":"publish","type":"product","link":"https:\/\/soydeaqui.ddns.net\/pachuca\/index.php\/producto\/kit-de-radio-rg360-12-meses-de-servicio-de-radio-tassta-basico-y-sim-1gb-yobi\/","title":{"rendered":"Kit de Radio RG360 12 meses de Servicio de Radio TASSTA B\u00e1sico y SIM 1GB YOBI"},"content":{"rendered":"<div style='width: 100%; max-width: 1200px; margin: 0 auto; font-family: sans-serif; line-height: 1.6; color: inherit; background-color: transparent;'> <!-- Garant\u00eda --> <\/p>\n<div style='text-align: center; margin: 30px 0;'> <span style='color: #e67e23; font-size: 24px; font-weight: bold;'>2 a\u00f1os de Garant\u00eda<\/span> <\/div>\n<p> <!-- T\u00edtulo principal --> <\/p>\n<h2 style='font-size: 28px; font-weight: bold; text-transform: uppercase; margin: 30px 0 15px; color: inherit;'> ALTAMENTE CONFIABLE&comma; DE RESPUESTA R\u00c1PIDA E IDEAL PARA <span style='color: #f8aa0e;'>PTT<\/span> <\/h2>\n<p> <!-- Descripci\u00f3n general --> <\/p>\n<div style='margin: 20px 0; font-size: 15px; color: inherit;'>\n<p style='margin: 0 0 15px;'>RG360 ha sido dise\u00f1ado con un bot\u00f3n PTT grande a la izquierda para una comunicaci\u00f3n f\u00e1cil e instant\u00e1nea. El dispositivo est\u00e1 equipado con un sistema operativo propietario basado en Android Go que no incluye Play Store. Los usuarios se mantienen enfocados en sus actividades&comma; menos distracciones.<\/p>\n<p style='margin: 0 0 15px;'>Cuenta con la aplicaci\u00f3n de NXRadio instalada que le permitir\u00e1 realizar tareas clave de una forma m\u00e1s r\u00e1pida e inteligente.<\/p>\n<\/p><\/div>\n<p> <!-- Secci\u00f3n caracter\u00edsticas --> <\/p>\n<h3 style='font-size: 22px; border-bottom: 2px solid currentColor; padding-bottom: 5px; margin: 30px 0 15px; color: inherit; opacity: 0.8;'>CARACTER\u00cdSTICAS<\/h3>\n<p> <!-- Caracter\u00edstica PTT --> <\/p>\n<div style='margin: 20px 0;'>\n<h4 style='font-size: 18px; font-weight: bold; margin: 15px 0 10px; color: inherit;'>Listo para llamadas PTT con bot\u00f3n dedicado y NXRadio Integrado<\/h4>\n<p style='margin: 0 0 15px; font-size: 15px; color: inherit;'>RG360 ha sido dise\u00f1ado con un bot\u00f3n PTT grande a la izquierda para una comunicaci\u00f3n f\u00e1cil e instant\u00e1nea.<\/p>\n<\/p><\/div>\n<p> <!-- Caracter\u00edstica audio --> <\/p>\n<div style='margin: 20px 0;'>\n<h4 style='font-size: 18px; font-weight: bold; margin: 15px 0 10px; color: inherit;'>Potente altavoz frontal de 105 dB<\/h4>\n<p style='margin: 0 0 15px; font-size: 15px; color: inherit;'>Dise\u00f1ado con la m\u00e1s alta calidad de audio&comma; el RG360 est\u00e1 equipado con un micr\u00f3fono dual con cancelaci\u00f3n de ruido y un receptor de banda ancha HD. Junto con un altavoz de 105 db&comma; permitir\u00e1 mensajes de voz altos y claros incluso en los entornos m\u00e1s ruidosos.<\/p>\n<\/p><\/div>\n<p> <!-- Caracter\u00edstica bater\u00eda --> <\/p>\n<div style='margin: 20px 0;'>\n<h4 style='font-size: 18px; font-weight: bold; margin: 15px 0 10px; color: inherit;'>Bater\u00eda extra\u00edble de 3000 mAh<\/h4>\n<p style='margin: 0 0 15px; font-size: 15px; color: inherit;'>RG360 es de tama\u00f1o peque\u00f1o&comma; pero viene con una bater\u00eda predeterminada de 3000 mAh. Optimizado y equipado con tecnolog\u00eda de ahorro de energ\u00eda para garantizar una mayor duraci\u00f3n de la bater\u00eda y los mejores resultados de comunicaci\u00f3n durante las horas de trabajo.<\/p>\n<p style='margin: 0; font-size: 15px; color: inherit;'>La bater\u00eda tambi\u00e9n se puede reemplazar por una completamente cargada para evitar interrupciones durante los turnos de trabajo.<\/p>\n<\/p><\/div>\n<p> <!-- Secci\u00f3n de especificaciones --> <\/p>\n<h3 style='font-size: 22px; border-bottom: 2px solid currentColor; padding-bottom: 5px; margin: 30px 0 15px; color: inherit; opacity: 0.8;'>ESPECIFICACIONES T\u00c9CNICAS<\/h3>\n<div style='display: flex; flex-wrap: wrap; gap: 20px; margin-bottom: 30px;'>\n<div style='flex: 1 1 300px; min-width: 280px; border: 1px solid rgba(150&comma; 150&comma; 150&comma; 0.4); border-radius: 8px; overflow: hidden;'>\n<div style='padding: 15px; border-bottom: 1px solid rgba(150&comma; 150&comma; 150&comma; 0.2); font-weight: bold; font-size: 18px; color: inherit;'>Sistema y Pantalla<\/div>\n<div style='padding: 15px; color: inherit;'>\n<ul style='padding-left: 20px; margin: 0; font-size: 14px; list-style-type: disc;'>\n<li style='margin-bottom: 8px;'><strong>Sistema operativo:<\/strong> Android\u2122 10 Go (Sin Play Store&comma; sin mapa en la APP)<\/li>\n<li style='margin-bottom: 8px;'><strong>Pantalla:<\/strong> 3&comma;0&#8221; IPS&comma; 480 x 854 p\u00edxeles&comma; legible a la luz del sol<\/li>\n<li style='margin-bottom: 8px;'><strong>Memoria:<\/strong> 8 GB almacenamiento&comma; MicroSD\/MicroSDXC hasta 128 GB<\/li>\n<li style='margin-bottom: 8px;'><strong>Memoria RAM:<\/strong> 1 GB<\/li>\n<li style='margin-bottom: 8px;'><strong>CPU:<\/strong> MTK6739&comma; cuatro n\u00facleos a 1&comma;28 GHz<\/li>\n<\/ul><\/div>\n<\/p><\/div>\n<div style='flex: 1 1 300px; min-width: 280px; border: 1px solid rgba(150&comma; 150&comma; 150&comma; 0.4); border-radius: 8px; overflow: hidden;'>\n<div style='padding: 15px; border-bottom: 1px solid rgba(150&comma; 150&comma; 150&comma; 0.2); font-weight: bold; font-size: 18px; color: inherit;'>Conectividad<\/div>\n<div style='padding: 15px; color: inherit;'>\n<ul style='padding-left: 20px; margin: 0; font-size: 14px; list-style-type: disc;'>\n<li style='margin-bottom: 8px;'><strong>Bandas de Telefon\u00eda:<\/strong><\/li>\n<ul style='padding-left: 25px; margin: 5px 0; font-size: 14px; list-style-type: disc;'>\n<li style='margin-bottom: 5px;'>GSMM: B2\/3\/5\/8<\/li>\n<li style='margin-bottom: 5px;'>WCDMA: B1\/2\/4\/5\/8<\/li>\n<li style='margin-bottom: 5px;'>TDD-LTE: B38\/40\/41<\/li>\n<li style='margin-bottom: 5px;'>FDD-LTE: B1\/2\/3\/4\/5\/7\/8\/20\/28<\/li>\n<\/ul>\n<li style='margin-bottom: 8px;'><strong>WiFi:<\/strong> 802.11 a\/b\/g\/n 2&comma;5 GHz y 5 GHz<\/li>\n<li style='margin-bottom: 8px;'><strong>Bluetooth:<\/strong> 4.2 Bajo consumo de energ\u00eda<\/li>\n<li style='margin-bottom: 8px;'><strong>Conectividad:<\/strong> Puerto de carga USB-C&comma; conector para auriculares PTT de 3&comma;5 mm<\/li>\n<li style='margin-bottom: 8px;'><strong>GPS:<\/strong> GPS\/A-GPS\/Glonass<\/li>\n<li style='margin-bottom: 8px;'><strong>Tarjeta SIM:<\/strong> Dual Nano-SIM&comma; tarjeta Micro SD&comma; eSIM (opcional)<\/li>\n<\/ul><\/div>\n<\/p><\/div>\n<div style='flex: 1 1 300px; min-width: 280px; border: 1px solid rgba(150&comma; 150&comma; 150&comma; 0.4); border-radius: 8px; overflow: hidden;'>\n<div style='padding: 15px; border-bottom: 1px solid rgba(150&comma; 150&comma; 150&comma; 0.2); font-weight: bold; font-size: 18px; color: inherit;'>Caracter\u00edsticas F\u00edsicas<\/div>\n<div style='padding: 15px; color: inherit;'>\n<ul style='padding-left: 20px; margin: 0; font-size: 14px; list-style-type: disc;'>\n<li style='margin-bottom: 8px;'><strong>Bater\u00eda:<\/strong> Bater\u00eda extra\u00edble de 3000 mAh<\/li>\n<li style='margin-bottom: 8px;'><strong>Color:<\/strong> Negro<\/li>\n<li style='margin-bottom: 8px;'><strong>Tama\u00f1o y peso:<\/strong> 118 x 58 x 25&comma;8 mm&comma; 197 g<\/li>\n<li style='margin-bottom: 8px;'><strong>Audio:<\/strong> Altavoz frontal de 105dB<\/li>\n<li style='margin-bottom: 8px;'><strong>C\u00e1mara:<\/strong> Trasera 2MP<\/li>\n<\/ul><\/div>\n<\/p><\/div>\n<div style='flex: 1 1 300px; min-width: 280px; border: 1px solid rgba(150&comma; 150&comma; 150&comma; 0.4); border-radius: 8px; overflow: hidden;'>\n<div style='padding: 15px; border-bottom: 1px solid rgba(150&comma; 150&comma; 150&comma; 0.2); font-weight: bold; font-size: 18px; color: inherit;'>Certificaciones<\/div>\n<div style='padding: 15px; color: inherit;'>\n<ul style='padding-left: 20px; margin: 0; font-size: 14px; list-style-type: disc;'>\n<li style='margin-bottom: 8px;'><strong>IP68:<\/strong> Resistente al agua y polvo<\/li>\n<li style='margin-bottom: 8px;'><strong>MIL-STD 810H:<\/strong> Resistente a ca\u00eddas y condiciones extremas<\/li>\n<\/ul><\/div>\n<\/p><\/div>\n<\/p><\/div>\n<p> <!-- Secci\u00f3n de contenido adicional --> <\/p>\n<div style='margin: 30px 0;'>\n<h3 style='font-size: 22px; border-bottom: 2px solid currentColor; padding-bottom: 5px; margin: 0 0 15px; color: inherit; opacity: 0.8;'>KIT incluye<\/h3>\n<ul style='padding-left: 20px; font-size: 15px; color: inherit; list-style-type: disc;'>\n<li style='margin-bottom: 8px;'><strong>Radio RG360<\/strong><\/li>\n<li style='margin-bottom: 8px;'><strong>Licencia anual TFLEXPTT (TASSTA B\u00e1sica)<\/strong><\/li>\n<li style='margin-bottom: 8px;'><strong>SIM YOBI 1GB Mensual 12 meses<\/strong> (Activaci\u00f3n autom\u00e1tica&comma; requiere configuraci\u00f3n de APN en Terminal)<\/li>\n<\/ul><\/div>\n<p> <!-- Separador final --> <\/p>\n<hr style='border: 0; border-top: 1px solid rgba(150&comma; 150&comma; 150&comma; 0.3); margin: 30px 0;'> <\/div>\n","protected":false},"excerpt":{"rendered":"<p>Kit de Radio RG360 12 meses de Servicio de Radio TASSTA B\u00e1sico y SIM 1GB YOBI<\/p>\n","protected":false},"featured_media":61652,"comment_status":"open","ping_status":"closed","template":"","meta":[],"product_brand":[],"product_cat":[1606],"product_tag":[1607,1508,1510],"class_list":{"0":"post-61653","1":"product","2":"type-product","3":"status-publish","4":"has-post-thumbnail","6":"product_cat-radios-4g","7":"product_tag-radios-4g","8":"product_tag-radios-lte","9":"product_tag-tassta","11":"first","12":"outofstock","13":"sale","14":"shipping-taxable","15":"purchasable","16":"product-type-simple"},"_links":{"self":[{"href":"https:\/\/soydeaqui.ddns.net\/pachuca\/index.php\/wp-json\/wp\/v2\/product\/61653","targetHints":{"allow":["GET"]}}],"collection":[{"href":"https:\/\/soydeaqui.ddns.net\/pachuca\/index.php\/wp-json\/wp\/v2\/product"}],"about":[{"href":"https:\/\/soydeaqui.ddns.net\/pachuca\/index.php\/wp-json\/wp\/v2\/types\/product"}],"replies":[{"embeddable":true,"href":"https:\/\/soydeaqui.ddns.net\/pachuca\/index.php\/wp-json\/wp\/v2\/comments?post=61653"}],"wp:featuredmedia":[{"embeddable":true,"href":"https:\/\/soydeaqui.ddns.net\/pachuca\/index.php\/wp-json\/wp\/v2\/media\/61652"}],"wp:attachment":[{"href":"https:\/\/soydeaqui.ddns.net\/pachuca\/index.php\/wp-json\/wp\/v2\/media?parent=61653"}],"wp:term":[{"taxonomy":"product_brand","embeddable":true,"href":"https:\/\/soydeaqui.ddns.net\/pachuca\/index.php\/wp-json\/wp\/v2\/product_brand?post=61653"},{"taxonomy":"product_cat","embeddable":true,"href":"https:\/\/soydeaqui.ddns.net\/pachuca\/index.php\/wp-json\/wp\/v2\/product_cat?post=61653"},{"taxonomy":"product_tag","embeddable":true,"href":"https:\/\/soydeaqui.ddns.net\/pachuca\/index.php\/wp-json\/wp\/v2\/product_tag?post=61653"}],"curies":[{"name":"wp","href":"https:\/\/api.w.org\/{rel}","templated":true}]}}