{"id":61645,"date":"2026-03-19T06:13:30","date_gmt":"2026-03-19T06:13:30","guid":{"rendered":"https:\/\/soydeaqui.ddns.net\/pachuca\/index.php\/producto\/renovacion-sim-att-iot-para-radio-cobertura-mexico-usa-canada-10gb-mensual-servicio-por-1-ano-activacion-automatica-por-panel-sin-humanos\/"},"modified":"2026-03-19T06:13:31","modified_gmt":"2026-03-19T06:13:31","slug":"renovacion-sim-att-iot-para-radio-cobertura-mexico-usa-canada-10gb-mensual-servicio-por-1-ano-activacion-automatica-por-panel-sin-humanos","status":"publish","type":"product","link":"https:\/\/soydeaqui.ddns.net\/pachuca\/index.php\/producto\/renovacion-sim-att-iot-para-radio-cobertura-mexico-usa-canada-10gb-mensual-servicio-por-1-ano-activacion-automatica-por-panel-sin-humanos\/","title":{"rendered":"RENOVACION SIM AT&#038;T IoT para RADIO, Cobertura M\u00e9xico\/USA\/Canad\u00e1, 10GB MENSUAL, Servicio por 1 A\u00f1o, ACTIVACI\u00d3N AUTOMATICA POR PANEL (SIN HUMANOS)"},"content":{"rendered":"<div style='width: 100%; max-width: 1200px; margin: 0 auto; font-family: sans-serif; line-height: 1.6; color: inherit; background-color: transparent;'>\n<div style='display: flex; flex-wrap: wrap; gap: 30px; margin-bottom: 30px;'>\n<div style='flex: 1 1 300px; min-width: 280px;'>\n<h3 style='font-size: 22px; border-bottom: 2px solid currentColor; padding-bottom: 5px; margin-top: 0; color: inherit; opacity: 0.8;'>Caracter\u00edsticas principales<\/h3>\n<ul style='padding-left: 20px; font-size: 15px; color: inherit;'>\n<li style='margin-bottom: 5px;'>Este SIM es compatible con la red de AT&#038;T&comma; ofrece 10GB mensual por un periodo de 1 A\u00f1o<\/li>\n<li style='margin-bottom: 5px;'>AT&#038;T IoT para RADIO&comma; Cobertura M\u00e9xico\/USA\/Canad\u00e1&comma; 10GB Mensual&comma; ACTIVACI\u00d3N AUTOM\u00c1TICA (SIN HUMANOS)<\/li>\n<li style='margin-bottom: 5px;'>Tiene servicio a nivel nacional (Cobertura en M\u00e9xico) y servicio de roaming en Estados Unidos y Canad\u00e1<\/li>\n<li style='margin-bottom: 5px;'>No incluye navegaci\u00f3n en Redes Sociales de manera Gratuita<\/li>\n<li style='margin-bottom: 5px;'>No incluye env\u00edo de Mensajes SMS<\/li>\n<li style='margin-bottom: 5px;'>No Incluye llamadas<\/li>\n<\/ul><\/div>\n<\/p><\/div>\n<div style='display: flex; flex-wrap: wrap; gap: 30px; margin-bottom: 30px;'>\n<div style='flex: 1 1 300px; min-width: 280px;'>\n<h3 style='font-size: 22px; border-bottom: 2px solid currentColor; padding-bottom: 5px; margin-top: 0; color: inherit; opacity: 0.8;'>Notas importantes<\/h3>\n<ul style='padding-left: 20px; font-size: 15px; color: inherit;'>\n<li style='margin-bottom: 5px;'>Requiere configuraci\u00f3n de nueva APN en el dispositivo<\/li>\n<li style='margin-bottom: 5px;'>No tiene opci\u00f3n a llamadas ni salida de SMS y MMS<\/li>\n<li style='margin-bottom: 5px;'>Una vez facturado&comma; no es posible su cancelaci\u00f3n<\/li>\n<li style='margin-bottom: 5px;'>El SIM no puede permanecer por m\u00e1s de 1 mes sin reactivar&comma; en dado caso se desactivar\u00e1 permanentemente<\/li>\n<\/ul><\/div>\n<div style='flex: 1 1 300px; min-width: 280px;'>\n<h3 style='font-size: 22px; border-bottom: 2px solid currentColor; padding-bottom: 5px; margin-top: 0; color: inherit; opacity: 0.8;'>Configuraci\u00f3n APN<\/h3>\n<div style='font-size: 15px; color: inherit; background-color: rgba(150&comma;150&comma;150&comma;0.05); padding: 15px; border: 1px solid rgba(150&comma;150&comma;150&comma;0.3); border-radius: 8px;'>\n<p style='margin-bottom: 10px;'><strong>APN:<\/strong> ott.iot.attmex.mx<\/p>\n<p style='margin-bottom: 10px;'><strong>Usuario:<\/strong> (en blanco)<\/p>\n<p style='margin-bottom: 10px;'><strong>Contrase\u00f1a:<\/strong> (en blanco)<\/p>\n<\/p><\/div>\n<\/p><\/div>\n<\/p><\/div>\n<div style='display: flex; flex-wrap: wrap; gap: 30px; margin-bottom: 30px;'>\n<div style='flex: 1 1 300px; min-width: 280px;'>\n<h3 style='font-size: 22px; border-bottom: 2px solid currentColor; padding-bottom: 5px; margin-top: 0; color: inherit; opacity: 0.8;'>F\u00e1cil Administraci\u00f3n en solo 3 pasos<\/h3>\n<\/p><\/div>\n<\/p><\/div>\n<div style='display: flex; flex-wrap: wrap; gap: 20px; margin-bottom: 30px;'>\n<div style='flex: 1 1 300px; min-width: 280px;'>\n<div style='border: 1px solid rgba(150&comma; 150&comma; 150&comma; 0.4); border-radius: 8px; overflow: hidden; display: flex; flex-direction: column; height: 100%;'>\n<div style='padding: 15px; border-bottom: 1px solid rgba(150&comma; 150&comma; 150&comma; 0.2); font-weight: bold; font-size: 18px; background-color: rgba(0&comma; 145&comma; 255&comma; 0.05); color: inherit;'>Paso 1<\/div>\n<div style='padding: 15px; color: inherit; flex-grow: 1; display: flex; flex-direction: column;'>\n<p style='margin-bottom: 15px;'>Adquirir su SIM <a href='https:\/\/www.syscom.mx\/principal\/searchcont?route=SIM1GBATTS--Syscom-171054&#038;autodetect=SIM1GBATT' style='color: #0091ff; text-decoration: none; font-weight: bold;'>SIM10GBATTS<\/a> en l\u00ednea o con su ejecutivo de ventas:<\/p>\n<p> <a href='https:\/\/ftp3.syscom.mx\/usuarios\/ftp\/single_page\/envios\/carrito.jpg' target='_blank' rel='noopener' style='text-decoration: none;'> <img style='width: 100%; height: auto; border: 1px solid rgba(150&comma;150&comma;150&comma;0.3); border-radius: 8px;' src='https:\/\/ftp3.syscom.mx\/usuarios\/fotos\/SIM1GBATT\/170807-1.png' alt=''> <\/a> <\/div>\n<\/p><\/div>\n<\/p><\/div>\n<div style='flex: 1 1 300px; min-width: 280px;'>\n<div style='border: 1px solid rgba(150&comma; 150&comma; 150&comma; 0.4); border-radius: 8px; overflow: hidden; display: flex; flex-direction: column; height: 100%;'>\n<div style='padding: 15px; border-bottom: 1px solid rgba(150&comma; 150&comma; 150&comma; 0.2); font-weight: bold; font-size: 18px; background-color: rgba(0&comma; 145&comma; 255&comma; 0.05); color: inherit;'>Paso 2<\/div>\n<div style='padding: 15px; color: inherit; flex-grow: 1; display: flex; flex-direction: column;'>\n<p style='margin-bottom: 15px;'>Tomar el Folio \u00f3 de su Factura:<\/p>\n<p> <a href='https:\/\/ftp3.syscom.mx\/usuarios\/ftp\/single_page\/envios\/facturas.jpg' target='_blank' rel='noopener' style='text-decoration: none;'> <img style='width: 100%; height: auto; border: 1px solid rgba(150&comma;150&comma;150&comma;0.3); border-radius: 8px;' src='https:\/\/ftp3.syscom.mx\/usuarios\/ftp\/single_page\/envios\/facturas.jpg' alt=''> <\/a> <\/div>\n<\/p><\/div>\n<\/p><\/div>\n<div style='flex: 1 1 300px; min-width: 280px;'>\n<div style='border: 1px solid rgba(150&comma; 150&comma; 150&comma; 0.4); border-radius: 8px; overflow: hidden; display: flex; flex-direction: column; height: 100%;'>\n<div style='padding: 15px; border-bottom: 1px solid rgba(150&comma; 150&comma; 150&comma; 0.2); font-weight: bold; font-size: 18px; background-color: rgba(0&comma; 145&comma; 255&comma; 0.05); color: inherit;'>Paso 3<\/div>\n<div style='padding: 15px; color: inherit; flex-grow: 1; display: flex; flex-direction: column;'>\n<p style='margin-bottom: 15px;'>Agregar su Folio de Factura en: <a href='https:\/\/www.syscom.mx\/panel\/activa_SIM1GBATT' style='color: #0091ff; text-decoration: none; font-weight: bold;'>https:\/\/www.syscom.mx\/panel\/activa_SIM1GBATT<\/a><\/p>\n<p style='margin-bottom: 15px;'>Agregar vigencia y dar click en aplicar.<\/p>\n<p> <a href='https:\/\/ftp3.syscom.mx\/usuarios\/ftp\/single_page\/envios\/Administrar.jpg' target='_blank' rel='noopener' style='text-decoration: none;'> <img style='width: 100%; height: auto; border: 1px solid rgba(150&comma;150&comma;150&comma;0.3); border-radius: 8px;' src='https:\/\/ftp3.syscom.mx\/usuarios\/fotos\/SIM1GBATT\/170807-2.png' alt=''> <\/a> <\/div>\n<\/p><\/div>\n<\/p><\/div>\n<\/p><\/div>\n<hr style='border: 0; border-top: 1px solid rgba(150&comma; 150&comma; 150&comma; 0.3); margin: 30px 0;'> <\/div>\n","protected":false},"excerpt":{"rendered":"<p>RENOVACION SIM AT&#038;T IoT para RADIO, Cobertura M\u00e9xico\/USA\/Canad\u00e1, 10GB MENSUAL, Servicio por 1 A\u00f1o, ACTIVACI\u00d3N AUTOMATICA POR PANEL (SIN HUMANOS)<\/p>\n","protected":false},"featured_media":32,"comment_status":"open","ping_status":"closed","template":"","meta":[],"product_brand":[],"product_cat":[1603],"product_tag":[1508,1604,63],"class_list":{"0":"post-61645","1":"product","2":"type-product","3":"status-publish","4":"has-post-thumbnail","6":"product_cat-sims-de-datos","7":"product_tag-radios-lte","8":"product_tag-sims-de-datos","9":"product_tag-syscom","11":"first","12":"outofstock","13":"sale","14":"shipping-taxable","15":"purchasable","16":"product-type-simple"},"_links":{"self":[{"href":"https:\/\/soydeaqui.ddns.net\/pachuca\/index.php\/wp-json\/wp\/v2\/product\/61645","targetHints":{"allow":["GET"]}}],"collection":[{"href":"https:\/\/soydeaqui.ddns.net\/pachuca\/index.php\/wp-json\/wp\/v2\/product"}],"about":[{"href":"https:\/\/soydeaqui.ddns.net\/pachuca\/index.php\/wp-json\/wp\/v2\/types\/product"}],"replies":[{"embeddable":true,"href":"https:\/\/soydeaqui.ddns.net\/pachuca\/index.php\/wp-json\/wp\/v2\/comments?post=61645"}],"wp:featuredmedia":[{"embeddable":true,"href":"https:\/\/soydeaqui.ddns.net\/pachuca\/index.php\/wp-json\/wp\/v2\/media\/32"}],"wp:attachment":[{"href":"https:\/\/soydeaqui.ddns.net\/pachuca\/index.php\/wp-json\/wp\/v2\/media?parent=61645"}],"wp:term":[{"taxonomy":"product_brand","embeddable":true,"href":"https:\/\/soydeaqui.ddns.net\/pachuca\/index.php\/wp-json\/wp\/v2\/product_brand?post=61645"},{"taxonomy":"product_cat","embeddable":true,"href":"https:\/\/soydeaqui.ddns.net\/pachuca\/index.php\/wp-json\/wp\/v2\/product_cat?post=61645"},{"taxonomy":"product_tag","embeddable":true,"href":"https:\/\/soydeaqui.ddns.net\/pachuca\/index.php\/wp-json\/wp\/v2\/product_tag?post=61645"}],"curies":[{"name":"wp","href":"https:\/\/api.w.org\/{rel}","templated":true}]}}