{"id":61614,"date":"2026-03-19T06:12:29","date_gmt":"2026-03-19T06:12:29","guid":{"rendered":"https:\/\/soydeaqui.ddns.net\/pachuca\/index.php\/producto\/gabinete-accessplus-de-montaje-en-pared-de-19in-rieles-numerados-y-roscados-10-32-puerta-con-ventana-de-seguridad-600-mm-de-ancho-762-mm-de-profundidad-12-ur-color-negro\/"},"modified":"2026-03-19T06:12:29","modified_gmt":"2026-03-19T06:12:29","slug":"gabinete-accessplus-de-montaje-en-pared-de-19in-rieles-numerados-y-roscados-10-32-puerta-con-ventana-de-seguridad-600-mm-de-ancho-762-mm-de-profundidad-12-ur-color-negro","status":"publish","type":"product","link":"https:\/\/soydeaqui.ddns.net\/pachuca\/index.php\/producto\/gabinete-accessplus-de-montaje-en-pared-de-19in-rieles-numerados-y-roscados-10-32-puerta-con-ventana-de-seguridad-600-mm-de-ancho-762-mm-de-profundidad-12-ur-color-negro\/","title":{"rendered":"Gabinete AccessPlus de Montaje en Pared de 19in, Rieles Numerados y Roscados #10-32, Puerta con Ventana de Seguridad, 600 mm de Ancho, 762 mm de Profundidad, 12 UR, Color Negro"},"content":{"rendered":"<div style='width: 100%; max-width: 1200px; margin: 0 auto; font-family: sans-serif; line-height: 1.6; color: inherit; background-color: transparent;'> <!-- Secci\u00f3n de descripci\u00f3n --> <\/p>\n<div style='margin-bottom: 30px;'>\n<p style='font-size: 15px; margin: 0 0 15px; color: inherit; background-color: transparent;'> Los gabinetes AccessPlus proporcionan seguridad&comma; acceso al equipo&comma; enfriamiento y soporte para redes y otros equipos de 19 pulg. montados en rack. El gabinete tiene tres componentes: puerta delantera&comma; secci\u00f3n central y secci\u00f3n de pared. <\/p>\n<\/p><\/div>\n<p> <!-- Secci\u00f3n de caracter\u00edsticas --> <\/p>\n<div style='display: flex; flex-wrap: wrap; gap: 30px; margin-bottom: 30px;'>\n<div style='flex: 1 1 300px; min-width: 280px;'>\n<h3 style='font-size: 22px; border-bottom: 2px solid currentColor; padding-bottom: 5px; margin-top: 0; color: inherit; opacity: 0.8;'>Caracter\u00edsticas principales<\/h3>\n<ul style='padding-left: 20px; font-size: 15px; color: inherit; list-style-type: disc;'>\n<li style='margin-bottom: 5px; color: inherit;'>Con doble bisagra para un f\u00e1cil acceso al equipo; la secci\u00f3n central proporciona un montaje de rack de 19 pulg. con espaciado universal EIA y se accede a este a trav\u00e9s de la puerta delantera o se gira la secci\u00f3n central de la secci\u00f3n de pared para acceso trasero.<\/li>\n<li style='margin-bottom: 5px; color: inherit;'>La puerta frontal tiene una puerta de ventana de seguridad de acero s\u00f3lido o endurecido y entintado para tener una resistencia superior a los ara\u00f1azos.<\/li>\n<li style='margin-bottom: 5px; color: inherit;'>La secci\u00f3n central se retira f\u00e1cilmente de la secci\u00f3n trasera; es posible la instalaci\u00f3n sin herramientas por una persona.<\/li>\n<li style='margin-bottom: 5px; color: inherit;'>\u00c1ngulos de rack de acero chapado de autoconducci\u00f3n a tierra&comma; totalmente ajustables dentro de la secci\u00f3n central.<\/li>\n<li style='margin-bottom: 5px; color: inherit;'>La secci\u00f3n de pared proporciona entrada de cable y gesti\u00f3n de cableado con chiqueadores o placas de montaje<\/li>\n<li style='margin-bottom: 5px; color: inherit;'>El modelo de placa de montaje facilita la adaptaci\u00f3n y la instalaci\u00f3n r\u00e1pida&comma; y permite cables preterminados o paneles de conexi\u00f3n precableados; no es necesario volver a terminar y probar.<\/li>\n<li style='margin-bottom: 5px; color: inherit;'>Cerrojos de cierre autom\u00e1tico de secci\u00f3n de pared central a pared en dos ubicaciones<\/li>\n<li style='margin-bottom: 5px; color: inherit;'>Acceso frontal a todos los cerrojos (sin cerrojos laterales expuestos); el gabinete puede instalarse firmemente en las esquinas<\/li>\n<li style='margin-bottom: 5px; color: inherit;'>Los laterales con respiradero proporcionan ventilaci\u00f3n de flujo cruzado para mejorar la disipaci\u00f3n del calor.<\/li>\n<li style='margin-bottom: 5px; color: inherit;'>El organizador de cables vertical viene incluido en los modelos de 28 pulgadas de ancho.<\/li>\n<li style='margin-bottom: 5px; color: inherit;'>Se proporciona un juego de \u00e1ngulos de rack de 10 a 32&comma; roscados&comma; chapados y con autoconducci\u00f3n a tierra seg\u00fan los est\u00e1ndares de espaciado universal EIA&comma; que pueden ajustarse de delante hacia atr\u00e1s&comma; con cada secci\u00f3n central del gabinete; pueden agregarse \u00e1ngulos para rack roscados o racks con orificio cuadrado adicionales al gabinete para brindar montaje adicional.<\/li>\n<\/ul><\/div>\n<\/p><\/div>\n<p> <!-- Secci\u00f3n de especificaciones --> <\/p>\n<div style='display: flex; flex-wrap: wrap; gap: 20px; margin-bottom: 30px;'>\n<div style='flex: 1 1 250px; border: 1px solid rgba(150&comma; 150&comma; 150&comma; 0.4); border-radius: 8px; overflow: hidden; display: flex; flex-direction: column;'>\n<div style='padding: 15px; border-bottom: 1px solid rgba(150&comma; 150&comma; 150&comma; 0.2); font-weight: bold; font-size: 18px; color: inherit;'>Especificaciones T\u00e9cnicas<\/div>\n<div style='padding: 15px; color: inherit;'>\n<ul style='padding-left: 20px; margin: 0; font-size: 14px; list-style-type: disc;'>\n<li style='margin-bottom: 5px; color: inherit;'><strong>Altura:<\/strong> 23.62 pulg.\/600 mm<\/li>\n<li style='margin-bottom: 5px; color: inherit;'><strong>Ancho:<\/strong> 23.62 pulg.\/600 mm<\/li>\n<li style='margin-bottom: 5px; color: inherit;'><strong>Profundidad:<\/strong> 30 pulg.\/762 mm<\/li>\n<li style='margin-bottom: 5px; color: inherit;'><strong>Clasificaci\u00f3n de protecci\u00f3n:<\/strong> NEMA Tipo 1; IP20<\/li>\n<li style='margin-bottom: 5px; color: inherit;'><strong>Material:<\/strong> Acero<\/li>\n<li style='margin-bottom: 5px; color: inherit;'><strong>Unidades de rack:<\/strong> 12<\/li>\n<li style='margin-bottom: 5px; color: inherit;'><strong>Clasificaci\u00f3n de carga:<\/strong> 250 lb (113.4 kg)<\/li>\n<li style='margin-bottom: 5px; color: inherit;'><strong>Rieles de rack adicionales&comma; S=orificio cuadrado T=orificio roscado:<\/strong> EWMR24T o EWMR24S<\/li>\n<li style='margin-bottom: 5px; color: inherit;'><strong>Color:<\/strong> Negro<\/li>\n<li style='margin-bottom: 5px; color: inherit;'><strong>C\u00f3digo de colores:<\/strong> RAL 9005<\/li>\n<li style='margin-bottom: 5px; color: inherit;'><strong>Acabado:<\/strong> Recubrimiento electrost\u00e1tico<\/li>\n<li style='margin-bottom: 5px; color: inherit;'><strong>Grosor:<\/strong> Calibre 14\/1.9 mm<\/li>\n<li style='margin-bottom: 5px; color: inherit;'><strong>Peso:<\/strong> 119 lb (54 kg)<\/li>\n<\/ul><\/div>\n<\/p><\/div>\n<\/p><\/div>\n<p> <!-- Separador --> <\/p>\n<hr style='border: 0; border-top: 1px solid rgba(150&comma; 150&comma; 150&comma; 0.3); margin: 30px 0;'> <\/div>\n","protected":false},"excerpt":{"rendered":"<p>Gabinete AccessPlus de Montaje en Pared de 19in, Rieles Numerados y Roscados #10-32, Puerta con Ventana de Seguridad, 600 mm de Ancho, 762 mm de Profundidad, 12 UR, Color Negro<\/p>\n","protected":false},"featured_media":61613,"comment_status":"open","ping_status":"closed","template":"","meta":[],"product_brand":[],"product_cat":[623],"product_tag":[698,624,605],"class_list":{"0":"post-61614","1":"product","2":"type-product","3":"status-publish","4":"has-post-thumbnail","6":"product_cat-racks-cerrados","7":"product_tag-hoffman","8":"product_tag-racks-cerrados","9":"product_tag-racks-y-gabinetes","11":"first","12":"instock","13":"sale","14":"shipping-taxable","15":"purchasable","16":"product-type-simple"},"_links":{"self":[{"href":"https:\/\/soydeaqui.ddns.net\/pachuca\/index.php\/wp-json\/wp\/v2\/product\/61614","targetHints":{"allow":["GET"]}}],"collection":[{"href":"https:\/\/soydeaqui.ddns.net\/pachuca\/index.php\/wp-json\/wp\/v2\/product"}],"about":[{"href":"https:\/\/soydeaqui.ddns.net\/pachuca\/index.php\/wp-json\/wp\/v2\/types\/product"}],"replies":[{"embeddable":true,"href":"https:\/\/soydeaqui.ddns.net\/pachuca\/index.php\/wp-json\/wp\/v2\/comments?post=61614"}],"wp:featuredmedia":[{"embeddable":true,"href":"https:\/\/soydeaqui.ddns.net\/pachuca\/index.php\/wp-json\/wp\/v2\/media\/61613"}],"wp:attachment":[{"href":"https:\/\/soydeaqui.ddns.net\/pachuca\/index.php\/wp-json\/wp\/v2\/media?parent=61614"}],"wp:term":[{"taxonomy":"product_brand","embeddable":true,"href":"https:\/\/soydeaqui.ddns.net\/pachuca\/index.php\/wp-json\/wp\/v2\/product_brand?post=61614"},{"taxonomy":"product_cat","embeddable":true,"href":"https:\/\/soydeaqui.ddns.net\/pachuca\/index.php\/wp-json\/wp\/v2\/product_cat?post=61614"},{"taxonomy":"product_tag","embeddable":true,"href":"https:\/\/soydeaqui.ddns.net\/pachuca\/index.php\/wp-json\/wp\/v2\/product_tag?post=61614"}],"curies":[{"name":"wp","href":"https:\/\/api.w.org\/{rel}","templated":true}]}}