{"id":61595,"date":"2026-03-19T06:11:56","date_gmt":"2026-03-19T06:11:56","guid":{"rendered":"https:\/\/soydeaqui.ddns.net\/pachuca\/index.php\/producto\/bomba-sumergible-de-achique-de-2000-galones-por-hora-a-24-volts-de-corriente-directa\/"},"modified":"2026-03-19T06:11:56","modified_gmt":"2026-03-19T06:11:56","slug":"bomba-sumergible-de-achique-de-2000-galones-por-hora-a-24-volts-de-corriente-directa","status":"publish","type":"product","link":"https:\/\/soydeaqui.ddns.net\/pachuca\/index.php\/producto\/bomba-sumergible-de-achique-de-2000-galones-por-hora-a-24-volts-de-corriente-directa\/","title":{"rendered":"Bomba sumergible de achique de 2000 galones por hora a 24 Volts de corriente directa."},"content":{"rendered":"<div style='width: 100%; max-width: 1200px; margin: 0 auto; font-family: sans-serif; line-height: 1.6; color: inherit; background-color: transparent;'>\n<div style='display: flex; flex-direction: column; gap: 30px;'>\n<div style='width: 100%; max-width: 200px; align-self: flex-start;'> <img style='width: 100%; height: auto; border: 1px solid rgba(150&comma;150&comma;150&comma;0.3); border-radius: 8px;' src='https:\/\/www.jabscoshop.com\/images\/Rule_Logo.jpg' alt='Logo Rule'> <\/div>\n<div style='display: flex; flex-direction: column; gap: 15px;'>\n<p style='margin: 0; font-size: 15px; color: inherit; opacity: 0.9;'> Mantener la sentina libre de agua es el objetivo n\u00famero uno de las bombas de sentina est\u00e1ndar Rule. La ingenier\u00eda y las pruebas rigurosas garantizan que las bombas puedan ofrecer de manera eficiente el flujo m\u00e1s alto incluso en las aplicaciones m\u00e1s desafiantes. <\/p>\n<p style='margin: 0; font-size: 15px; color: inherit; opacity: 0.9;'> Las bombas de achique est\u00e1ndar Rule son productos independientes con interruptores que se venden por separado. Las bombas se pueden combinar con un flotador o un interruptor de panel&comma; lo que proporciona un nivel adicional de seguridad y protecci\u00f3n. <\/p>\n<\/p><\/div>\n<div style='display: flex; flex-wrap: wrap; gap: 20px;'>\n<div style='flex: 1 1 300px; min-width: 280px;'>\n<h3 style='font-size: 22px; border-bottom: 2px solid currentColor; padding-bottom: 5px; margin-top: 0; color: inherit; opacity: 0.8;'>Caracter\u00edsticas<\/h3>\n<ul style='padding-left: 20px; font-size: 15px; color: inherit; list-style-type: disc;'>\n<li style='margin-bottom: 5px;'>Tasa de desag\u00fce de 3700 GPH.<\/li>\n<li style='margin-bottom: 5px;'>de 2000 GPH.<\/li>\n<li style='margin-bottom: 5px;'>Versi\u00f3n de 24 Vcd.<\/li>\n<li style='margin-bottom: 5px;'>Construido con un motor compacto&comma; eficiente y de larga duraci\u00f3n&comma; con capacidad de operar en seco en periodos cortos<\/li>\n<li style='margin-bottom: 5px;'>Base de filtro de f\u00e1cil limpieza y cierre a presi\u00f3n.<\/li>\n<li style='margin-bottom: 5px;'>Fabricado con ejes de acero inoxidable completamente sumergibles.<\/li>\n<li style='margin-bottom: 5px;'>Cableado de alta calidad en grado marino.<\/li>\n<li style='margin-bottom: 5px;'>Cuenta con protecci\u00f3n contra \u00f3xido y corrosi\u00f3n.<\/li>\n<li style='margin-bottom: 5px;'>Integra una protecci\u00f3n de desconexi\u00f3n t\u00e9rmica (TCO) integrada la cual proporciona una protecci\u00f3n adicional.<\/li>\n<li style='margin-bottom: 5px;'>Funcionamiento silencioso de m\u00ednima vibraci\u00f3n.<\/li>\n<li style='margin-bottom: 5px;'>Ofrece una protecci\u00f3n contra ignici\u00f3n.<\/li>\n<li style='margin-bottom: 5px;'>Certificado CE e ISO 8849.<\/li>\n<\/ul><\/div>\n<\/p><\/div>\n<div style='display: flex; justify-content: center;'> <img style='width: 100%; max-width: 600px; height: auto; border: 1px solid rgba(150&comma;150&comma;150&comma;0.3); border-radius: 8px;' src='https:\/\/www.xylem.com\/siteassets\/brand\/rule\/product-images\/2000-std-bilge-main-465x465-1.jpg?width=465&#038;height=465&#038;quality=65&#038;rmode=boxpad&#038;bgcolor=ffffffff&#038;format=webp' alt='Bomba sumergible Rule'> <\/div>\n<\/p><\/div>\n<\/p><\/div>\n","protected":false},"excerpt":{"rendered":"<p>Bomba sumergible de achique de 2000 galones por hora a 24 Volts de corriente directa.<\/p>\n","protected":false},"featured_media":61594,"comment_status":"open","ping_status":"closed","template":"","meta":[],"product_brand":[],"product_cat":[1541],"product_tag":[1542,1499,1172],"class_list":{"0":"post-61595","1":"product","2":"type-product","3":"status-publish","4":"has-post-thumbnail","6":"product_cat-equipos-para-pesca-comercial-y-recreativa","7":"product_tag-equipos-para-pesca-comercial-y-recreativa","8":"product_tag-rule","9":"product_tag-soluciones-marinas","11":"first","12":"instock","13":"sale","14":"shipping-taxable","15":"purchasable","16":"product-type-simple"},"_links":{"self":[{"href":"https:\/\/soydeaqui.ddns.net\/pachuca\/index.php\/wp-json\/wp\/v2\/product\/61595","targetHints":{"allow":["GET"]}}],"collection":[{"href":"https:\/\/soydeaqui.ddns.net\/pachuca\/index.php\/wp-json\/wp\/v2\/product"}],"about":[{"href":"https:\/\/soydeaqui.ddns.net\/pachuca\/index.php\/wp-json\/wp\/v2\/types\/product"}],"replies":[{"embeddable":true,"href":"https:\/\/soydeaqui.ddns.net\/pachuca\/index.php\/wp-json\/wp\/v2\/comments?post=61595"}],"wp:featuredmedia":[{"embeddable":true,"href":"https:\/\/soydeaqui.ddns.net\/pachuca\/index.php\/wp-json\/wp\/v2\/media\/61594"}],"wp:attachment":[{"href":"https:\/\/soydeaqui.ddns.net\/pachuca\/index.php\/wp-json\/wp\/v2\/media?parent=61595"}],"wp:term":[{"taxonomy":"product_brand","embeddable":true,"href":"https:\/\/soydeaqui.ddns.net\/pachuca\/index.php\/wp-json\/wp\/v2\/product_brand?post=61595"},{"taxonomy":"product_cat","embeddable":true,"href":"https:\/\/soydeaqui.ddns.net\/pachuca\/index.php\/wp-json\/wp\/v2\/product_cat?post=61595"},{"taxonomy":"product_tag","embeddable":true,"href":"https:\/\/soydeaqui.ddns.net\/pachuca\/index.php\/wp-json\/wp\/v2\/product_tag?post=61595"}],"curies":[{"name":"wp","href":"https:\/\/api.w.org\/{rel}","templated":true}]}}