{"id":61587,"date":"2026-03-19T06:11:46","date_gmt":"2026-03-19T06:11:46","guid":{"rendered":"https:\/\/soydeaqui.ddns.net\/pachuca\/index.php\/producto\/bomba-sumergible-automatica-de-achique-de-1100-galones-por-hora-a-12-volts-de-corriente-directa\/"},"modified":"2026-03-19T06:11:46","modified_gmt":"2026-03-19T06:11:46","slug":"bomba-sumergible-automatica-de-achique-de-1100-galones-por-hora-a-12-volts-de-corriente-directa","status":"publish","type":"product","link":"https:\/\/soydeaqui.ddns.net\/pachuca\/index.php\/producto\/bomba-sumergible-automatica-de-achique-de-1100-galones-por-hora-a-12-volts-de-corriente-directa\/","title":{"rendered":"Bomba sumergible autom\u00e1tica de achique de 1100 galones por hora, a 12 Volts de corriente directa."},"content":{"rendered":"<div style='width: 100%; max-width: 1200px; margin: 0 auto; font-family: sans-serif; line-height: 1.6; color: inherit; background-color: transparent;'> <!-- Logo --> <\/p>\n<div style='width: 100%; text-align: center; margin: 30px 0;'> <img style='width: 200px; height: auto; border: 1px solid rgba(150&comma;150&comma;150&comma;0.3); border-radius: 8px;' src='https:\/\/www.jabscoshop.com\/images\/Rule_Logo.jpg' alt='Logo Rule'> <\/div>\n<p> <!-- Descripci\u00f3n --> <\/p>\n<div style='margin-bottom: 30px;'>\n<p style='font-size: 16px; margin: 10px 0; color: inherit;'>Mantener la sentina libre de agua es el objetivo n\u00famero uno de las bombas de sentina est\u00e1ndar Rule. La ingenier\u00eda y las pruebas rigurosas garantizan que las bombas puedan ofrecer de manera eficiente el flujo m\u00e1s alto incluso en las aplicaciones m\u00e1s desafiantes.<\/p>\n<p style='font-size: 16px; margin: 10px 0; color: inherit;'>Las bombas de achique est\u00e1ndar Rule son productos independientes con interruptores que se venden por separado. Las bombas se pueden combinar con un flotador o un interruptor de panel&comma; lo que proporciona un nivel adicional de seguridad y protecci\u00f3n.<\/p>\n<\/p><\/div>\n<p> <!-- Caracter\u00edsticas --> <\/p>\n<div style='display: flex; flex-wrap: wrap; gap: 30px; margin-bottom: 30px;'>\n<div style='flex: 1 1 300px; min-width: 280px;'>\n<h3 style='font-size: 22px; border-bottom: 2px solid currentColor; padding-bottom: 5px; margin-top: 0; color: inherit; opacity: 0.8;'>Caracter\u00edsticas<\/h3>\n<ul style='padding-left: 20px; font-size: 15px; color: inherit;'>\n<li style='margin-bottom: 5px;'>Tasa de desague de 1100 GPH<\/li>\n<li style='margin-bottom: 5px;'><strong style='color: inherit;'>Conexiones:<\/strong> Para mangueras de di\u00e1metro de 25 mm (1&#8242;) y 28 mm (1 1\/8&#8242;)<\/li>\n<li style='margin-bottom: 5px;'><strong style='color: inherit;'>Consumo actual:<\/strong> 3.7 amperios<\/li>\n<li style='margin-bottom: 5px;'><strong style='color: inherit;'>Tama\u00f1o del fusible:<\/strong> 6 amperios<\/li>\n<li style='margin-bottom: 5px;'><strong style='color: inherit;'>Salida:<\/strong> Hasta 69 litros\/minuto (15 galones\/minuto) sin v\u00e1lvula de retenci\u00f3n. Altura de descarga m\u00e1xima recomendada 2 m<\/li>\n<li style='margin-bottom: 5px;'>Bomba compacta para embarcaciones m\u00e1s peque\u00f1as<\/li>\n<li style='margin-bottom: 5px;'>Cuerpo de pl\u00e1stico resistente<\/li>\n<li style='margin-bottom: 5px;'>El filtro de entrada de liberaci\u00f3n r\u00e1pida permite una limpieza r\u00e1pida<\/li>\n<li style='margin-bottom: 5px;'>El bajo consumo de amperaje conserva las bater\u00edas<\/li>\n<li style='margin-bottom: 5px;'>Corte t\u00e9rmico incorporado con motor clasificado para una vida \u00fatil de 1500 horas<\/li>\n<li style='margin-bottom: 5px;'>V\u00e1lvula de retenci\u00f3n incluida para prevenci\u00f3n de contraflujo<\/li>\n<li style='margin-bottom: 5px;'>Cuerpo ventilado para evitar el bloqueo de aire<\/li>\n<li style='margin-bottom: 5px;'>Puerto roscado para facilitar la instalaci\u00f3n y el mantenimiento<\/li>\n<li style='margin-bottom: 5px;'>No es necesario un interruptor de flotador independiente. Cuenta con tercer cable para anulaci\u00f3n manual<\/li>\n<\/ul><\/div>\n<\/p><\/div>\n<p> <!-- Especificaciones --> <\/p>\n<div style='display: flex; flex-wrap: wrap; gap: 20px; margin-bottom: 30px;'>\n<div style='flex: 1 1 250px; border: 1px solid rgba(150&comma; 150&comma; 150&comma; 0.4); border-radius: 8px; overflow: hidden; display: flex; flex-direction: column;'>\n<div style='padding: 15px; border-bottom: 1px solid rgba(150&comma; 150&comma; 150&comma; 0.2); font-weight: bold; font-size: 18px; color: inherit;'>Especificaciones<\/div>\n<div style='padding: 15px; color: inherit;'>\n<ul style='padding-left: 20px; margin: 0; font-size: 14px; list-style-type: disc;'>\n<li style='margin-bottom: 5px;'><strong style='color: inherit;'>Peso real:<\/strong> 0.41 kg (aprox. 0.61 kg embalado)<\/li>\n<li style='margin-bottom: 5px;'><strong style='color: inherit;'>Dimensiones:<\/strong> 120 mm de alto&comma; 64 mm x 74 mm<\/li>\n<\/ul><\/div>\n<\/p><\/div>\n<\/p><\/div>\n<p> <!-- Separador --> <\/p>\n<hr style='border: 0; border-top: 1px solid rgba(150&comma; 150&comma; 150&comma; 0.3); margin: 30px 0;'> <\/div>\n","protected":false},"excerpt":{"rendered":"<p>Bomba sumergible autom\u00e1tica de achique de 1100 galones por hora, a 12 Volts de corriente directa.<\/p>\n","protected":false},"featured_media":61586,"comment_status":"open","ping_status":"closed","template":"","meta":[],"product_brand":[],"product_cat":[1541],"product_tag":[1542,1499,1172],"class_list":{"0":"post-61587","1":"product","2":"type-product","3":"status-publish","4":"has-post-thumbnail","6":"product_cat-equipos-para-pesca-comercial-y-recreativa","7":"product_tag-equipos-para-pesca-comercial-y-recreativa","8":"product_tag-rule","9":"product_tag-soluciones-marinas","11":"first","12":"instock","13":"sale","14":"shipping-taxable","15":"purchasable","16":"product-type-simple"},"_links":{"self":[{"href":"https:\/\/soydeaqui.ddns.net\/pachuca\/index.php\/wp-json\/wp\/v2\/product\/61587","targetHints":{"allow":["GET"]}}],"collection":[{"href":"https:\/\/soydeaqui.ddns.net\/pachuca\/index.php\/wp-json\/wp\/v2\/product"}],"about":[{"href":"https:\/\/soydeaqui.ddns.net\/pachuca\/index.php\/wp-json\/wp\/v2\/types\/product"}],"replies":[{"embeddable":true,"href":"https:\/\/soydeaqui.ddns.net\/pachuca\/index.php\/wp-json\/wp\/v2\/comments?post=61587"}],"wp:featuredmedia":[{"embeddable":true,"href":"https:\/\/soydeaqui.ddns.net\/pachuca\/index.php\/wp-json\/wp\/v2\/media\/61586"}],"wp:attachment":[{"href":"https:\/\/soydeaqui.ddns.net\/pachuca\/index.php\/wp-json\/wp\/v2\/media?parent=61587"}],"wp:term":[{"taxonomy":"product_brand","embeddable":true,"href":"https:\/\/soydeaqui.ddns.net\/pachuca\/index.php\/wp-json\/wp\/v2\/product_brand?post=61587"},{"taxonomy":"product_cat","embeddable":true,"href":"https:\/\/soydeaqui.ddns.net\/pachuca\/index.php\/wp-json\/wp\/v2\/product_cat?post=61587"},{"taxonomy":"product_tag","embeddable":true,"href":"https:\/\/soydeaqui.ddns.net\/pachuca\/index.php\/wp-json\/wp\/v2\/product_tag?post=61587"}],"curies":[{"name":"wp","href":"https:\/\/api.w.org\/{rel}","templated":true}]}}