{"id":61546,"date":"2026-03-19T06:10:42","date_gmt":"2026-03-19T06:10:42","guid":{"rendered":"https:\/\/soydeaqui.ddns.net\/pachuca\/index.php\/producto\/transreceptor-ais-clase-a\/"},"modified":"2026-03-19T06:10:47","modified_gmt":"2026-03-19T06:10:47","slug":"transreceptor-ais-clase-a","status":"publish","type":"product","link":"https:\/\/soydeaqui.ddns.net\/pachuca\/index.php\/producto\/transreceptor-ais-clase-a\/","title":{"rendered":"Transreceptor AIS Clase A"},"content":{"rendered":"<div style='width: 100%; max-width: 1200px; margin: 0 auto; font-family: sans-serif; line-height: 1.6; color: inherit; background-color: transparent;'>\n<div style='display: flex; flex-wrap: wrap; gap: 30px; margin-bottom: 30px;'>\n<div style='flex: 1 1 300px; min-width: 280px;'>\n<h3 style='font-size: 22px; border-bottom: 2px solid currentColor; padding-bottom: 5px; margin-top: 0; color: inherit; opacity: 0.8;'>Descripci\u00f3n<\/h3>\n<p style='font-size: 15px; color: inherit; margin-bottom: 15px;'>El A200 Clase A cuenta con la certificaci\u00f3n SOLAS y para v\u00edas navegables interiores y ofrece un rendimiento superior a trav\u00e9s de su tecnolog\u00eda avanzada de pr\u00f3xima generaci\u00f3n. El A200 ha sido dise\u00f1ado incluso para los entornos marinos m\u00e1s hostiles y se ha sometido a pruebas exhaustivas realizadas por expertos independientes para garantizar que sea resistente al agua y no se vea afectado por temperaturas extremas&comma; golpes y vibraciones&comma; de modo que no tenga que preocuparse por problemas de confiabilidad que afecten el rendimiento o la longevidad.<\/p>\n<\/p><\/div>\n<\/p><\/div>\n<div style='display: flex; flex-wrap: wrap; gap: 20px; margin-bottom: 30px;'>\n<div style='flex: 1 1 250px; border: 1px solid rgba(150&comma; 150&comma; 150&comma; 0.4); border-radius: 8px; overflow: hidden; display: flex; flex-direction: column;'>\n<div style='padding: 15px; border-bottom: 1px solid rgba(150&comma; 150&comma; 150&comma; 0.2); font-weight: bold; font-size: 18px; color: inherit;'>Caracter\u00edsticas<\/div>\n<div style='padding: 15px; color: inherit;'>\n<ul style='padding-left: 20px; margin: 0; font-size: 14px; list-style-type: disc;'>\n<li style='margin-bottom: 5px;'>Certificado IMO SOLAS AIS Clase A<\/li>\n<li style='margin-bottom: 5px;'>Certificaci\u00f3n de v\u00edas navegables interiores de la UE<\/li>\n<li style='margin-bottom: 5px;'>Robusto e impermeable a entornos extremos: agua (IPx6 e IPx7)&comma; humedad&comma; golpes&comma; vibraciones&comma; temperaturas.<\/li>\n<li style='margin-bottom: 5px;'>GPS de \u00faltima generaci\u00f3n de alto rendimiento<\/li>\n<li style='margin-bottom: 5px;'>Instalaci\u00f3n adecuada interna o externa permanente.<\/li>\n<li style='margin-bottom: 5px;'>Robustas interfaces de usuario ergon\u00f3micas con bot\u00f3n giratorio y opciones de men\u00fa configurables en varios idiomas<\/li>\n<li style='margin-bottom: 5px;'>Pantalla a color integrada con modo nocturno<\/li>\n<li style='margin-bottom: 5px;'>Carta ENC (C-MAP) con superposici\u00f3n de objetivos AIS configurable<\/li>\n<li style='margin-bottom: 5px;'>Modo silencioso: las transmisiones AIS se detienen; todos los mensajes contin\u00faan recibi\u00e9ndose<\/li>\n<li style='margin-bottom: 5px;'>WiFi integrado de alto rendimiento<\/li>\n<li style='margin-bottom: 5px;'>Opciones de accesorios de caja de conexiones y cable de enchufe piloto<\/li>\n<li style='margin-bottom: 5px;'>Conexi\u00f3n por puerto NMEA 0183 y NMEA 2000<\/li>\n<\/ul><\/div>\n<\/p><\/div>\n<div style='flex: 1 1 250px; border: 1px solid rgba(150&comma; 150&comma; 150&comma; 0.4); border-radius: 8px; overflow: hidden; display: flex; flex-direction: column;'>\n<div style='padding: 15px; border-bottom: 1px solid rgba(150&comma; 150&comma; 150&comma; 0.2); font-weight: bold; font-size: 18px; color: inherit;'>Incluye<\/div>\n<div style='padding: 15px; color: inherit;'>\n<ul style='padding-left: 20px; margin: 0; font-size: 14px; list-style-type: disc;'>\n<li style='margin-bottom: 5px;'>Receptor AIS<\/li>\n<li style='margin-bottom: 5px;'>Bracket para montaje<\/li>\n<li style='margin-bottom: 5px;'>Cable de alimentaci\u00f3n<\/li>\n<li style='margin-bottom: 5px;'>Antena de GPS<\/li>\n<li style='margin-bottom: 5px;'>Accesorios de instalaci\u00f3n<\/li>\n<li style='margin-bottom: 5px;'>Manual de instrucciones<\/li>\n<\/ul><\/div>\n<\/p><\/div>\n<div style='flex: 1 1 250px; border: 1px solid rgba(150&comma; 150&comma; 150&comma; 0.4); border-radius: 8px; overflow: hidden; display: flex; flex-direction: column;'>\n<div style='padding: 15px; border-bottom: 1px solid rgba(150&comma; 150&comma; 150&comma; 0.2); font-weight: bold; font-size: 18px; color: inherit;'>Especificaciones<\/div>\n<div style='padding: 15px; color: inherit;'>\n<ul style='padding-left: 20px; margin: 0; font-size: 14px; list-style-type: disc;'>\n<li style='margin-bottom: 5px;'>Dimensiones: 152 x 165 x 95 mm<\/li>\n<li style='margin-bottom: 5px;'>Peso: 1.1 kg<\/li>\n<\/ul><\/div>\n<\/p><\/div>\n<\/p><\/div>\n<hr style='border: 0; border-top: 1px solid rgba(150&comma; 150&comma; 150&comma; 0.3); margin: 30px 0;'> <\/div>\n","protected":false},"excerpt":{"rendered":"<p>Transreceptor AIS Clase A<\/p>\n","protected":false},"featured_media":61545,"comment_status":"open","ping_status":"closed","template":"","meta":[],"product_brand":[],"product_cat":[1503],"product_tag":[1672,1504,1172],"class_list":{"0":"post-61546","1":"product","2":"type-product","3":"status-publish","4":"has-post-thumbnail","6":"product_cat-navegacion-marina","7":"product_tag-gemeco","8":"product_tag-navegacion-marina","9":"product_tag-soluciones-marinas","11":"first","12":"instock","13":"sale","14":"shipping-taxable","15":"purchasable","16":"product-type-simple"},"_links":{"self":[{"href":"https:\/\/soydeaqui.ddns.net\/pachuca\/index.php\/wp-json\/wp\/v2\/product\/61546","targetHints":{"allow":["GET"]}}],"collection":[{"href":"https:\/\/soydeaqui.ddns.net\/pachuca\/index.php\/wp-json\/wp\/v2\/product"}],"about":[{"href":"https:\/\/soydeaqui.ddns.net\/pachuca\/index.php\/wp-json\/wp\/v2\/types\/product"}],"replies":[{"embeddable":true,"href":"https:\/\/soydeaqui.ddns.net\/pachuca\/index.php\/wp-json\/wp\/v2\/comments?post=61546"}],"wp:featuredmedia":[{"embeddable":true,"href":"https:\/\/soydeaqui.ddns.net\/pachuca\/index.php\/wp-json\/wp\/v2\/media\/61545"}],"wp:attachment":[{"href":"https:\/\/soydeaqui.ddns.net\/pachuca\/index.php\/wp-json\/wp\/v2\/media?parent=61546"}],"wp:term":[{"taxonomy":"product_brand","embeddable":true,"href":"https:\/\/soydeaqui.ddns.net\/pachuca\/index.php\/wp-json\/wp\/v2\/product_brand?post=61546"},{"taxonomy":"product_cat","embeddable":true,"href":"https:\/\/soydeaqui.ddns.net\/pachuca\/index.php\/wp-json\/wp\/v2\/product_cat?post=61546"},{"taxonomy":"product_tag","embeddable":true,"href":"https:\/\/soydeaqui.ddns.net\/pachuca\/index.php\/wp-json\/wp\/v2\/product_tag?post=61546"}],"curies":[{"name":"wp","href":"https:\/\/api.w.org\/{rel}","templated":true}]}}