{"id":61541,"date":"2026-03-19T06:10:33","date_gmt":"2026-03-19T06:10:33","guid":{"rendered":"https:\/\/soydeaqui.ddns.net\/pachuca\/index.php\/producto\/ventilador-axial-compacto-de-4-pulgadas-49-cfm-115-vca-de-acero-color-negro\/"},"modified":"2026-03-19T06:10:40","modified_gmt":"2026-03-19T06:10:40","slug":"ventilador-axial-compacto-de-4-pulgadas-49-cfm-115-vca-de-acero-color-negro","status":"publish","type":"product","link":"https:\/\/soydeaqui.ddns.net\/pachuca\/index.php\/producto\/ventilador-axial-compacto-de-4-pulgadas-49-cfm-115-vca-de-acero-color-negro\/","title":{"rendered":"Ventilador Axial Compacto, de 4 Pulgadas, 49 CFM, 115 Vca, De Acero, Color Negro"},"content":{"rendered":"<div style='width: 100%; max-width: 1200px; margin: 0 auto; font-family: sans-serif; line-height: 1.6; color: inherit; background-color: transparent;'> <!-- Imagen de marca --> <\/p>\n<div style='width: 100%; margin-bottom: 30px;'> <img style='width: 100%; max-width: 300px; height: auto; border: 1px solid rgba(150&comma;150&comma;150&comma;0.3); border-radius: 8px;' src='https:\/\/ftp3.syscom.mx\/usuarios\/fotos\/A12108CH\/224288-hoffman_logo.png' alt='Logo Hoffman'> <\/div>\n<p> <!-- Descripci\u00f3n principal --> <\/p>\n<div style='width: 100%; margin-bottom: 30px;'>\n<p style='font-size: 16px; margin: 0 0 15px 0; color: inherit;'> Los ventiladores de refrigeraci\u00f3n compactos son ideales para aplicaciones donde el espacio del gabinete es limitado y se requiere una refrigeraci\u00f3n silenciosa y confiable. Dise\u00f1ado para 50.000 horas de funcionamiento continuo sin lubricaci\u00f3n ni servicio. <\/p>\n<\/p><\/div>\n<p> <!-- Caracter\u00edsticas principales --> <\/p>\n<div style='display: flex; flex-wrap: wrap; gap: 30px; margin-bottom: 30px;'>\n<div style='flex: 1 1 300px; min-width: 280px;'>\n<h3 style='font-size: 22px; border-bottom: 2px solid currentColor; padding-bottom: 5px; margin-top: 0; color: inherit; opacity: 0.8;'>Caracter\u00edsticas principales<\/h3>\n<ul style='padding-left: 20px; font-size: 15px; color: inherit;'>\n<li style='margin-bottom: 5px;'>La temperatura m\u00e1xima de funcionamiento es 158\u00baF (70 \u00baC)<\/li>\n<li style='margin-bottom: 5px;'>El ventilador de 4 pulgadas est\u00e1 protegido t\u00e9rmicamente y utiliza rodamientos de bolas permanentemente lubricados.<\/li>\n<li style='margin-bottom: 5px;'>Los motores de condensador dividido est\u00e1n protegidos t\u00e9rmicamente para evitar fallas prematuras.<\/li>\n<li style='margin-bottom: 5px;'>Impulsores din\u00e1micamente equilibrados moldeados a partir de material de policarbonato.<\/li>\n<li style='margin-bottom: 5px;'>Se suministra un protector para dedos (hay protectores para dedos adicionales disponibles)<\/li>\n<li style='margin-bottom: 5px;'>Se proporciona todo el hardware de montaje.<\/li>\n<li style='margin-bottom: 5px;'>Los ventiladores tienen cables conductores con extremos pelados. Cable de 1\/2 pulgada (12 mm) o 6 pies (1.8 m) con enchufe polarizado para conexiones el\u00e9ctricas.<\/li>\n<li style='margin-bottom: 5px;'>El soporte del ventilador y los protectores de dedos adicionales se deben comprar por separado.<\/li>\n<\/ul><\/div>\n<\/p><\/div>\n<p> <!-- Separador --> <\/p>\n<hr style='border: 0; border-top: 1px solid rgba(150&comma; 150&comma; 150&comma; 0.3); margin: 30px 0;'> <!-- Especificaciones t\u00e9cnicas --> <\/p>\n<div style='display: flex; flex-wrap: wrap; gap: 20px; margin-bottom: 30px;'>\n<div style='flex: 1 1 250px; border: 1px solid rgba(150&comma; 150&comma; 150&comma; 0.4); border-radius: 8px; overflow: hidden; display: flex; flex-direction: column;'>\n<div style='padding: 15px; border-bottom: 1px solid rgba(150&comma; 150&comma; 150&comma; 0.2); font-weight: bold; font-size: 18px; color: inherit;'>Especificaciones T\u00e9cnicas<\/div>\n<div style='padding: 15px; color: inherit;'>\n<ul style='padding-left: 20px; margin: 0; font-size: 14px; list-style-type: disc;'>\n<li style='margin-bottom: 5px;'><strong>Altura:<\/strong> 4.62 pulgadas\/117 mm<\/li>\n<li style='margin-bottom: 5px;'><strong>Ancho:<\/strong> 4.62 pulgadas\/117 mm<\/li>\n<li style='margin-bottom: 5px;'><strong>Profundidad:<\/strong> 1.74 pulgadas\/44 mm<\/li>\n<li style='margin-bottom: 5px;'><strong>Flujo de aire:<\/strong> 49 pies\u00b3\/min \/ 83 m\u00b3\/h<\/li>\n<li style='margin-bottom: 5px;'><strong>Tensi\u00f3n nominal:<\/strong> 115 Vca<\/li>\n<li style='margin-bottom: 5px;'><strong>Voltaje CA:<\/strong> 100 Vca<\/li>\n<li style='margin-bottom: 5px;'><strong>Corriente m\u00e1xima:<\/strong> 0.09 Amp<\/li>\n<li style='margin-bottom: 5px;'><strong>Material:<\/strong> acero<\/li>\n<li style='margin-bottom: 5px;'><strong>Di\u00e1metro del ventilador:<\/strong> 4.69 pulgadas<\/li>\n<li style='margin-bottom: 5px;'><strong>Acabado:<\/strong> Recubierto en polvo<\/li>\n<li style='margin-bottom: 5px;'><strong>Color:<\/strong> Negro<\/li>\n<li style='margin-bottom: 5px;'><strong>C\u00f3digo de color:<\/strong> RAL 9005<\/li>\n<li style='margin-bottom: 5px;'><strong>Peso:<\/strong> 1.9 libras (0.86 kg)<\/li>\n<\/ul><\/div>\n<\/p><\/div>\n<\/p><\/div>\n<\/p><\/div>\n","protected":false},"excerpt":{"rendered":"<p>Ventilador Axial Compacto, de 4 Pulgadas, 49 CFM, 115 Vca, De Acero, Color Negro<\/p>\n","protected":false},"featured_media":61540,"comment_status":"open","ping_status":"closed","template":"","meta":[],"product_brand":[],"product_cat":[604],"product_tag":[606,698,605],"class_list":{"0":"post-61541","1":"product","2":"type-product","3":"status-publish","4":"has-post-thumbnail","6":"product_cat-accesorios-para-racks-y-gabinetes","7":"product_tag-accesorios-para-racks-y-gabinetes","8":"product_tag-hoffman","9":"product_tag-racks-y-gabinetes","11":"first","12":"instock","13":"sale","14":"shipping-taxable","15":"purchasable","16":"product-type-simple"},"_links":{"self":[{"href":"https:\/\/soydeaqui.ddns.net\/pachuca\/index.php\/wp-json\/wp\/v2\/product\/61541","targetHints":{"allow":["GET"]}}],"collection":[{"href":"https:\/\/soydeaqui.ddns.net\/pachuca\/index.php\/wp-json\/wp\/v2\/product"}],"about":[{"href":"https:\/\/soydeaqui.ddns.net\/pachuca\/index.php\/wp-json\/wp\/v2\/types\/product"}],"replies":[{"embeddable":true,"href":"https:\/\/soydeaqui.ddns.net\/pachuca\/index.php\/wp-json\/wp\/v2\/comments?post=61541"}],"wp:featuredmedia":[{"embeddable":true,"href":"https:\/\/soydeaqui.ddns.net\/pachuca\/index.php\/wp-json\/wp\/v2\/media\/61540"}],"wp:attachment":[{"href":"https:\/\/soydeaqui.ddns.net\/pachuca\/index.php\/wp-json\/wp\/v2\/media?parent=61541"}],"wp:term":[{"taxonomy":"product_brand","embeddable":true,"href":"https:\/\/soydeaqui.ddns.net\/pachuca\/index.php\/wp-json\/wp\/v2\/product_brand?post=61541"},{"taxonomy":"product_cat","embeddable":true,"href":"https:\/\/soydeaqui.ddns.net\/pachuca\/index.php\/wp-json\/wp\/v2\/product_cat?post=61541"},{"taxonomy":"product_tag","embeddable":true,"href":"https:\/\/soydeaqui.ddns.net\/pachuca\/index.php\/wp-json\/wp\/v2\/product_tag?post=61541"}],"curies":[{"name":"wp","href":"https:\/\/api.w.org\/{rel}","templated":true}]}}