{"id":61519,"date":"2026-03-19T06:10:00","date_gmt":"2026-03-19T06:10:00","guid":{"rendered":"https:\/\/soydeaqui.ddns.net\/pachuca\/index.php\/producto\/gabinete-para-exterior-osp-comline-proteccion-nema-4-12-4x-3-3r-ip66-700-mm-de-ancho-600-mm-de-profundidad-25-ur-de-aluminio-color-gris-claro\/"},"modified":"2026-03-19T06:10:00","modified_gmt":"2026-03-19T06:10:00","slug":"gabinete-para-exterior-osp-comline-proteccion-nema-4-12-4x-3-3r-ip66-700-mm-de-ancho-600-mm-de-profundidad-25-ur-de-aluminio-color-gris-claro","status":"publish","type":"product","link":"https:\/\/soydeaqui.ddns.net\/pachuca\/index.php\/producto\/gabinete-para-exterior-osp-comline-proteccion-nema-4-12-4x-3-3r-ip66-700-mm-de-ancho-600-mm-de-profundidad-25-ur-de-aluminio-color-gris-claro\/","title":{"rendered":"Gabinete Para Exterior OSP ComLine, Protecci\u00f3n NEMA 4\/12\/4X\/3\/3R; IP66, 700 mm de Ancho, 600 mm de Profundidad, 25 UR, De Aluminio, Color Gris Claro"},"content":{"rendered":"<div style='width: 100%; max-width: 1200px; margin: 0 auto; font-family: sans-serif; line-height: 1.6; color: inherit; background-color: transparent;'> <!-- Descripci\u00f3n principal --> <\/p>\n<div style='margin-bottom: 30px; font-size: 15px; color: inherit;'>\n<p style='margin: 0 0 15px 0; color: inherit;'>Con un kit completo y listo para usar para con equipos de rack de 19 in&comma; los gabinetes livianos de montaje en pared ComLine OSP est\u00e1n construidos con aluminio resistente a la corrosi\u00f3n con una junta de espuma en el lugar que asegura y protege los equipos sensibles en aplicaciones al aire libre. Disponibles con o sin compartimento de bater\u00eda de respaldo.<\/p>\n<p style='margin: 15px 0; color: inherit;'><strong>Nota:<\/strong> SR20 y SR2 son solo para uso en interiores.<\/p>\n<p style='margin: 15px 0; color: inherit;'><strong>Nota 2:<\/strong> Montaje de pared modelo EMB1 (Se vende por separado)<\/p>\n<\/p><\/div>\n<p> <!-- Caracter\u00edsticas principales --> <\/p>\n<div style='margin-bottom: 30px;'>\n<h3 style='font-size: 22px; border-bottom: 2px solid currentColor; padding-bottom: 5px; margin-top: 0; margin-bottom: 15px; color: inherit; opacity: 0.8;'>Caracter\u00edsticas principales<\/h3>\n<ul style='padding-left: 20px; font-size: 15px; color: inherit; list-style-type: disc;'>\n<li style='margin-bottom: 10px; color: inherit;'>El protector solar ayuda a mantener fresco el interior del gabinete cuando el gabinete se instala al aire libre y dirige los l\u00edquidos lejos de la tapa del gabinete; Se puede quitar para instalaciones en interiores.<\/li>\n<li style='margin-bottom: 10px; color: inherit;'>La junta de espuma proporciona un sellado ambiental<\/li>\n<li style='margin-bottom: 10px; color: inherit;'>La manija en L con candado proporciona un sello de puerta herm\u00e9tico y seguro<\/li>\n<li style='margin-bottom: 10px; color: inherit;'>El tope de puerta mantiene la puerta en su lugar durante el servicio para un mantenimiento m\u00e1s f\u00e1cil y r\u00e1pido<\/li>\n<li style='margin-bottom: 10px; color: inherit;'>La puerta con bisagras de alta resistencia se retira f\u00e1cilmente para facilitar la instalaci\u00f3n y extracci\u00f3n del equipo; carga m\u00e1xima de la puerta 50 lb (22&comma;7 kg)<\/li>\n<li style='margin-bottom: 10px; color: inherit;'>\u00c1ngulos de rack ajustables de adelante hacia atr\u00e1s del gabinete<\/li>\n<li style='margin-bottom: 10px; color: inherit;'>Placas que se adaptan a los aires acondicionados HOFFMAN T15&comma; T20 y CR23 para exterior y a los intercambiadores de calor HOFFMAN XR20 y XR29 de uso interior.<\/li>\n<\/ul><\/div>\n<p> <!-- Especificaciones t\u00e9cnicas --> <\/p>\n<div style='margin-bottom: 30px;'>\n<h3 style='font-size: 22px; border-bottom: 2px solid currentColor; padding-bottom: 5px; margin-top: 0; margin-bottom: 15px; color: inherit; opacity: 0.8;'>Especificaciones T\u00e9cnicas<\/h3>\n<div style='display: flex; flex-wrap: wrap; gap: 20px;'>\n<div style='flex: 1 1 250px; border: 1px solid rgba(150&comma; 150&comma; 150&comma; 0.4); border-radius: 8px; overflow: hidden; display: flex; flex-direction: column;'>\n<div style='padding: 15px; border-bottom: 1px solid rgba(150&comma; 150&comma; 150&comma; 0.2); font-weight: bold; font-size: 18px; color: inherit;'>Dimensiones<\/div>\n<div style='padding: 15px; color: inherit;'>\n<ul style='padding-left: 20px; margin: 0; font-size: 14px; list-style-type: disc;'>\n<li style='margin-bottom: 5px;'><strong>Altura:<\/strong> 47.24 pulg.\/1200 mm<\/li>\n<li style='margin-bottom: 5px;'><strong>Ancho:<\/strong> 27.56 pulg.\/700 mm<\/li>\n<li style='margin-bottom: 5px;'><strong>Profundidad:<\/strong> 23.62 pulg.\/600 mm<\/li>\n<li style='margin-bottom: 5px;'><strong>Espesor del cuerpo:<\/strong> 0.125 pulg.\/3 mm<\/li>\n<li style='margin-bottom: 5px;'><strong>Espesor de la puerta:<\/strong> 0.1 pulg.\/2.5 mm<\/li>\n<\/ul><\/div>\n<\/p><\/div>\n<div style='flex: 1 1 250px; border: 1px solid rgba(150&comma; 150&comma; 150&comma; 0.4); border-radius: 8px; overflow: hidden; display: flex; flex-direction: column;'>\n<div style='padding: 15px; border-bottom: 1px solid rgba(150&comma; 150&comma; 150&comma; 0.2); font-weight: bold; font-size: 18px; color: inherit;'>Protecci\u00f3n<\/div>\n<div style='padding: 15px; color: inherit;'>\n<ul style='padding-left: 20px; margin: 0; font-size: 14px; list-style-type: disc;'>\n<li style='margin-bottom: 5px;'><strong>Clasificaci\u00f3n de protecci\u00f3n:<\/strong> NEMA Tipo 12; NEMA Tipo 4; NEMA Tipo 4X; NEMA Tipo 3; NEMA Tipo 3R; IP66<\/li>\n<\/ul><\/div>\n<\/p><\/div>\n<div style='flex: 1 1 250px; border: 1px solid rgba(150&comma; 150&comma; 150&comma; 0.4); border-radius: 8px; overflow: hidden; display: flex; flex-direction: column;'>\n<div style='padding: 15px; border-bottom: 1px solid rgba(150&comma; 150&comma; 150&comma; 0.2); font-weight: bold; font-size: 18px; color: inherit;'>Materiales<\/div>\n<div style='padding: 15px; color: inherit;'>\n<ul style='padding-left: 20px; margin: 0; font-size: 14px; list-style-type: disc;'>\n<li style='margin-bottom: 5px;'><strong>Material:<\/strong> Aluminio<\/li>\n<li style='margin-bottom: 5px;'><strong>Acabado:<\/strong> Recubrimiento electrost\u00e1tico<\/li>\n<\/ul><\/div>\n<\/p><\/div>\n<div style='flex: 1 1 250px; border: 1px solid rgba(150&comma; 150&comma; 150&comma; 0.4); border-radius: 8px; overflow: hidden; display: flex; flex-direction: column;'>\n<div style='padding: 15px; border-bottom: 1px solid rgba(150&comma; 150&comma; 150&comma; 0.2); font-weight: bold; font-size: 18px; color: inherit;'>Capacidad<\/div>\n<div style='padding: 15px; color: inherit;'>\n<ul style='padding-left: 20px; margin: 0; font-size: 14px; list-style-type: disc;'>\n<li style='margin-bottom: 5px;'><strong>Unidades de rack:<\/strong> 25<\/li>\n<li style='margin-bottom: 5px;'><strong>Peso:<\/strong> 131 lb (59.42 kg)<\/li>\n<\/ul><\/div>\n<\/p><\/div>\n<div style='flex: 1 1 250px; border: 1px solid rgba(150&comma; 150&comma; 150&comma; 0.4); border-radius: 8px; overflow: hidden; display: flex; flex-direction: column;'>\n<div style='padding: 15px; border-bottom: 1px solid rgba(150&comma; 150&comma; 150&comma; 0.2); font-weight: bold; font-size: 18px; color: inherit;'>Color<\/div>\n<div style='padding: 15px; color: inherit;'>\n<ul style='padding-left: 20px; margin: 0; font-size: 14px; list-style-type: disc;'>\n<li style='margin-bottom: 5px;'><strong>Color:<\/strong> Gris claro<\/li>\n<li style='margin-bottom: 5px;'><strong>C\u00f3digo de colores:<\/strong> RAL 7035<\/li>\n<\/ul><\/div>\n<\/p><\/div>\n<\/p><\/div>\n<\/p><\/div>\n<p> <!-- Separador --> <\/p>\n<hr style='border: 0; border-top: 1px solid rgba(150&comma; 150&comma; 150&comma; 0.3); margin: 30px 0;'> <\/div>\n","protected":false},"excerpt":{"rendered":"<p>Gabinete Para Exterior OSP ComLine, Protecci\u00f3n NEMA 4\/12\/4X\/3\/3R; IP66, 700 mm de Ancho, 600 mm de Profundidad, 25 UR, De Aluminio, Color Gris Claro<\/p>\n","protected":false},"featured_media":61518,"comment_status":"open","ping_status":"closed","template":"","meta":[],"product_brand":[],"product_cat":[678],"product_tag":[679,698,605],"class_list":{"0":"post-61519","1":"product","2":"type-product","3":"status-publish","4":"has-post-thumbnail","6":"product_cat-gabinetes-uso-multiple","7":"product_tag-gabinetes-uso-multiple","8":"product_tag-hoffman","9":"product_tag-racks-y-gabinetes","11":"first","12":"instock","13":"sale","14":"shipping-taxable","15":"purchasable","16":"product-type-simple"},"_links":{"self":[{"href":"https:\/\/soydeaqui.ddns.net\/pachuca\/index.php\/wp-json\/wp\/v2\/product\/61519","targetHints":{"allow":["GET"]}}],"collection":[{"href":"https:\/\/soydeaqui.ddns.net\/pachuca\/index.php\/wp-json\/wp\/v2\/product"}],"about":[{"href":"https:\/\/soydeaqui.ddns.net\/pachuca\/index.php\/wp-json\/wp\/v2\/types\/product"}],"replies":[{"embeddable":true,"href":"https:\/\/soydeaqui.ddns.net\/pachuca\/index.php\/wp-json\/wp\/v2\/comments?post=61519"}],"wp:featuredmedia":[{"embeddable":true,"href":"https:\/\/soydeaqui.ddns.net\/pachuca\/index.php\/wp-json\/wp\/v2\/media\/61518"}],"wp:attachment":[{"href":"https:\/\/soydeaqui.ddns.net\/pachuca\/index.php\/wp-json\/wp\/v2\/media?parent=61519"}],"wp:term":[{"taxonomy":"product_brand","embeddable":true,"href":"https:\/\/soydeaqui.ddns.net\/pachuca\/index.php\/wp-json\/wp\/v2\/product_brand?post=61519"},{"taxonomy":"product_cat","embeddable":true,"href":"https:\/\/soydeaqui.ddns.net\/pachuca\/index.php\/wp-json\/wp\/v2\/product_cat?post=61519"},{"taxonomy":"product_tag","embeddable":true,"href":"https:\/\/soydeaqui.ddns.net\/pachuca\/index.php\/wp-json\/wp\/v2\/product_tag?post=61519"}],"curies":[{"name":"wp","href":"https:\/\/api.w.org\/{rel}","templated":true}]}}