{"id":61457,"date":"2026-03-19T06:08:14","date_gmt":"2026-03-19T06:08:14","guid":{"rendered":"https:\/\/soydeaqui.ddns.net\/pachuca\/index.php\/producto\/diplexor-617-220-mhz-2300-2700-mhz-200-w-161dbc-conector-4-3-10-ip67\/"},"modified":"2026-03-19T06:08:15","modified_gmt":"2026-03-19T06:08:15","slug":"diplexor-617-220-mhz-2300-2700-mhz-200-w-161dbc-conector-4-3-10-ip67","status":"publish","type":"product","link":"https:\/\/soydeaqui.ddns.net\/pachuca\/index.php\/producto\/diplexor-617-220-mhz-2300-2700-mhz-200-w-161dbc-conector-4-3-10-ip67\/","title":{"rendered":"DIPLEXOR 617-220 MHz\/ 2300-2700 MHz, 200 W, -161dBc Conector 4.3-10, IP67"},"content":{"rendered":"<div style='width: 100%; max-width: 1200px; margin: 0 auto; font-family: sans-serif; line-height: 1.6; color: inherit; background-color: transparent;'>\n<div style='display: flex; flex-wrap: wrap; gap: 30px; margin-bottom: 30px;'>\n<div style='flex: 1 1 300px; min-width: 280px;'>\n<h3 style='font-size: 22px; border-bottom: 2px solid currentColor; padding-bottom: 5px; margin-top: 0; color: inherit; opacity: 0.8;'>Descripci\u00f3n<\/h3>\n<p style='font-size: 15px; color: inherit; margin-bottom: 15px;'>Microlab BK-693E es un diplexor que permite la combinaci\u00f3n y separaci\u00f3n de se\u00f1ales en bandas inal\u00e1mbricas de 617-2180 MHz y 2300-2700 MHz. Para minimizar la interacci\u00f3n de bandas&comma; las entradas est\u00e1n bien aisladas y tienen una p\u00e9rdida de inserci\u00f3n m\u00ednima en sus respectivas bandas de frecuencia. La atenci\u00f3n al dise\u00f1o mec\u00e1nico garantiza una baja intermodulaci\u00f3n pasiva garantizada. El diplexor permite una combinaci\u00f3n o divisi\u00f3n eficiente de las bandas celulares est\u00e1ndar para su uso en una red celular coaxial distribuida para interiores o D-RAN.<\/p>\n<p style='font-size: 15px; color: inherit; margin-bottom: 15px;'>La configuraci\u00f3n de montaje dual para aplicaciones MIMO 2\u00d72 est\u00e1 disponible como BK-693EW<\/p>\n<\/p><\/div>\n<\/p><\/div>\n<div style='display: flex; flex-wrap: wrap; gap: 20px; margin-bottom: 30px;'>\n<div style='flex: 1 1 250px; border: 1px solid rgba(150&comma; 150&comma; 150&comma; 0.4); border-radius: 8px; overflow: hidden; display: flex; flex-direction: column;'>\n<div style='padding: 15px; border-bottom: 1px solid rgba(150&comma; 150&comma; 150&comma; 0.2); font-weight: bold; font-size: 18px; color: inherit;'>Caracter\u00edsticas<\/div>\n<div style='padding: 15px; color: inherit;'>\n<ul style='padding-left: 20px; margin: 0; font-size: 14px; list-style-type: disc;'>\n<li style='margin-bottom: 5px;'>Inyecte BRS y WCS en redes DAS y Small Cell multibanda<\/li>\n<li style='margin-bottom: 5px;'>PIM bajo garantizado<\/li>\n<li style='margin-bottom: 5px;'>Aislamiento de entrada de 50 dB<\/li>\n<li style='margin-bottom: 5px;'>200 W por puerto<\/li>\n<li style='margin-bottom: 5px;'>Clasificaci\u00f3n IP67<\/li>\n<li style='margin-bottom: 5px;'>P\u00e9rdida m\u00ednima de inserci\u00f3n de RF<\/li>\n<li style='margin-bottom: 5px;'>RoHS<\/li>\n<li style='margin-bottom: 5px;'>4.3-10 Conectores<\/li>\n<\/ul><\/div>\n<\/p><\/div>\n<div style='flex: 1 1 250px; border: 1px solid rgba(150&comma; 150&comma; 150&comma; 0.4); border-radius: 8px; overflow: hidden; display: flex; flex-direction: column;'>\n<div style='padding: 15px; border-bottom: 1px solid rgba(150&comma; 150&comma; 150&comma; 0.2); font-weight: bold; font-size: 18px; color: inherit;'>Especificaciones<\/div>\n<div style='padding: 15px; color: inherit;'>\n<ul style='padding-left: 20px; margin: 0; font-size: 14px; list-style-type: disc;'>\n<li style='margin-bottom: 5px;'><strong>Frecuencia:<\/strong> Puerto 1: 617-960\/1695-2200 MHz<\/li>\n<li style='margin-bottom: 5px;'><strong> <\/strong>Puerto 2: 2300-2700 MHz<\/li>\n<li style='margin-bottom: 5px;'><strong>PIM:<\/strong> -161 dBc (-118 dBm) min. (Prueba 2x +43dBm @ Ambiente)<\/li>\n<li style='margin-bottom: 5px;'><strong>P\u00e9rdida por retorno:<\/strong> 19 dB m\u00ednimo<\/li>\n<li style='margin-bottom: 5px;'><strong>Aislamiento:<\/strong> 50 dB m\u00ednimo<\/li>\n<li style='margin-bottom: 5px;'><strong>P\u00e9rdida por inserci\u00f3n:<\/strong> 0.5 dB m\u00e1ximo&comma; 0.2 dB t\u00edpico<\/li>\n<li style='margin-bottom: 5px;'><strong>Retraso por grupo:<\/strong> 11ns (puerto 1)&comma; 13.5ns (puerto 2)<\/li>\n<li style='margin-bottom: 5px;'><strong>Potencia nominal:<\/strong> 200 Watts por puerto<\/li>\n<li style='margin-bottom: 5px;'><strong>Impedancia:<\/strong> 50 Ohm nominal<\/li>\n<li style='margin-bottom: 5px;'><strong>Paso de DC:<\/strong> 3 A m\u00e1ximo<\/li>\n<li style='margin-bottom: 5px;'><strong>Temperatura y Protecci\u00f3n:<\/strong> -40\u00b0 a +65\u00b0C&comma; IP67<\/li>\n<li style='margin-bottom: 5px;'><strong>Protecci\u00f3n contra descarga:<\/strong> \u00b110 kA&comma; 10\/350 \u03bcs<\/li>\n<li style='margin-bottom: 5px;'><strong>Conectores:<\/strong> 4.3-10 hembra<\/li>\n<li style='margin-bottom: 5px;'><strong>Protecci\u00f3n a tierra:<\/strong> Tornillo M6<\/li>\n<li style='margin-bottom: 5px;'><strong>Acabado del gabinete:<\/strong> Pintado<\/li>\n<li style='margin-bottom: 5px;'><strong>Peso:<\/strong> 1.91 kg<\/li>\n<li style='margin-bottom: 5px;'><strong>Dimensiones:<\/strong> 136 mm x 166 mm x 45 mm<\/li>\n<\/ul><\/div>\n<\/p><\/div>\n<\/p><\/div>\n<hr style='border: 0; border-top: 1px solid rgba(150&comma; 150&comma; 150&comma; 0.3); margin: 30px 0;'> <\/div>\n","protected":false},"excerpt":{"rendered":"<p>DIPLEXOR 617-220 MHz\/ 2300-2700 MHz, 200 W, -161dBc Conector 4.3-10, IP67<\/p>\n","protected":false},"featured_media":61456,"comment_status":"open","ping_status":"closed","template":"","meta":[],"product_brand":[],"product_cat":[1529,1528,1755],"product_tag":[1535,1534,1533,1757,1756],"class_list":{"0":"post-61457","1":"product","2":"type-product","3":"status-publish","4":"has-post-thumbnail","6":"product_cat-4g","7":"product_cat-cobertura-celular-5g","8":"product_cat-sistemas-de-antenas-distribuidas-das","9":"product_tag-3g-y-voz","10":"product_tag-4g","11":"product_tag-cobertura-celular-5g","12":"product_tag-microlab","13":"product_tag-sistemas-de-antenas-distribuidas-das","15":"first","16":"outofstock","17":"sale","18":"shipping-taxable","19":"purchasable","20":"product-type-simple"},"_links":{"self":[{"href":"https:\/\/soydeaqui.ddns.net\/pachuca\/index.php\/wp-json\/wp\/v2\/product\/61457","targetHints":{"allow":["GET"]}}],"collection":[{"href":"https:\/\/soydeaqui.ddns.net\/pachuca\/index.php\/wp-json\/wp\/v2\/product"}],"about":[{"href":"https:\/\/soydeaqui.ddns.net\/pachuca\/index.php\/wp-json\/wp\/v2\/types\/product"}],"replies":[{"embeddable":true,"href":"https:\/\/soydeaqui.ddns.net\/pachuca\/index.php\/wp-json\/wp\/v2\/comments?post=61457"}],"wp:featuredmedia":[{"embeddable":true,"href":"https:\/\/soydeaqui.ddns.net\/pachuca\/index.php\/wp-json\/wp\/v2\/media\/61456"}],"wp:attachment":[{"href":"https:\/\/soydeaqui.ddns.net\/pachuca\/index.php\/wp-json\/wp\/v2\/media?parent=61457"}],"wp:term":[{"taxonomy":"product_brand","embeddable":true,"href":"https:\/\/soydeaqui.ddns.net\/pachuca\/index.php\/wp-json\/wp\/v2\/product_brand?post=61457"},{"taxonomy":"product_cat","embeddable":true,"href":"https:\/\/soydeaqui.ddns.net\/pachuca\/index.php\/wp-json\/wp\/v2\/product_cat?post=61457"},{"taxonomy":"product_tag","embeddable":true,"href":"https:\/\/soydeaqui.ddns.net\/pachuca\/index.php\/wp-json\/wp\/v2\/product_tag?post=61457"}],"curies":[{"name":"wp","href":"https:\/\/api.w.org\/{rel}","templated":true}]}}