{"id":61451,"date":"2026-03-19T06:08:01","date_gmt":"2026-03-19T06:08:01","guid":{"rendered":"https:\/\/soydeaqui.ddns.net\/pachuca\/index.php\/producto\/pasacable-de-10-orificios-de-marco-rectangular-ip65-4-41-x-1-42-para-cables-no-terminados-color-negro\/"},"modified":"2026-03-19T06:08:07","modified_gmt":"2026-03-19T06:08:07","slug":"pasacable-de-10-orificios-de-marco-rectangular-ip65-4-41-x-1-42-para-cables-no-terminados-color-negro","status":"publish","type":"product","link":"https:\/\/soydeaqui.ddns.net\/pachuca\/index.php\/producto\/pasacable-de-10-orificios-de-marco-rectangular-ip65-4-41-x-1-42-para-cables-no-terminados-color-negro\/","title":{"rendered":"Pasacable de 10 Orificios de Marco Rectangular, IP65, 4.41&#8243; X 1.42&#8243;, para Cables no Terminados, Color Negro."},"content":{"rendered":"<div style='width: 100%; max-width: 1200px; margin: 0 auto; font-family: sans-serif; line-height: 1.6; color: inherit; background-color: transparent;'>\n<div style='display: flex; flex-wrap: wrap; gap: 30px; margin-bottom: 30px;'>\n<div style='flex: 1 1 300px; min-width: 280px;'>\n<h3 style='font-size: 22px; border-bottom: 2px solid currentColor; padding-bottom: 5px; margin-top: 0; color: inherit; opacity: 0.8;'>Descripci\u00f3n<\/h3>\n<p style='margin-bottom: 15px; font-size: 15px; color: inherit;'> El sistema de entrada de cables de ingenier\u00eda ofrece un alto grado de alivio de tensi\u00f3n al tiempo que mantiene la clasificaci\u00f3n de sellado de ingreso IP\/NEMA. <\/p>\n<p style='margin-bottom: 15px; font-size: 15px; color: inherit;'> El CESU2-E10 es un sistema de entrada de cables rectangular sin terminaci\u00f3n&comma; de 5&comma;79&#8242; (147&comma;1 mm) de largo&comma; con 2 aberturas de 0&comma;12&#8242; (3&comma;0 mm) a 0&comma;26&#8242; (6&comma;6 mm)&comma; 1 abertura de 0&comma;2&#8242; (5&comma;1 mm) a 0&comma;36&#8242; (9&comma;1 mm)&comma; 5 aberturas de 0&comma;35&#8242; (8&comma;9 mm) a 0&comma;55&#8242; (14&comma;0 mm) y 2 aberturas de 0&comma;55&#8242; (14&comma;0 mm) a 0&comma;79&#8242; (20&comma;1 mm). <\/p>\n<\/p><\/div>\n<\/p><\/div>\n<div style='display: flex; flex-wrap: wrap; gap: 30px; margin-bottom: 30px;'>\n<div style='flex: 1 1 300px; min-width: 280px;'> <img style='width: 100%; height: auto; border: 1px solid rgba(150&comma;150&comma;150&comma;0.3); border-radius: 8px;' src='https:\/\/ftp3.syscom.mx\/usuarios\/fotos\/SCL2\/0X\/214870-217843-panduit-logo-tm-negro-fondo_trans30-01_(002)_(1).png' alt=''> <\/div>\n<div style='flex: 1 1 300px; min-width: 280px;'> <img style='width: 100%; height: auto; border: 1px solid rgba(150&comma;150&comma;150&comma;0.3); border-radius: 8px;' src='https:\/\/ftp3.syscom.mx\/usuarios\/fotos\/CESU2E10\/222899-captura_de_pantalla_2023-10-04_a_la(s)_4.35.59 p.m..png' alt=''> <\/div>\n<\/p><\/div>\n<div style='display: flex; flex-wrap: wrap; gap: 30px; margin-bottom: 30px;'>\n<div style='flex: 1 1 300px; min-width: 280px;'>\n<div style='position: relative; padding-bottom: 56.25%; height: 0; overflow: hidden; margin-bottom: 30px;'>   <\/div>\n<\/p><\/div>\n<\/p><\/div>\n<hr style='border: 0; border-top: 1px solid rgba(150&comma; 150&comma; 150&comma; 0.3); margin: 30px 0;'> <\/div>\n","protected":false},"excerpt":{"rendered":"<p>Pasacable de 10 Orificios de Marco Rectangular, IP65, 4.41&#8243; X 1.42&#8243;, para Cables no Terminados, Color Negro.<\/p>\n","protected":false},"featured_media":61450,"comment_status":"open","ping_status":"closed","template":"","meta":[],"product_brand":[],"product_cat":[604],"product_tag":[606,445,605],"class_list":{"0":"post-61451","1":"product","2":"type-product","3":"status-publish","4":"has-post-thumbnail","6":"product_cat-accesorios-para-racks-y-gabinetes","7":"product_tag-accesorios-para-racks-y-gabinetes","8":"product_tag-panduit","9":"product_tag-racks-y-gabinetes","11":"first","12":"instock","13":"sale","14":"shipping-taxable","15":"purchasable","16":"product-type-simple"},"_links":{"self":[{"href":"https:\/\/soydeaqui.ddns.net\/pachuca\/index.php\/wp-json\/wp\/v2\/product\/61451","targetHints":{"allow":["GET"]}}],"collection":[{"href":"https:\/\/soydeaqui.ddns.net\/pachuca\/index.php\/wp-json\/wp\/v2\/product"}],"about":[{"href":"https:\/\/soydeaqui.ddns.net\/pachuca\/index.php\/wp-json\/wp\/v2\/types\/product"}],"replies":[{"embeddable":true,"href":"https:\/\/soydeaqui.ddns.net\/pachuca\/index.php\/wp-json\/wp\/v2\/comments?post=61451"}],"wp:featuredmedia":[{"embeddable":true,"href":"https:\/\/soydeaqui.ddns.net\/pachuca\/index.php\/wp-json\/wp\/v2\/media\/61450"}],"wp:attachment":[{"href":"https:\/\/soydeaqui.ddns.net\/pachuca\/index.php\/wp-json\/wp\/v2\/media?parent=61451"}],"wp:term":[{"taxonomy":"product_brand","embeddable":true,"href":"https:\/\/soydeaqui.ddns.net\/pachuca\/index.php\/wp-json\/wp\/v2\/product_brand?post=61451"},{"taxonomy":"product_cat","embeddable":true,"href":"https:\/\/soydeaqui.ddns.net\/pachuca\/index.php\/wp-json\/wp\/v2\/product_cat?post=61451"},{"taxonomy":"product_tag","embeddable":true,"href":"https:\/\/soydeaqui.ddns.net\/pachuca\/index.php\/wp-json\/wp\/v2\/product_tag?post=61451"}],"curies":[{"name":"wp","href":"https:\/\/api.w.org\/{rel}","templated":true}]}}