{"id":61441,"date":"2026-03-19T06:07:39","date_gmt":"2026-03-19T06:07:39","guid":{"rendered":"https:\/\/soydeaqui.ddns.net\/pachuca\/index.php\/producto\/diplexor-dual-1695-2200-2496-2690-mhz-50w-155dbc-ip67-nex10\/"},"modified":"2026-03-19T06:07:43","modified_gmt":"2026-03-19T06:07:43","slug":"diplexor-dual-1695-2200-2496-2690-mhz-50w-155dbc-ip67-nex10","status":"publish","type":"product","link":"https:\/\/soydeaqui.ddns.net\/pachuca\/index.php\/producto\/diplexor-dual-1695-2200-2496-2690-mhz-50w-155dbc-ip67-nex10\/","title":{"rendered":"DIPLEXOR Dual 1695-2200\/ 2496-2690 MHz, 50W, -155dBc, IP67, NEX10\u00ae"},"content":{"rendered":"<div style='width: 100%; max-width: 1200px; margin: 0 auto; font-family: sans-serif; line-height: 1.6; color: inherit; background-color: transparent;'>\n<div style='display: flex; flex-wrap: wrap; gap: 30px; margin-bottom: 30px;'>\n<div style='flex: 1 1 300px; min-width: 280px;'>\n<h3 style='font-size: 22px; border-bottom: 2px solid currentColor; padding-bottom: 5px; margin-top: 0; color: inherit; opacity: 0.8;'>Descripci\u00f3n<\/h3>\n<p style='font-size: 15px; color: inherit; text-align: justify;'> Microlab BK-2035T es un diplexor que permite combinar o dividir PCS-AWS y 2.5\/BRS para agregaci\u00f3n de portadoras 5G en DAS y celdas peque\u00f1as en un formato MIMO 2\u00d72. El segundo puerto permite agregar se\u00f1al 2.5\/BRS a redes nuevas o existentes junto con PCS-AWS. Las entradas est\u00e1n bien aisladas y tienen una p\u00e9rdida de inserci\u00f3n m\u00ednima en sus respectivas bandas de frecuencia para minimizar la interacci\u00f3n entre bandas. La atenci\u00f3n al dise\u00f1o mec\u00e1nico garantiza una baja intermodulaci\u00f3n pasiva (PIM) durante un per\u00edodo prolongado&comma; y los conectores est\u00e1n espaciados para ser compatibles con botas protectoras comunes para mejorar la impermeabilizaci\u00f3n&comma; adem\u00e1s de permitir una instalaci\u00f3n f\u00e1cil y precisa con una llave dinamom\u00e9trica. La configuraci\u00f3n de montaje dual para aplicaciones MIMO 4\u00d74 est\u00e1 disponible como BK-2035TW. <\/p>\n<\/p><\/div>\n<\/p><\/div>\n<div style='display: flex; flex-wrap: wrap; gap: 20px; margin-bottom: 30px;'>\n<div style='flex: 1 1 250px; border: 1px solid rgba(150&comma; 150&comma; 150&comma; 0.4); border-radius: 8px; overflow: hidden; display: flex; flex-direction: column;'>\n<div style='padding: 15px; border-bottom: 1px solid rgba(150&comma; 150&comma; 150&comma; 0.2); font-weight: bold; font-size: 18px; color: inherit;'>Caracter\u00edsticas<\/div>\n<div style='padding: 15px; color: inherit;'>\n<ul style='padding-left: 20px; margin: 0; font-size: 14px; list-style-type: disc;'>\n<li style='margin-bottom: 5px;'>Combina PCS-AWS con 2.5\/BRS<\/li>\n<li style='margin-bottom: 5px;'>Factor de forma peque\u00f1o en unidades gemelas\/cu\u00e1druples<\/li>\n<li style='margin-bottom: 5px;'>50W por puerto<\/li>\n<li style='margin-bottom: 5px;'>PIM bajo garantizado<\/li>\n<li style='margin-bottom: 5px;'>P\u00e9rdida m\u00ednima de inserci\u00f3n de RF<\/li>\n<li style='margin-bottom: 5px;'>Conectores NEX10\u00ae<\/li>\n<li style='margin-bottom: 5px;'>Clasificaci\u00f3n IP67<\/li>\n<li style='margin-bottom: 5px;'>RoHS<\/li>\n<\/ul><\/div>\n<\/p><\/div>\n<div style='flex: 1 1 250px; border: 1px solid rgba(150&comma; 150&comma; 150&comma; 0.4); border-radius: 8px; overflow: hidden; display: flex; flex-direction: column;'>\n<div style='padding: 15px; border-bottom: 1px solid rgba(150&comma; 150&comma; 150&comma; 0.2); font-weight: bold; font-size: 18px; color: inherit;'>Especificaciones<\/div>\n<div style='padding: 15px; color: inherit;'>\n<ul style='padding-left: 20px; margin: 0; font-size: 14px; list-style-type: disc;'>\n<li style='margin-bottom: 5px;'><strong>Tipo:<\/strong> Configuraci\u00f3n dual<\/li>\n<li style='margin-bottom: 5px;'><strong>Bandas de frecuencia:<\/strong> Puerto 1: 1695 \u2013 2200 MHz<\/li>\n<li style='margin-bottom: 5px;'><strong> <\/strong>Puerto 2: 2496 \u2013 2690 MHz<\/li>\n<li style='margin-bottom: 5px;'><strong>Potencia:<\/strong> 50 Wats promedio&comma; 1 kW pico<\/li>\n<li style='margin-bottom: 5px;'><strong>P\u00e9rdida por inserci\u00f3n:<\/strong> 0.3 dB t\u00edpico&comma; 0.35 dB m\u00e1ximo<\/li>\n<li style='margin-bottom: 5px;'><strong>P\u00e9rdida por retorno:<\/strong> 20 dB m\u00ednimo<\/li>\n<li style='margin-bottom: 5px;'><strong>Aislamiento:<\/strong> 35 dB m\u00ednimo<\/li>\n<li style='margin-bottom: 5px;'><strong>PIM:<\/strong> <-155 dBc (-112 dBm)<\/li>\n<li style='margin-bottom: 5px;'><strong> <\/strong>(Prueba de 2 tonos a +43 dBm @ambiente)<\/li>\n<li style='margin-bottom: 5px;'><strong>Conectores:<\/strong> NEX10\u00ae (f)<\/li>\n<li style='margin-bottom: 5px;'><strong>Protecci\u00f3n de ingreso:<\/strong> IP67<\/li>\n<li style='margin-bottom: 5px;'><strong>Peso:<\/strong> 0.66 kg<\/li>\n<\/ul><\/div>\n<\/p><\/div>\n<\/p><\/div>\n<hr style='border: 0; border-top: 1px solid rgba(150&comma; 150&comma; 150&comma; 0.3); margin: 30px 0;'> <\/div>\n","protected":false},"excerpt":{"rendered":"<p>DIPLEXOR Dual 1695-2200\/ 2496-2690 MHz, 50W, -155dBc, IP67, NEX10\u00ae<\/p>\n","protected":false},"featured_media":61440,"comment_status":"open","ping_status":"closed","template":"","meta":[],"product_brand":[],"product_cat":[1529,1528,1755],"product_tag":[1535,1534,1533,1757,1756],"class_list":{"0":"post-61441","1":"product","2":"type-product","3":"status-publish","4":"has-post-thumbnail","6":"product_cat-4g","7":"product_cat-cobertura-celular-5g","8":"product_cat-sistemas-de-antenas-distribuidas-das","9":"product_tag-3g-y-voz","10":"product_tag-4g","11":"product_tag-cobertura-celular-5g","12":"product_tag-microlab","13":"product_tag-sistemas-de-antenas-distribuidas-das","15":"first","16":"outofstock","17":"sale","18":"shipping-taxable","19":"purchasable","20":"product-type-simple"},"_links":{"self":[{"href":"https:\/\/soydeaqui.ddns.net\/pachuca\/index.php\/wp-json\/wp\/v2\/product\/61441","targetHints":{"allow":["GET"]}}],"collection":[{"href":"https:\/\/soydeaqui.ddns.net\/pachuca\/index.php\/wp-json\/wp\/v2\/product"}],"about":[{"href":"https:\/\/soydeaqui.ddns.net\/pachuca\/index.php\/wp-json\/wp\/v2\/types\/product"}],"replies":[{"embeddable":true,"href":"https:\/\/soydeaqui.ddns.net\/pachuca\/index.php\/wp-json\/wp\/v2\/comments?post=61441"}],"wp:featuredmedia":[{"embeddable":true,"href":"https:\/\/soydeaqui.ddns.net\/pachuca\/index.php\/wp-json\/wp\/v2\/media\/61440"}],"wp:attachment":[{"href":"https:\/\/soydeaqui.ddns.net\/pachuca\/index.php\/wp-json\/wp\/v2\/media?parent=61441"}],"wp:term":[{"taxonomy":"product_brand","embeddable":true,"href":"https:\/\/soydeaqui.ddns.net\/pachuca\/index.php\/wp-json\/wp\/v2\/product_brand?post=61441"},{"taxonomy":"product_cat","embeddable":true,"href":"https:\/\/soydeaqui.ddns.net\/pachuca\/index.php\/wp-json\/wp\/v2\/product_cat?post=61441"},{"taxonomy":"product_tag","embeddable":true,"href":"https:\/\/soydeaqui.ddns.net\/pachuca\/index.php\/wp-json\/wp\/v2\/product_tag?post=61441"}],"curies":[{"name":"wp","href":"https:\/\/api.w.org\/{rel}","templated":true}]}}