{"id":61409,"date":"2026-03-19T06:06:45","date_gmt":"2026-03-19T06:06:45","guid":{"rendered":"https:\/\/soydeaqui.ddns.net\/pachuca\/index.php\/producto\/amplificador-nautico-de-audio-de-la-serie-signature-de-5-canales-de-1600-w-de-pico\/"},"modified":"2026-03-19T06:06:50","modified_gmt":"2026-03-19T06:06:50","slug":"amplificador-nautico-de-audio-de-la-serie-signature-de-5-canales-de-1600-w-de-pico","status":"publish","type":"product","link":"https:\/\/soydeaqui.ddns.net\/pachuca\/index.php\/producto\/amplificador-nautico-de-audio-de-la-serie-signature-de-5-canales-de-1600-w-de-pico\/","title":{"rendered":"Amplificador n\u00e1utico de audio de la serie Signature de 5 canales de 1600 W de pico"},"content":{"rendered":"<div style='width: 100%; max-width: 1200px; margin: 0 auto; font-family: sans-serif; line-height: 1.6; color: inherit; background-color: transparent;'> <!-- T\u00edtulo y subt\u00edtulo (ocultos seg\u00fan instrucciones) --> <!-- \n\n<h1 style='font-size: 28px; margin: 0 0 10px; color: inherit; opacity: 0.9;'>Amplificadores n\u00e1uticos de la serie Signature de Fusion<\/h1>\n\n --> <!-- \n\n<p style='font-size: 16px; margin: 0 0 20px; color: inherit; opacity: 0.7;'>Bocina n\u00e1utica de 1600 vatios de 5 canales de la serie Signature<\/p>\n\n --> <!-- Secci\u00f3n de caracter\u00edsticas --> <\/p>\n<div style='display: flex; flex-wrap: wrap; gap: 30px; margin-bottom: 30px;'>\n<div style='flex: 1 1 300px; min-width: 280px;'>\n<h3 style='font-size: 22px; border-bottom: 2px solid currentColor; padding-bottom: 5px; margin-top: 0; color: inherit; opacity: 0.8;'>Caracter\u00edsticas<\/h3>\n<ul style='padding-left: 20px; font-size: 15px; color: inherit;'>\n<li style='margin-bottom: 5px;'>Disipador t\u00e9rmico rigido de aleaci\u00f3n de aluminio<\/li>\n<li style='margin-bottom: 5px;'>Placa de circuito impreso con revestimiento adicional para protecci\u00f3n contra el agua o humedad<\/li>\n<li style='margin-bottom: 5px;'>Amplificador de 5 canales con 1600 W pico<\/li>\n<li style='margin-bottom: 5px;'>Amplificador clase D<\/li>\n<li style='margin-bottom: 5px;'>Conexi\u00f3n de hasta 4 pares de altavoces y 1 subwoofer<\/li>\n<li style='margin-bottom: 5px;'>Alta calidad de audio sin distorsi\u00f3n<\/li>\n<\/ul><\/div>\n<\/p><\/div>\n<p> <!-- Secci\u00f3n de especificaciones --> <\/p>\n<div style='display: flex; flex-wrap: wrap; gap: 20px; margin-bottom: 30px;'>\n<div style='flex: 1 1 250px; border: 1px solid rgba(150&comma; 150&comma; 150&comma; 0.4); border-radius: 8px; overflow: hidden; display: flex; flex-direction: column;'>\n<div style='padding: 15px; border-bottom: 1px solid rgba(150&comma; 150&comma; 150&comma; 0.2); font-weight: bold; font-size: 18px; color: inherit;'>Caracter\u00edsticas generales<\/div>\n<div style='padding: 15px; color: inherit;'>\n<ul style='padding-left: 20px; margin: 0; font-size: 14px; list-style-type: disc;'>\n<li style='margin-bottom: 5px;'><strong>Dimensiones:<\/strong> Monobloque y 4\/5 canales: 300 x 210 x 50 mm (11&comma;81&#8242; x 8&comma;27&#8242; x 1&comma;97&#8242;)<\/li>\n<li style='margin-bottom: 5px;'><strong>Clase del amplificador:<\/strong> D<\/li>\n<li style='margin-bottom: 5px;'><strong>Potencia pico:<\/strong> 5 canales: 1600 W<\/li>\n<li style='margin-bottom: 5px;'><strong>Salida de potencia nominal total (4 ohmios):<\/strong> 5 canales: entrada de 4 x 80 W RMS + 1 x 250 W RMS a 14&comma;4 V&comma; 4 ohmios < 1 % de THD<\/li>\n<li style='margin-bottom: 5px;'><strong>Salida de potencia nominal total (2 ohmios):<\/strong> 5 canales: entrada de 4 x 130 W RMS + 1 x 330 W RMS a 14&comma;4 V&comma; 2 ohmios < 1 % de THD<\/li>\n<li style='margin-bottom: 5px;'><strong>Salida de potencia nominal total:<\/strong> 5 canales: entrada de 2 x 250 W RMS a 14&comma;4 V&comma; 4 ohmios con puente < 1 % de THD + entrada de 1 x 250 W RMS a 14&comma;4 V&comma; 4 ohmios < 1 % de THD<\/li>\n<li style='margin-bottom: 5px;'><strong>Respuesta de frecuencia:<\/strong> 4\/5 canales: 10 Hz &#8211; 50 kHz (-3 dB&comma; dB a 4 ohmios de potencia nominal)<\/li>\n<li style='margin-bottom: 5px;'><strong>Sensibilidad de entrada:<\/strong> 0&comma;3 V &#8211; 8 V RMS (ajustable por el usuario)<\/li>\n<li style='margin-bottom: 5px;'><strong>Impedancia de entrada:<\/strong> Monobloque\/5 canales: 4 000 ohmios&comma; nominal<\/li>\n<li style='margin-bottom: 5px;'><strong>Filtro de rango completo de paso alto\/bajo:<\/strong> S\u00ed (seleccionable por el usuario)<\/li>\n<li style='margin-bottom: 5px;'><strong>Frecuencia de cruce variable de paso alto:<\/strong> 4\/5\/6\/8 canales y 6 canales de 24 voltios: 32 Hz &#8211; 320 Hz<\/li>\n<li style='margin-bottom: 5px;'><strong>Frecuencia de cruce variable de paso bajo:<\/strong> 4\/5\/6\/8 canales y 6 canales de 24 voltios: 32 Hz &#8211; 320 Hz<\/li>\n<li style='margin-bottom: 5px;'><strong>Refuerzo de graves:<\/strong> 0 dB &#8211; 9 dB&comma; ajustable por el usuario (solo zona 3)<\/li>\n<li style='margin-bottom: 5px;'><strong>Voltaje de funcionamiento:<\/strong> Monobloque y 4\/5\/6\/8 canales: 10&comma;8 V &#8211; 16 V de CC<\/li>\n<li style='margin-bottom: 5px;'><strong>Consumo el\u00e9ctrico (standby):<\/strong> Monobloque y 4\/5\/6\/8 canales: < entrada de 1 mA a 14&comma;4 V<\/li>\n<li style='margin-bottom: 5px;'><strong>Consumo el\u00e9ctrico (inactividad):<\/strong> Monobloque y 4\/5\/6\/8 canales: < entrada de 2&comma;5 A a 14&comma;4 V<\/li>\n<li style='margin-bottom: 5px;'><strong>Consumo el\u00e9ctrico (m\u00e1x.):<\/strong> 4\/5 canales: 80 A<\/li>\n<li style='margin-bottom: 5px;'><strong>Valor del fusible:<\/strong> 4\/5 canales: 2 x 40 A ATC&comma; tipo cuchilla (conformes con SAE J1171)<\/li>\n<li style='margin-bottom: 5px;'><strong>Rango de temperatura de funcionamiento:<\/strong> 0 &#8211; 50 \u00b0C (32 &#8211; 122 \u00b0F)<\/li>\n<\/ul><\/div>\n<\/p><\/div>\n<\/p><\/div>\n<p> <!-- Separador --> <\/p>\n<hr style='border: 0; border-top: 1px solid rgba(150&comma; 150&comma; 150&comma; 0.3); margin: 30px 0;'> <\/div>\n","protected":false},"excerpt":{"rendered":"<p>Amplificador n\u00e1utico de audio de la serie Signature de 5 canales de 1600 W de pico<\/p>\n","protected":false},"featured_media":61408,"comment_status":"open","ping_status":"closed","template":"","meta":[],"product_brand":[],"product_cat":[1541],"product_tag":[1542,1449,1172],"class_list":{"0":"post-61409","1":"product","2":"type-product","3":"status-publish","4":"has-post-thumbnail","6":"product_cat-equipos-para-pesca-comercial-y-recreativa","7":"product_tag-equipos-para-pesca-comercial-y-recreativa","8":"product_tag-garmin","9":"product_tag-soluciones-marinas","11":"first","12":"outofstock","13":"sale","14":"shipping-taxable","15":"purchasable","16":"product-type-simple"},"_links":{"self":[{"href":"https:\/\/soydeaqui.ddns.net\/pachuca\/index.php\/wp-json\/wp\/v2\/product\/61409","targetHints":{"allow":["GET"]}}],"collection":[{"href":"https:\/\/soydeaqui.ddns.net\/pachuca\/index.php\/wp-json\/wp\/v2\/product"}],"about":[{"href":"https:\/\/soydeaqui.ddns.net\/pachuca\/index.php\/wp-json\/wp\/v2\/types\/product"}],"replies":[{"embeddable":true,"href":"https:\/\/soydeaqui.ddns.net\/pachuca\/index.php\/wp-json\/wp\/v2\/comments?post=61409"}],"wp:featuredmedia":[{"embeddable":true,"href":"https:\/\/soydeaqui.ddns.net\/pachuca\/index.php\/wp-json\/wp\/v2\/media\/61408"}],"wp:attachment":[{"href":"https:\/\/soydeaqui.ddns.net\/pachuca\/index.php\/wp-json\/wp\/v2\/media?parent=61409"}],"wp:term":[{"taxonomy":"product_brand","embeddable":true,"href":"https:\/\/soydeaqui.ddns.net\/pachuca\/index.php\/wp-json\/wp\/v2\/product_brand?post=61409"},{"taxonomy":"product_cat","embeddable":true,"href":"https:\/\/soydeaqui.ddns.net\/pachuca\/index.php\/wp-json\/wp\/v2\/product_cat?post=61409"},{"taxonomy":"product_tag","embeddable":true,"href":"https:\/\/soydeaqui.ddns.net\/pachuca\/index.php\/wp-json\/wp\/v2\/product_tag?post=61409"}],"curies":[{"name":"wp","href":"https:\/\/api.w.org\/{rel}","templated":true}]}}