{"id":61399,"date":"2026-03-19T06:06:24","date_gmt":"2026-03-19T06:06:24","guid":{"rendered":"https:\/\/soydeaqui.ddns.net\/pachuca\/index.php\/producto\/pasacables-de-6-orificios-en-linea-4-41-x-0-67-ip65-para-cables-terminados-color-negro\/"},"modified":"2026-03-19T06:06:29","modified_gmt":"2026-03-19T06:06:29","slug":"pasacables-de-6-orificios-en-linea-4-41-x-0-67-ip65-para-cables-terminados-color-negro","status":"publish","type":"product","link":"https:\/\/soydeaqui.ddns.net\/pachuca\/index.php\/producto\/pasacables-de-6-orificios-en-linea-4-41-x-0-67-ip65-para-cables-terminados-color-negro\/","title":{"rendered":"Pasacables  de 6 Orificios en L\u00ednea 4.41&#8243; X 0.67&#8243; IP65,  para Cables Terminados, Color Negro"},"content":{"rendered":"<div style='width: 100%; max-width: 1200px; margin: 0 auto; font-family: sans-serif; line-height: 1.6; color: inherit; background-color: transparent;'>\n<div style='width: 100%; max-width: 600px; margin: 0 auto; margin-bottom: 30px;'> <img style='width: 100%; height: auto; border: 1px solid rgba(150&comma;150&comma;150&comma;0.3); border-radius: 8px;' src='https:\/\/ftp3.syscom.mx\/usuarios\/fotos\/SCL2\/0X\/214870-217843-panduit-logo-tm-negro-fondo_trans30-01_(002)_(1).png' alt=''> <\/div>\n<div style='width: 100%; max-width: 1000px; margin: 0 auto; margin-bottom: 30px;'>\n<h1 style='font-size: 28px; margin: 0 0 20px; color: inherit; font-weight: 500; line-height: 1.2;'> Pasacable de 6 Orificios en L\u00ednea 4.41&#8242; x 0.67&#8242; IP65&comma; para Cables Terminados&comma; Color Negro <\/h1>\n<h3 style='font-size: 22px; margin: 0 0 15px; color: inherit; font-weight: 500; opacity: 0.8;'> CEST2-A6 <\/h3>\n<\/p><\/div>\n<div style='display: flex; flex-wrap: wrap; gap: 30px; margin-bottom: 30px;'>\n<div style='flex: 1 1 300px; min-width: 280px;'>\n<h3 style='font-size: 22px; border-bottom: 2px solid currentColor; padding-bottom: 5px; margin-top: 0; color: inherit; opacity: 0.8;'>Descripci\u00f3n<\/h3>\n<p style='font-size: 15px; color: inherit;'> Los sistemas de entrada de cables ofrecen un m\u00e9todo seguro y organizado para realizar la transici\u00f3n de cables y mangueras a trav\u00e9s de gabinetes y equipos el\u00e9ctricos&comma; proporcionando alivio de tensi\u00f3n y manteniendo la clasificaci\u00f3n de sellado de ingreso IP\/NEMA. <\/p>\n<p style='font-size: 15px; color: inherit; margin-top: 15px;'> El CEST2-A6 es un sistema de entrada de cables con terminaci\u00f3n rectangular&comma; de 1&comma;50&#8242; (38&comma;1 mm) de ancho x 5&comma;83&#8242; (165&comma;6 mm) de largo con 6 peque\u00f1os orificios para ojales. <\/p>\n<\/p><\/div>\n<\/p><\/div>\n<div style='width: 100%; max-width: 800px; margin: 0 auto; margin-bottom: 30px;'> <img style='width: 100%; height: auto; border: 1px solid rgba(150&comma;150&comma;150&comma;0.3); border-radius: 8px;' src='https:\/\/ftp3.syscom.mx\/usuarios\/fotos\/CEST2A6\/222632-captura_de_pantalla_2023-09-29_a_la(s)_9.42.32%E2%80%AFa.m..png' alt=''> <\/div>\n<div style='position: relative; padding-bottom: 56.25%; height: 0; overflow: hidden; margin-bottom: 30px;'>   <\/div>\n<hr style='border: 0; border-top: 1px solid rgba(150&comma; 150&comma; 150&comma; 0.3); margin: 30px 0;'> <\/div>\n","protected":false},"excerpt":{"rendered":"<p>Pasacables  de 6 Orificios en L\u00ednea 4.41&#8243; X 0.67&#8243; IP65,  para Cables Terminados, Color Negro<\/p>\n","protected":false},"featured_media":61398,"comment_status":"open","ping_status":"closed","template":"","meta":[],"product_brand":[],"product_cat":[604],"product_tag":[606,445,605],"class_list":{"0":"post-61399","1":"product","2":"type-product","3":"status-publish","4":"has-post-thumbnail","6":"product_cat-accesorios-para-racks-y-gabinetes","7":"product_tag-accesorios-para-racks-y-gabinetes","8":"product_tag-panduit","9":"product_tag-racks-y-gabinetes","11":"first","12":"instock","13":"sale","14":"shipping-taxable","15":"purchasable","16":"product-type-simple"},"_links":{"self":[{"href":"https:\/\/soydeaqui.ddns.net\/pachuca\/index.php\/wp-json\/wp\/v2\/product\/61399","targetHints":{"allow":["GET"]}}],"collection":[{"href":"https:\/\/soydeaqui.ddns.net\/pachuca\/index.php\/wp-json\/wp\/v2\/product"}],"about":[{"href":"https:\/\/soydeaqui.ddns.net\/pachuca\/index.php\/wp-json\/wp\/v2\/types\/product"}],"replies":[{"embeddable":true,"href":"https:\/\/soydeaqui.ddns.net\/pachuca\/index.php\/wp-json\/wp\/v2\/comments?post=61399"}],"wp:featuredmedia":[{"embeddable":true,"href":"https:\/\/soydeaqui.ddns.net\/pachuca\/index.php\/wp-json\/wp\/v2\/media\/61398"}],"wp:attachment":[{"href":"https:\/\/soydeaqui.ddns.net\/pachuca\/index.php\/wp-json\/wp\/v2\/media?parent=61399"}],"wp:term":[{"taxonomy":"product_brand","embeddable":true,"href":"https:\/\/soydeaqui.ddns.net\/pachuca\/index.php\/wp-json\/wp\/v2\/product_brand?post=61399"},{"taxonomy":"product_cat","embeddable":true,"href":"https:\/\/soydeaqui.ddns.net\/pachuca\/index.php\/wp-json\/wp\/v2\/product_cat?post=61399"},{"taxonomy":"product_tag","embeddable":true,"href":"https:\/\/soydeaqui.ddns.net\/pachuca\/index.php\/wp-json\/wp\/v2\/product_tag?post=61399"}],"curies":[{"name":"wp","href":"https:\/\/api.w.org\/{rel}","templated":true}]}}