{"id":61391,"date":"2026-03-19T06:06:10","date_gmt":"2026-03-19T06:06:10","guid":{"rendered":"https:\/\/soydeaqui.ddns.net\/pachuca\/index.php\/producto\/pasacable-grommet-de-entrada-de-cable-terminado-sencillo-y-pequeno-0-24-0-28-color-negro-paquete-de-12-piezas\/"},"modified":"2026-03-19T06:06:15","modified_gmt":"2026-03-19T06:06:15","slug":"pasacable-grommet-de-entrada-de-cable-terminado-sencillo-y-pequeno-0-24-0-28-color-negro-paquete-de-12-piezas","status":"publish","type":"product","link":"https:\/\/soydeaqui.ddns.net\/pachuca\/index.php\/producto\/pasacable-grommet-de-entrada-de-cable-terminado-sencillo-y-pequeno-0-24-0-28-color-negro-paquete-de-12-piezas\/","title":{"rendered":"Pasacable Grommet de Entrada de Cable Terminado, Sencillo y Peque\u00f1o, 0.24&#8243;-0.28&#8243;, Color Negro. Paquete de 12 Piezas"},"content":{"rendered":"<div style='width: 100%; max-width: 1200px; margin: 0 auto; font-family: sans-serif; line-height: 1.6; color: inherit; background-color: transparent;'>\n<div style='display: flex; flex-direction: column; align-items: center; text-align: center; margin-bottom: 30px;'> <img style='width: 100%; max-width: 300px; height: auto; border: 1px solid rgba(150&comma;150&comma;150&comma;0.3); border-radius: 8px;' src='https:\/\/ftp3.syscom.mx\/usuarios\/fotos\/SCL2\/0X\/214870-217843-panduit-logo-tm-negro-fondo_trans30-01_(002)_(1).png' alt=''> <\/p>\n<h1 style='font-size: 26px; margin: 15px 0 8px; color: inherit; opacity: 0.8; max-width: 800px;'>Pasacables de Entrada de Cable Terminado&comma; Sencillo&comma; Peque\u00f1o&comma; 0.24&#8242;-0.28&#8217;&comma; Color Negro<\/h1>\n<h3 style='font-size: 20px; margin: 0; color: inherit; opacity: 0.7;'>CEG-06X1<\/h3>\n<\/p><\/div>\n<div style='margin-bottom: 30px;'>\n<p style='margin: 15px 0; font-size: 15px; color: inherit;'>Los sistemas de entrada de cables ofrecen un m\u00e9todo seguro y organizado para realizar la transici\u00f3n de cables y mangueras a trav\u00e9s de gabinetes y equipos el\u00e9ctricos&comma; proporcionando alivio de tensi\u00f3n y al mismo tiempo manteniendo las clasificaciones de sellado de ingreso IP\/NEMA.<\/p>\n<p style='margin: 15px 0; font-size: 15px; color: inherit;'>El CEG-06X1 es un ojal de entrada de cable peque\u00f1o con una abertura y es para di\u00e1metros de cable de 0&comma;24&#8242; (6&comma;1 mm) a 0&comma;28&#8242; (7&comma;1 mm).<\/p>\n<p style='margin: 15px 0; font-size: 15px; color: inherit;'>El color es negro.<\/p>\n<\/p><\/div>\n<div style='margin-bottom: 30px;'> <img style='width: 100%; max-width: 800px; height: auto; border: 1px solid rgba(150&comma;150&comma;150&comma;0.3); border-radius: 8px;' src='https:\/\/ftp3.syscom.mx\/usuarios\/fotos\/CEG06X1\/222669-captura_de_pantalla_2023-09-29_a_la(s)_9.46.17%E2%80%AFa.m..png' alt=''> <\/div>\n<div style='margin-bottom: 30px;'>\n<div style='position: relative; padding-bottom: 56.25%; height: 0; overflow: hidden;'>   <\/div>\n<\/p><\/div>\n<\/p><\/div>\n","protected":false},"excerpt":{"rendered":"<p>Pasacable Grommet de Entrada de Cable Terminado, Sencillo y Peque\u00f1o, 0.24&#8243;-0.28&#8243;, Color Negro. Paquete de 12 Piezas<\/p>\n","protected":false},"featured_media":61390,"comment_status":"open","ping_status":"closed","template":"","meta":[],"product_brand":[],"product_cat":[604],"product_tag":[606,445,605],"class_list":{"0":"post-61391","1":"product","2":"type-product","3":"status-publish","4":"has-post-thumbnail","6":"product_cat-accesorios-para-racks-y-gabinetes","7":"product_tag-accesorios-para-racks-y-gabinetes","8":"product_tag-panduit","9":"product_tag-racks-y-gabinetes","11":"first","12":"instock","13":"sale","14":"shipping-taxable","15":"purchasable","16":"product-type-simple"},"_links":{"self":[{"href":"https:\/\/soydeaqui.ddns.net\/pachuca\/index.php\/wp-json\/wp\/v2\/product\/61391","targetHints":{"allow":["GET"]}}],"collection":[{"href":"https:\/\/soydeaqui.ddns.net\/pachuca\/index.php\/wp-json\/wp\/v2\/product"}],"about":[{"href":"https:\/\/soydeaqui.ddns.net\/pachuca\/index.php\/wp-json\/wp\/v2\/types\/product"}],"replies":[{"embeddable":true,"href":"https:\/\/soydeaqui.ddns.net\/pachuca\/index.php\/wp-json\/wp\/v2\/comments?post=61391"}],"wp:featuredmedia":[{"embeddable":true,"href":"https:\/\/soydeaqui.ddns.net\/pachuca\/index.php\/wp-json\/wp\/v2\/media\/61390"}],"wp:attachment":[{"href":"https:\/\/soydeaqui.ddns.net\/pachuca\/index.php\/wp-json\/wp\/v2\/media?parent=61391"}],"wp:term":[{"taxonomy":"product_brand","embeddable":true,"href":"https:\/\/soydeaqui.ddns.net\/pachuca\/index.php\/wp-json\/wp\/v2\/product_brand?post=61391"},{"taxonomy":"product_cat","embeddable":true,"href":"https:\/\/soydeaqui.ddns.net\/pachuca\/index.php\/wp-json\/wp\/v2\/product_cat?post=61391"},{"taxonomy":"product_tag","embeddable":true,"href":"https:\/\/soydeaqui.ddns.net\/pachuca\/index.php\/wp-json\/wp\/v2\/product_tag?post=61391"}],"curies":[{"name":"wp","href":"https:\/\/api.w.org\/{rel}","templated":true}]}}