{"id":61385,"date":"2026-03-19T06:05:54","date_gmt":"2026-03-19T06:05:54","guid":{"rendered":"https:\/\/soydeaqui.ddns.net\/pachuca\/index.php\/producto\/dispositivo-circular-de-puertos-de-acceso-a-datos-con-dos-espacios-para-modulos-mini-com-y-un-receptaculo-nema-5-15r-proteccion-ip66-de-3-de-diametro\/"},"modified":"2026-03-19T06:06:04","modified_gmt":"2026-03-19T06:06:04","slug":"dispositivo-circular-de-puertos-de-acceso-a-datos-con-dos-espacios-para-modulos-mini-com-y-un-receptaculo-nema-5-15r-proteccion-ip66-de-3-de-diametro","status":"publish","type":"product","link":"https:\/\/soydeaqui.ddns.net\/pachuca\/index.php\/producto\/dispositivo-circular-de-puertos-de-acceso-a-datos-con-dos-espacios-para-modulos-mini-com-y-un-receptaculo-nema-5-15r-proteccion-ip66-de-3-de-diametro\/","title":{"rendered":"Dispositivo Circular de Puertos de Acceso a Datos, Con Dos Espacios Para M\u00f3dulos Mini-Com y Un Recept\u00e1culo NEMA 5-15R, Protecci\u00f3n IP66, de 3&#8243; de Di\u00e1metro"},"content":{"rendered":"<div style='width: 100%; max-width: 1200px; margin: 0 auto; font-family: sans-serif; line-height: 1.6; color: inherit; background-color: transparent;'>\n<div style='display: flex; flex-wrap: wrap; gap: 30px; margin-bottom: 30px;'>\n<div style='flex: 1 1 300px; min-width: 280px;'>\n<h3 style='font-size: 22px; border-bottom: 2px solid currentColor; padding-bottom: 5px; margin-top: 0; color: inherit; opacity: 0.8;'>Descripci\u00f3n<\/h3>\n<p style='font-size: 15px; color: inherit;'>Los puertos de acceso a datos brindan a los usuarios un medio seguro para mantener y monitorear el rendimiento de PLC&comma; VFD y redes industriales. Las funciones de seguridad integradas evitar\u00e1n la interrupci\u00f3n del servicio o el acceso no deseado por parte de personal no autorizado. El personal sin certificaci\u00f3n de arco el\u00e9ctrico puede acceder a las redes dentro del panel&comma; lo que reduce los costos&comma; aumenta la eficiencia y promueve la seguridad general. Adem\u00e1s&comma; el nuevo e innovador dise\u00f1o circular permite una instalaci\u00f3n r\u00e1pida y sencilla. La base de aluminio fundido con una cubierta de pl\u00e1stico resistente a impactos y un montaje de placa frontal modular protege todas las conexiones.<\/p>\n<\/p><\/div>\n<\/p><\/div>\n<div style='display: flex; flex-wrap: wrap; gap: 20px; margin-bottom: 30px;'>\n<div style='flex: 1 1 250px; border: 1px solid rgba(150&comma; 150&comma; 150&comma; 0.4); border-radius: 8px; overflow: hidden; display: flex; flex-direction: column;'>\n<div style='padding: 15px; border-bottom: 1px solid rgba(150&comma; 150&comma; 150&comma; 0.2); font-weight: bold; font-size: 18px; color: inherit;'>Especificaciones T\u00e9cnicas<\/div>\n<div style='padding: 15px; color: inherit;'>\n<ul style='padding-left: 20px; margin: 0; font-size: 14px; list-style-type: disc;'>\n<li style='margin-bottom: 5px;'>Facilidad de instalaci\u00f3n: el dise\u00f1o de marco circular permite el uso de troqueles de perforaci\u00f3n est\u00e1ndar&comma; lo que proporciona una instalaci\u00f3n m\u00e1s limpia y hasta un 50 % de ahorro en mano de obra<\/li>\n<li style='margin-bottom: 5px;'>Dise\u00f1o modular que permite que los conectores RJ45&comma; los interruptores&comma; USB y otros conectores modulares se intercambien en cualquier momento&comma; lo que permite la m\u00e1xima flexibilidad de dise\u00f1o<\/li>\n<li style='margin-bottom: 5px;'>Grado de protecci\u00f3n: Tipo nominal (UL&comma; CSA&comma; NEMA) 4&comma; 4X y 12<\/li>\n<li style='margin-bottom: 5px;'>Clasificaci\u00f3n de ingreso: Cumple con IP65 e IP66 seg\u00fan IEC 60529<\/li>\n<li style='margin-bottom: 5px;'>Cumplimiento UL: UL50&comma; UL50E&comma; UL508A&comma; CSA C22.2 NO. 14-13&comma; and CSA C22.2 NO. 94.1\/NO. 94.2<\/li>\n<li style='margin-bottom: 5px;'>Temperatura m\u00e1xima de funcionamiento (\u00b0C): 50<\/li>\n<li style='margin-bottom: 5px;'>Temperatura m\u00ednima de funcionamiento (\u00b0C): -5<\/li>\n<\/ul><\/div>\n<\/p><\/div>\n<\/p><\/div>\n<div style='position: relative; padding-bottom: 56.25%; height: 0; overflow: hidden; margin-bottom: 30px;'>   <\/div>\n<hr style='border: 0; border-top: 1px solid rgba(150&comma; 150&comma; 150&comma; 0.3); margin: 30px 0;'> <\/div>\n","protected":false},"excerpt":{"rendered":"<p>Dispositivo Circular de Puertos de Acceso a Datos, Con Dos Espacios Para M\u00f3dulos Mini-Com y Un Recept\u00e1culo NEMA 5-15R, Protecci\u00f3n IP66, de 3&#8243; de Di\u00e1metro<\/p>\n","protected":false},"featured_media":61384,"comment_status":"open","ping_status":"closed","template":"","meta":[],"product_brand":[],"product_cat":[637],"product_tag":[638,445,605],"class_list":{"0":"post-61385","1":"product","2":"type-product","3":"status-publish","4":"has-post-thumbnail","6":"product_cat-gabinetes-para-intemperie","7":"product_tag-gabinetes-para-intemperie","8":"product_tag-panduit","9":"product_tag-racks-y-gabinetes","11":"first","12":"outofstock","13":"sale","14":"shipping-taxable","15":"purchasable","16":"product-type-simple"},"_links":{"self":[{"href":"https:\/\/soydeaqui.ddns.net\/pachuca\/index.php\/wp-json\/wp\/v2\/product\/61385","targetHints":{"allow":["GET"]}}],"collection":[{"href":"https:\/\/soydeaqui.ddns.net\/pachuca\/index.php\/wp-json\/wp\/v2\/product"}],"about":[{"href":"https:\/\/soydeaqui.ddns.net\/pachuca\/index.php\/wp-json\/wp\/v2\/types\/product"}],"replies":[{"embeddable":true,"href":"https:\/\/soydeaqui.ddns.net\/pachuca\/index.php\/wp-json\/wp\/v2\/comments?post=61385"}],"wp:featuredmedia":[{"embeddable":true,"href":"https:\/\/soydeaqui.ddns.net\/pachuca\/index.php\/wp-json\/wp\/v2\/media\/61384"}],"wp:attachment":[{"href":"https:\/\/soydeaqui.ddns.net\/pachuca\/index.php\/wp-json\/wp\/v2\/media?parent=61385"}],"wp:term":[{"taxonomy":"product_brand","embeddable":true,"href":"https:\/\/soydeaqui.ddns.net\/pachuca\/index.php\/wp-json\/wp\/v2\/product_brand?post=61385"},{"taxonomy":"product_cat","embeddable":true,"href":"https:\/\/soydeaqui.ddns.net\/pachuca\/index.php\/wp-json\/wp\/v2\/product_cat?post=61385"},{"taxonomy":"product_tag","embeddable":true,"href":"https:\/\/soydeaqui.ddns.net\/pachuca\/index.php\/wp-json\/wp\/v2\/product_tag?post=61385"}],"curies":[{"name":"wp","href":"https:\/\/api.w.org\/{rel}","templated":true}]}}