{"id":61370,"date":"2026-03-19T06:05:23","date_gmt":"2026-03-19T06:05:23","guid":{"rendered":"https:\/\/soydeaqui.ddns.net\/pachuca\/index.php\/producto\/repetidor-uhf-450-490-mhz-40w-protocolo-dmr-para-doble-llamada\/"},"modified":"2026-03-19T06:05:33","modified_gmt":"2026-03-19T06:05:33","slug":"repetidor-uhf-450-490-mhz-40w-protocolo-dmr-para-doble-llamada","status":"publish","type":"product","link":"https:\/\/soydeaqui.ddns.net\/pachuca\/index.php\/producto\/repetidor-uhf-450-490-mhz-40w-protocolo-dmr-para-doble-llamada\/","title":{"rendered":"Repetidor UHF 450-490 MHz, 40W, protocolo DMR para doble llamada"},"content":{"rendered":"<div style='width: 100%; max-width: 1200px; margin: 0 auto; font-family: sans-serif; line-height: 1.6; color: inherit;'>\n<div style='display: flex; flex-wrap: wrap; gap: 30px; margin-bottom: 30px;'>\n<div style='flex: 1 1 300px; min-width: 280px;'>\n<h3 style='font-size: 22px; border-bottom: 2px solid currentColor; padding-bottom: 5px; margin-top: 0; color: inherit; opacity: 0.8;'>Descripci\u00f3n<\/h3>\n<p style='text-align: justify; color: inherit;'>El repetidor TXR8500UH es un equipo de comunicaciones de alta calidad y rendimiento dise\u00f1ado para transmitir se\u00f1ales de radio a larga distancia. Este repetidor cuenta con una fuente de alimentaci\u00f3n de alta eficiencia que le permite trabajar de manera estable y confiable por largos per\u00edodos de tiempo. Adem\u00e1s&comma; el repetidor TXR8500UH es totalmente digital&comma; lo que garantiza una transmisi\u00f3n de audio de alta calidad y una mayor capacidad para gestionar varias comunicaciones al mismo tiempo.<\/p>\n<p style='text-align: justify; color: inherit;'>Otra de las grandes ventajas del repetidor TXR8500UH es su protocolo DMR&comma; que permite una comunicaci\u00f3n segura y privada entre usuarios de la misma red. Adem\u00e1s&comma; este repetidor cuenta con un precio muy competitivo en el mercado&comma; lo que lo convierte en una excelente opci\u00f3n para aquellas empresas o instituciones que necesitan una soluci\u00f3n de comunicaciones de alta calidad a un precio asequible.<\/p>\n<p style='text-align: justify; color: inherit;'>Entre las caracter\u00edsticas destacadas del repetidor TXR8500UH se encuentra su facilidad de implementaci\u00f3n&comma; su calidad de audio superior y su uso f\u00e1cil y sencillo. Con este equipo&comma; los usuarios pueden establecer comunicaciones de forma r\u00e1pida y eficiente&comma; gracias a su interfaz intuitiva y sus funciones avanzadas.<\/p>\n<p style='text-align: justify; color: inherit;'>En conclusi\u00f3n&comma; el repetidor TXR8500UH es una excelente opci\u00f3n para aquellos que buscan una soluci\u00f3n de comunicaciones de alta calidad&comma; confiable y rentable. Su protocolo DMR&comma; precio competitivo y caracter\u00edsticas destacadas lo convierten en una inversi\u00f3n superior a otras marcas del mercado.<\/p>\n<\/p><\/div>\n<\/p><\/div>\n<div style='display: flex; flex-wrap: wrap; gap: 30px; margin-bottom: 30px;'>\n<div style='flex: 1 1 300px; min-width: 280px;'>\n<h3 style='font-size: 22px; border-bottom: 2px solid currentColor; padding-bottom: 5px; margin-top: 0; color: inherit; opacity: 0.8;'>Caracter\u00edsticas principales<\/h3>\n<ul style='padding-left: 20px; font-size: 15px; color: inherit;'>\n<li style='margin-bottom: 5px;'>Disipador de calor y ventilador posterior integrados<\/li>\n<li style='margin-bottom: 5px;'>Detecci\u00f3n inteligente de se\u00f1ales digitales o anal\u00f3gicas en un mismo canal<\/li>\n<li style='margin-bottom: 5px;'>Permite compartir el canal con m\u00faltiples grupos en modo Digital<\/li>\n<li style='margin-bottom: 5px;'>Protecci\u00f3n de voltaje y temperatura autom\u00e1tico<\/li>\n<li style='margin-bottom: 5px;'>Calidad de audio mejorado<\/li>\n<\/ul><\/div>\n<div style='flex: 1 1 300px; min-width: 280px;'>\n<h3 style='font-size: 22px; border-bottom: 2px solid currentColor; padding-bottom: 5px; margin-top: 0; color: inherit; opacity: 0.8;'>Especificaciones t\u00e9cnicas<\/h3>\n<ul style='padding-left: 20px; font-size: 15px; color: inherit;'>\n<li style='margin-bottom: 5px;'>50W de potencia<\/li>\n<li style='margin-bottom: 5px;'>UHF 450-490 MHz<\/li>\n<li style='margin-bottom: 5px;'>Hasta 100 canales<\/li>\n<li style='margin-bottom: 5px;'>Operaci\u00f3n en TDMA<\/li>\n<li style='margin-bottom: 5px;'>Canales Anal\u00f3gicos o Digitales<\/li>\n<li style='margin-bottom: 5px;'>Compatible con m\u00faltiples marcas DMR<\/li>\n<li style='margin-bottom: 5px;'>Doble Slot para dos llamadas<\/li>\n<li style='margin-bottom: 5px;'>Indicador LED<\/li>\n<li style='margin-bottom: 5px;'>110V\/220 Vca \u00f3 13.8Vcc<\/li>\n<\/ul><\/div>\n<\/p><\/div>\n<div style='display: flex; flex-wrap: wrap; gap: 20px; margin-bottom: 30px;'>\n<div style='flex: 1 1 250px; border: 1px solid rgba(150&comma; 150&comma; 150&comma; 0.4); border-radius: 8px; overflow: hidden; display: flex; flex-direction: column;'>\n<div style='padding: 15px; border-bottom: 1px solid rgba(150&comma; 150&comma; 150&comma; 0.2); font-weight: bold; font-size: 18px; color: inherit;'>Recepci\u00f3n<\/div>\n<div style='padding: 15px; color: inherit;'>\n<ul style='padding-left: 20px; margin: 0; font-size: 14px; list-style-type: disc;'>\n<li style='margin-bottom: 5px;'><strong>Referencia de sensibilidad (Anal\u00f3gico):<\/strong> 0.25 uV @ 12dB SINAD<\/li>\n<li style='margin-bottom: 5px;'><strong>Selectividad en canal adyacente:<\/strong> \u226570 dB@ 12.5 kHz \/ 70 dB@ 25 kHz<\/li>\n<li style='margin-bottom: 5px;'><strong>Sensibilidad de referencia digital:<\/strong> 0.22 uV\/-120 dBm \/ 0.35 uV\/120 dBm<\/li>\n<li style='margin-bottom: 5px;'><strong>Respuesta espuria rechazo:<\/strong> \u226570 dB<\/li>\n<li style='margin-bottom: 5px;'><strong>Salida de audio nominal:<\/strong> +1 ~ -3 dB<\/li>\n<li style='margin-bottom: 5px;'><strong>Distorsi\u00f3n de audio nominal:<\/strong> < 5%<\/li>\n<li style='margin-bottom: 5px;'><strong>Ruido en FM:<\/strong> >45 dB@25 kHz \/ \u226540 dB@12.5 kHz<\/li>\n<\/ul><\/div>\n<\/p><\/div>\n<div style='flex: 1 1 250px; border: 1px solid rgba(150&comma; 150&comma; 150&comma; 0.4); border-radius: 8px; overflow: hidden; display: flex; flex-direction: column;'>\n<div style='padding: 15px; border-bottom: 1px solid rgba(150&comma; 150&comma; 150&comma; 0.2); font-weight: bold; font-size: 18px; color: inherit;'>Transmisi\u00f3n<\/div>\n<div style='padding: 15px; color: inherit;'>\n<ul style='padding-left: 20px; margin: 0; font-size: 14px; list-style-type: disc;'>\n<li style='margin-bottom: 5px;'><strong>Potencia de salida:<\/strong> 40 W<\/li>\n<li style='margin-bottom: 5px;'><strong>Impedancia de antena:<\/strong> 50\u03a9<\/li>\n<li style='margin-bottom: 5px;'><strong>Emisi\u00f3n espuria radiada:<\/strong> 36 dBm < 1 GHz \/ -30 dBm < 1 GHz<\/li>\n<li style='margin-bottom: 5px;'><strong>Ruido en FM:<\/strong> 45 dB@25 kHz \/ 40 dB@12.5 kHz<\/li>\n<li style='margin-bottom: 5px;'><strong>Distorsi\u00f3n de modulaci\u00f3n:<\/strong> < 5%<\/li>\n<li style='margin-bottom: 5px;'><strong>Protocolo digital:<\/strong> ETSI-TS120 361-1&comma; -2&comma; -3<\/li>\n<li style='margin-bottom: 5px;'><strong>Modulaci\u00f3n de frecuencia:<\/strong> 16kf 3E (an\u00e1logo) \/ 4FSK (digital)<\/li>\n<li style='margin-bottom: 5px;'><strong>Limitaci\u00f3n de modulaci\u00f3n:<\/strong> \u00b1 2.5 kHz@12.5 kHz \/ \u00b15 kHz@25 kHz<\/li>\n<\/ul><\/div>\n<\/p><\/div>\n<\/p><\/div>\n<div style='display: flex; flex-wrap: wrap; gap: 30px; margin-bottom: 30px;'>\n<div style='flex: 1 1 300px; min-width: 280px;'>\n<h3 style='font-size: 22px; border-bottom: 2px solid currentColor; padding-bottom: 5px; margin-top: 0; color: inherit; opacity: 0.8;'>Informaci\u00f3n adicional<\/h3>\n<ul style='padding-left: 20px; font-size: 15px; color: inherit;'>\n<li style='margin-bottom: 5px;'><strong>Garant\u00eda:<\/strong> 3 A\u00f1os<\/li>\n<li style='margin-bottom: 5px;'>Aseg\u00farese de que el voltaje de alimentaci\u00f3n seleccionado sea el correcto<\/li>\n<\/ul><\/div>\n<\/p><\/div>\n<div style='display: flex; flex-wrap: wrap; gap: 20px; margin-bottom: 30px;'>\n<div style='flex: 1 1 300px; min-width: 280px;'> <img style='width: 100%; height: auto; border: 1px solid rgba(150&comma;150&comma;150&comma;0.3); border-radius: 8px;' src='https:\/\/ftp3.syscom.mx\/usuarios\/mhernandez\/txPRO%20TYT\/TXR8500\/Cobertura.PNG' alt=''><\/div>\n<div style='flex: 1 1 300px; min-width: 280px;'> <img style='width: 100%; height: auto; border: 1px solid rgba(150&comma;150&comma;150&comma;0.3); border-radius: 8px;' src='https:\/\/ftp3.syscom.mx\/usuarios\/mhernandez\/txPRO%20TYT\/TXR8500\/Frente%20diplay.PNG' alt=''><\/div>\n<div style='flex: 1 1 300px; min-width: 280px;'> <img style='width: 100%; height: auto; border: 1px solid rgba(150&comma;150&comma;150&comma;0.3); border-radius: 8px;' src='https:\/\/ftp3.syscom.mx\/usuarios\/mhernandez\/txPRO%20TYT\/TXR8500\/Etiqueta%20Voltaje%203.PNG' alt=''><\/div>\n<\/p><\/div>\n<div style='margin-bottom: 30px;'>\n<div style='position: relative; padding-bottom: 56.25%; height: 0; overflow: hidden;'>   <\/div>\n<\/p><\/div>\n<hr style='border: 0; border-top: 1px solid rgba(150&comma; 150&comma; 150&comma; 0.3); margin: 30px 0;'> <\/div>\n","protected":false},"excerpt":{"rendered":"<p>Repetidor UHF 450-490 MHz, 40W, protocolo DMR para doble llamada<\/p>\n","protected":false},"featured_media":61369,"comment_status":"open","ping_status":"closed","template":"","meta":[],"product_brand":[],"product_cat":[1775],"product_tag":[1556,1776,560],"class_list":{"0":"post-61370","1":"product","2":"type-product","3":"status-publish","4":"has-post-thumbnail","6":"product_cat-repetidores-vhf-uhf","7":"product_tag-radios-comerciales-txpro","8":"product_tag-repetidores-vhf-uhf","9":"product_tag-txpro","11":"first","12":"instock","13":"sale","14":"shipping-taxable","15":"purchasable","16":"product-type-simple"},"_links":{"self":[{"href":"https:\/\/soydeaqui.ddns.net\/pachuca\/index.php\/wp-json\/wp\/v2\/product\/61370","targetHints":{"allow":["GET"]}}],"collection":[{"href":"https:\/\/soydeaqui.ddns.net\/pachuca\/index.php\/wp-json\/wp\/v2\/product"}],"about":[{"href":"https:\/\/soydeaqui.ddns.net\/pachuca\/index.php\/wp-json\/wp\/v2\/types\/product"}],"replies":[{"embeddable":true,"href":"https:\/\/soydeaqui.ddns.net\/pachuca\/index.php\/wp-json\/wp\/v2\/comments?post=61370"}],"wp:featuredmedia":[{"embeddable":true,"href":"https:\/\/soydeaqui.ddns.net\/pachuca\/index.php\/wp-json\/wp\/v2\/media\/61369"}],"wp:attachment":[{"href":"https:\/\/soydeaqui.ddns.net\/pachuca\/index.php\/wp-json\/wp\/v2\/media?parent=61370"}],"wp:term":[{"taxonomy":"product_brand","embeddable":true,"href":"https:\/\/soydeaqui.ddns.net\/pachuca\/index.php\/wp-json\/wp\/v2\/product_brand?post=61370"},{"taxonomy":"product_cat","embeddable":true,"href":"https:\/\/soydeaqui.ddns.net\/pachuca\/index.php\/wp-json\/wp\/v2\/product_cat?post=61370"},{"taxonomy":"product_tag","embeddable":true,"href":"https:\/\/soydeaqui.ddns.net\/pachuca\/index.php\/wp-json\/wp\/v2\/product_tag?post=61370"}],"curies":[{"name":"wp","href":"https:\/\/api.w.org\/{rel}","templated":true}]}}