{"id":6136,"date":"2026-03-18T06:39:34","date_gmt":"2026-03-18T06:39:34","guid":{"rendered":"https:\/\/soydeaqui.ddns.net\/pachuca\/index.php\/producto\/barreras-de-de-infrarrojos-activas-para-exterior-con-alcance-hasta-30-m\/"},"modified":"2026-03-18T06:39:34","modified_gmt":"2026-03-18T06:39:34","slug":"barreras-de-de-infrarrojos-activas-para-exterior-con-alcance-hasta-30-m","status":"publish","type":"product","link":"https:\/\/soydeaqui.ddns.net\/pachuca\/index.php\/producto\/barreras-de-de-infrarrojos-activas-para-exterior-con-alcance-hasta-30-m\/","title":{"rendered":"Barreras de de infrarrojos activas para exterior con alcance hasta 30 m"},"content":{"rendered":"<div style='width: 100%; max-width: 1200px; margin: 0 auto; font-family: sans-serif; line-height: 1.6; color: inherit; background-color: transparent;'>\n<div style='display: flex; flex-wrap: wrap; gap: 30px; margin-bottom: 30px;'>\n<div style='flex: 1 1 300px; min-width: 280px;'>\n<h3 style='font-size: 22px; border-bottom: 2px solid currentColor; padding-bottom: 5px; margin-top: 0; color: inherit; opacity: 0.8;'>Caracter\u00edsticas principales<\/h3>\n<p style='font-size: 15px; color: inherit; margin-bottom: 18px;'> La AX-100TFR son barreras de infrarrojos activas para exterior con alcance hasta 30 m&comma; dise\u00f1adas para proteger caminos de entrada&comma; \u00e1reas abiertas y per\u00edmetros peque\u00f1os. En instalaciones residenciales&comma; comerciales e industriales&comma; la serie AX-TFR ofrece la fiabilidad y flexibilidad necesarias en entornos inestables y en continuo cambio. La AX-100TFR funciona con pilas y al ser barreras IR inal\u00e1mbricas pueden utilizarse en ubicaciones remotas o dif\u00edciles de cablear&comma; as\u00ed como para aplicaciones de <strong style='color: inherit;'>despliegue r\u00e1pido<\/strong> (como pueden ser campamentos militares&comma; recintos temporales&comma; andamios&comma; etc.). <\/p>\n<p style='font-size: 15px; color: inherit; margin-bottom: 18px;'> Puede utilizarse con la mayor\u00eda de transmisores disponibles en el mercado y si se alimenta con las pilas recomendadas LHS20 SAFT (que deben adquirirse por separado)&comma; las barreras de infrarrojos pueden funcionar durante hasta 5 a\u00f1os. Incluye cuatro canales seleccionables y permiten el montaje en columna&comma; poste o pared. <\/p>\n<\/p><\/div>\n<\/p><\/div>\n<div style='display: flex; flex-wrap: wrap; gap: 20px; margin-bottom: 30px;'>\n<div style='flex: 1 1 250px; border: 1px solid rgba(150&comma; 150&comma; 150&comma; 0.4); border-radius: 8px; overflow: hidden; display: flex; flex-direction: column;'>\n<div style='padding: 15px; border-bottom: 1px solid rgba(150&comma; 150&comma; 150&comma; 0.2); font-weight: bold; font-size: 18px; color: inherit;'>Alineaci\u00f3n f\u00e1cil<\/div>\n<div style='padding: 15px; color: inherit;'>\n<p style='font-size: 14px; margin: 0; color: inherit;'>Una alineaci\u00f3n perfecta entre el transmisor y el receptor es clave para optimizar el funcionamiento de las barreras activas. Para facilitar la alineaci\u00f3n \u00f3ptica&comma; la AX-100TFR incluye un indicador LED de alineaci\u00f3n.<\/p>\n<\/p><\/div>\n<\/p><\/div>\n<div style='flex: 1 1 250px; border: 1px solid rgba(150&comma; 150&comma; 150&comma; 0.4); border-radius: 8px; overflow: hidden; display: flex; flex-direction: column;'>\n<div style='padding: 15px; border-bottom: 1px solid rgba(150&comma; 150&comma; 150&comma; 0.2); font-weight: bold; font-size: 18px; color: inherit;'>Resistente a la intemperie<\/div>\n<div style='padding: 15px; color: inherit;'>\n<p style='font-size: 14px; margin: 0; color: inherit;'>Con clasificaci\u00f3n IP55&comma; la carcasa de la AX-100TFR se ha dise\u00f1ado para resistir el agua y el polvo. La cubierta de la tapa frontal se sirve para evitar que se forme hielo en la tapa&comma; lo que podr\u00eda afectar a la potencia de la se\u00f1al. La barrera tambi\u00e9n est\u00e1 equipada con un rel\u00e9 y un amortiguador como protecci\u00f3n contra sobretensiones por rel\u00e1mpagos.<\/p>\n<\/p><\/div>\n<\/p><\/div>\n<div style='flex: 1 1 250px; border: 1px solid rgba(150&comma; 150&comma; 150&comma; 0.4); border-radius: 8px; overflow: hidden; display: flex; flex-direction: column;'>\n<div style='padding: 15px; border-bottom: 1px solid rgba(150&comma; 150&comma; 150&comma; 0.2); font-weight: bold; font-size: 18px; color: inherit;'>La flexibilidad de las barreras de seguridad inal\u00e1mbricas<\/div>\n<div style='padding: 15px; color: inherit;'>\n<p style='font-size: 14px; margin: 0; color: inherit;'>Al funcionar con pilas&comma; la AX-100TFR no requiere ning\u00fan tipo de cableado. Esto la convierte en una soluci\u00f3n de detecci\u00f3n de intrusi\u00f3n muy flexible y r\u00e1pida de instalar&comma; ideal para proteger hogares&comma; edificios externos o lugares temporales&comma; como obras o lugares para eventos. La caja posterior de la barrera inal\u00e1mbrica puede adaptarse a la mayor\u00eda de transmisores inal\u00e1mbricos disponibles en el mercado&comma; lo que facilita su conexi\u00f3n a sistemas de alarma inal\u00e1mbricos existentes. Algunos transmisores inal\u00e1mbricos pueden compr\u00e1rsenos directamente a nosotros&comma; como el BGR-01 habilitado para Ricochet o los transmisores Inovonics (pueden aplicarse ciertas restricciones regionales).<\/p>\n<\/p><\/div>\n<\/p><\/div>\n<\/p><\/div>\n<hr style='border: 0; border-top: 1px solid rgba(150&comma; 150&comma; 150&comma; 0.3); margin: 30px 0;'> <\/div>\n","protected":false},"excerpt":{"rendered":"<p>Barreras de de infrarrojos activas para exterior con alcance hasta 30 m<\/p>\n","protected":false},"featured_media":6135,"comment_status":"open","ping_status":"closed","template":"","meta":[],"product_brand":[],"product_cat":[232],"product_tag":[19,233,106],"class_list":{"0":"post-6136","1":"product","2":"type-product","3":"status-publish","4":"has-post-thumbnail","6":"product_cat-fotoelectricos-y-microondas","7":"product_tag-detectores-sensores","8":"product_tag-fotoelectricos-y-microondas","9":"product_tag-optex","11":"first","12":"outofstock","13":"sale","14":"shipping-taxable","15":"purchasable","16":"product-type-simple"},"_links":{"self":[{"href":"https:\/\/soydeaqui.ddns.net\/pachuca\/index.php\/wp-json\/wp\/v2\/product\/6136","targetHints":{"allow":["GET"]}}],"collection":[{"href":"https:\/\/soydeaqui.ddns.net\/pachuca\/index.php\/wp-json\/wp\/v2\/product"}],"about":[{"href":"https:\/\/soydeaqui.ddns.net\/pachuca\/index.php\/wp-json\/wp\/v2\/types\/product"}],"replies":[{"embeddable":true,"href":"https:\/\/soydeaqui.ddns.net\/pachuca\/index.php\/wp-json\/wp\/v2\/comments?post=6136"}],"wp:featuredmedia":[{"embeddable":true,"href":"https:\/\/soydeaqui.ddns.net\/pachuca\/index.php\/wp-json\/wp\/v2\/media\/6135"}],"wp:attachment":[{"href":"https:\/\/soydeaqui.ddns.net\/pachuca\/index.php\/wp-json\/wp\/v2\/media?parent=6136"}],"wp:term":[{"taxonomy":"product_brand","embeddable":true,"href":"https:\/\/soydeaqui.ddns.net\/pachuca\/index.php\/wp-json\/wp\/v2\/product_brand?post=6136"},{"taxonomy":"product_cat","embeddable":true,"href":"https:\/\/soydeaqui.ddns.net\/pachuca\/index.php\/wp-json\/wp\/v2\/product_cat?post=6136"},{"taxonomy":"product_tag","embeddable":true,"href":"https:\/\/soydeaqui.ddns.net\/pachuca\/index.php\/wp-json\/wp\/v2\/product_tag?post=6136"}],"curies":[{"name":"wp","href":"https:\/\/api.w.org\/{rel}","templated":true}]}}