{"id":61305,"date":"2026-03-19T06:03:09","date_gmt":"2026-03-19T06:03:09","guid":{"rendered":"https:\/\/soydeaqui.ddns.net\/pachuca\/index.php\/producto\/kit-de-pantalla-multifuncional-nsx-3012-con-antena-de-gps-externa-y-kit-de-instalacion-por-nmea-2000\/"},"modified":"2026-03-19T06:03:10","modified_gmt":"2026-03-19T06:03:10","slug":"kit-de-pantalla-multifuncional-nsx-3012-con-antena-de-gps-externa-y-kit-de-instalacion-por-nmea-2000","status":"publish","type":"product","link":"https:\/\/soydeaqui.ddns.net\/pachuca\/index.php\/producto\/kit-de-pantalla-multifuncional-nsx-3012-con-antena-de-gps-externa-y-kit-de-instalacion-por-nmea-2000\/","title":{"rendered":"Kit de pantalla multifuncional NSX 3012 con antena de GPS externa y kit de instalaci\u00f3n por NMEA 2000."},"content":{"rendered":"<div style='width: 100%; max-width: 1200px; margin: 0 auto; font-family: sans-serif; line-height: 1.6; color: inherit; background-color: transparent;'>\n<div style='display: flex; flex-wrap: wrap; gap: 30px; margin-bottom: 30px;'>\n<div style='flex: 1 1 300px; min-width: 280px;'>\n<h3 style='font-size: 22px; border-bottom: 2px solid currentColor; padding-bottom: 5px; margin-top: 0; color: inherit; opacity: 0.8;'>Simrad NSX 3012 Pantalla multifunci\u00f3n con ecosonda incorporada&comma; GPS y Wi-Fi. Pantalla panor\u00e1mica multit\u00e1ctil de 12 pulgadas s\u00faper brillante con NMEA 2000 e interfaz de radar.<\/h3>\n<ul style='padding-left: 20px; font-size: 15px; color: inherit;'>\n<li style='margin-bottom: 5px;'>Interfaz multit\u00e1ctil de alta definici\u00f3n<\/li>\n<li style='margin-bottom: 5px;'>Compatibilidad con carta C-MAP\u00ae DISCOVER\u2122 X y REVEAL\u2122<\/li>\n<li style='margin-bottom: 5px;'>Funci\u00f3n de autorouting para un f\u00e1cil acceso a las funciones<\/li>\n<li style='margin-bottom: 5px;'>Soporta la m\u00e1s amplia gama de gr\u00e1ficos<\/li>\n<li style='margin-bottom: 5px;'>Posibilidad de integraciones de terceros<\/li>\n<li style='margin-bottom: 5px;'>Soporta video IP (c\u00e1maras)<\/li>\n<li style='margin-bottom: 5px;'>Salida de potencia para transductor de 1 kW de 9 pin<\/li>\n<li style='margin-bottom: 5px;'>Almacenamiento interno de hasta 6000 puntos<\/li>\n<li style='margin-bottom: 5px;'>Compatible con radares HALO de domo o matriz abierta<\/li>\n<\/ul><\/div>\n<\/p><\/div>\n<div style='display: flex; flex-wrap: wrap; gap: 20px; margin-bottom: 30px;'>\n<div style='flex: 1 1 250px; border: 1px solid rgba(150&comma; 150&comma; 150&comma; 0.4); border-radius: 8px; overflow: hidden; display: flex; flex-direction: column;'>\n<div style='padding: 15px; border-bottom: 1px solid rgba(150&comma; 150&comma; 150&comma; 0.2); font-weight: bold; font-size: 18px; color: inherit;'>Kit de cables NMEA2000<\/div>\n<div style='padding: 15px; color: inherit;'>\n<ul style='padding-left: 20px; margin: 0; font-size: 14px; list-style-type: disc;'>\n<li style='margin-bottom: 5px;'>3.- N2K-T-RD &#8211; Conector en T NMEA 2000\u00ae para la conexi\u00f3n de equipos adicionales a la red<\/li>\n<li style='margin-bottom: 5px;'>1.- N2K-PWR-RD &#8211; NMEA 2000\u00ae cable de alimentaci\u00f3n. Incluye cable y conector en T<\/li>\n<li style='margin-bottom: 5px;'>1.- TR-120-KIT &#8211; Set de terminadores&comma; 1 macho y 1 hembra NMEA 2000\u00ae<\/li>\n<li style='margin-bottom: 5px;'>1.- N2KEXT-15RD &#8211; Cable NMEA 2000\u00ae de 4.5m para conexi\u00f3n a equipos adicionales o como extensi\u00f3n de cable de red<\/li>\n<\/ul><\/div>\n<\/p><\/div>\n<div style='flex: 1 1 250px; border: 1px solid rgba(150&comma; 150&comma; 150&comma; 0.4); border-radius: 8px; overflow: hidden; display: flex; flex-direction: column;'>\n<div style='padding: 15px; border-bottom: 1px solid rgba(150&comma; 150&comma; 150&comma; 0.2); font-weight: bold; font-size: 18px; color: inherit;'>Antena GS25<\/div>\n<div style='padding: 15px; color: inherit;'>\n<ul style='padding-left: 20px; margin: 0; font-size: 14px; list-style-type: disc;'>\n<li style='margin-bottom: 5px;'>M\u00f3dulo de antena NMEA 2000 que ofrece una posici\u00f3n resistente y precisa<\/li>\n<li style='margin-bottom: 5px;'>Compatible con GPS y GLONASS&comma; WASS \/ EGNOS \/ MSAS<\/li>\n<li style='margin-bottom: 5px;'>Actualizaciones de alta velocidad (hasta 10 veces por segundo) para actualizaciones de ubicaci\u00f3n m\u00e1s precisas y precisas<\/li>\n<li style='margin-bottom: 5px;'>Br\u00fajula estabilizadora electr\u00f3nica integrada para proporcionar estabilizaci\u00f3n de gr\u00e1ficos<\/li>\n<li style='margin-bottom: 5px;'>Rumbo preciso sobre el suelo a baja velocidad y superposici\u00f3n de radar<\/li>\n<li style='margin-bottom: 5px;'>Dise\u00f1o robusto para todos los ambientes marinos y completamente resistente al agua<\/li>\n<\/ul><\/div>\n<\/p><\/div>\n<div style='flex: 1 1 250px; border: 1px solid rgba(150&comma; 150&comma; 150&comma; 0.4); border-radius: 8px; overflow: hidden; display: flex; flex-direction: column;'>\n<div style='padding: 15px; border-bottom: 1px solid rgba(150&comma; 150&comma; 150&comma; 0.2); font-weight: bold; font-size: 18px; color: inherit;'>Incluye<\/div>\n<div style='padding: 15px; color: inherit;'>\n<ul style='padding-left: 20px; margin: 0; font-size: 14px; list-style-type: disc;'>\n<li style='margin-bottom: 5px;'>Montaje para pantalla<\/li>\n<li style='margin-bottom: 5px;'>Bizel<\/li>\n<li style='margin-bottom: 5px;'>Cable de alimentaci\u00f3n<\/li>\n<li style='margin-bottom: 5px;'>Cubierta para pantalla<\/li>\n<li style='margin-bottom: 5px;'>Kit de montaje para tablero<\/li>\n<li style='margin-bottom: 5px;'>Kit NMEA2000 (10760001)<\/li>\n<li style='margin-bottom: 5px;'>Antena GPS (GS25)<\/li>\n<\/ul><\/div>\n<\/p><\/div>\n<div style='flex: 1 1 250px; border: 1px solid rgba(150&comma; 150&comma; 150&comma; 0.4); border-radius: 8px; overflow: hidden; display: flex; flex-direction: column;'>\n<div style='padding: 15px; border-bottom: 1px solid rgba(150&comma; 150&comma; 150&comma; 0.2); font-weight: bold; font-size: 18px; color: inherit;'>Especificaciones<\/div>\n<div style='padding: 15px; color: inherit;'>\n<ul style='padding-left: 20px; margin: 0; font-size: 14px; list-style-type: disc;'>\n<li style='margin-bottom: 5px;'><strong>Dimensiones:<\/strong> 319 x 215 x 86 mm<\/li>\n<li style='margin-bottom: 5px;'><strong>Peso:<\/strong> 2.2 kg<\/li>\n<li style='margin-bottom: 5px;'><strong>Tama\u00f1o de la pantalla:<\/strong> 12&#8242; diagonal<\/li>\n<li style='margin-bottom: 5px;'><strong>Protecci\u00f3n:<\/strong> IPX7<\/li>\n<\/ul><\/div>\n<\/p><\/div>\n<\/p><\/div>\n<\/p><\/div>\n","protected":false},"excerpt":{"rendered":"<p>Kit de pantalla multifuncional NSX 3012 con antena de GPS externa y kit de instalaci\u00f3n por NMEA 2000.<\/p>\n","protected":false},"featured_media":61304,"comment_status":"open","ping_status":"closed","template":"","meta":[],"product_brand":[],"product_cat":[1503],"product_tag":[1504,1505,1172],"class_list":{"0":"post-61305","1":"product","2":"type-product","3":"status-publish","4":"has-post-thumbnail","6":"product_cat-navegacion-marina","7":"product_tag-navegacion-marina","8":"product_tag-simrad","9":"product_tag-soluciones-marinas","11":"first","12":"outofstock","13":"sale","14":"shipping-taxable","15":"purchasable","16":"product-type-simple"},"_links":{"self":[{"href":"https:\/\/soydeaqui.ddns.net\/pachuca\/index.php\/wp-json\/wp\/v2\/product\/61305","targetHints":{"allow":["GET"]}}],"collection":[{"href":"https:\/\/soydeaqui.ddns.net\/pachuca\/index.php\/wp-json\/wp\/v2\/product"}],"about":[{"href":"https:\/\/soydeaqui.ddns.net\/pachuca\/index.php\/wp-json\/wp\/v2\/types\/product"}],"replies":[{"embeddable":true,"href":"https:\/\/soydeaqui.ddns.net\/pachuca\/index.php\/wp-json\/wp\/v2\/comments?post=61305"}],"wp:featuredmedia":[{"embeddable":true,"href":"https:\/\/soydeaqui.ddns.net\/pachuca\/index.php\/wp-json\/wp\/v2\/media\/61304"}],"wp:attachment":[{"href":"https:\/\/soydeaqui.ddns.net\/pachuca\/index.php\/wp-json\/wp\/v2\/media?parent=61305"}],"wp:term":[{"taxonomy":"product_brand","embeddable":true,"href":"https:\/\/soydeaqui.ddns.net\/pachuca\/index.php\/wp-json\/wp\/v2\/product_brand?post=61305"},{"taxonomy":"product_cat","embeddable":true,"href":"https:\/\/soydeaqui.ddns.net\/pachuca\/index.php\/wp-json\/wp\/v2\/product_cat?post=61305"},{"taxonomy":"product_tag","embeddable":true,"href":"https:\/\/soydeaqui.ddns.net\/pachuca\/index.php\/wp-json\/wp\/v2\/product_tag?post=61305"}],"curies":[{"name":"wp","href":"https:\/\/api.w.org\/{rel}","templated":true}]}}