{"id":61270,"date":"2026-03-19T06:02:03","date_gmt":"2026-03-19T06:02:03","guid":{"rendered":"https:\/\/soydeaqui.ddns.net\/pachuca\/index.php\/producto\/tensor-de-1-2-x-9-acero-forjado-ojo-gancho-galv-inmersion-en-caliente\/"},"modified":"2026-03-19T06:02:04","modified_gmt":"2026-03-19T06:02:04","slug":"tensor-de-1-2-x-9-acero-forjado-ojo-gancho-galv-inmersion-en-caliente","status":"publish","type":"product","link":"https:\/\/soydeaqui.ddns.net\/pachuca\/index.php\/producto\/tensor-de-1-2-x-9-acero-forjado-ojo-gancho-galv-inmersion-en-caliente\/","title":{"rendered":"Tensor de 1\/2&#8243; x 9&#8243; Acero Forjado OJO-GANCHO Galv. Inmersi\u00f3n en Caliente."},"content":{"rendered":"<div style='width: 100%; max-width: 1200px; margin: 0 auto; font-family: sans-serif; line-height: 1.6; color: inherit; background-color: transparent;'>\n<div style='display: flex; flex-wrap: wrap; gap: 30px; margin-bottom: 30px;'>\n<div style='flex: 1 1 300px; min-width: 280px;'> <img style='width: 100%; height: auto; border: 1px solid rgba(150&comma;150&comma;150&comma;0.3); border-radius: 8px;' src='https:\/\/ftp3.syscom.mx\/usuarios\/fotos\/KITST68MCLICK1\/200912-syscom_towers.png' alt=''> <\/div>\n<div style='flex: 1 1 300px; min-width: 280px;'>\n<p>Los tensores est\u00e1n dise\u00f1ados para facilitar el proceso de a\u00f1adir o liberar tensi\u00f3n en un cable y sin agregar estr\u00e9s innecesario a los ojos de enganche del acoplamiento del cable.<\/p>\n<h3 style='font-size: 22px; border-bottom: 2px solid currentColor; padding-bottom: 5px; margin-top: 0; color: inherit; opacity: 0.8;'>Caracter\u00edsticas destacadas<\/h3>\n<ul style='padding-left: 20px; font-size: 15px; color: inherit;'>\n<li style='margin-bottom: 5px;'><strong>Tipo:<\/strong> Ojo &#8211; Gancho<\/li>\n<li style='margin-bottom: 5px;'><strong>Fabricaci\u00f3n:<\/strong> Acero forjado<\/li>\n<li style='margin-bottom: 5px;'><strong>Recubrimiento:<\/strong> Galvanizado por inmersi\u00f3n en caliente<\/li>\n<li style='margin-bottom: 5px;'><strong>Carga L\u00edmite:<\/strong> 1500 lbs<\/li>\n<li style='margin-bottom: 5px;'><strong>Carrera:<\/strong> 9 in<\/li>\n<\/ul><\/div>\n<\/p><\/div>\n<\/p><\/div>\n","protected":false},"excerpt":{"rendered":"<p>Tensor de 1\/2&#8243; x 9&#8243; Acero Forjado OJO-GANCHO Galv. Inmersi\u00f3n en Caliente.<\/p>\n","protected":false},"featured_media":32,"comment_status":"open","ping_status":"closed","template":"","meta":[],"product_brand":[],"product_cat":[589],"product_tag":[590,63,246],"class_list":{"0":"post-61270","1":"product","2":"type-product","3":"status-publish","4":"has-post-thumbnail","6":"product_cat-accesorios-para-torres-arriostradas","7":"product_tag-accesorios-para-torres-arriostradas","8":"product_tag-syscom","9":"product_tag-torres-y-mastiles","11":"first","12":"instock","13":"sale","14":"shipping-taxable","15":"purchasable","16":"product-type-simple"},"_links":{"self":[{"href":"https:\/\/soydeaqui.ddns.net\/pachuca\/index.php\/wp-json\/wp\/v2\/product\/61270","targetHints":{"allow":["GET"]}}],"collection":[{"href":"https:\/\/soydeaqui.ddns.net\/pachuca\/index.php\/wp-json\/wp\/v2\/product"}],"about":[{"href":"https:\/\/soydeaqui.ddns.net\/pachuca\/index.php\/wp-json\/wp\/v2\/types\/product"}],"replies":[{"embeddable":true,"href":"https:\/\/soydeaqui.ddns.net\/pachuca\/index.php\/wp-json\/wp\/v2\/comments?post=61270"}],"wp:featuredmedia":[{"embeddable":true,"href":"https:\/\/soydeaqui.ddns.net\/pachuca\/index.php\/wp-json\/wp\/v2\/media\/32"}],"wp:attachment":[{"href":"https:\/\/soydeaqui.ddns.net\/pachuca\/index.php\/wp-json\/wp\/v2\/media?parent=61270"}],"wp:term":[{"taxonomy":"product_brand","embeddable":true,"href":"https:\/\/soydeaqui.ddns.net\/pachuca\/index.php\/wp-json\/wp\/v2\/product_brand?post=61270"},{"taxonomy":"product_cat","embeddable":true,"href":"https:\/\/soydeaqui.ddns.net\/pachuca\/index.php\/wp-json\/wp\/v2\/product_cat?post=61270"},{"taxonomy":"product_tag","embeddable":true,"href":"https:\/\/soydeaqui.ddns.net\/pachuca\/index.php\/wp-json\/wp\/v2\/product_tag?post=61270"}],"curies":[{"name":"wp","href":"https:\/\/api.w.org\/{rel}","templated":true}]}}