{"id":61219,"date":"2026-03-19T06:00:16","date_gmt":"2026-03-19T06:00:16","guid":{"rendered":"https:\/\/soydeaqui.ddns.net\/pachuca\/index.php\/producto\/tensor-de-3-16-in-fundido-en-aleacion-de-zinc-ojo-gancho-carga-max-80-kg\/"},"modified":"2026-03-19T06:00:25","modified_gmt":"2026-03-19T06:00:25","slug":"tensor-de-3-16-in-fundido-en-aleacion-de-zinc-ojo-gancho-carga-max-80-kg","status":"publish","type":"product","link":"https:\/\/soydeaqui.ddns.net\/pachuca\/index.php\/producto\/tensor-de-3-16-in-fundido-en-aleacion-de-zinc-ojo-gancho-carga-max-80-kg\/","title":{"rendered":"Tensor de 3\/16 in. Fundido en aleaci\u00f3n de zinc. Ojo-Gancho (Carga max: 80 kg)"},"content":{"rendered":"<div style='width: 100%; max-width: 1200px; margin: 0 auto; font-family: sans-serif; line-height: 1.6; color: inherit; background-color: transparent;'> <!-- Imagen del producto --> <\/p>\n<div style='width: 100%; margin-bottom: 30px;'> <img style='width: 100%; height: auto; border: 1px solid rgba(150&comma;150&comma;150&comma;0.3); border-radius: 8px;' src='https:\/\/ftp3.syscom.mx\/usuarios\/fotos\/KITST68MCLICK1\/200912-syscom_towers.png' alt='Tensor Ojo-Gancho TENL3\/16OGJ'> <\/div>\n<p> <!-- Descripci\u00f3n principal --> <\/p>\n<div style='margin-bottom: 30px;'>\n<p>Los tensores est\u00e1n dise\u00f1ados para facilitar el proceso de a\u00f1adir o liberar tensi\u00f3n en un cable y sin agregar estr\u00e9s innecesario a los ojos de enganche del acoplamiento del cable.<\/p>\n<\/p><\/div>\n<p> <!-- Caracter\u00edsticas destacadas --> <\/p>\n<div style='margin-bottom: 30px;'>\n<h3 style='font-size: 22px; border-bottom: 2px solid currentColor; padding-bottom: 5px; margin-top: 0; color: inherit; opacity: 0.8;'>Caracter\u00edsticas destacadas<\/h3>\n<ul style='padding-left: 20px; font-size: 15px; color: inherit;'>\n<li style='margin-bottom: 5px;'>Tensor <strong>Ojo &#8211; Gancho<\/strong><\/li>\n<li style='margin-bottom: 5px;'>Fabricado en aleaci\u00f3n de zinc.<\/li>\n<li style='margin-bottom: 5px;'>Recubrimiento de galvanizado por inmersi\u00f3n en caliente.<\/li>\n<li style='margin-bottom: 5px;'>Carga L\u00edmite: 80 kg.<\/li>\n<li style='margin-bottom: 5px;'>Carrera: 1-5\/8 in.<\/li>\n<\/ul><\/div>\n<\/p><\/div>\n","protected":false},"excerpt":{"rendered":"<p>Tensor de 3\/16 in. Fundido en aleaci\u00f3n de zinc. Ojo-Gancho (Carga max: 80 kg)<\/p>\n","protected":false},"featured_media":61218,"comment_status":"open","ping_status":"closed","template":"","meta":[],"product_brand":[],"product_cat":[589],"product_tag":[590,733,246],"class_list":{"0":"post-61219","1":"product","2":"type-product","3":"status-publish","4":"has-post-thumbnail","6":"product_cat-accesorios-para-torres-arriostradas","7":"product_tag-accesorios-para-torres-arriostradas","8":"product_tag-syscom-towers","9":"product_tag-torres-y-mastiles","11":"first","12":"instock","13":"sale","14":"shipping-taxable","15":"purchasable","16":"product-type-simple"},"_links":{"self":[{"href":"https:\/\/soydeaqui.ddns.net\/pachuca\/index.php\/wp-json\/wp\/v2\/product\/61219","targetHints":{"allow":["GET"]}}],"collection":[{"href":"https:\/\/soydeaqui.ddns.net\/pachuca\/index.php\/wp-json\/wp\/v2\/product"}],"about":[{"href":"https:\/\/soydeaqui.ddns.net\/pachuca\/index.php\/wp-json\/wp\/v2\/types\/product"}],"replies":[{"embeddable":true,"href":"https:\/\/soydeaqui.ddns.net\/pachuca\/index.php\/wp-json\/wp\/v2\/comments?post=61219"}],"wp:featuredmedia":[{"embeddable":true,"href":"https:\/\/soydeaqui.ddns.net\/pachuca\/index.php\/wp-json\/wp\/v2\/media\/61218"}],"wp:attachment":[{"href":"https:\/\/soydeaqui.ddns.net\/pachuca\/index.php\/wp-json\/wp\/v2\/media?parent=61219"}],"wp:term":[{"taxonomy":"product_brand","embeddable":true,"href":"https:\/\/soydeaqui.ddns.net\/pachuca\/index.php\/wp-json\/wp\/v2\/product_brand?post=61219"},{"taxonomy":"product_cat","embeddable":true,"href":"https:\/\/soydeaqui.ddns.net\/pachuca\/index.php\/wp-json\/wp\/v2\/product_cat?post=61219"},{"taxonomy":"product_tag","embeddable":true,"href":"https:\/\/soydeaqui.ddns.net\/pachuca\/index.php\/wp-json\/wp\/v2\/product_tag?post=61219"}],"curies":[{"name":"wp","href":"https:\/\/api.w.org\/{rel}","templated":true}]}}