{"id":61215,"date":"2026-03-19T06:00:09","date_gmt":"2026-03-19T06:00:09","guid":{"rendered":"https:\/\/soydeaqui.ddns.net\/pachuca\/index.php\/producto\/unidad-de-control-piloto-automatico-maritimo-ghc-20\/"},"modified":"2026-03-19T06:00:10","modified_gmt":"2026-03-19T06:00:10","slug":"unidad-de-control-piloto-automatico-maritimo-ghc-20","status":"publish","type":"product","link":"https:\/\/soydeaqui.ddns.net\/pachuca\/index.php\/producto\/unidad-de-control-piloto-automatico-maritimo-ghc-20\/","title":{"rendered":"Unidad de control piloto autom\u00e1tico mar\u00edtimo GHC\u2122 20"},"content":{"rendered":"<div style='width: 100%; max-width: 1200px; margin: 0 auto; font-family: sans-serif; line-height: 1.6; color: inherit; background-color: transparent;'>\n<div style='display: flex; flex-wrap: wrap; gap: 30px; margin-bottom: 30px;'>\n<div style='flex: 1 1 300px; min-width: 280px;'>\n<h3 style='font-size: 22px; border-bottom: 2px solid currentColor; padding-bottom: 5px; margin-top: 0; color: inherit; opacity: 0.8;'>Caracter\u00edsticas<\/h3>\n<ul style='padding-left: 20px; font-size: 15px; color: inherit;'>\n<li style='margin-bottom: 5px;'>Compatible con pilotos autom\u00e1ticos Garmin antiguos y nuevos&comma; se puede controlar mediante quatix\u2122<\/li>\n<li style='margin-bottom: 5px;'>Pantalla grande y brillante&comma; de 4 pulgadas&comma; unida con vidrio y acabado anti encandilamiento<\/li>\n<li style='margin-bottom: 5px;'>F\u00e1cil de leer a distancia y con un \u00e1ngulo de visi\u00f3n de 170 grado<\/li>\n<li style='margin-bottom: 5px;'>Lectura nocturna mejorada&comma; con un controlador de intensidad de la luz de fondo y combinaciones de color en rojo\/negro&comma; verde\/negro o normal<\/li>\n<li style='margin-bottom: 5px;'>Lectura diurna mejorada&comma; con una nueva opci\u00f3n de color de alto contraste<\/li>\n<\/ul><\/div>\n<\/p><\/div>\n<div style='display: flex; flex-wrap: wrap; gap: 20px; margin-bottom: 30px;'>\n<div style='flex: 1 1 250px; border: 1px solid rgba(150&comma; 150&comma; 150&comma; 0.4); border-radius: 8px; overflow: hidden; display: flex; flex-direction: column;'>\n<div style='padding: 15px; border-bottom: 1px solid rgba(150&comma; 150&comma; 150&comma; 0.2); font-weight: bold; font-size: 18px; color: inherit;'>Caracter\u00edsticas generales<\/div>\n<div style='padding: 15px; color: inherit;'>\n<ul style='padding-left: 20px; margin: 0; font-size: 14px; list-style-type: disc;'>\n<li style='margin-bottom: 5px;'>Resoluci\u00f3n de la pantalla&comma; AnchoxAlto: 320 x 240 pixeles<\/li>\n<li style='margin-bottom: 5px;'>Tipo de pantalla: Pantalla LCD QVGA a color<\/li>\n<li style='margin-bottom: 5px;'>Potencia NMEA: NMEA 0183&comma; NMEA 2000\u00ae<\/li>\n<li style='margin-bottom: 5px;'>Voltaje de entrada: funciona gracias al bus NMEA 2000&comma; 9-16 VDC&comma; las unidades funcionan hasta con 32 VDC<\/li>\n<li style='margin-bottom: 5px;'>Temperatura operativa: -15\u00b0 C a 70 C\u00b0 (5\u00b0 F a 158\u00b0 F)<\/li>\n<li style='margin-bottom: 5px;'>M\u00e1ximo consumo de energ\u00eda 12\/24V: 200 mA\/100 mA<\/li>\n<li style='margin-bottom: 5px;'>\u00c1ngulo de visi\u00f3n: 170\u00b0<\/li>\n<li style='margin-bottom: 5px;'>Brillo: 1000 cd\/m2 (NIT)<\/li>\n<\/ul><\/div>\n<\/p><\/div>\n<div style='flex: 1 1 250px; border: 1px solid rgba(150&comma; 150&comma; 150&comma; 0.4); border-radius: 8px; overflow: hidden; display: flex; flex-direction: column;'>\n<div style='padding: 15px; border-bottom: 1px solid rgba(150&comma; 150&comma; 150&comma; 0.2); font-weight: bold; font-size: 18px; color: inherit;'>Incluye<\/div>\n<div style='padding: 15px; color: inherit;'>\n<ul style='padding-left: 20px; margin: 0; font-size: 14px; list-style-type: disc;'>\n<li style='margin-bottom: 5px;'>GHC\u2122 20<\/li>\n<li style='margin-bottom: 5px;'>Tapa del borde en color negro<\/li>\n<li style='margin-bottom: 5px;'>Tapa del borde en color negro\/plata<\/li>\n<li style='margin-bottom: 5px;'>Cubierta protectora<\/li>\n<li style='margin-bottom: 5px;'>Borde de montaje y herramientas<\/li>\n<li style='margin-bottom: 5px;'>Cable de alimentaci\u00f3n NMEA 2000\u00ae<\/li>\n<li style='margin-bottom: 5px;'>Cable de ca\u00edda NMEA 2000<\/li>\n<li style='margin-bottom: 5px;'>Conectores y terminadores T NMEA 2000<\/li>\n<li style='margin-bottom: 5px;'>Documentaci\u00f3n<\/li>\n<\/ul><\/div>\n<\/p><\/div>\n<div style='flex: 1 1 250px; border: 1px solid rgba(150&comma; 150&comma; 150&comma; 0.4); border-radius: 8px; overflow: hidden; display: flex; flex-direction: column;'>\n<div style='padding: 15px; border-bottom: 1px solid rgba(150&comma; 150&comma; 150&comma; 0.2); font-weight: bold; font-size: 18px; color: inherit;'>Especificaciones f\u00edsicas<\/div>\n<div style='padding: 15px; color: inherit;'>\n<ul style='padding-left: 20px; margin: 0; font-size: 14px; list-style-type: disc;'>\n<li style='margin-bottom: 5px;'>Dimensiones de la unidad&comma; AnchoxAltoxProfundidad: 4&comma;3 &#8216; x 4&comma;4 &#8216; x 1&comma;9 &#8216; (10&comma;9 x 11&comma;2 x 4&comma;8 cm)<\/li>\n<li style='margin-bottom: 5px;'>Peso: 7&comma;5 kg<\/li>\n<\/ul><\/div>\n<\/p><\/div>\n<\/p><\/div>\n<\/p><\/div>\n","protected":false},"excerpt":{"rendered":"<p>Unidad de control piloto autom\u00e1tico mar\u00edtimo GHC\u2122 20<\/p>\n","protected":false},"featured_media":61214,"comment_status":"open","ping_status":"closed","template":"","meta":[],"product_brand":[],"product_cat":[1503],"product_tag":[1449,1504,1172],"class_list":{"0":"post-61215","1":"product","2":"type-product","3":"status-publish","4":"has-post-thumbnail","6":"product_cat-navegacion-marina","7":"product_tag-garmin","8":"product_tag-navegacion-marina","9":"product_tag-soluciones-marinas","11":"first","12":"outofstock","13":"sale","14":"shipping-taxable","15":"purchasable","16":"product-type-simple"},"_links":{"self":[{"href":"https:\/\/soydeaqui.ddns.net\/pachuca\/index.php\/wp-json\/wp\/v2\/product\/61215","targetHints":{"allow":["GET"]}}],"collection":[{"href":"https:\/\/soydeaqui.ddns.net\/pachuca\/index.php\/wp-json\/wp\/v2\/product"}],"about":[{"href":"https:\/\/soydeaqui.ddns.net\/pachuca\/index.php\/wp-json\/wp\/v2\/types\/product"}],"replies":[{"embeddable":true,"href":"https:\/\/soydeaqui.ddns.net\/pachuca\/index.php\/wp-json\/wp\/v2\/comments?post=61215"}],"wp:featuredmedia":[{"embeddable":true,"href":"https:\/\/soydeaqui.ddns.net\/pachuca\/index.php\/wp-json\/wp\/v2\/media\/61214"}],"wp:attachment":[{"href":"https:\/\/soydeaqui.ddns.net\/pachuca\/index.php\/wp-json\/wp\/v2\/media?parent=61215"}],"wp:term":[{"taxonomy":"product_brand","embeddable":true,"href":"https:\/\/soydeaqui.ddns.net\/pachuca\/index.php\/wp-json\/wp\/v2\/product_brand?post=61215"},{"taxonomy":"product_cat","embeddable":true,"href":"https:\/\/soydeaqui.ddns.net\/pachuca\/index.php\/wp-json\/wp\/v2\/product_cat?post=61215"},{"taxonomy":"product_tag","embeddable":true,"href":"https:\/\/soydeaqui.ddns.net\/pachuca\/index.php\/wp-json\/wp\/v2\/product_tag?post=61215"}],"curies":[{"name":"wp","href":"https:\/\/api.w.org\/{rel}","templated":true}]}}