{"id":6121,"date":"2026-03-18T06:39:23","date_gmt":"2026-03-18T06:39:23","guid":{"rendered":"https:\/\/soydeaqui.ddns.net\/pachuca\/index.php\/producto\/detector-de-impacto\/"},"modified":"2026-03-18T06:39:26","modified_gmt":"2026-03-18T06:39:26","slug":"detector-de-impacto","status":"publish","type":"product","link":"https:\/\/soydeaqui.ddns.net\/pachuca\/index.php\/producto\/detector-de-impacto\/","title":{"rendered":"Detector de impacto"},"content":{"rendered":"<div style='width: 100%; max-width: 1200px; margin: 0 auto; font-family: sans-serif; line-height: 1.6; color: inherit; background-color: transparent;'>\n<div style='display: flex; flex-wrap: wrap; gap: 30px; margin-bottom: 30px;'>\n<div style='flex: 1 1 300px; min-width: 280px;'>\n<h3 style='font-size: 22px; border-bottom: 2px solid currentColor; padding-bottom: 5px; margin-top: 0; color: inherit; opacity: 0.8;'>Caracter\u00edsticas<\/h3>\n<ul style='padding-left: 20px; font-size: 15px; color: inherit;'>\n<li style='margin-bottom: 5px;'>Cobertura de 2.4 m. en cualquier tipo de cristal<\/li>\n<li style='margin-bottom: 5px;'>Grosor m\u00e1ximo del cristal 1cm<\/li>\n<li style='margin-bottom: 5px;'>Montable sobre la superficie del cristal<\/li>\n<\/ul><\/div>\n<\/p><\/div>\n<div style='display: flex; flex-wrap: wrap; gap: 30px; margin-bottom: 30px;'>\n<div style='flex: 1 1 300px; min-width: 280px;'>\n<h3 style='font-size: 22px; border-bottom: 2px solid currentColor; padding-bottom: 5px; margin-top: 0; color: inherit; opacity: 0.8;'>Descripci\u00f3n<\/h3>\n<p style='font-size: 15px; color: inherit; margin-bottom: 15px;'>El Honeywell ASC-SS1 es un sensor de choque que detecta el impacto y la vibraci\u00f3n asociados con un evento de rotura de vidrio. El ASC-SS1 protege cualquier tipo de vidrio que se monta&comma; incluido el vidrio al\u00e1mbrico&comma; templado&comma; laminado y de placa&comma; dentro de los 8 pies desde donde se monta el sensor. Para un rendimiento \u00f3ptimo&comma; se recomienda montar el ASC-SS1 en la esquina de la ventana&comma; pero no m\u00e1s cerca de 1&#8242; del marco de la ventana&comma; directamente sobre el vidrio.<\/p>\n<p style='font-size: 15px; color: inherit; margin-bottom: 15px;'>El sensor de choque Honeywell ASC-SS1 se conecta a cualquier sistema de seguridad cableado mediante una conexi\u00f3n de 2 cables a un bucle o zona de protecci\u00f3n est\u00e1ndar. El sensor de choque consume menos de 1 mA de potencia. Puede montar el ASC-SS1 en serie con varios sensores para proteger una serie de ventanas mientras usa solo una zona en su panel de alarma.<\/p>\n<p style='font-size: 15px; color: inherit; margin-bottom: 15px;'>Para probar el sensor de impacto&comma; golpee suavemente la pieza de vidrio protegida con un objeto de pl\u00e1stico o goma en la esquina m\u00e1s alejada desde donde se monta el ASC-SS1. Si el sensor se activa&comma; puede estar seguro de que el sensor de rotura de vidrio est\u00e1 funcionando&comma; ya que un evento actual que rompe el vidrio generar\u00e1 una mayor cantidad de energ\u00eda de choque. El ASC-SS1 est\u00e1 equipado con dispositivos de supresi\u00f3n de transitorios que protegen contra las falsas alarmas causadas por los rayos.<\/p>\n<p style='font-size: 15px; color: inherit; margin-bottom: 15px;'>El peque\u00f1o tama\u00f1o del sensor de impacto ASC-SS1 le permite proteger sus ventanas sin una cinta de alarma antiest\u00e9tica y que requiera mucho mantenimiento. Puede proteger sus ventanas contra la rotura de vidrios&comma; lo que le permite detectar a un intruso antes de ingresar a la propiedad.<\/p>\n<\/p><\/div>\n<\/p><\/div>\n<\/p><\/div>\n","protected":false},"excerpt":{"rendered":"<p>Detector de impacto<\/p>\n","protected":false},"featured_media":6120,"comment_status":"open","ping_status":"closed","template":"","meta":[],"product_brand":[],"product_cat":[100],"product_tag":[19,45,101],"class_list":{"0":"post-6121","1":"product","2":"type-product","3":"status-publish","4":"has-post-thumbnail","6":"product_cat-impacto","7":"product_tag-detectores-sensores","8":"product_tag-honeywell-home-resideo","9":"product_tag-impacto","11":"first","12":"instock","13":"sale","14":"shipping-taxable","15":"purchasable","16":"product-type-simple"},"_links":{"self":[{"href":"https:\/\/soydeaqui.ddns.net\/pachuca\/index.php\/wp-json\/wp\/v2\/product\/6121","targetHints":{"allow":["GET"]}}],"collection":[{"href":"https:\/\/soydeaqui.ddns.net\/pachuca\/index.php\/wp-json\/wp\/v2\/product"}],"about":[{"href":"https:\/\/soydeaqui.ddns.net\/pachuca\/index.php\/wp-json\/wp\/v2\/types\/product"}],"replies":[{"embeddable":true,"href":"https:\/\/soydeaqui.ddns.net\/pachuca\/index.php\/wp-json\/wp\/v2\/comments?post=6121"}],"wp:featuredmedia":[{"embeddable":true,"href":"https:\/\/soydeaqui.ddns.net\/pachuca\/index.php\/wp-json\/wp\/v2\/media\/6120"}],"wp:attachment":[{"href":"https:\/\/soydeaqui.ddns.net\/pachuca\/index.php\/wp-json\/wp\/v2\/media?parent=6121"}],"wp:term":[{"taxonomy":"product_brand","embeddable":true,"href":"https:\/\/soydeaqui.ddns.net\/pachuca\/index.php\/wp-json\/wp\/v2\/product_brand?post=6121"},{"taxonomy":"product_cat","embeddable":true,"href":"https:\/\/soydeaqui.ddns.net\/pachuca\/index.php\/wp-json\/wp\/v2\/product_cat?post=6121"},{"taxonomy":"product_tag","embeddable":true,"href":"https:\/\/soydeaqui.ddns.net\/pachuca\/index.php\/wp-json\/wp\/v2\/product_tag?post=6121"}],"curies":[{"name":"wp","href":"https:\/\/api.w.org\/{rel}","templated":true}]}}