{"id":61155,"date":"2026-03-19T05:58:16","date_gmt":"2026-03-19T05:58:16","guid":{"rendered":"https:\/\/soydeaqui.ddns.net\/pachuca\/index.php\/producto\/duplexer-compacto-de-rechazo-de-banda-480-512-mhz-4-6-a-6-mhz-sep-tx-rx-50-watt-bnc-hembra\/"},"modified":"2026-03-19T05:58:17","modified_gmt":"2026-03-19T05:58:17","slug":"duplexer-compacto-de-rechazo-de-banda-480-512-mhz-4-6-a-6-mhz-sep-tx-rx-50-watt-bnc-hembra","status":"publish","type":"product","link":"https:\/\/soydeaqui.ddns.net\/pachuca\/index.php\/producto\/duplexer-compacto-de-rechazo-de-banda-480-512-mhz-4-6-a-6-mhz-sep-tx-rx-50-watt-bnc-hembra\/","title":{"rendered":"Duplexer Compacto de Rechazo de Banda, 480-512 MHz, 4.6 a 6 MHz Sep. Tx-Rx, 50 Watt, BNC Hembra."},"content":{"rendered":"<div style='width: 100%; max-width: 1200px; margin: 0 auto; font-family: sans-serif; line-height: 1.6; color: inherit; background-color: transparent;'> <!-- Secci\u00f3n de caracter\u00edsticas --> <\/p>\n<div style='display: flex; flex-wrap: wrap; gap: 30px; margin-bottom: 30px;'>\n<div style='flex: 1 1 300px; min-width: 280px;'>\n<h3 style='font-size: 22px; border-bottom: 2px solid currentColor; padding-bottom: 5px; margin-top: 0; color: inherit; opacity: 0.8;'>Caracter\u00edsticas<\/h3>\n<ul style='padding-left: 20px; font-size: 15px; color: inherit;'>\n<li style='margin-bottom: 5px;'>Frecuencia de operaci\u00f3n: 480-512 MHz<\/li>\n<li style='margin-bottom: 5px;'>Separaci\u00f3n Tx-Rx: 4.6 a 6 MHz<\/li>\n<li style='margin-bottom: 5px;'>Potencia m\u00e1xima: 50 W<\/li>\n<li style='margin-bottom: 5px;'>P\u00e9rdida por inserci\u00f3n: 1.2 dB (t\u00edpica)<\/li>\n<li style='margin-bottom: 5px;'>Aislamiento Tx-Rx: 70 dB (m\u00edn.) \/ 80 dB (t\u00edpico)<\/li>\n<li style='margin-bottom: 5px;'>Conectores: BNC Hembra (opci\u00f3n N Hembra bajo pedido)<\/li>\n<\/ul><\/div>\n<div style='flex: 1 1 300px; min-width: 280px;'>\n<h3 style='font-size: 22px; border-bottom: 2px solid currentColor; padding-bottom: 5px; margin-top: 0; color: inherit; opacity: 0.8;'>Especificaciones Mec\u00e1nicas<\/h3>\n<ul style='padding-left: 20px; font-size: 15px; color: inherit;'>\n<li style='margin-bottom: 5px;'>Tama\u00f1o de cavidad \/ Cantidad: 1&#8242; \/ 6<\/li>\n<li style='margin-bottom: 5px;'>Dimensiones: 1.25&#8242; x 6&#8242; x 9.5&#8242; (32 x 152 x 241 mm)<\/li>\n<li style='margin-bottom: 5px;'>Peso neto: 2.45 lbs (1.1 kg)<\/li>\n<li style='margin-bottom: 5px;'>Peso de env\u00edo: 4 lbs (1.8 kg)<\/li>\n<li style='margin-bottom: 5px;'>Acabado: Negro<\/li>\n<\/ul><\/div>\n<\/p><\/div>\n<p> <!-- Secci\u00f3n de especificaciones el\u00e9ctricas --> <\/p>\n<div style='display: flex; flex-wrap: wrap; gap: 20px; margin-bottom: 30px;'>\n<div style='flex: 1 1 250px; border: 1px solid rgba(150&comma; 150&comma; 150&comma; 0.4); border-radius: 8px; overflow: hidden; display: flex; flex-direction: column;'>\n<div style='padding: 15px; border-bottom: 1px solid rgba(150&comma; 150&comma; 150&comma; 0.2); font-weight: bold; font-size: 18px; color: inherit;'>Especificaciones El\u00e9ctricas<\/div>\n<div style='padding: 15px; color: inherit;'>\n<ul style='padding-left: 20px; margin: 0; font-size: 14px; list-style-type: disc;'>\n<li style='margin-bottom: 5px;'><strong>Rango de frecuencia:<\/strong> 480-512 MHz<\/li>\n<li style='margin-bottom: 5px;'><strong>Separaci\u00f3n Tx-Rx:<\/strong> 4.6-6 MHz<\/li>\n<li style='margin-bottom: 5px;'><strong>Potencia m\u00e1xima:<\/strong> 50 W<\/li>\n<li style='margin-bottom: 5px;'><strong>P\u00e9rdida por inserci\u00f3n:<\/strong> 1.2 dB (t\u00edpica)<\/li>\n<li style='margin-bottom: 5px;'><strong>Aislamiento Tx-Rx:<\/strong> 70 dB (m\u00edn.) \/ 80 dB (t\u00edpico)<\/li>\n<li style='margin-bottom: 5px;'><strong>VSWR:<\/strong> 1.25:1 (m\u00e1x.)<\/li>\n<li style='margin-bottom: 5px;'><strong>Impedancia:<\/strong> 50 \u03a9 (nominal)<\/li>\n<\/ul><\/div>\n<\/p><\/div>\n<p> <!-- Secci\u00f3n de especificaciones mec\u00e1nicas --> <\/p>\n<div style='flex: 1 1 250px; border: 1px solid rgba(150&comma; 150&comma; 150&comma; 0.4); border-radius: 8px; overflow: hidden; display: flex; flex-direction: column;'>\n<div style='padding: 15px; border-bottom: 1px solid rgba(150&comma; 150&comma; 150&comma; 0.2); font-weight: bold; font-size: 18px; color: inherit;'>Especificaciones Mec\u00e1nicas<\/div>\n<div style='padding: 15px; color: inherit;'>\n<ul style='padding-left: 20px; margin: 0; font-size: 14px; list-style-type: disc;'>\n<li style='margin-bottom: 5px;'><strong>Tama\u00f1o de cavidad:<\/strong> 1&#8242; \/ 6 cavidades<\/li>\n<li style='margin-bottom: 5px;'><strong>Dimensiones:<\/strong> 1.25&#8242; x 6&#8242; x 9.5&#8242; (32 x 152 x 241 mm)<\/li>\n<li style='margin-bottom: 5px;'><strong>Peso neto:<\/strong> 2.45 lbs (1.1 kg)<\/li>\n<li style='margin-bottom: 5px;'><strong>Peso de env\u00edo:<\/strong> 4 lbs (1.8 kg)<\/li>\n<li style='margin-bottom: 5px;'><strong>Acabado:<\/strong> Negro<\/li>\n<\/ul><\/div>\n<\/p><\/div>\n<p> <!-- Secci\u00f3n de caracter\u00edsticas t\u00e9cnicas --> <\/p>\n<div style='flex: 1 1 250px; border: 1px solid rgba(150&comma; 150&comma; 150&comma; 0.4); border-radius: 8px; overflow: hidden; display: flex; flex-direction: column;'>\n<div style='padding: 15px; border-bottom: 1px solid rgba(150&comma; 150&comma; 150&comma; 0.2); font-weight: bold; font-size: 18px; color: inherit;'>Caracter\u00edsticas T\u00e9cnicas<\/div>\n<div style='padding: 15px; color: inherit;'>\n<ul style='padding-left: 20px; margin: 0; font-size: 14px; list-style-type: disc;'>\n<li style='margin-bottom: 5px;'>Resonadores de cobre plateado<\/li>\n<li style='margin-bottom: 5px;'>Aislamientos de Tefl\u00f3n (UHF)<\/li>\n<li style='margin-bottom: 5px;'>Cables semirr\u00edgidos para baja p\u00e9rdida<\/li>\n<li style='margin-bottom: 5px;'>Blindaje con cavidades de aluminio<\/li>\n<li style='margin-bottom: 5px;'>Dise\u00f1o compacto y robusto<\/li>\n<li style='margin-bottom: 5px;'>Ideal para aplicaciones m\u00f3viles<\/li>\n<\/ul><\/div>\n<\/p><\/div>\n<\/p><\/div>\n<p> <!-- Secci\u00f3n de condiciones ambientales --> <\/p>\n<div style='display: flex; flex-wrap: wrap; gap: 30px; margin-bottom: 30px;'>\n<div style='flex: 1 1 300px; min-width: 280px;'>\n<h3 style='font-size: 22px; border-bottom: 2px solid currentColor; padding-bottom: 5px; margin-top: 0; color: inherit; opacity: 0.8;'>Condiciones Ambientales<\/h3>\n<ul style='padding-left: 20px; font-size: 15px; color: inherit;'>\n<li style='margin-bottom: 5px;'>Rango de temperatura operativa: -22 a 140 \u00b0F (-30 a +60 \u00b0C)<\/li>\n<li style='margin-bottom: 5px;'>M\u00ednima separaci\u00f3n de frecuencia: 5 MHz<\/li>\n<\/ul><\/div>\n<\/p><\/div>\n<p> <!-- Separador --> <\/p>\n<hr style='border: 0; border-top: 1px solid rgba(150&comma; 150&comma; 150&comma; 0.3); margin: 30px 0;'> <!-- Nota de disponibilidad --> <\/p>\n<div style='margin-top: 20px; padding: 15px; border-left: 4px solid rgba(150&comma; 150&comma; 150&comma; 0.4); color: inherit; font-style: italic;'> * Consulte disponibilidad del producto <\/div>\n<\/p><\/div>\n","protected":false},"excerpt":{"rendered":"<p>Duplexer Compacto de Rechazo de Banda, 480-512 MHz, 4.6 a 6 MHz Sep. Tx-Rx, 50 Watt, BNC Hembra.<\/p>\n","protected":false},"featured_media":61154,"comment_status":"open","ping_status":"closed","template":"","meta":[],"product_brand":[],"product_cat":[1759],"product_tag":[1760,1637,1660],"class_list":{"0":"post-61155","1":"product","2":"type-product","3":"status-publish","4":"has-post-thumbnail","6":"product_cat-duplexers","7":"product_tag-duplexers","8":"product_tag-emr-corporation","9":"product_tag-filtros-y-sistemas-en-rf","11":"first","12":"outofstock","13":"sale","14":"shipping-taxable","15":"purchasable","16":"product-type-simple"},"_links":{"self":[{"href":"https:\/\/soydeaqui.ddns.net\/pachuca\/index.php\/wp-json\/wp\/v2\/product\/61155","targetHints":{"allow":["GET"]}}],"collection":[{"href":"https:\/\/soydeaqui.ddns.net\/pachuca\/index.php\/wp-json\/wp\/v2\/product"}],"about":[{"href":"https:\/\/soydeaqui.ddns.net\/pachuca\/index.php\/wp-json\/wp\/v2\/types\/product"}],"replies":[{"embeddable":true,"href":"https:\/\/soydeaqui.ddns.net\/pachuca\/index.php\/wp-json\/wp\/v2\/comments?post=61155"}],"wp:featuredmedia":[{"embeddable":true,"href":"https:\/\/soydeaqui.ddns.net\/pachuca\/index.php\/wp-json\/wp\/v2\/media\/61154"}],"wp:attachment":[{"href":"https:\/\/soydeaqui.ddns.net\/pachuca\/index.php\/wp-json\/wp\/v2\/media?parent=61155"}],"wp:term":[{"taxonomy":"product_brand","embeddable":true,"href":"https:\/\/soydeaqui.ddns.net\/pachuca\/index.php\/wp-json\/wp\/v2\/product_brand?post=61155"},{"taxonomy":"product_cat","embeddable":true,"href":"https:\/\/soydeaqui.ddns.net\/pachuca\/index.php\/wp-json\/wp\/v2\/product_cat?post=61155"},{"taxonomy":"product_tag","embeddable":true,"href":"https:\/\/soydeaqui.ddns.net\/pachuca\/index.php\/wp-json\/wp\/v2\/product_tag?post=61155"}],"curies":[{"name":"wp","href":"https:\/\/api.w.org\/{rel}","templated":true}]}}