{"id":61131,"date":"2026-03-19T05:57:27","date_gmt":"2026-03-19T05:57:27","guid":{"rendered":"https:\/\/soydeaqui.ddns.net\/pachuca\/index.php\/producto\/bloque-de-terminales-de-20-lineas-max-10a-400v\/"},"modified":"2026-03-19T05:57:27","modified_gmt":"2026-03-19T05:57:27","slug":"bloque-de-terminales-de-20-lineas-max-10a-400v","status":"publish","type":"product","link":"https:\/\/soydeaqui.ddns.net\/pachuca\/index.php\/producto\/bloque-de-terminales-de-20-lineas-max-10a-400v\/","title":{"rendered":"Bloque de Terminales de 20 L\u00edneas (Max. 10A\/400V)"},"content":{"rendered":"<div style='width: 100%; max-width: 1200px; margin: 0 auto; font-family: sans-serif; line-height: 1.6; color: inherit; background-color: transparent;'>\n<div style='display: flex; flex-wrap: wrap; gap: 30px; margin-bottom: 30px;'>\n<div style='flex: 1 1 300px; min-width: 280px;'>\n<h3 style='font-size: 22px; border-bottom: 2px solid currentColor; padding-bottom: 5px; margin-top: 0; color: inherit; opacity: 0.8;'>Descripci\u00f3n General<\/h3>\n<p style='font-size: 15px; color: inherit;'> Los bloques de terminales consisten en una carcasa modular y un cuerpo aislado que conecta dos o m\u00e1s cables entre s\u00ed. Gracias a la naturaleza semipermanente de sus conexiones&comma; los bloques de terminales ayudan a simplificar el proceso de instalaci\u00f3n&comma; inspecci\u00f3n&comma; pruebas y reparaci\u00f3n en campo y escritorio. <\/p>\n<\/p><\/div>\n<div style='flex: 1 1 300px; min-width: 280px;'>\n<h3 style='font-size: 22px; border-bottom: 2px solid currentColor; padding-bottom: 5px; margin-top: 0; color: inherit; opacity: 0.8;'>Caracter\u00edsticas T\u00e9cnicas<\/h3>\n<ul style='padding-left: 20px; font-size: 15px; color: inherit;'>\n<li style='margin-bottom: 5px;'><strong>Voltaje m\u00e1ximo:<\/strong> 400V<\/li>\n<li style='margin-bottom: 5px;'><strong>Corriente m\u00e1xima:<\/strong> 10A<\/li>\n<li style='margin-bottom: 5px;'><strong>N\u00famero de l\u00edneas:<\/strong> 20<\/li>\n<li style='margin-bottom: 5px;'><strong>Material carcasa:<\/strong> Pl\u00e1stico ABS<\/li>\n<li style='margin-bottom: 5px;'><strong>Terminales:<\/strong> Cobre<\/li>\n<\/ul><\/div>\n<\/p><\/div>\n<div style='display: flex; flex-wrap: wrap; gap: 20px; margin-bottom: 30px;'>\n<div style='flex: 1 1 250px; border: 1px solid rgba(150&comma; 150&comma; 150&comma; 0.4); border-radius: 8px; overflow: hidden; display: flex; flex-direction: column;'>\n<div style='padding: 15px; border-bottom: 1px solid rgba(150&comma; 150&comma; 150&comma; 0.2); font-weight: bold; font-size: 18px; color: inherit;'>Caracter\u00edsticas Principales<\/div>\n<div style='padding: 15px; color: inherit;'>\n<ul style='padding-left: 20px; margin: 0; font-size: 14px; list-style-type: disc;'>\n<li style='margin-bottom: 5px;'>Carcasa modular con cuerpo aislado avanzado<\/li>\n<li style='margin-bottom: 5px;'>Material ABS y terminales de cobre resistentes<\/li>\n<li style='margin-bottom: 5px;'>Operaci\u00f3n segura hasta 400 volts y 10 amperes<\/li>\n<li style='margin-bottom: 5px;'>Conexiones semipermanentes para f\u00e1cil instalaci\u00f3n<\/li>\n<li style='margin-bottom: 5px;'>Soporta hasta 20 l\u00edneas de conexi\u00f3n<\/li>\n<\/ul><\/div>\n<\/p><\/div>\n<div style='flex: 1 1 250px; border: 1px solid rgba(150&comma; 150&comma; 150&comma; 0.4); border-radius: 8px; overflow: hidden; display: flex; flex-direction: column;'>\n<div style='padding: 15px; border-bottom: 1px solid rgba(150&comma; 150&comma; 150&comma; 0.2); font-weight: bold; font-size: 18px; color: inherit;'>Restricciones de Conexi\u00f3n<\/div>\n<div style='padding: 15px; color: inherit;'>\n<ul style='padding-left: 20px; margin: 0; font-size: 14px; list-style-type: disc;'>\n<li style='margin-bottom: 5px;'>M\u00e1ximo 400 Volts<\/li>\n<li style='margin-bottom: 5px;'>M\u00e1ximo 10 Amperes<\/li>\n<li style='margin-bottom: 5px;'>Se recomienda el uso de terminales<\/li>\n<\/ul><\/div>\n<\/p><\/div>\n<div style='flex: 1 1 250px; border: 1px solid rgba(150&comma; 150&comma; 150&comma; 0.4); border-radius: 8px; overflow: hidden; display: flex; flex-direction: column;'>\n<div style='padding: 15px; border-bottom: 1px solid rgba(150&comma; 150&comma; 150&comma; 0.2); font-weight: bold; font-size: 18px; color: inherit;'>Materiales de Fabricaci\u00f3n<\/div>\n<div style='padding: 15px; color: inherit;'>\n<ul style='padding-left: 20px; margin: 0; font-size: 14px; list-style-type: disc;'>\n<li style='margin-bottom: 5px;'>Base pl\u00e1stica ABS<\/li>\n<li style='margin-bottom: 5px;'>Terminales de cobre<\/li>\n<\/ul><\/div>\n<\/p><\/div>\n<\/p><\/div>\n<hr style='border: 0; border-top: 1px solid rgba(150&comma; 150&comma; 150&comma; 0.3); margin: 30px 0;'>\n<div style='display: flex; flex-wrap: wrap; gap: 30px; margin-bottom: 30px;'>\n<div style='flex: 1 1 300px; min-width: 280px;'>\n<h3 style='font-size: 22px; border-bottom: 2px solid currentColor; padding-bottom: 5px; margin-top: 0; color: inherit; opacity: 0.8;'>Modelo Disponible<\/h3>\n<ul style='padding-left: 20px; font-size: 15px; color: inherit;'>\n<li style='margin-bottom: 5px;'>PSTTB20PM de 20 l\u00edneas<\/li>\n<\/ul><\/div>\n<\/p><\/div>\n<\/p><\/div>\n","protected":false},"excerpt":{"rendered":"<p>Bloque de Terminales de 20 L\u00edneas (Max. 10A\/400V)<\/p>\n","protected":false},"featured_media":61130,"comment_status":"open","ping_status":"closed","template":"","meta":[],"product_brand":[],"product_cat":[637],"product_tag":[638,248,605],"class_list":{"0":"post-61131","1":"product","2":"type-product","3":"status-publish","4":"has-post-thumbnail","6":"product_cat-gabinetes-para-intemperie","7":"product_tag-gabinetes-para-intemperie","8":"product_tag-precision","9":"product_tag-racks-y-gabinetes","11":"first","12":"instock","13":"sale","14":"shipping-taxable","15":"purchasable","16":"product-type-simple"},"_links":{"self":[{"href":"https:\/\/soydeaqui.ddns.net\/pachuca\/index.php\/wp-json\/wp\/v2\/product\/61131","targetHints":{"allow":["GET"]}}],"collection":[{"href":"https:\/\/soydeaqui.ddns.net\/pachuca\/index.php\/wp-json\/wp\/v2\/product"}],"about":[{"href":"https:\/\/soydeaqui.ddns.net\/pachuca\/index.php\/wp-json\/wp\/v2\/types\/product"}],"replies":[{"embeddable":true,"href":"https:\/\/soydeaqui.ddns.net\/pachuca\/index.php\/wp-json\/wp\/v2\/comments?post=61131"}],"wp:featuredmedia":[{"embeddable":true,"href":"https:\/\/soydeaqui.ddns.net\/pachuca\/index.php\/wp-json\/wp\/v2\/media\/61130"}],"wp:attachment":[{"href":"https:\/\/soydeaqui.ddns.net\/pachuca\/index.php\/wp-json\/wp\/v2\/media?parent=61131"}],"wp:term":[{"taxonomy":"product_brand","embeddable":true,"href":"https:\/\/soydeaqui.ddns.net\/pachuca\/index.php\/wp-json\/wp\/v2\/product_brand?post=61131"},{"taxonomy":"product_cat","embeddable":true,"href":"https:\/\/soydeaqui.ddns.net\/pachuca\/index.php\/wp-json\/wp\/v2\/product_cat?post=61131"},{"taxonomy":"product_tag","embeddable":true,"href":"https:\/\/soydeaqui.ddns.net\/pachuca\/index.php\/wp-json\/wp\/v2\/product_tag?post=61131"}],"curies":[{"name":"wp","href":"https:\/\/api.w.org\/{rel}","templated":true}]}}