{"id":6113,"date":"2026-03-18T06:39:18","date_gmt":"2026-03-18T06:39:18","guid":{"rendered":"https:\/\/soydeaqui.ddns.net\/pachuca\/index.php\/producto\/rechargeable-battery-12v-7ah\/"},"modified":"2026-03-18T06:39:18","modified_gmt":"2026-03-18T06:39:18","slug":"rechargeable-battery-12v-7ah","status":"publish","type":"product","link":"https:\/\/soydeaqui.ddns.net\/pachuca\/index.php\/producto\/rechargeable-battery-12v-7ah\/","title":{"rendered":"Rechargeable Battery 12V. 7Ah"},"content":{"rendered":"<div style='width: 100%; max-width: 1200px; margin: 0 auto; font-family: sans-serif; line-height: 1.6; color: inherit; background-color: transparent;'> <!-- Secci\u00f3n de descripci\u00f3n --> <\/p>\n<div style='display: flex; flex-wrap: wrap; gap: 30px; margin-bottom: 30px;'>\n<div style='flex: 1 1 300px; min-width: 280px;'>\n<h3 style='font-size: 22px; border-bottom: 2px solid currentColor; padding-bottom: 5px; margin-top: 0; color: inherit; opacity: 0.8;'>Descripci\u00f3n<\/h3>\n<p style='font-size: 15px; color: inherit; margin-bottom: 15px;'> La bater\u00eda Honeywell Ademco 712BNP es una bater\u00eda recargable de 12 Voltios y 7 Amperios hora (SLA &#8211; \u00c1cido Plomo Sellado) que se utiliza com\u00fanmente como fuente de alimentaci\u00f3n de respaldo para sistemas de alarma residenciales. <\/p>\n<p style='font-size: 15px; color: inherit; margin-bottom: 15px;'> Los paneles de alarma como la serie Honeywell Ademco Vista utilizan com\u00fanmente bater\u00edas Honeywell 712BNP como fuente de energ\u00eda de emergencia para mantener el sistema de seguridad funcionando durante un apag\u00f3n o una interrupci\u00f3n generalizada del suministro el\u00e9ctrico. <\/p>\n<p style='font-size: 15px; color: inherit; margin-bottom: 15px;'> Las bater\u00edas SLA de 12 Voltios y 7 Amperios&comma; como la 712BNP&comma; generalmente alimentan sistemas m\u00e1s grandes que aquellos que requieren bater\u00edas de 4 Amperios&comma; y suelen encontrarse tambi\u00e9n en paneles de control de acceso. <\/p>\n<p style='font-size: 15px; color: inherit; margin-bottom: 15px;'> Todas las bater\u00edas compradas a JMAC Supply son probadas individualmente antes del env\u00edo para garantizar un rendimiento \u00f3ptimo y una vida \u00fatil m\u00e1xima. Si tiene alguna pregunta o necesita ayuda para seleccionar la bater\u00eda correcta para su aplicaci\u00f3n&comma; no dude en contactarnos al (516) 812-0917 y un miembro de nuestro equipo estar\u00e1 encantado de ayudarle. <\/p>\n<\/p><\/div>\n<\/p><\/div>\n<p> <!-- Separador --> <\/p>\n<hr style='border: 0; border-top: 1px solid rgba(150&comma; 150&comma; 150&comma; 0.3); margin: 30px 0;'> <\/div>\n","protected":false},"excerpt":{"rendered":"<p>Rechargeable Battery 12V. 7Ah<\/p>\n","protected":false},"featured_media":6112,"comment_status":"open","ping_status":"closed","template":"","meta":[],"product_brand":[],"product_cat":[141],"product_tag":[143,142,209],"class_list":{"0":"post-6113","1":"product","2":"type-product","3":"status-publish","4":"has-post-thumbnail","6":"product_cat-baterias","7":"product_tag-baterias","8":"product_tag-energia","9":"product_tag-honeywell","11":"first","12":"outofstock","13":"sale","14":"shipping-taxable","15":"purchasable","16":"product-type-simple"},"_links":{"self":[{"href":"https:\/\/soydeaqui.ddns.net\/pachuca\/index.php\/wp-json\/wp\/v2\/product\/6113","targetHints":{"allow":["GET"]}}],"collection":[{"href":"https:\/\/soydeaqui.ddns.net\/pachuca\/index.php\/wp-json\/wp\/v2\/product"}],"about":[{"href":"https:\/\/soydeaqui.ddns.net\/pachuca\/index.php\/wp-json\/wp\/v2\/types\/product"}],"replies":[{"embeddable":true,"href":"https:\/\/soydeaqui.ddns.net\/pachuca\/index.php\/wp-json\/wp\/v2\/comments?post=6113"}],"wp:featuredmedia":[{"embeddable":true,"href":"https:\/\/soydeaqui.ddns.net\/pachuca\/index.php\/wp-json\/wp\/v2\/media\/6112"}],"wp:attachment":[{"href":"https:\/\/soydeaqui.ddns.net\/pachuca\/index.php\/wp-json\/wp\/v2\/media?parent=6113"}],"wp:term":[{"taxonomy":"product_brand","embeddable":true,"href":"https:\/\/soydeaqui.ddns.net\/pachuca\/index.php\/wp-json\/wp\/v2\/product_brand?post=6113"},{"taxonomy":"product_cat","embeddable":true,"href":"https:\/\/soydeaqui.ddns.net\/pachuca\/index.php\/wp-json\/wp\/v2\/product_cat?post=6113"},{"taxonomy":"product_tag","embeddable":true,"href":"https:\/\/soydeaqui.ddns.net\/pachuca\/index.php\/wp-json\/wp\/v2\/product_tag?post=6113"}],"curies":[{"name":"wp","href":"https:\/\/api.w.org\/{rel}","templated":true}]}}