{"id":61073,"date":"2026-03-19T05:55:29","date_gmt":"2026-03-19T05:55:29","guid":{"rendered":"https:\/\/soydeaqui.ddns.net\/pachuca\/index.php\/producto\/microfono-bocina-para-intemperie-para-motorola-gp300-sp-50-p1225-pro3150-mag-one-ep450-ep350\/"},"modified":"2026-03-19T05:55:30","modified_gmt":"2026-03-19T05:55:30","slug":"microfono-bocina-para-intemperie-para-motorola-gp300-sp-50-p1225-pro3150-mag-one-ep450-ep350","status":"publish","type":"product","link":"https:\/\/soydeaqui.ddns.net\/pachuca\/index.php\/producto\/microfono-bocina-para-intemperie-para-motorola-gp300-sp-50-p1225-pro3150-mag-one-ep450-ep350\/","title":{"rendered":"Micr\u00f3fono &#8211; Bocina para Intemperie. Para Motorola GP300\/ SP-50\/ P1225\/ PRO3150\/ MAG ONE\/ EP450\/ EP350"},"content":{"rendered":"<div style='width: 100%; max-width: 1200px; margin: 0 auto; font-family: sans-serif; line-height: 1.6; color: inherit; background-color: transparent;'>\n<div style='display: flex; flex-wrap: wrap; gap: 30px; margin-bottom: 30px;'>\n<div style='flex: 1 1 300px; min-width: 280px;'>\n<p style='font-size: 15px; color: inherit;'> Micr\u00f3fono &#8211; Bocina para Intemperie&comma; compatible con modelos BPR40&comma; CP100&comma; CP110&comma; CP125&comma; CP150&comma; CP185&comma; CP200d&comma; CP250&comma; CP476&comma; CP477&comma; CT150&comma; CT250&comma; CT450&comma; CT450LS&comma; EP450&comma; GP300&comma; GP2000&comma; GTX&comma; LTS2000&comma; P10&comma; P110&comma; P10&comma; PRO20&comma; PR24500 SP10&comma; SP50&comma; VL130&comma; XV1100&comma; XV2100&comma; XU1100&comma; XU2100&comma; XU2600. Puerto de 3&comma;5 mm con clasificaci\u00f3n IP54 para auricular de solo escucha opcional. <\/p>\n<ul style='padding-left: 20px; font-size: 15px; color: inherit; margin-top: 15px;'>\n<li style='margin-bottom: 5px;'>Versi\u00f3n para intemperie de nuestro Micr\u00f3fono-Bocina<\/li>\n<li style='margin-bottom: 5px;'>Norma IP54 \u2013 sellado contra polvo y l\u00edquido<\/li>\n<li style='margin-bottom: 5px;'>Bot\u00f3n PTT f\u00e1cil de operar incluso al traer guantes en bajas temperaturas<\/li>\n<\/ul><\/div>\n<\/p><\/div>\n<div style='display: flex; flex-wrap: wrap; gap: 20px; margin-bottom: 30px;'>\n<div style='flex: 1 1 250px; border: 1px solid rgba(150&comma; 150&comma; 150&comma; 0.4); border-radius: 8px; overflow: hidden; display: flex; flex-direction: column;'>\n<div style='padding: 15px; border-bottom: 1px solid rgba(150&comma; 150&comma; 150&comma; 0.2); font-weight: bold; font-size: 18px; color: inherit;'>Caracter\u00edsticas T\u00e9cnicas<\/div>\n<div style='padding: 15px; color: inherit;'>\n<ul style='padding-left: 20px; margin: 0; font-size: 14px; list-style-type: disc;'>\n<li style='margin-bottom: 5px;'>Cables reforzados con Kevlar<\/li>\n<li style='margin-bottom: 5px;'>Cable terso de PU color satinado m\u00e1s terso&comma; no se enreda y de grado m\u00e9dico&comma; m\u00e1s flexible no se deforma aunque le jalen constantemente&comma; no irrita y c\u00f3modo de usar<\/li>\n<li style='margin-bottom: 5px;'>40 kg resultado de la prueba de jal\u00f3n del cable<\/li>\n<li style='margin-bottom: 5px;'>Retr\u00e1ctil: vuelve a su estado original<\/li>\n<li style='margin-bottom: 5px;'>Doble troquelado en el lado del conector reforzado en el PTT y bocina<\/li>\n<li style='margin-bottom: 5px;'>Clip giratorio 360\u00b0<\/li>\n<\/ul><\/div>\n<\/p><\/div>\n<\/p><\/div>\n<div style='display: flex; flex-wrap: wrap; gap: 30px; margin-bottom: 30px;'>\n<div style='flex: 1 1 300px; min-width: 280px;'> <img style='width: 100%; height: auto; border: 1px solid rgba(150&comma;150&comma;150&comma;0.3); border-radius: 8px;' src='http:\/\/ftp3.syscom.mx\/usuarios\/fotos\/TX308M01\/67327-m01.jpg' alt=''> <\/p>\n<p style='text-align: center; margin-top: 10px; font-size: 14px; color: inherit;'>Conector M01<\/p>\n<\/p><\/div>\n<\/p><\/div>\n<hr style='border: 0; border-top: 1px solid rgba(150&comma; 150&comma; 150&comma; 0.3); margin: 30px 0;'> <\/div>\n","protected":false},"excerpt":{"rendered":"<p>Micr\u00f3fono &#8211; Bocina para Intemperie. Para Motorola GP300\/ SP-50\/ P1225\/ PRO3150\/ MAG ONE\/ EP450\/ EP350<\/p>\n","protected":false},"featured_media":61072,"comment_status":"open","ping_status":"closed","template":"","meta":[],"product_brand":[],"product_cat":[1779],"product_tag":[1614,1568,1764],"class_list":{"0":"post-61073","1":"product","2":"type-product","3":"status-publish","4":"has-post-thumbnail","6":"product_cat-microfono-bocina-accesorios-para-motorola","7":"product_tag-accesorios-para-motorola","8":"product_tag-microfono-bocina","9":"product_tag-power-products","11":"first","12":"outofstock","13":"sale","14":"shipping-taxable","15":"purchasable","16":"product-type-simple"},"_links":{"self":[{"href":"https:\/\/soydeaqui.ddns.net\/pachuca\/index.php\/wp-json\/wp\/v2\/product\/61073","targetHints":{"allow":["GET"]}}],"collection":[{"href":"https:\/\/soydeaqui.ddns.net\/pachuca\/index.php\/wp-json\/wp\/v2\/product"}],"about":[{"href":"https:\/\/soydeaqui.ddns.net\/pachuca\/index.php\/wp-json\/wp\/v2\/types\/product"}],"replies":[{"embeddable":true,"href":"https:\/\/soydeaqui.ddns.net\/pachuca\/index.php\/wp-json\/wp\/v2\/comments?post=61073"}],"wp:featuredmedia":[{"embeddable":true,"href":"https:\/\/soydeaqui.ddns.net\/pachuca\/index.php\/wp-json\/wp\/v2\/media\/61072"}],"wp:attachment":[{"href":"https:\/\/soydeaqui.ddns.net\/pachuca\/index.php\/wp-json\/wp\/v2\/media?parent=61073"}],"wp:term":[{"taxonomy":"product_brand","embeddable":true,"href":"https:\/\/soydeaqui.ddns.net\/pachuca\/index.php\/wp-json\/wp\/v2\/product_brand?post=61073"},{"taxonomy":"product_cat","embeddable":true,"href":"https:\/\/soydeaqui.ddns.net\/pachuca\/index.php\/wp-json\/wp\/v2\/product_cat?post=61073"},{"taxonomy":"product_tag","embeddable":true,"href":"https:\/\/soydeaqui.ddns.net\/pachuca\/index.php\/wp-json\/wp\/v2\/product_tag?post=61073"}],"curies":[{"name":"wp","href":"https:\/\/api.w.org\/{rel}","templated":true}]}}