{"id":61047,"date":"2026-03-19T05:54:41","date_gmt":"2026-03-19T05:54:41","guid":{"rendered":"https:\/\/soydeaqui.ddns.net\/pachuca\/index.php\/producto\/gabinete-de-montaje-en-pared-trueedge-con-9-ur-para-equipo-activo-y-9-ur-para-paneles-de-parcheo-fabricado-en-acero-color-negro\/"},"modified":"2026-03-19T05:54:46","modified_gmt":"2026-03-19T05:54:46","slug":"gabinete-de-montaje-en-pared-trueedge-con-9-ur-para-equipo-activo-y-9-ur-para-paneles-de-parcheo-fabricado-en-acero-color-negro","status":"publish","type":"product","link":"https:\/\/soydeaqui.ddns.net\/pachuca\/index.php\/producto\/gabinete-de-montaje-en-pared-trueedge-con-9-ur-para-equipo-activo-y-9-ur-para-paneles-de-parcheo-fabricado-en-acero-color-negro\/","title":{"rendered":"Gabinete de Montaje en Pared TrueEdge\u2122, Con 9 UR para Equipo Activo y 9 UR para Paneles de Parcheo, Fabricado en Acero, Color Negro"},"content":{"rendered":"<div style='width: 100%; max-width: 1200px; margin: 0 auto; font-family: sans-serif; line-height: 1.6; color: inherit; background-color: transparent;'> <!-- Secci\u00f3n de descripci\u00f3n general --> <\/p>\n<div style='margin-bottom: 30px;'>\n<h2 style='font-size: 20px; border-bottom: 2px solid currentColor; padding-bottom: 5px; margin-top: 0; color: inherit; opacity: 0.8;'>Descripci\u00f3n General<\/h2>\n<p style='font-size: 15px; color: inherit; margin-bottom: 15px;'>El gabinete de montaje vertical en pared TrueEdge\u2122 proporciona una arquitectura integral que permite montar hasta 36 pulgadas de equipo activo en aplicaciones de baja densidad. Cuenta con rieles ajustables para permitir una configuraci\u00f3n \u00f3ptima y ofrece ventilaci\u00f3n adecuada para disipar el calor generado por equipos activos.<\/p>\n<\/p><\/div>\n<p> <!-- Secci\u00f3n de caracter\u00edsticas principales --> <\/p>\n<div style='display: flex; flex-wrap: wrap; gap: 30px; margin-bottom: 30px;'>\n<div style='flex: 1 1 300px; min-width: 280px;'>\n<h3 style='font-size: 18px; border-bottom: 2px solid currentColor; padding-bottom: 5px; margin-top: 0; color: inherit; opacity: 0.8;'>Caracter\u00edsticas Principales<\/h3>\n<ul style='padding-left: 20px; font-size: 15px; color: inherit;'>\n<li style='margin-bottom: 5px;'>Montaje vertical en pared con profundidad de 36 pulgadas<\/li>\n<li style='margin-bottom: 5px;'>Rieles ajustables para configuraci\u00f3n \u00f3ptima<\/li>\n<li style='margin-bottom: 5px;'>Capacidad de carga m\u00e1xima: 181 kg<\/li>\n<li style='margin-bottom: 5px;'>Cumple con est\u00e1ndares UL 2416<\/li>\n<li style='margin-bottom: 5px;'>9 UR para equipos activos y 9 UR para paneles de parcheo<\/li>\n<\/ul><\/div>\n<p> <!-- Secci\u00f3n de especificaciones t\u00e9cnicas --> <\/p>\n<div style='flex: 1 1 300px; min-width: 280px;'>\n<h3 style='font-size: 18px; border-bottom: 2px solid currentColor; padding-bottom: 5px; margin-top: 0; color: inherit; opacity: 0.8;'>Especificaciones T\u00e9cnicas<\/h3>\n<ul style='padding-left: 20px; font-size: 15px; color: inherit;'>\n<li style='margin-bottom: 5px;'><strong>Material:<\/strong> Acero galvanizado calibre 16<\/li>\n<li style='margin-bottom: 5px;'><strong>Altura:<\/strong> 42.0 in (1066.8 mm)<\/li>\n<li style='margin-bottom: 5px;'><strong>Ancho:<\/strong> 28.6 in (726.44 mm)<\/li>\n<li style='margin-bottom: 5px;'><strong>Profundidad:<\/strong> 20 in (508 mm)<\/li>\n<li style='margin-bottom: 5px;'><strong>Unidades de rack:<\/strong> 9 UR activas y 9 UR pasivas<\/li>\n<li style='margin-bottom: 5px;'><strong>Capacidad de carga:<\/strong> 400 lbs (181 kg)<\/li>\n<li style='margin-bottom: 5px;'><strong>Est\u00e1ndares cumplidos:<\/strong> UL 2416<\/li>\n<\/ul><\/div>\n<\/p><\/div>\n<p> <!-- Secci\u00f3n de caracter\u00edsticas detalladas --> <\/p>\n<div style='margin-bottom: 30px;'>\n<h3 style='font-size: 18px; border-bottom: 2px solid currentColor; padding-bottom: 5px; margin-top: 0; color: inherit; opacity: 0.8;'>Caracter\u00edsticas Detalladas<\/h3>\n<ul style='padding-left: 20px; font-size: 15px; color: inherit;'>\n<li style='margin-bottom: 5px;'>Dise\u00f1o de bajo perfil que permite implementar conmutadores y servidores en un entorno de arquitectura abierta<\/li>\n<li style='margin-bottom: 5px;'>Parte superior e inferior perforadas para optimizar el flujo de aire y mejorar la disipaci\u00f3n del calor<\/li>\n<li style='margin-bottom: 5px;'>Cubierta superior e inferior removibles para f\u00e1cil instalaci\u00f3n y acceso seguro a equipos instalados<\/li>\n<li style='margin-bottom: 5px;'>Aumenta la profundidad utilizable del gabinete a 36 pulgadas para espacio de equipos activos<\/li>\n<li style='margin-bottom: 5px;'>Permite montaje de paneles de parcheo con configuraciones preferidas por el usuario<\/li>\n<li style='margin-bottom: 5px;'>Clasificaci\u00f3n t\u00e9rmica superior para eliminar fallos en equipos<\/li>\n<\/ul><\/div>\n<p> <!-- Secci\u00f3n de aplicaciones --> <\/p>\n<div style='margin-bottom: 30px;'>\n<h3 style='font-size: 18px; border-bottom: 2px solid currentColor; padding-bottom: 5px; margin-top: 0; color: inherit; opacity: 0.8;'>Aplicaciones<\/h3>\n<ul style='padding-left: 20px; font-size: 15px; color: inherit;'>\n<li style='margin-bottom: 5px;'>Ofrece una soluci\u00f3n integral para montar hasta 36 pulgadas de equipo activo en aplicaciones de bajo perfil<\/li>\n<li style='margin-bottom: 5px;'>Permite montar equipos horizontales tradicionales verticalmente en una pared<\/li>\n<li style='margin-bottom: 5px;'>Minimiza la inversi\u00f3n en infraestructura de red al eliminar la necesidad de racks o gabinetes tradicionales<\/li>\n<li style='margin-bottom: 5px;'>Dise\u00f1ado estructuralmente para soportar hasta 400 lbs de carga est\u00e1tica<\/li>\n<li style='margin-bottom: 5px;'>Disponible en configuraciones de 3 RU&comma; 6 RU o 9 RU activos (con igual cantidad de RU pasivos)<\/li>\n<\/ul><\/div>\n<p> <!-- Secci\u00f3n de accesorios --> <\/p>\n<div style='margin-bottom: 30px;'>\n<h3 style='font-size: 18px; border-bottom: 2px solid currentColor; padding-bottom: 5px; margin-top: 0; color: inherit; opacity: 0.8;'>Accesorios Recomendados<\/h3>\n<div style='display: flex; flex-wrap: wrap; gap: 15px;'>\n<div style='flex: 1 1 200px; min-width: 180px;'>\n<div style='padding: 15px; border: 1px solid rgba(150&comma; 150&comma; 150&comma; 0.4); border-radius: 8px; height: 100%;'> <strong style='color: inherit;'>Rieles activos:<\/strong> <\/p>\n<ul style='padding-left: 15px; margin: 5px 0 0 0; font-size: 14px; list-style-type: disc; color: inherit;'>\n<li style='margin-bottom: 3px;'>WME9ERAIL<\/li>\n<\/ul><\/div>\n<\/p><\/div>\n<div style='flex: 1 1 200px; min-width: 180px;'>\n<div style='padding: 15px; border: 1px solid rgba(150&comma; 150&comma; 150&comma; 0.4); border-radius: 8px; height: 100%;'> <strong style='color: inherit;'>Kit de ventilaci\u00f3n:<\/strong> <\/p>\n<ul style='padding-left: 15px; margin: 5px 0 0 0; font-size: 14px; list-style-type: disc; color: inherit;'>\n<li style='margin-bottom: 3px;'>PZAEFAN<\/li>\n<\/ul><\/div>\n<\/p><\/div>\n<div style='flex: 1 1 200px; min-width: 180px;'>\n<div style='padding: 15px; border: 1px solid rgba(150&comma; 150&comma; 150&comma; 0.4); border-radius: 8px; height: 100%;'> <strong style='color: inherit;'>Kit de tierra:<\/strong> <\/p>\n<ul style='padding-left: 15px; margin: 5px 0 0 0; font-size: 14px; list-style-type: disc; color: inherit;'>\n<li style='margin-bottom: 3px;'>WMEGK<\/li>\n<\/ul><\/div>\n<\/p><\/div>\n<div style='flex: 1 1 200px; min-width: 180px;'>\n<div style='padding: 15px; border: 1px solid rgba(150&comma; 150&comma; 150&comma; 0.4); border-radius: 8px; height: 100%;'> <strong style='color: inherit;'>Kit de cableado:<\/strong> <\/p>\n<ul style='padding-left: 15px; margin: 5px 0 0 0; font-size: 14px; list-style-type: disc; color: inherit;'>\n<li style='margin-bottom: 3px;'>Tak-Ty\u00ae Hook &#038; Loop Mini-Com\u00ae<\/li>\n<\/ul><\/div>\n<\/p><\/div>\n<\/p><\/div>\n<\/p><\/div>\n<p> <!-- Secci\u00f3n de configuraciones --> <\/p>\n<div style='margin-bottom: 30px;'>\n<h3 style='font-size: 18px; border-bottom: 2px solid currentColor; padding-bottom: 5px; margin-top: 0; color: inherit; opacity: 0.8;'>Opciones de Configuraci\u00f3n<\/h3>\n<div style='display: flex; flex-wrap: wrap; gap: 20px;'>\n<div style='flex: 1 1 250px; border: 1px solid rgba(150&comma; 150&comma; 150&comma; 0.4); border-radius: 8px; overflow: hidden; display: flex; flex-direction: column;'>\n<div style='padding: 15px; border-bottom: 1px solid rgba(150&comma; 150&comma; 150&comma; 0.2); font-weight: bold; font-size: 16px; color: inherit;'>3 RU activos + 3 RU pasivos<\/div>\n<div style='padding: 15px; color: inherit;'>\n<ul style='padding-left: 15px; margin: 0; font-size: 14px; list-style-type: disc;'>\n<li style='margin-bottom: 5px;'>Modelo: WME3BL<\/li>\n<li style='margin-bottom: 5px;'>Profundidad: 9.5 in (241.3 mm)<\/li>\n<\/ul><\/div>\n<\/p><\/div>\n<div style='flex: 1 1 250px; border: 1px solid rgba(150&comma; 150&comma; 150&comma; 0.4); border-radius: 8px; overflow: hidden; display: flex; flex-direction: column;'>\n<div style='padding: 15px; border-bottom: 1px solid rgba(150&comma; 150&comma; 150&comma; 0.2); font-weight: bold; font-size: 16px; color: inherit;'>6 RU activos + 6 RU pasivos<\/div>\n<div style='padding: 15px; color: inherit;'>\n<ul style='padding-left: 15px; margin: 0; font-size: 14px; list-style-type: disc;'>\n<li style='margin-bottom: 5px;'>Modelo: WME6BL<\/li>\n<li style='margin-bottom: 5px;'>Profundidad: 14.8 in (375.92 mm)<\/li>\n<\/ul><\/div>\n<\/p><\/div>\n<div style='flex: 1 1 250px; border: 1px solid rgba(150&comma; 150&comma; 150&comma; 0.4); border-radius: 8px; overflow: hidden; display: flex; flex-direction: column;'>\n<div style='padding: 15px; border-bottom: 1px solid rgba(150&comma; 150&comma; 150&comma; 0.2); font-weight: bold; font-size: 16px; color: inherit;'>9 RU activos + 9 RU pasivos<\/div>\n<div style='padding: 15px; color: inherit;'>\n<ul style='padding-left: 15px; margin: 0; font-size: 14px; list-style-type: disc;'>\n<li style='margin-bottom: 5px;'>Modelo: WME9BL<\/li>\n<li style='margin-bottom: 5px;'>Profundidad: 20 in (508 mm)<\/li>\n<\/ul><\/div>\n<\/p><\/div>\n<\/p><\/div>\n<\/p><\/div>\n<p> <!-- Separador --> <\/p>\n<hr style='border: 0; border-top: 1px solid rgba(150&comma; 150&comma; 150&comma; 0.3); margin: 30px 0;'> <\/div>\n","protected":false},"excerpt":{"rendered":"<p>Gabinete de Montaje en Pared TrueEdge\u2122, Con 9 UR para Equipo Activo y 9 UR para Paneles de Parcheo, Fabricado en Acero, Color Negro<\/p>\n","protected":false},"featured_media":61046,"comment_status":"open","ping_status":"closed","template":"","meta":[],"product_brand":[],"product_cat":[678],"product_tag":[679,445,605],"class_list":{"0":"post-61047","1":"product","2":"type-product","3":"status-publish","4":"has-post-thumbnail","6":"product_cat-gabinetes-uso-multiple","7":"product_tag-gabinetes-uso-multiple","8":"product_tag-panduit","9":"product_tag-racks-y-gabinetes","11":"first","12":"instock","13":"sale","14":"shipping-taxable","15":"purchasable","16":"product-type-simple"},"_links":{"self":[{"href":"https:\/\/soydeaqui.ddns.net\/pachuca\/index.php\/wp-json\/wp\/v2\/product\/61047","targetHints":{"allow":["GET"]}}],"collection":[{"href":"https:\/\/soydeaqui.ddns.net\/pachuca\/index.php\/wp-json\/wp\/v2\/product"}],"about":[{"href":"https:\/\/soydeaqui.ddns.net\/pachuca\/index.php\/wp-json\/wp\/v2\/types\/product"}],"replies":[{"embeddable":true,"href":"https:\/\/soydeaqui.ddns.net\/pachuca\/index.php\/wp-json\/wp\/v2\/comments?post=61047"}],"wp:featuredmedia":[{"embeddable":true,"href":"https:\/\/soydeaqui.ddns.net\/pachuca\/index.php\/wp-json\/wp\/v2\/media\/61046"}],"wp:attachment":[{"href":"https:\/\/soydeaqui.ddns.net\/pachuca\/index.php\/wp-json\/wp\/v2\/media?parent=61047"}],"wp:term":[{"taxonomy":"product_brand","embeddable":true,"href":"https:\/\/soydeaqui.ddns.net\/pachuca\/index.php\/wp-json\/wp\/v2\/product_brand?post=61047"},{"taxonomy":"product_cat","embeddable":true,"href":"https:\/\/soydeaqui.ddns.net\/pachuca\/index.php\/wp-json\/wp\/v2\/product_cat?post=61047"},{"taxonomy":"product_tag","embeddable":true,"href":"https:\/\/soydeaqui.ddns.net\/pachuca\/index.php\/wp-json\/wp\/v2\/product_tag?post=61047"}],"curies":[{"name":"wp","href":"https:\/\/api.w.org\/{rel}","templated":true}]}}