{"id":61031,"date":"2026-03-19T05:54:12","date_gmt":"2026-03-19T05:54:12","guid":{"rendered":"https:\/\/soydeaqui.ddns.net\/pachuca\/index.php\/producto\/duplexer-compacto-de-rechazo-de-banda-150-160-mhz-4-6-a-6-mhz-sep-tx-rx-50-watt-bnc-hembra\/"},"modified":"2026-03-19T05:54:13","modified_gmt":"2026-03-19T05:54:13","slug":"duplexer-compacto-de-rechazo-de-banda-150-160-mhz-4-6-a-6-mhz-sep-tx-rx-50-watt-bnc-hembra","status":"publish","type":"product","link":"https:\/\/soydeaqui.ddns.net\/pachuca\/index.php\/producto\/duplexer-compacto-de-rechazo-de-banda-150-160-mhz-4-6-a-6-mhz-sep-tx-rx-50-watt-bnc-hembra\/","title":{"rendered":"Duplexer Compacto de Rechazo de Banda, 150-160 MHz, 4.6 a 6 MHz Sep. Tx-Rx, 50 Watt, BNC Hembra."},"content":{"rendered":"<div style='width: 100%; max-width: 1200px; margin: 0 auto; font-family: sans-serif; line-height: 1.6; color: inherit; background-color: transparent;'> <!-- Secci\u00f3n de caracter\u00edsticas principales --> <\/p>\n<div style='display: flex; flex-wrap: wrap; gap: 30px; margin-bottom: 30px;'>\n<div style='flex: 1 1 300px; min-width: 280px;'>\n<h3 style='font-size: 22px; border-bottom: 2px solid currentColor; padding-bottom: 5px; margin-top: 0; color: inherit; opacity: 0.8;'>Caracter\u00edsticas Principales<\/h3>\n<ul style='padding-left: 20px; font-size: 15px; color: inherit;'>\n<li style='margin-bottom: 5px;'>Frecuencia de operaci\u00f3n: 150-160 MHz<\/li>\n<li style='margin-bottom: 5px;'>6 cavidades de dise\u00f1o<\/li>\n<li style='margin-bottom: 5px;'>Potencia m\u00e1xima de entrada: 50 W<\/li>\n<li style='margin-bottom: 5px;'>Conectores: BNC Hembra (opcional N Hembra)<\/li>\n<\/ul><\/div>\n<p> <!-- Especificaciones el\u00e9ctricas --> <\/p>\n<div style='flex: 1 1 300px; min-width: 280px;'>\n<h3 style='font-size: 22px; border-bottom: 2px solid currentColor; padding-bottom: 5px; margin-top: 0; color: inherit; opacity: 0.8;'>Especificaciones El\u00e9ctricas<\/h3>\n<ul style='padding-left: 20px; font-size: 15px; color: inherit;'>\n<li style='margin-bottom: 5px;'>Separaci\u00f3n de frecuencias: 4.6 a 6 MHz<\/li>\n<li style='margin-bottom: 5px;'>P\u00e9rdida por inserci\u00f3n m\u00e1xima: 1.2 dB<\/li>\n<li style='margin-bottom: 5px;'>Aislamiento Tx-Rx: 70 dB (min.) \/ 80 dB (t\u00edpico)<\/li>\n<li style='margin-bottom: 5px;'>Impedancia: 50 \u03a9<\/li>\n<li style='margin-bottom: 5px;'>VSWR: 1.2:1 (m\u00e1x.)<\/li>\n<\/ul><\/div>\n<p> <!-- Caracter\u00edsticas mec\u00e1nicas --> <\/p>\n<div style='flex: 1 1 300px; min-width: 280px;'>\n<h3 style='font-size: 22px; border-bottom: 2px solid currentColor; padding-bottom: 5px; margin-top: 0; color: inherit; opacity: 0.8;'>Caracter\u00edsticas Mec\u00e1nicas<\/h3>\n<ul style='padding-left: 20px; font-size: 15px; color: inherit;'>\n<li style='margin-bottom: 5px;'>Resonadores de cobre plateado<\/li>\n<li style='margin-bottom: 5px;'>Aislamientos de Tefl\u00f3n<\/li>\n<li style='margin-bottom: 5px;'>Cables semirr\u00edgidos de baja p\u00e9rdida<\/li>\n<li style='margin-bottom: 5px;'>Blindaje con cavidades de aluminio<\/li>\n<li style='margin-bottom: 5px;'>Peso: 3.6 kg (8 lb)<\/li>\n<li style='margin-bottom: 5px;'>Dimensiones: 280 x 140 x 165 mm (11 x 5.5 x 6.5 pulg)<\/li>\n<\/ul><\/div>\n<p> <!-- Rendimiento ambiental --> <\/p>\n<div style='flex: 1 1 300px; min-width: 280px;'>\n<h3 style='font-size: 22px; border-bottom: 2px solid currentColor; padding-bottom: 5px; margin-top: 0; color: inherit; opacity: 0.8;'>Rendimiento Ambiental<\/h3>\n<ul style='padding-left: 20px; font-size: 15px; color: inherit;'>\n<li style='margin-bottom: 5px;'>Temperatura de operaci\u00f3n: -40\u00b0C a +70\u00b0C<\/li>\n<li style='margin-bottom: 5px;'>M\u00ednimo corrimiento de frecuencia por cambios de temperatura<\/li>\n<\/ul><\/div>\n<\/p><\/div>\n<p> <!-- Secci\u00f3n de aplicaciones --> <\/p>\n<div style='margin-bottom: 30px;'>\n<h3 style='font-size: 22px; border-bottom: 2px solid currentColor; padding-bottom: 5px; margin-top: 0; color: inherit; opacity: 0.8;'>Aplicaciones<\/h3>\n<ul style='padding-left: 20px; font-size: 15px; color: inherit;'>\n<li style='margin-bottom: 5px;'>Sistemas de comunicaci\u00f3n de dos v\u00edas<\/li>\n<li style='margin-bottom: 5px;'>Repetidores de radio<\/li>\n<li style='margin-bottom: 5px;'>Estaciones base de radio<\/li>\n<li style='margin-bottom: 5px;'>Sistemas de comunicaci\u00f3n m\u00f3vil<\/li>\n<\/ul><\/div>\n<p> <!-- Secci\u00f3n de especificaciones adicionales --> <\/p>\n<div style='display: flex; flex-wrap: wrap; gap: 20px; margin-bottom: 30px;'>\n<div style='flex: 1 1 250px; border: 1px solid rgba(150&comma; 150&comma; 150&comma; 0.4); border-radius: 8px; overflow: hidden; display: flex; flex-direction: column;'>\n<div style='padding: 15px; border-bottom: 1px solid rgba(150&comma; 150&comma; 150&comma; 0.2); font-weight: bold; font-size: 18px; color: inherit;'>Frecuencias de Operaci\u00f3n<\/div>\n<div style='padding: 15px; color: inherit;'>\n<ul style='padding-left: 20px; margin: 0; font-size: 14px; list-style-type: disc;'>\n<li style='margin-bottom: 5px;'>Transmit (Tx): 150-155.4 MHz<\/li>\n<li style='margin-bottom: 5px;'>Receive (Rx): 154.6-160 MHz<\/li>\n<\/ul><\/div>\n<\/p><\/div>\n<div style='flex: 1 1 250px; border: 1px solid rgba(150&comma; 150&comma; 150&comma; 0.4); border-radius: 8px; overflow: hidden; display: flex; flex-direction: column;'>\n<div style='padding: 15px; border-bottom: 1px solid rgba(150&comma; 150&comma; 150&comma; 0.2); font-weight: bold; font-size: 18px; color: inherit;'>Construcci\u00f3n<\/div>\n<div style='padding: 15px; color: inherit;'>\n<ul style='padding-left: 20px; margin: 0; font-size: 14px; list-style-type: disc;'>\n<li style='margin-bottom: 5px;'>Cuerpo de aluminio fundido<\/li>\n<li style='margin-bottom: 5px;'>Recubrimiento anticorrosivo<\/li>\n<li style='margin-bottom: 5px;'>Dise\u00f1o compacto para montaje en rack<\/li>\n<\/ul><\/div>\n<\/p><\/div>\n<div style='flex: 1 1 250px; border: 1px solid rgba(150&comma; 150&comma; 150&comma; 0.4); border-radius: 8px; overflow: hidden; display: flex; flex-direction: column;'>\n<div style='padding: 15px; border-bottom: 1px solid rgba(150&comma; 150&comma; 150&comma; 0.2); font-weight: bold; font-size: 18px; color: inherit;'>Rendimiento<\/div>\n<div style='padding: 15px; color: inherit;'>\n<ul style='padding-left: 20px; margin: 0; font-size: 14px; list-style-type: disc;'>\n<li style='margin-bottom: 5px;'>Frecuencia de rechazo de banda: 4.6-6 MHz<\/li>\n<li style='margin-bottom: 5px;'>ROE: 1.2:1 (m\u00e1x.)<\/li>\n<li style='margin-bottom: 5px;'>Estabilidad de frecuencia: \u00b10.005% sobre rango de temperatura<\/li>\n<\/ul><\/div>\n<\/p><\/div>\n<\/p><\/div>\n<p> <!-- Nota de disponibilidad --> <\/p>\n<div style='margin-bottom: 30px;'>\n<p style='font-size: 15px; color: inherit; opacity: 0.8;'><strong>*Pregunte por disponibilidad.<\/strong><\/p>\n<\/p><\/div>\n<p> <!-- Separador final --> <\/p>\n<hr style='border: 0; border-top: 1px solid rgba(150&comma; 150&comma; 150&comma; 0.3); margin: 30px 0;'> <\/div>\n","protected":false},"excerpt":{"rendered":"<p>Duplexer Compacto de Rechazo de Banda, 150-160 MHz, 4.6 a 6 MHz Sep. Tx-Rx, 50 Watt, BNC Hembra.<\/p>\n","protected":false},"featured_media":61030,"comment_status":"open","ping_status":"closed","template":"","meta":[],"product_brand":[],"product_cat":[1759],"product_tag":[1760,1637,1660],"class_list":{"0":"post-61031","1":"product","2":"type-product","3":"status-publish","4":"has-post-thumbnail","6":"product_cat-duplexers","7":"product_tag-duplexers","8":"product_tag-emr-corporation","9":"product_tag-filtros-y-sistemas-en-rf","11":"first","12":"outofstock","13":"sale","14":"shipping-taxable","15":"purchasable","16":"product-type-simple"},"_links":{"self":[{"href":"https:\/\/soydeaqui.ddns.net\/pachuca\/index.php\/wp-json\/wp\/v2\/product\/61031","targetHints":{"allow":["GET"]}}],"collection":[{"href":"https:\/\/soydeaqui.ddns.net\/pachuca\/index.php\/wp-json\/wp\/v2\/product"}],"about":[{"href":"https:\/\/soydeaqui.ddns.net\/pachuca\/index.php\/wp-json\/wp\/v2\/types\/product"}],"replies":[{"embeddable":true,"href":"https:\/\/soydeaqui.ddns.net\/pachuca\/index.php\/wp-json\/wp\/v2\/comments?post=61031"}],"wp:featuredmedia":[{"embeddable":true,"href":"https:\/\/soydeaqui.ddns.net\/pachuca\/index.php\/wp-json\/wp\/v2\/media\/61030"}],"wp:attachment":[{"href":"https:\/\/soydeaqui.ddns.net\/pachuca\/index.php\/wp-json\/wp\/v2\/media?parent=61031"}],"wp:term":[{"taxonomy":"product_brand","embeddable":true,"href":"https:\/\/soydeaqui.ddns.net\/pachuca\/index.php\/wp-json\/wp\/v2\/product_brand?post=61031"},{"taxonomy":"product_cat","embeddable":true,"href":"https:\/\/soydeaqui.ddns.net\/pachuca\/index.php\/wp-json\/wp\/v2\/product_cat?post=61031"},{"taxonomy":"product_tag","embeddable":true,"href":"https:\/\/soydeaqui.ddns.net\/pachuca\/index.php\/wp-json\/wp\/v2\/product_tag?post=61031"}],"curies":[{"name":"wp","href":"https:\/\/api.w.org\/{rel}","templated":true}]}}