{"id":61001,"date":"2026-03-19T05:53:15","date_gmt":"2026-03-19T05:53:15","guid":{"rendered":"https:\/\/soydeaqui.ddns.net\/pachuca\/index.php\/producto\/radio-movil-digital-dmr-doble-banda-136-174-mhz-en-vhf-y-400-480-mhz-en-uhf-decodifica-dtmf-en-pantalla-ideal-para-radiobase\/"},"modified":"2026-03-19T05:53:24","modified_gmt":"2026-03-19T05:53:24","slug":"radio-movil-digital-dmr-doble-banda-136-174-mhz-en-vhf-y-400-480-mhz-en-uhf-decodifica-dtmf-en-pantalla-ideal-para-radiobase","status":"publish","type":"product","link":"https:\/\/soydeaqui.ddns.net\/pachuca\/index.php\/producto\/radio-movil-digital-dmr-doble-banda-136-174-mhz-en-vhf-y-400-480-mhz-en-uhf-decodifica-dtmf-en-pantalla-ideal-para-radiobase\/","title":{"rendered":"Radio M\u00f3vil Digital DMR Doble Banda 136-174 MHz en VHF y 400-480 MHz en UHF, Decodifica DTMF en Pantalla, Ideal para Radiobase"},"content":{"rendered":"<div style='width: 100%; max-width: 1200px; margin: 0 auto; font-family: sans-serif; line-height: 1.6; color: inherit; background-color: transparent;'>\n<h2 style='font-size: 26px; margin-top: 0; margin-bottom: 15px; color: inherit;'>RADIO M\u00d3VIL DIGITAL DMR DE DOBLE BANDA VHF\/UHF<\/h2>\n<p style='text-align: justify; font-size: 15px; margin-bottom: 20px; color: inherit;'>El Radio M\u00f3vil Digital de Doble Banda txPRO es un equipo robusto y potente con funcionalidades destacadas&comma; lo que lo convierte en una excelente opci\u00f3n para migrar hacia las bondades de la tecnolog\u00eda digital.<\/p>\n<p> <!-- Caracter\u00edsticas principales --> <\/p>\n<div style='display: flex; flex-wrap: wrap; gap: 30px; margin-bottom: 30px;'>\n<div style='flex: 1 1 300px; min-width: 280px;'>\n<h3 style='font-size: 22px; border-bottom: 2px solid currentColor; padding-bottom: 5px; margin-top: 0; color: inherit; opacity: 0.8;'>Caracter\u00edsticas principales<\/h3>\n<ul style='padding-left: 20px; font-size: 15px; color: inherit;'>\n<li style='margin-bottom: 5px;'>Doble banda VHF\/UHF<\/li>\n<li style='margin-bottom: 5px;'>Canales Modo Repetidor y Directo<\/li>\n<li style='margin-bottom: 5px;'>Capacidad de canales Anal\u00f3gicos y\/o Digitales<\/li>\n<li style='margin-bottom: 5px;'>Llamadas selectivas<\/li>\n<li style='margin-bottom: 5px;'>Stun\/Kill\/Revive remotos<\/li>\n<li style='margin-bottom: 5px;'>Lista de contactos<\/li>\n<li style='margin-bottom: 5px;'>Logs de llamadas<\/li>\n<li style='margin-bottom: 5px;'>Mensajer\u00eda<\/li>\n<li style='margin-bottom: 5px;'>Pantalla amplia para visualizaci\u00f3n de informaci\u00f3n<\/li>\n<li style='margin-bottom: 5px;'>Cifrado para modo digital<\/li>\n<li style='margin-bottom: 5px;'>Hasta 1000 canales<\/li>\n<li style='margin-bottom: 5px;'>Cumple con est\u00e1ndares militares (MIL-STD-810 C\/D\/E)<\/li>\n<li style='margin-bottom: 5px;'>Actualizable mediante firmware<\/li>\n<\/ul><\/div>\n<p> <!-- Especificaciones t\u00e9cnicas --> <\/p>\n<div style='flex: 1 1 300px; min-width: 280px;'>\n<h3 style='font-size: 22px; border-bottom: 2px solid currentColor; padding-bottom: 5px; margin-top: 0; color: inherit; opacity: 0.8;'>Especificaciones t\u00e9cnicas<\/h3>\n<ul style='padding-left: 20px; font-size: 15px; color: inherit;'>\n<li style='margin-bottom: 5px;'>Rango de Frecuencias VHF: 136-174 MHz<\/li>\n<li style='margin-bottom: 5px;'>Potencia VHF: 45 Watts<\/li>\n<li style='margin-bottom: 5px;'>Rango de Frecuencias UHF: 400-480 MHz<\/li>\n<li style='margin-bottom: 5px;'>Potencia UHF: 35 Watts<\/li>\n<li style='margin-bottom: 5px;'>Voltaje de operaci\u00f3n: 13.8 Vcc<\/li>\n<li style='margin-bottom: 5px;'>Dimensiones: 143 largo x 50 alto x 175 profundidad (mm)<\/li>\n<li style='margin-bottom: 5px;'>Peso: 1024 g<\/li>\n<li style='margin-bottom: 5px;'>Incluye Radio&comma; Micr\u00f3fono&comma; Montaje&comma; Accesorios de montaje y Cable de alimentaci\u00f3n<\/li>\n<li style='margin-bottom: 5px;'>Incluye: Radio&comma; cable de alimentaci\u00f3n&comma; accesorios de montaje y micr\u00f3fono con DTMF y cable de programaci\u00f3n<\/li>\n<\/ul><\/div>\n<\/p><\/div>\n<p> <!-- Garant\u00eda --> <\/p>\n<div style='margin-bottom: 30px;'>\n<h3 style='font-size: 20px; margin-top: 0; margin-bottom: 15px; color: inherit;'><span style='color: #e74c3c;'><strong>Garant\u00eda de 3 a\u00f1os contra defectos de f\u00e1brica.<\/strong><\/span><\/h3>\n<\/p><\/div>\n<p> <!-- Aplicaciones en la industria --> <\/p>\n<div style='margin-bottom: 30px;'>\n<h3 style='font-size: 22px; border-bottom: 2px solid currentColor; padding-bottom: 5px; margin-top: 0; margin-bottom: 15px; color: inherit; opacity: 0.8;'>Nuestras aplicaciones en la industria<\/h3>\n<p style='text-align: justify; font-size: 15px; margin-bottom: 15px; color: inherit;'>Nuestro Radio M\u00f3vil Digital es perfecto para un amplio rango de aplicaciones en la industria&comma; incluyendo:<\/p>\n<div style='display: flex; flex-wrap: wrap; gap: 15px; margin-bottom: 20px;'>\n<div style='flex: 1 1 200px; min-width: 150px; border: 1px solid rgba(150&comma;150&comma;150&comma;0.4); border-radius: 8px; padding: 15px; background-color: rgba(255&comma;255&comma;255&comma;0.03); color: inherit;'>\n<h4 style='margin-top: 0; margin-bottom: 10px; font-size: 17px; color: inherit;'>Seguridad<\/h4>\n<p style='margin: 0; font-size: 14px; color: inherit;'>Nuestro cifrado de seguridad avanzado y llamadas selectivas hacen que nuestro radio sea la elecci\u00f3n perfecta para aplicaciones en seguridad&comma; como en la protecci\u00f3n de activos y edificios.<\/p>\n<\/p><\/div>\n<div style='flex: 1 1 200px; min-width: 150px; border: 1px solid rgba(150&comma;150&comma;150&comma;0.4); border-radius: 8px; padding: 15px; background-color: rgba(255&comma;255&comma;255&comma;0.03); color: inherit;'>\n<h4 style='margin-top: 0; margin-bottom: 10px; font-size: 17px; color: inherit;'>Construcci\u00f3n<\/h4>\n<p style='margin: 0; font-size: 14px; color: inherit;'>Los radios m\u00f3viles digitales son una herramienta vital para mantener la seguridad en las obras de construcci\u00f3n&comma; y nuestro equipo es una excelente opci\u00f3n gracias a su resistencia y durabilidad.<\/p>\n<\/p><\/div>\n<div style='flex: 1 1 200px; min-width: 150px; border: 1px solid rgba(150&comma;150&comma;150&comma;0.4); border-radius: 8px; padding: 15px; background-color: rgba(255&comma;255&comma;255&comma;0.03); color: inherit;'>\n<h4 style='margin-top: 0; margin-bottom: 10px; font-size: 17px; color: inherit;'>Transporte<\/h4>\n<p style='margin: 0; font-size: 14px; color: inherit;'>Los radios m\u00f3viles digitales son ideales para el transporte de mercanc\u00edas&comma; ya que permiten una comunicaci\u00f3n r\u00e1pida y efectiva entre conductores&comma; despachadores y personal en la carretera.<\/p>\n<\/p><\/div>\n<div style='flex: 1 1 200px; min-width: 150px; border: 1px solid rgba(150&comma;150&comma;150&comma;0.4); border-radius: 8px; padding: 15px; background-color: rgba(255&comma;255&comma;255&comma;0.03); color: inherit;'>\n<h4 style='margin-top: 0; margin-bottom: 10px; font-size: 17px; color: inherit;'>Servicios p\u00fablicos<\/h4>\n<p style='margin: 0; font-size: 14px; color: inherit;'>Nuestro radio m\u00f3vil digital es esencial para los servicios p\u00fablicos&comma; permitiendo una comunicaci\u00f3n clara y confiable entre trabajadores en los campos de la electricidad&comma; el agua y otros servicios.<\/p>\n<\/p><\/div>\n<\/p><\/div>\n<\/p><\/div>\n<p> <!-- Casos de \u00e9xito --> <\/p>\n<div style='margin-bottom: 30px;'>\n<h3 style='font-size: 22px; border-bottom: 2px solid currentColor; padding-bottom: 5px; margin-top: 0; margin-bottom: 15px; color: inherit; opacity: 0.8;'>Casos de \u00e9xito<\/h3>\n<p style='text-align: justify; font-size: 15px; margin-bottom: 15px; color: inherit;'>Nuestro radio m\u00f3vil digital ha sido utilizado en una amplia variedad de aplicaciones&comma; y ha sido clave para el \u00e9xito en numerosos proyectos. Aqu\u00ed presentamos algunos de los casos de \u00e9xito m\u00e1s relevantes:<\/p>\n<ul style='padding-left: 20px; font-size: 15px; color: inherit;'>\n<li style='margin-bottom: 10px;'>La construcci\u00f3n de un gran centro comercial en una ciudad en desarrollo: nuestro equipo de Radio M\u00f3vil Digital permiti\u00f3 una comunicaci\u00f3n efectiva entre el personal de construcci\u00f3n y el personal de seguridad&comma; lo que permiti\u00f3 un desarrollo de la obra en tiempo y forma.<\/li>\n<li style='margin-bottom: 10px;'>La implementaci\u00f3n de un sistema de seguridad en un puerto comercial: nuestro cifrado de seguridad avanzado y llamadas selectivas fueron clave para prevenir el robo de mercanc\u00edas y brindar una protecci\u00f3n efectiva a las instalaciones portuarias.<\/li>\n<li style='margin-bottom: 10px;'>La construcci\u00f3n de una planta de energ\u00eda renovable: nuestro radio m\u00f3vil digital fue clave para mantener una comunicaci\u00f3n clara y efectiva entre el personal en campo y la sala de control&comma; lo que permiti\u00f3 una construcci\u00f3n exitosa y segura de la planta.<\/li>\n<\/ul><\/div>\n<p> <!-- Im\u00e1genes --> <\/p>\n<div style='display: flex; flex-wrap: wrap; gap: 20px; margin-bottom: 30px;'>\n<div style='flex: 1 1 45%; min-width: 300px;'> <img style='width: 100%; height: auto; border: 1px solid rgba(150&comma;150&comma;150&comma;0.3); border-radius: 8px;' src='https:\/\/ftp3.syscom.mx\/usuarios\/mhernandez\/txPRO%20TYT\/TXM9600\/Display%20espanol.png' alt=''> <\/div>\n<div style='flex: 1 1 45%; min-width: 300px;'> <img style='width: 100%; height: auto; border: 1px solid rgba(150&comma;150&comma;150&comma;0.3); border-radius: 8px;' src='https:\/\/ftp3.syscom.mx\/usuarios\/mhernandez\/txPRO%20TYT\/TXM9600\/Accesorios.png' alt=''> <\/div>\n<\/p><\/div>\n<p> <!-- Video --> <\/p>\n<div style='margin-bottom: 30px;'>\n<div style='position: relative; padding-bottom: 56.25%; height: 0; overflow: hidden;'>   <\/div>\n<\/p><\/div>\n<p> <!-- Conclusi\u00f3n --> <\/p>\n<div style='margin-bottom: 30px;'>\n<p style='text-align: justify; font-size: 15px; color: inherit;'>Nuestro Radio M\u00f3vil Digital es el mejor equipo en la industria&comma; y ofrece una amplia gama de caracter\u00edsticas y aplicaciones para satisfacer las necesidades de los usuarios de radiocomunicaci\u00f3n. Nuestros casos de \u00e9xito demuestran la efectividad de nuestro equipo en los entornos m\u00e1s exigentes&comma; y estamos seguros de que ser\u00e1 una excelente opci\u00f3n para su pr\u00f3xima aplicaci\u00f3n.<\/p>\n<\/p><\/div>\n<\/p><\/div>\n","protected":false},"excerpt":{"rendered":"<p>Radio M\u00f3vil Digital DMR Doble Banda 136-174 MHz en VHF y 400-480 MHz en UHF, Decodifica DTMF en Pantalla, Ideal para Radiobase<\/p>\n","protected":false},"featured_media":61000,"comment_status":"open","ping_status":"closed","template":"","meta":[],"product_brand":[],"product_cat":[1777],"product_tag":[1556,1778,560],"class_list":{"0":"post-61001","1":"product","2":"type-product","3":"status-publish","4":"has-post-thumbnail","6":"product_cat-radios-moviles-vhf-uhf","7":"product_tag-radios-comerciales-txpro","8":"product_tag-radios-moviles-vhf-uhf","9":"product_tag-txpro","11":"first","12":"instock","13":"sale","14":"shipping-taxable","15":"purchasable","16":"product-type-simple"},"_links":{"self":[{"href":"https:\/\/soydeaqui.ddns.net\/pachuca\/index.php\/wp-json\/wp\/v2\/product\/61001","targetHints":{"allow":["GET"]}}],"collection":[{"href":"https:\/\/soydeaqui.ddns.net\/pachuca\/index.php\/wp-json\/wp\/v2\/product"}],"about":[{"href":"https:\/\/soydeaqui.ddns.net\/pachuca\/index.php\/wp-json\/wp\/v2\/types\/product"}],"replies":[{"embeddable":true,"href":"https:\/\/soydeaqui.ddns.net\/pachuca\/index.php\/wp-json\/wp\/v2\/comments?post=61001"}],"wp:featuredmedia":[{"embeddable":true,"href":"https:\/\/soydeaqui.ddns.net\/pachuca\/index.php\/wp-json\/wp\/v2\/media\/61000"}],"wp:attachment":[{"href":"https:\/\/soydeaqui.ddns.net\/pachuca\/index.php\/wp-json\/wp\/v2\/media?parent=61001"}],"wp:term":[{"taxonomy":"product_brand","embeddable":true,"href":"https:\/\/soydeaqui.ddns.net\/pachuca\/index.php\/wp-json\/wp\/v2\/product_brand?post=61001"},{"taxonomy":"product_cat","embeddable":true,"href":"https:\/\/soydeaqui.ddns.net\/pachuca\/index.php\/wp-json\/wp\/v2\/product_cat?post=61001"},{"taxonomy":"product_tag","embeddable":true,"href":"https:\/\/soydeaqui.ddns.net\/pachuca\/index.php\/wp-json\/wp\/v2\/product_tag?post=61001"}],"curies":[{"name":"wp","href":"https:\/\/api.w.org\/{rel}","templated":true}]}}