{"id":60999,"date":"2026-03-19T05:53:12","date_gmt":"2026-03-19T05:53:12","guid":{"rendered":"https:\/\/soydeaqui.ddns.net\/pachuca\/index.php\/producto\/repetidor-vhf-50w-con-2-ranuras-tdma-modo-2\/"},"modified":"2026-03-19T05:53:13","modified_gmt":"2026-03-19T05:53:13","slug":"repetidor-vhf-50w-con-2-ranuras-tdma-modo-2","status":"publish","type":"product","link":"https:\/\/soydeaqui.ddns.net\/pachuca\/index.php\/producto\/repetidor-vhf-50w-con-2-ranuras-tdma-modo-2\/","title":{"rendered":"Repetidor VHF 50W con 2 ranuras TDMA modo 2"},"content":{"rendered":"<div style='width: 100%; max-width: 1200px; margin: 0 auto; font-family: sans-serif; line-height: 1.6; color: inherit; background-color: transparent;'> <!-- Secci\u00f3n de caracter\u00edsticas --> <\/p>\n<div style='display: flex; flex-wrap: wrap; gap: 30px; margin-bottom: 30px;'>\n<div style='flex: 1 1 300px; min-width: 280px;'>\n<h3 style='font-size: 22px; border-bottom: 2px solid currentColor; padding-bottom: 5px; margin-top: 0; color: inherit; opacity: 0.8;'>Caracter\u00edsticas<\/h3>\n<ul style='padding-left: 20px; font-size: 15px; color: inherit;'>\n<li style='margin-bottom: 5px;'>Disipador de calor integrado y ventilador en panel posterior.<\/li>\n<li style='margin-bottom: 5px;'>Detecci\u00f3n inteligente de se\u00f1ales anal\u00f3gicas y digitales en un solo canal.<\/li>\n<li style='margin-bottom: 5px;'>Comparta un canal con varios grupos.<\/li>\n<li style='margin-bottom: 5px;'>LED indicador brillante y claro.<\/li>\n<li style='margin-bottom: 5px;'>Protecci\u00f3n autom\u00e1tica de voltaje y temperatura.<\/li>\n<li style='margin-bottom: 5px;'>Calidad de audio mejorada.<\/li>\n<li style='margin-bottom: 5px;'>Soporte para duplexor incorporado.<\/li>\n<\/ul><\/div>\n<\/p><\/div>\n<p> <!-- Secci\u00f3n de cards con especificaciones --> <\/p>\n<div style='display: flex; flex-wrap: wrap; gap: 20px; margin-bottom: 30px;'>\n<div style='flex: 1 1 250px; border: 1px solid rgba(150&comma; 150&comma; 150&comma; 0.4); border-radius: 8px; overflow: hidden; display: flex; flex-direction: column;'>\n<div style='padding: 15px; border-bottom: 1px solid rgba(150&comma; 150&comma; 150&comma; 0.2); font-weight: bold; font-size: 18px; color: inherit;'>Especificaciones<\/div>\n<div style='padding: 15px; color: inherit;'>\n<ul style='padding-left: 20px; margin: 0; font-size: 14px; list-style-type: disc;'>\n<li style='margin-bottom: 5px;'><strong>Modelo:<\/strong> TXR8500V<\/li>\n<li style='margin-bottom: 5px;'><strong>Rango de frecuencia:<\/strong> 136 &#8211; 174 MHz<\/li>\n<li style='margin-bottom: 5px;'><strong>Cantidad de canales:<\/strong> 100<\/li>\n<li style='margin-bottom: 5px;'><strong>Estabilidad de frecuencia:<\/strong> 2.5 ppm<\/li>\n<li style='margin-bottom: 5px;'><strong>Temperatura de operaci\u00f3n:<\/strong> &#8211; 30 a 60 \u00baC<\/li>\n<li style='margin-bottom: 5px;'><strong>Voltaje de operaci\u00f3n:<\/strong> 220 V\/ 110 Vac \u00b1 15%<\/li>\n<li style='margin-bottom: 5px;'><strong>Dimensiones:<\/strong> 133 x 483 x 330 mm<\/li>\n<li style='margin-bottom: 5px;'><strong>Peso:<\/strong> 16 kg<\/li>\n<\/ul><\/div>\n<\/p><\/div>\n<div style='flex: 1 1 250px; border: 1px solid rgba(150&comma; 150&comma; 150&comma; 0.4); border-radius: 8px; overflow: hidden; display: flex; flex-direction: column;'>\n<div style='padding: 15px; border-bottom: 1px solid rgba(150&comma; 150&comma; 150&comma; 0.2); font-weight: bold; font-size: 18px; color: inherit;'>Recepci\u00f3n<\/div>\n<div style='padding: 15px; color: inherit;'>\n<ul style='padding-left: 20px; margin: 0; font-size: 14px; list-style-type: disc;'>\n<li style='margin-bottom: 5px;'><strong>Referencia de sensibilidad (Anal\u00f3gico):<\/strong> 0.25 uV @ 12dB SINAD<\/li>\n<li style='margin-bottom: 5px;'><strong>Selectividad en canal adyacente:<\/strong> &#8217;60 d8@ 12.5 kHz \/ 70 d3@ 25 kHZ&#8217;<\/li>\n<li style='margin-bottom: 5px;'><strong>Sensibilidad de referencia digital:<\/strong> 0.22 uV\/-120 dBm \/ 0.35 uV\/120 dBm<\/li>\n<li style='margin-bottom: 5px;'><strong>Respuesta espuria rechazo:<\/strong> \u226570 dB<\/li>\n<li style='margin-bottom: 5px;'><strong>Salida de audio nominal:<\/strong> +1 ~ -3 dB<\/li>\n<li style='margin-bottom: 5px;'><strong>Distorsi\u00f3n de audo nominal:<\/strong> < 5%<\/li>\n<li style='margin-bottom: 5px;'><strong>Ruido en FM:<\/strong> >45 dB@25 kHz \/ \u22654 dB kHz @12.5 kH<\/li>\n<\/ul><\/div>\n<\/p><\/div>\n<div style='flex: 1 1 250px; border: 1px solid rgba(150&comma; 150&comma; 150&comma; 0.4); border-radius: 8px; overflow: hidden; display: flex; flex-direction: column;'>\n<div style='padding: 15px; border-bottom: 1px solid rgba(150&comma; 150&comma; 150&comma; 0.2); font-weight: bold; font-size: 18px; color: inherit;'>Transmisi\u00f3n<\/div>\n<div style='padding: 15px; color: inherit;'>\n<ul style='padding-left: 20px; margin: 0; font-size: 14px; list-style-type: disc;'>\n<li style='margin-bottom: 5px;'><strong>Potencia de salida:<\/strong> 50 W<\/li>\n<li style='margin-bottom: 5px;'><strong>Impedancia de antena:<\/strong> 50\u03a9<\/li>\n<li style='margin-bottom: 5px;'><strong>Emision espuria radiada:<\/strong> 36 dBm < 1 GHz \/ -30 dBm < 1 GHz<\/li>\n<li style='margin-bottom: 5px;'><strong>Ruido en FM:<\/strong> 45 dB@25 kHz \/ 40 dB@12.5 kHz<\/li>\n<li style='margin-bottom: 5px;'><strong>Distorsi\u00f3n de modulaci\u00f3n:<\/strong> < 5%<\/li>\n<li style='margin-bottom: 5px;'><strong>Protocolo digital:<\/strong> ETSI-TS120 361-1&comma; -2&comma; -3<\/li>\n<li style='margin-bottom: 5px;'><strong>Modulaci\u00f3n de frecuencia:<\/strong> 16kf 3E (an\u00e1logo) \/ 4FSK (digital)<\/li>\n<li style='margin-bottom: 5px;'><strong>Limitaci\u00f3n de modulaci\u00f3n:<\/strong> \u00b1 2.5 kHz@12.5 kHz \/ \u00b15 kHz@25 kHz<\/li>\n<\/ul><\/div>\n<\/p><\/div>\n<\/p><\/div>\n<p> <!-- Separador --> <\/p>\n<hr style='border: 0; border-top: 1px solid rgba(150&comma; 150&comma; 150&comma; 0.3); margin: 30px 0;'> <\/div>\n","protected":false},"excerpt":{"rendered":"<p>Repetidor VHF 50W con 2 ranuras TDMA modo 2<\/p>\n","protected":false},"featured_media":60998,"comment_status":"open","ping_status":"closed","template":"","meta":[],"product_brand":[],"product_cat":[1697],"product_tag":[1626,1698,560],"class_list":{"0":"post-60999","1":"product","2":"type-product","3":"status-publish","4":"has-post-thumbnail","6":"product_cat-repetidores","7":"product_tag-radios-comerciales-icom-kenwood-txpro","8":"product_tag-repetidores","9":"product_tag-txpro","11":"first","12":"outofstock","13":"sale","14":"shipping-taxable","15":"purchasable","16":"product-type-simple"},"_links":{"self":[{"href":"https:\/\/soydeaqui.ddns.net\/pachuca\/index.php\/wp-json\/wp\/v2\/product\/60999","targetHints":{"allow":["GET"]}}],"collection":[{"href":"https:\/\/soydeaqui.ddns.net\/pachuca\/index.php\/wp-json\/wp\/v2\/product"}],"about":[{"href":"https:\/\/soydeaqui.ddns.net\/pachuca\/index.php\/wp-json\/wp\/v2\/types\/product"}],"replies":[{"embeddable":true,"href":"https:\/\/soydeaqui.ddns.net\/pachuca\/index.php\/wp-json\/wp\/v2\/comments?post=60999"}],"wp:featuredmedia":[{"embeddable":true,"href":"https:\/\/soydeaqui.ddns.net\/pachuca\/index.php\/wp-json\/wp\/v2\/media\/60998"}],"wp:attachment":[{"href":"https:\/\/soydeaqui.ddns.net\/pachuca\/index.php\/wp-json\/wp\/v2\/media?parent=60999"}],"wp:term":[{"taxonomy":"product_brand","embeddable":true,"href":"https:\/\/soydeaqui.ddns.net\/pachuca\/index.php\/wp-json\/wp\/v2\/product_brand?post=60999"},{"taxonomy":"product_cat","embeddable":true,"href":"https:\/\/soydeaqui.ddns.net\/pachuca\/index.php\/wp-json\/wp\/v2\/product_cat?post=60999"},{"taxonomy":"product_tag","embeddable":true,"href":"https:\/\/soydeaqui.ddns.net\/pachuca\/index.php\/wp-json\/wp\/v2\/product_tag?post=60999"}],"curies":[{"name":"wp","href":"https:\/\/api.w.org\/{rel}","templated":true}]}}